{"id":165919,"date":"2026-01-15T17:57:03","date_gmt":"2026-01-15T16:57:03","guid":{"rendered":"https:\/\/keyshop.windowsandoffice.com\/italy\/?post_type=product&#038;p=165919"},"modified":"2026-01-29T01:03:29","modified_gmt":"2026-01-29T00:03:29","slug":"microsoft-windows-11-pro-microsoft-office-2024-professional-plus-microsoft-project-2024-professional-microsoft-visio-2024-professional-licenza-per-3-pc","status":"publish","type":"product","link":"https:\/\/keyshop.windowsandoffice.com\/italy\/product\/microsoft-windows-11-pro-microsoft-office-2024-professional-plus-microsoft-project-2024-professional-microsoft-visio-2024-professional-licenza-per-3-pc\/","title":{"rendered":"Microsoft Windows 11 Pro + Microsoft Office 2024 Professional Plus + Microsoft Project 2024 Professional + Microsoft Visio 2024 Professional Licenza per 3 PC"},"content":{"rendered":"<h3><strong>Microsoft Windows 11 professional Licenza per 3 PC<\/strong><\/h3>\n<p><strong>Con questa licenza il software pu\u00f2 essere attivato su 3\u00a0dispositivi diversi, ad esempio il PC di casa, il notebook e il PC di lavoro.<\/strong><\/p>\n<p><strong>garanzia di rimborso a vita!!!<\/strong><\/p>\n<p>Requisiti di sistema<\/p>\n<p>&nbsp;<\/p>\n<table style=\"width: 100.625%; height: 933px;\">\n<tbody>\n<tr style=\"height: 72px;\">\n<td style=\"width: 33.1818%; height: 72px;\"><strong>Processore:<\/strong><\/td>\n<td style=\"width: 66.4303%; height: 72px;\">1 Gigahertz (GHz) o frequenza superiore con 2 o pi\u00f9 core in un <a href=\"https:\/\/docs.microsoft.com\/es-es\/windows-hardware\/design\/minimum\/windows-processor-requirements\" target=\"_blank\" rel=\"noopener\"><strong>processore compatibile a 64 bit <\/strong><\/a><a href=\"https:\/\/docs.microsoft.com\/es-es\/windows-hardware\/design\/minimum\/windows-processor-requirements\" target=\"_blank\" rel=\"noopener\"><strong>o <\/strong><\/a>&#8221; Sistema su un chip&#8221; ( SoC )<\/td>\n<\/tr>\n<tr style=\"height: 24px;\">\n<td style=\"width: 33.1818%; height: 24px;\"><strong>RAM:<\/strong><\/td>\n<td style=\"width: 66.4303%; height: 24px;\">4 gigabyte (GB)<\/td>\n<\/tr>\n<tr style=\"height: 112px;\">\n<td style=\"width: 33.1818%; height: 112px;\"><strong>Archiviazione:<\/strong><\/td>\n<td style=\"width: 66.4303%; height: 112px;\" width=\"68%\">Dispositivo di archiviazione da 64 GB o pi\u00f9 grande.<\/p>\n<p>Nota: vedi &#8220;Scopri di pi\u00f9 sullo spazio di archiviazione necessario per mantenere aggiornato Microsoft Windows 11&#8221;<\/td>\n<\/tr>\n<tr style=\"height: 68px;\">\n<td style=\"width: 33.1818%; height: 68px;\"><strong>Firmware di sistema:<\/strong><\/td>\n<td style=\"width: 66.4303%; height: 68px;\" width=\"68%\">Avrai bisogno di un computer con UEFI e compatibile con l&#8217;avvio protetto.<\/td>\n<\/tr>\n<tr style=\"height: 72px;\">\n<td style=\"width: 33.1818%; height: 72px;\"><strong>TPM:<\/strong><\/td>\n<td style=\"width: 66.4303%; height: 72px;\">Trusted Platform Module (TPM) versione 2.0 (che dal 2016 \u00e8 obbligatorio per l&#8217;hardware di qualsiasi computer Microsoft Windows)<\/td>\n<\/tr>\n<tr style=\"height: 48px;\">\n<td style=\"width: 33.1818%; height: 48px;\"><strong>Sche<\/strong><strong>da grafica:<\/strong><\/td>\n<td style=\"width: 66.4303%; height: 48px;\">Compatibile con DirectX 12 o versione successiva con il driver WDDM 2.0.<\/td>\n<\/tr>\n<tr style=\"height: 72px;\">\n<td style=\"width: 33.1818%; height: 72px;\"><strong>Visualizzazione:<\/strong><\/td>\n<td style=\"width: 66.4303%; height: 72px;\">Schermo di un minimo di 9 pollici in diagonale, con 720p di alta definizione e canale di 8 bit per colore.<\/td>\n<\/tr>\n<tr style=\"height: 91px;\">\n<td style=\"width: 33.1818%; height: 91px;\"><strong>Connettivit\u00e0 Internet e account Microsoft:<\/strong><\/td>\n<td style=\"width: 66.4303%; height: 91px;\">Avrai bisogno di un account Microsoft e dovrai essere connesso a Internet per la configurazione iniziale ed eventuali aggiornamenti.<\/td>\n<\/tr>\n<tr style=\"height: 72px;\">\n<td style=\"width: 33.1818%; height: 72px;\"><\/td>\n<td style=\"width: 66.4303%; height: 72px;\" width=\"68%\"><\/td>\n<\/tr>\n<\/tbody>\n<\/table>\n<h3><strong>Microsoft Project Professional <\/strong><strong>2024 Licenza per 3 PC<\/strong><\/h3>\n<p><strong>Con questa licenza il software pu\u00f2 essere attivato su 3 dispositivi diversi, ad esempio il PC di casa, il notebook e il PC di lavoro.<\/strong><\/p>\n<p><strong>Garanzia di sostituzione a vita!!!<\/strong><\/p>\n<p>Il potente Microsoft Project Professional 2024 Edition offre funzionalit\u00e0 estese e nuove interfacce per MS SharePoint, Microsoft Project Server e Skype. Il software sfrutta appieno i numerosi vantaggi del sistema operativo Microsoft Windows 10 o 11, ma non \u00e8 compatibile con le versioni precedenti di Microsoft Windows. MS Microsoft Project Professional 2024 si rivolge principalmente ai project manager di aziende che pianificano, controllano, documentano e quindi analizzano i loro singoli progetti.<\/p>\n<h3><strong>Microsoft Office 2024 Professional Plus Licenza per 3 PC<\/strong><\/h3>\n<p><strong>Con questa licenza il software pu\u00f2 essere attivato su 3 dispositivi diversi, ad esempio il PC di casa, il notebook e il PC di lavoro.<\/strong><\/p>\n<p><strong>Garanzia di sostituzione a vita!!!<\/strong><\/p>\n<p>Gli utenti di Microsoft Office che utilizzano l&#8217;intera gamma di applicazioni domestiche o aziendali sono invitati a utilizzare Microsoft Office 2024 Professional Plus Edition. Tutti i programmi importanti sono inclusi: Word, Excel, Outlook, PowerPoint e Access. OneNote \u00e8 ora disponibile per il download da Microsoft Windows Store in modo da poter prendere rapidamente appunti e condividerli tra dispositivi tramite il cloud. A causa della vasta selezione di diversi programmi, la versione Professional Plus si rivolge principalmente a persone che lavorano a casa, in home office o sono alla ricerca di una soluzione potente e affidabile in ufficio per organizzare documenti, fogli di calcolo, ecc.<\/p>\n<ul>\n<li><strong>Word:<\/strong> Crea documenti di testo di qualit\u00e0 professionale in pochissimo tempo.<\/li>\n<li><strong>Excel:<\/strong> Fogli di calcolo intelligenti per la gestione delle informazion.<\/li>\n<li><strong>Power Point:<\/strong> Crea straordinarie presentazioni dinamiche.<\/li>\n<li><strong>OneNote:<\/strong> Il blocco appunti digitale.<\/li>\n<li><strong>Outlook:<\/strong> Comunicazione semplificata.<\/li>\n<li><strong>Access:<\/strong> Programmazione di database per applicazioni basate su browser.<\/li>\n<\/ul>\n<p><strong>Nota importante:<\/strong> questa versione di Office <strong>NON<\/strong> include <strong>Teams<\/strong>!<\/p>\n<h3><strong>Microsoft Visio Professional <\/strong><strong>2024 Licenza per 3 PC<\/strong><\/h3>\n<p><strong>Con questa licenza il software pu\u00f2 essere attivato su 3 dispositivi diversi, ad esempio il PC di casa, il notebook e il PC di lavoro.<\/strong><\/p>\n<p><strong>garanzia di rimborso a vita!!!<\/strong><\/p>\n<p>Microsoft Visio Professional 2024 \u00e8 l&#8217;ultima generazione del popolare software Microsoft per la creazione e la modifica di diagrammi e visualizzazioni. Microsoft Visio Professional \u00e8 particolarmente adatto alle aziende perch\u00e9 pi\u00f9 utenti di un team o di un reparto possono lavorare sui diagrammi contemporaneamente. Sono disponibili molte interfacce per condividere le visualizzazioni finite internamente ed esternamente con persone selezionate.<\/p>\n<p>Microsoft ha svolto molto lavoro sui modelli e le forme che vengono continuamente utilizzati in Microsoft Visio. Anche gli stili dei grafici sono stati migliorati per renderli visivamente pi\u00f9 sorprendenti e allo stesso tempo pi\u00f9 leggibili. Con Microsoft Visio Professional 2024, hai anche la possibilit\u00e0 di portare i dati in una visualizzazione esistente in tempo reale.<\/p>\n<p><strong>Assistenza:<\/strong><\/p>\n<p class=\" translation-block\">Per qualsiasi domanda, non esitare a contattarci all&#8217;indirizzo <a href=\"mailto:italy@windowsandoffice.com\" target=\"_self\" rel=\"noopener\">italy@windowsandoffice.com<\/a>. Il nostro servizio clienti \u00e8 disponibile 7 giorni su 7, 24 ore su 24.<\/p>\n","protected":false},"excerpt":{"rendered":"<ul>\n<li>Microsoft Windows 11 Professional Licenza per 3PC<\/li>\n<li>Microsoft Office 2024 Professional\u00a0 Plus Licenza per 3PC<\/li>\n<li>Microsoft Project 2024 Professional Licenza per 3PC<\/li>\n<li>Microsoft Visio 2024 Professional\u00a0 Licenza per 3PC<\/li>\n<li><strong>Con questa licenza il software pu\u00f2 essere attivato su 3\u00a0dispositivi diversi<\/strong>, ad esempio il PC di casa, il notebook e il PC di lavoro.<\/li>\n<li><strong>Garanzia di sostituzione a vita!!!<\/strong><\/li>\n<li>Disponibili versioni per sistemi a 32 e 64 bit<\/li>\n<li>Invio email: codice prodotto, istruzioni, link per il download, fattura<\/li>\n<li>Download istantaneo!<\/li>\n<li>Nessun limite di tempo, nessun abbonamento<\/li>\n<li>Supporto gratuito durante l\u2019installazione e l\u2019attivazione<\/li>\n<li>Non disponibile su supporto fisico (USB, CD, ecc.)<\/li>\n<li>Attivazione online e telefonicamente<\/li>\n<li><strong><span style=\"color: #008000;\">Questo prodotto \u00e8 compatibile con Microsoft Windows.<\/span><\/strong><\/li>\n<li><strong><span style=\"color: #ff0000;\">NON compatibile con Apple macOS\u2122, processori Apple, Parallels per Mac, dispositivi Android e Chromebook.<\/span><\/strong><\/li>\n<\/ul>\n","protected":false},"featured_media":100000118998,"comment_status":"closed","ping_status":"closed","template":"","meta":{"_acf_changed":false},"product_brand":[],"product_cat":[264,246,259,307,320,41],"product_tag":[267,268,269,270],"class_list":{"0":"post-165919","1":"product","2":"type-product","3":"status-publish","4":"has-post-thumbnail","6":"product_cat-combo","7":"product_cat-microsoft-office","8":"product_cat-microsoft-windows","9":"product_cat-office-2024","10":"product_cat-windows-11","11":"product_cat-windows-desktop","12":"product_tag-microsoft-visio-2021-standard","13":"product_tag-office-2021-professional-plus","14":"product_tag-project-2021-professional","15":"product_tag-windows-11-pro-licenza-per-3-pc","17":"first","18":"instock","19":"sale","20":"virtual","21":"taxable","22":"purchasable","23":"product-type-simple"},"acf":[],"_links":{"self":[{"href":"https:\/\/keyshop.windowsandoffice.com\/italy\/wp-json\/wp\/v2\/product\/165919","targetHints":{"allow":["GET"]}}],"collection":[{"href":"https:\/\/keyshop.windowsandoffice.com\/italy\/wp-json\/wp\/v2\/product"}],"about":[{"href":"https:\/\/keyshop.windowsandoffice.com\/italy\/wp-json\/wp\/v2\/types\/product"}],"replies":[{"embeddable":true,"href":"https:\/\/keyshop.windowsandoffice.com\/italy\/wp-json\/wp\/v2\/comments?post=165919"}],"wp:featuredmedia":[{"embeddable":true,"href":"https:\/\/keyshop.windowsandoffice.com\/italy\/wp-json\/"}],"wp:attachment":[{"href":"https:\/\/keyshop.windowsandoffice.com\/italy\/wp-json\/wp\/v2\/media?parent=165919"}],"wp:term":[{"taxonomy":"product_brand","embeddable":true,"href":"https:\/\/keyshop.windowsandoffice.com\/italy\/wp-json\/wp\/v2\/product_brand?post=165919"},{"taxonomy":"product_cat","embeddable":true,"href":"https:\/\/keyshop.windowsandoffice.com\/italy\/wp-json\/wp\/v2\/product_cat?post=165919"},{"taxonomy":"product_tag","embeddable":true,"href":"https:\/\/keyshop.windowsandoffice.com\/italy\/wp-json\/wp\/v2\/product_tag?post=165919"}],"curies":[{"name":"wp","href":"https:\/\/api.w.org\/{rel}","templated":true}]}}