{"id":165918,"date":"2026-01-15T17:57:03","date_gmt":"2026-01-15T16:57:03","guid":{"rendered":"https:\/\/keyshop.windowsandoffice.com\/italy\/?post_type=product&#038;p=165918"},"modified":"2026-02-05T04:39:34","modified_gmt":"2026-02-05T03:39:34","slug":"microsoft-windows-10-professional-microsoft-project-2024-professional-licenza-per-3-pc","status":"publish","type":"product","link":"https:\/\/keyshop.windowsandoffice.com\/italy\/product\/microsoft-windows-10-professional-microsoft-project-2024-professional-licenza-per-3-pc\/","title":{"rendered":"Microsoft Windows 10 Professional + Microsoft Project 2024 Professional Licenza per 3 PC"},"content":{"rendered":"<h2><span class=\"AnswerParser_TextContainer__z_Iiv\" data-testid=\"youchat-text\"><strong>Microsoft Windows 10 Professional<\/strong><\/span><\/h2>\n<p><span class=\"AnswerParser_TextContainer__z_Iiv\" data-testid=\"youchat-text\">Con la nuova versione di Microsoft Windows 10, Microsoft offre agli utenti domestici esigenti e alle aziende in particolare un sistema operativo moderno e intuitivo. Tra le altre cose, Microsoft Windows 10 offre funzionalit\u00e0 di sicurezza migliorate, accesso desktop remoto, crittografia BitLocker e l&#8217;assistente virtuale personale Cortana. Il sistema si adatta a qualsiasi dispositivo con le sue funzionalit\u00e0 avanzate e ha il vantaggio che i requisiti di sistema sono cambiati poco rispetto ai suoi predecessori. Ci\u00f2 significa che non \u00e8 necessario investire in nuova hardware per sfruttare Microsoft Windows 10 Professional.<\/span><span class=\"AnswerParser_TextContainer__z_Iiv\" data-testid=\"youchat-text\"><strong>Requisiti di sistema minimi<\/strong><\/span><\/p>\n<ul>\n<li class=\"AnswerParser_ListItem__XqLOV\">CPU da 1 GHz o pi\u00f9 veloce<\/li>\n<li class=\"AnswerParser_ListItem__XqLOV\">1 GB di RAM per il sistema operativo a 32 bit o 2 GB di RAM per il sistema operativo a 64 bit<\/li>\n<li class=\"AnswerParser_ListItem__XqLOV\">16 GB di spazio su disco rigido disponibile per il sistema operativo a 32 bit o 20 GB per il sistema operativo a 64 bit<\/li>\n<\/ul>\n<h2><span class=\"AnswerParser_TextContainer__z_Iiv\" data-testid=\"youchat-text\"><strong>Microsoft Project 2024 Professional<\/strong><\/span><\/h2>\n<p><span class=\"AnswerParser_TextContainer__z_Iiv\" data-testid=\"youchat-text\">Microsoft Project 2024 porta nuove funzionalit\u00e0 e miglioramenti che aiutano i team a organizzare il lavoro, gestire i compiti e monitorare budget e risorse in modo ancora pi\u00f9 efficace. Questa nuova versione presenta innovazioni chiave che beneficeranno sia i principianti che i professionisti che lavorano su progetti di qualsiasi complessit\u00e0:<\/span><\/p>\n<ul>\n<li class=\"AnswerParser_ListItem__XqLOV\">Nuova interfaccia pi\u00f9 intuitiva e personalizzabile e navigazione utente migliorata con visualizzazione dati flessibile.<\/li>\n<li class=\"AnswerParser_ListItem__XqLOV\">Modelli predefiniti che ti aiutano a iniziare il tuo progetto in pochissimo tempo.<\/li>\n<li class=\"AnswerParser_ListItem__XqLOV\">Sincronizzazione con Project Online e Project Server per integrazione e gestione delle risorse.<\/li>\n<li class=\"AnswerParser_ListItem__XqLOV\">Scenari &#8220;What-if&#8221; che aiutano a ottimizzare le assegnazioni dei compiti utilizzando simulazioni di scenario.<\/li>\n<li class=\"AnswerParser_ListItem__XqLOV\">Migliora la tua pianificazione auto-compilando le date di inizio e fine in base alle dipendenze.<\/li>\n<li class=\"AnswerParser_ListItem__XqLOV\">Utilizza pi\u00f9 cronologie per una chiara rappresentazione visiva di programmi complessi.<\/li>\n<li class=\"AnswerParser_ListItem__XqLOV\">Nuove funzionalit\u00e0 per la visualizzazione e l&#8217;analisi dei dati, passando facilmente tra diversi tipi di presentazione delle informazioni, inclusi Kanban e Scrum board.<\/li>\n<li class=\"AnswerParser_ListItem__XqLOV\">Supporto per Agile, Scrum, Waterfall e approcci ibridi, consentendo agli utenti di combinare elementi di diverse metodologie.<\/li>\n<\/ul>\n<p><strong>Assistenza:<\/strong><\/p>\n<p class=\" translation-block\">Per qualsiasi domanda, non esitare a contattarci all&#8217;indirizzo <a href=\"mailto:italy@windowsandoffice.com\" target=\"_self\" rel=\"noopener\">italy@windowsandoffice.com<\/a>. Il nostro servizio clienti \u00e8 disponibile 7 giorni su 7, 24 ore su 24.<\/p>\n","protected":false},"excerpt":{"rendered":"<ul>\n<li>Licenza Microsoft Windows 10 Professional licenza per 3 dispositivi<\/li>\n<li>Microsoft Project 2024 Professional licenza per 3 dispositivi<\/li>\n<li><strong>Con questa licenza, il software pu\u00f2 essere attivato su 3 dispositivi diversi, ad esempio PC di casa, notebook e PC da lavoro.<\/strong><\/li>\n<li>Versione per sistemi a 32 e 64 bit, versioni complete illimitate del software<\/li>\n<li>Consegna tramite e-mail: codice prodotto, istruzioni, link per il download, fattura<\/li>\n<li>Download immediato!<\/li>\n<li>Nessun limite di tempo, nessun abbonamento<\/li>\n<li>Supporto gratuito 24 ore su 24, 7 giorni su 7 per problemi con installazione e attivazione<\/li>\n<li>Nessuna consegna su archiviazione dati (USB, CD, ecc.)<\/li>\n<li>Attivazione online e telefonica<\/li>\n<li>Lingue: inglese, spagnolo, italiano, tedesco, francese<\/li>\n<li><strong><span style=\"color: #008000\">Questo prodotto \u00e8 compatibile con Microsoft Windows.<\/span><\/strong><\/li>\n<li><strong><span style=\"color: #ff0000\">NON compatibile con Apple macOS\u2122, processori Apple, Parallels per Mac, dispositivi Android e Chromebook.<\/span><\/strong><\/li>\n<\/ul>\n","protected":false},"featured_media":100000118182,"comment_status":"closed","ping_status":"closed","template":"","meta":{"_acf_changed":false},"product_brand":[],"product_cat":[246,259,319,316,322,41],"product_tag":[],"class_list":{"0":"post-165918","1":"product","2":"type-product","3":"status-publish","4":"has-post-thumbnail","6":"product_cat-microsoft-office","7":"product_cat-microsoft-windows","8":"product_cat-popular","9":"product_cat-project","10":"product_cat-windows-10","11":"product_cat-windows-desktop","13":"first","14":"instock","15":"sale","16":"featured","17":"virtual","18":"taxable","19":"purchasable","20":"product-type-simple"},"acf":[],"_links":{"self":[{"href":"https:\/\/keyshop.windowsandoffice.com\/italy\/wp-json\/wp\/v2\/product\/165918","targetHints":{"allow":["GET"]}}],"collection":[{"href":"https:\/\/keyshop.windowsandoffice.com\/italy\/wp-json\/wp\/v2\/product"}],"about":[{"href":"https:\/\/keyshop.windowsandoffice.com\/italy\/wp-json\/wp\/v2\/types\/product"}],"replies":[{"embeddable":true,"href":"https:\/\/keyshop.windowsandoffice.com\/italy\/wp-json\/wp\/v2\/comments?post=165918"}],"wp:featuredmedia":[{"embeddable":true,"href":"https:\/\/keyshop.windowsandoffice.com\/italy\/wp-json\/"}],"wp:attachment":[{"href":"https:\/\/keyshop.windowsandoffice.com\/italy\/wp-json\/wp\/v2\/media?parent=165918"}],"wp:term":[{"taxonomy":"product_brand","embeddable":true,"href":"https:\/\/keyshop.windowsandoffice.com\/italy\/wp-json\/wp\/v2\/product_brand?post=165918"},{"taxonomy":"product_cat","embeddable":true,"href":"https:\/\/keyshop.windowsandoffice.com\/italy\/wp-json\/wp\/v2\/product_cat?post=165918"},{"taxonomy":"product_tag","embeddable":true,"href":"https:\/\/keyshop.windowsandoffice.com\/italy\/wp-json\/wp\/v2\/product_tag?post=165918"}],"curies":[{"name":"wp","href":"https:\/\/api.w.org\/{rel}","templated":true}]}}