{"id":165917,"date":"2026-01-15T17:57:03","date_gmt":"2026-01-15T16:57:03","guid":{"rendered":"https:\/\/keyshop.windowsandoffice.com\/italy\/?post_type=product&#038;p=165917"},"modified":"2026-01-21T09:21:27","modified_gmt":"2026-01-21T08:21:27","slug":"microsoft-windows-10-professional-microsoft-visio-2024-professional-licenza-per-3-pc","status":"publish","type":"product","link":"https:\/\/keyshop.windowsandoffice.com\/italy\/product\/microsoft-windows-10-professional-microsoft-visio-2024-professional-licenza-per-3-pc\/","title":{"rendered":"Microsoft Windows 10 Professional + Microsoft Visio 2024 Professional Licenza per 3 PC"},"content":{"rendered":"<h2><span class=\"AnswerParser_TextContainer__z_Iiv\" data-testid=\"youchat-text\"><strong>Microsoft Windows 10 Professional<\/strong><\/span><\/h2>\n<p><span class=\"AnswerParser_TextContainer__z_Iiv\" data-testid=\"youchat-text\">Con la nuova versione di Microsoft Windows 10, Microsoft offre agli utenti domestici esigenti e alle aziende in particolare un sistema operativo moderno e intuitivo. Tra le altre cose, Microsoft Windows 10 offre funzionalit\u00e0 di sicurezza migliorate, accesso desktop remoto, crittografia BitLocker e l&#8217;assistente virtuale personale Cortana. Il sistema si adatta a qualsiasi dispositivo con le sue funzionalit\u00e0 avanzate e ha il vantaggio che i requisiti di sistema sono cambiati poco rispetto ai suoi predecessori. Ci\u00f2 significa che non \u00e8 necessario investire in nuovo hardware per sfruttare Microsoft Windows 10 Professional.<\/span><\/p>\n<p><span class=\"AnswerParser_TextContainer__z_Iiv\" data-testid=\"youchat-text\"><strong>Requisiti di sistema minimi<\/strong><\/span><\/p>\n<ul>\n<li style=\"list-style-type: none\">\n<ul>\n<li style=\"list-style-type: none\">\n<ul class=\"AnswerParser_AnswerParserUnorderedList__P_1FW\">\n<li class=\"AnswerParser_ListItem__XqLOV\">CPU da 1 GHz o pi\u00f9 veloce<\/li>\n<li class=\"AnswerParser_ListItem__XqLOV\">1 GB di RAM per il sistema operativo a 32 bit o 2 GB di RAM per il sistema operativo a 64 bit<\/li>\n<li class=\"AnswerParser_ListItem__XqLOV\">16 GB di spazio su disco rigido disponibile per il sistema operativo a 32 bit o 20 GB per il sistema operativo a 64 bit<\/li>\n<\/ul>\n<\/li>\n<\/ul>\n<\/li>\n<\/ul>\n<h2><span class=\"AnswerParser_TextContainer__z_Iiv\" data-testid=\"youchat-text\"><strong>Microsoft Visio 2024 Professional<\/strong><\/span><\/h2>\n<p><span class=\"AnswerParser_TextContainer__z_Iiv\" data-testid=\"youchat-text\">Con Microsoft Visio 2024, \u00e8 pi\u00f9 facile che mai per singoli e team creare e condividere diagrammi professionali e versatili per tutte le esigenze. Include forme, modelli e stili aggiornati, cos\u00ec come una nuova barra di ricerca intuitiva e un aspetto rinnovato che offre un&#8217;esperienza utente familiare in linea con le altre applicazioni di Office.<\/span><span class=\"AnswerParser_TextContainer__z_Iiv\" data-testid=\"youchat-text\">In Microsoft Visio 2024, troverai ancora tutte le funzionalit\u00e0 a cui sei abituato e ne otterrai alcune nuove:<\/span><\/p>\n<ul>\n<li style=\"list-style-type: none\">\n<ul>\n<li style=\"list-style-type: none\">\n<ul class=\"AnswerParser_AnswerParserUnorderedList__P_1FW\">\n<li class=\"AnswerParser_ListItem__XqLOV\">Microsoft Visio 2024 ha ancora pi\u00f9 forme, stencil e modelli per aiutarti a creare i tuoi diagrammi in meno tempo.<\/li>\n<li class=\"AnswerParser_ListItem__XqLOV\">Un aspetto aggiornato con un moderno effetto di trasparenza applicato dietro la tela e i menu conferisce a Visio 2024 un aspetto pi\u00f9 moderno e slanciato.<\/li>\n<li class=\"AnswerParser_ListItem__XqLOV\">Visio 2024 presenta il nuovo tema e schema di colori di Office 2024, inclusa la Modalit\u00e0 Scura, un&#8217;interfaccia personalizzabile e miglioramenti per l&#8217;accessibilit\u00e0.<\/li>\n<li class=\"AnswerParser_ListItem__XqLOV\">La ricerca in Visio \u00e8 ora disponibile nella barra del titolo, rendendola pi\u00f9 accessibile.<\/li>\n<li class=\"AnswerParser_ListItem__XqLOV\">Strumenti di analisi dei processi avanzati come Blocchi Dinamici per analizzare i processi aziendali e visualizzare i flussi di dati.<\/li>\n<\/ul>\n<\/li>\n<\/ul>\n<\/li>\n<\/ul>\n<p><strong>Assistenza:<\/strong><\/p>\n<p class=\" translation-block\">Per qualsiasi domanda, non esitare a contattarci all&#8217;indirizzo <a href=\"mailto:italy@windowsandoffice.com\" target=\"_self\" rel=\"noopener\">italy@windowsandoffice.com<\/a>. Il nostro servizio clienti \u00e8 disponibile 7 giorni su 7, 24 ore su 24.<\/p>\n","protected":false},"excerpt":{"rendered":"<ul>\n<li>Licenza Microsoft Windows 10 Professional licenza per 3 dispositivi<\/li>\n<li>Microsoft Visio 2024 Professional licenza per 3 dispositivi<\/li>\n<li><strong>Con questa licenza, il software pu\u00f2 essere attivato su 3 dispositivi diversi, ad esempio PC di casa, notebook e PC di lavoro.<\/strong><\/li>\n<li>Versione per sistemi a 32 e 64 bit, versioni complete illimitate del software<\/li>\n<li>Consegna tramite e-mail: codice prodotto, istruzioni, link per il download, fattura<\/li>\n<li>Download immediato!<\/li>\n<li>Nessun limite di tempo, nessun abbonamento<\/li>\n<li>Supporto gratuito 24 ore su 24, 7 giorni su 7 per problemi con installazione e attivazione<\/li>\n<li>Nessuna consegna su archiviazione dati (USB, CD, ecc.)<\/li>\n<li>Attivazione online e telefonica<\/li>\n<li>Lingue: inglese, spagnolo, italiano, tedesco, francese<\/li>\n<li><strong><span style=\"color: #008000\">Questo prodotto \u00e8 compatibile con Microsoft Windows..<\/span><\/strong><\/li>\n<li><strong><span style=\"color: #ff0000\">NON compatibile con Apple macOS\u2122, processori Apple, Parallels per Mac, dispositivi Android e Chromebook.<\/span><\/strong><\/li>\n<\/ul>\n","protected":false},"featured_media":100000118181,"comment_status":"closed","ping_status":"closed","template":"","meta":{"_acf_changed":false},"product_brand":[],"product_cat":[246,259,319,315,322,41],"product_tag":[],"class_list":{"0":"post-165917","1":"product","2":"type-product","3":"status-publish","4":"has-post-thumbnail","6":"product_cat-microsoft-office","7":"product_cat-microsoft-windows","8":"product_cat-popular","9":"product_cat-visio","10":"product_cat-windows-10","11":"product_cat-windows-desktop","13":"first","14":"instock","15":"sale","16":"featured","17":"virtual","18":"taxable","19":"purchasable","20":"product-type-simple"},"acf":[],"_links":{"self":[{"href":"https:\/\/keyshop.windowsandoffice.com\/italy\/wp-json\/wp\/v2\/product\/165917","targetHints":{"allow":["GET"]}}],"collection":[{"href":"https:\/\/keyshop.windowsandoffice.com\/italy\/wp-json\/wp\/v2\/product"}],"about":[{"href":"https:\/\/keyshop.windowsandoffice.com\/italy\/wp-json\/wp\/v2\/types\/product"}],"replies":[{"embeddable":true,"href":"https:\/\/keyshop.windowsandoffice.com\/italy\/wp-json\/wp\/v2\/comments?post=165917"}],"wp:featuredmedia":[{"embeddable":true,"href":"https:\/\/keyshop.windowsandoffice.com\/italy\/wp-json\/"}],"wp:attachment":[{"href":"https:\/\/keyshop.windowsandoffice.com\/italy\/wp-json\/wp\/v2\/media?parent=165917"}],"wp:term":[{"taxonomy":"product_brand","embeddable":true,"href":"https:\/\/keyshop.windowsandoffice.com\/italy\/wp-json\/wp\/v2\/product_brand?post=165917"},{"taxonomy":"product_cat","embeddable":true,"href":"https:\/\/keyshop.windowsandoffice.com\/italy\/wp-json\/wp\/v2\/product_cat?post=165917"},{"taxonomy":"product_tag","embeddable":true,"href":"https:\/\/keyshop.windowsandoffice.com\/italy\/wp-json\/wp\/v2\/product_tag?post=165917"}],"curies":[{"name":"wp","href":"https:\/\/api.w.org\/{rel}","templated":true}]}}