{"id":165916,"date":"2026-01-15T17:57:03","date_gmt":"2026-01-15T16:57:03","guid":{"rendered":"https:\/\/keyshop.windowsandoffice.com\/italy\/?post_type=product&#038;p=165916"},"modified":"2026-01-30T03:57:27","modified_gmt":"2026-01-30T02:57:27","slug":"microsoft-windows-11-professional-microsoft-project-2024-professional-licenza-per-3-pc","status":"publish","type":"product","link":"https:\/\/keyshop.windowsandoffice.com\/italy\/product\/microsoft-windows-11-professional-microsoft-project-2024-professional-licenza-per-3-pc\/","title":{"rendered":"Microsoft Windows 11 Professional + Microsoft Project 2024 Professional Licenza per 3 PC"},"content":{"rendered":"<h2><span class=\"AnswerParser_TextContainer__z_Iiv\" data-testid=\"youchat-text\"><strong>Requisiti di Sistema<\/strong><\/span><\/h2>\n<p><span class=\"AnswerParser_TextContainer__z_Iiv\" data-testid=\"youchat-text\">Assicurati di essere pronto per il nuovo e straordinario sistema operativo di Microsoft!<\/span><span class=\"AnswerParser_TextContainer__z_Iiv\" data-testid=\"youchat-text\">Questi sono i requisiti minimi per installare Microsoft Windows 11 su un PC. Se il tuo dispositivo non soddisfa questi requisiti, potresti non essere in grado di installare Microsoft Windows 11. Se non sei sicuro che il tuo PC soddisfi questi requisiti, puoi utilizzare l&#8217;app PC Health Check per valutare la compatibilit\u00e0 (richiede Microsoft Windows 10, clicca qui per scaricare).<\/span><\/p>\n<ul>\n<li class=\"AnswerParser_ListItem__XqLOV\"><span class=\"AnswerParser_TextContainer__z_Iiv\" data-testid=\"youchat-text\"><strong>Processore<\/strong>: CPU da 1 gigahertz (GHz) o pi\u00f9 veloce con 2 o pi\u00f9 core su un processore compatibile a 64 bit o System on a Chip (SoC).<\/span><\/li>\n<li class=\"AnswerParser_ListItem__XqLOV\"><span class=\"AnswerParser_TextContainer__z_Iiv\" data-testid=\"youchat-text\"><strong>RAM<\/strong>: 4 gigabyte (GB).<\/span><\/li>\n<li class=\"AnswerParser_ListItem__XqLOV\"><span class=\"AnswerParser_TextContainer__z_Iiv\" data-testid=\"youchat-text\"><strong>Archiviazione<\/strong>:<\/span><span class=\"AnswerParser_TextContainer__z_Iiv\" data-testid=\"youchat-text\">Dispositivo di archiviazione da 64 GB o pi\u00f9 grande.<\/span><span class=\"AnswerParser_TextContainer__z_Iiv\" data-testid=\"youchat-text\">Nota: Vedi sotto &#8220;Ulteriori informazioni sullo spazio di archiviazione per mantenere Microsoft Windows 11 aggiornato&#8221; per ulteriori dettagli.<\/span><\/li>\n<li class=\"AnswerParser_ListItem__XqLOV\"><span class=\"AnswerParser_TextContainer__z_Iiv\" data-testid=\"youchat-text\"><strong>Firmware di sistema<\/strong>: UEFI, compatibile con Secure Boot.<\/span><\/li>\n<li class=\"AnswerParser_ListItem__XqLOV\"><span class=\"AnswerParser_TextContainer__z_Iiv\" data-testid=\"youchat-text\"><strong>TPM<\/strong>: Trusted Platform Module (TPM) versione 2.0.<\/span><\/li>\n<li class=\"AnswerParser_ListItem__XqLOV\"><span class=\"AnswerParser_TextContainer__z_Iiv\" data-testid=\"youchat-text\"><strong>Scheda grafica<\/strong>: Compatibile con DirectX 12 o versioni successive con driver WDDM 2.0.<\/span><\/li>\n<li class=\"AnswerParser_ListItem__XqLOV\"><span class=\"AnswerParser_TextContainer__z_Iiv\" data-testid=\"youchat-text\"><strong>Display<\/strong>: Schermo ad alta definizione (720p) con diagonale superiore a 9\u201d, 8 bit per canale colore.<\/span><\/li>\n<li class=\"AnswerParser_ListItem__XqLOV\"><span class=\"AnswerParser_TextContainer__z_Iiv\" data-testid=\"youchat-text\"><strong>Connessione Internet e account Microsoft<\/strong>:<\/span><span class=\"AnswerParser_TextContainer__z_Iiv\" data-testid=\"youchat-text\">L&#8217;edizione Microsoft Windows 11 Home richiede connettivit\u00e0 Internet e un account Microsoft per completare la configurazione del dispositivo al primo utilizzo.<\/span><span class=\"AnswerParser_TextContainer__z_Iiv\" data-testid=\"youchat-text\">Passare un dispositivo da Microsoft Windows 11 Home in modalit\u00e0 S richiede anche connettivit\u00e0 Internet.<\/span><span class=\"AnswerParser_TextContainer__z_Iiv\" data-testid=\"youchat-text\">Per tutte le edizioni di Microsoft Windows 11, l&#8217;accesso a Internet \u00e8 necessario per eseguire aggiornamenti e per scaricare e sfruttare alcune funzionalit\u00e0. Un account Microsoft \u00e8 richiesto per alcune funzionalit\u00e0.<\/span><span class=\"AnswerParser_TextContainer__z_Iiv\" data-testid=\"youchat-text\">Potrebbero esserci requisiti aggiuntivi nel tempo per gli aggiornamenti, cos\u00ec come requisiti per attivare specifiche funzionalit\u00e0 all&#8217;interno del sistema operativo.<\/span><\/li>\n<\/ul>\n<p><span class=\"AnswerParser_TextContainer__z_Iiv\" data-testid=\"youchat-text\">Al alcune funzionalit\u00e0 in Microsoft Windows 11 hanno requisiti aumentati rispetto a quelli elencati sopra nella sezione dei requisiti minimi. Di seguito sono riportati alcuni dettagli aggiuntivi riguardanti i requisiti per funzionalit\u00e0 chiave:<\/span><\/p>\n<ul>\n<li class=\"AnswerParser_ListItem__XqLOV\">Il supporto 5G richiede un modem compatibile con il 5G.<\/li>\n<li class=\"AnswerParser_ListItem__XqLOV\">Auto HDR richiede un monitor HDR.<\/li>\n<li class=\"AnswerParser_ListItem__XqLOV\">BitLocker to Go richiede un&#8217;unit\u00e0 flash USB (disponibile nelle edizioni Microsoft Windows 7 Pro e superiori).<\/li>\n<li class=\"AnswerParser_ListItem__XqLOV\">Client Hyper-V richiede un processore con capacit\u00e0 di traduzione degli indirizzi di secondo livello (SLAT) (disponibile nelle edizioni Microsoft Windows Pro e superiori).<\/li>\n<li class=\"AnswerParser_ListItem__XqLOV\">Cortana richiede un microfono e un altoparlante ed \u00e8 attualmente disponibile su Microsoft Windows 11 per Australia, Brasile, Canada, Cina, Francia, Germania, India, Italia, Giappone, Messico, Spagna, Regno Unito e Stati Uniti.<\/li>\n<li class=\"AnswerParser_ListItem__XqLOV\">DirectStorage richiede un SSD NVMe per memorizzare ed eseguire giochi che utilizzano il driver &#8220;Standard NVM Express Controller&#8221; e una GPU DirectX12 con supporto per Shader Model 6.0.<\/li>\n<li class=\"AnswerParser_ListItem__XqLOV\">DirectX 12 Ultimate \u00e8 disponibile con giochi e chip grafici supportati.<\/li>\n<li class=\"AnswerParser_ListItem__XqLOV\">La presenza richiede un sensore in grado di rilevare la distanza umana dal dispositivo o l&#8217;intento di interagire con il dispositivo.<\/li>\n<li class=\"AnswerParser_ListItem__XqLOV\">La videoconferenza intelligente richiede una videocamera, un microfono e un altoparlante (uscita audio).<\/li>\n<li class=\"AnswerParser_ListItem__XqLOV\">L&#8217;Assistente Vocale Multiplo (MVA) richiede un microfono e un altoparlante.<\/li>\n<li class=\"AnswerParser_ListItem__XqLOV\">I layout a tre colonne richiedono uno schermo che abbia almeno 1920 pixel effettivi di larghezza.<\/li>\n<li class=\"AnswerParser_ListItem__XqLOV\">La funzione Mute\/Unmute dalla barra delle applicazioni richiede una videocamera, un microfono e un altoparlante (uscita audio). L&#8217;app deve essere compatibile con la funzionalit\u00e0 per abilitare il silenziamento globale.<\/li>\n<li class=\"AnswerParser_ListItem__XqLOV\">Il suono spaziale richiede hardware e software di supporto.<\/li>\n<li class=\"AnswerParser_ListItem__XqLOV\">Teams richiede una videocamera, un microfono e un altoparlante (uscita audio).<\/li>\n<li class=\"AnswerParser_ListItem__XqLOV\">Il touch richiede uno schermo o un monitor che supporti il multi-touch.<\/li>\n<li class=\"AnswerParser_ListItem__XqLOV\">L&#8217;autenticazione a due fattori richiede l&#8217;uso di un PIN, biometrico (lettore di impronte digitali o fotocamera a infrarossi illuminata) o un telefono con capacit\u00e0 Wi-Fi o Bluetooth.<\/li>\n<li class=\"AnswerParser_ListItem__XqLOV\">La digitazione vocale richiede un PC con un microfono.<\/li>\n<li class=\"AnswerParser_ListItem__XqLOV\">Wake on Voice richiede un modello di alimentazione Modern Standby e un microfono.<\/li>\n<li class=\"AnswerParser_ListItem__XqLOV\">Wi-Fi 6E richiede nuovo hardware e driver WLAN IHV e un AP\/router compatibile con Wi-Fi 6E.<\/li>\n<li class=\"AnswerParser_ListItem__XqLOV\">Microsoft Windows Hello richiede una fotocamera configurata per l&#8217;imaging a infrarossi vicino (IR) o un lettore di impronte digitali per l&#8217;autenticazione biometrica. I dispositivi senza sensori biometrici possono utilizzare Microsoft Windows Hello con un PIN o una chiave di sicurezza portatile compatibile con Microsoft.<\/li>\n<li class=\"AnswerParser_ListItem__XqLOV\">Microsoft Windows Microsoft Projection richiede un adattatore di visualizzazione che supporti il modello di driver di visualizzazione Microsoft Windows (WDDM) 2.0 e un adattatore Wi-Fi che supporti Wi-Fi Direct.<\/li>\n<li class=\"AnswerParser_ListItem__XqLOV\">L&#8217;app Xbox richiede un account Xbox Live, che non \u00e8 disponibile in tutte le regioni. Consulta i Paesi e le Regioni di Xbox Live per le informazioni pi\u00f9 aggiornate sulla disponibilit\u00e0. Alcune funzionalit\u00e0 nell&#8217;app Xbox richiederanno un abbonamento attivo a Xbox Game Pass. Scopri di pi\u00f9 sul pass.<\/li>\n<\/ul>\n<h2><span class=\"AnswerParser_TextContainer__z_Iiv\" data-testid=\"youchat-text\"><strong>Microsoft Project 2024 Professional<\/strong><\/span><\/h2>\n<p><span class=\"AnswerParser_TextContainer__z_Iiv\" data-testid=\"youchat-text\">Microsoft Project 2024 porta nuove funzionalit\u00e0 e miglioramenti che aiutano i team a organizzare il lavoro, gestire i compiti e monitorare budget e risorse in modo ancora pi\u00f9 efficace. Questa nuova versione presenta innovazioni chiave che beneficeranno sia i principianti che i professionisti che lavorano su progetti di qualsiasi complessit\u00e0:<\/span><\/p>\n<ul>\n<li class=\"AnswerParser_ListItem__XqLOV\">Nuova interfaccia pi\u00f9 intuitiva e personalizzabile e navigazione utente migliorata con visualizzazione dati flessibile.<\/li>\n<li class=\"AnswerParser_ListItem__XqLOV\">Modelli predefiniti che ti aiutano a iniziare il tuo progetto in pochissimo tempo.<\/li>\n<li class=\"AnswerParser_ListItem__XqLOV\">Sincronizzazione con Project Online e Project Server per integrazione e gestione delle risorse.<\/li>\n<li class=\"AnswerParser_ListItem__XqLOV\">Scenari &#8220;What-if&#8221; che aiutano a ottimizzare le assegnazioni dei compiti utilizzando simulazioni di scenario.<\/li>\n<li class=\"AnswerParser_ListItem__XqLOV\">Migliora la tua pianificazione auto-compilando le date di inizio e fine in base alle dipendenze.<\/li>\n<li class=\"AnswerParser_ListItem__XqLOV\">Utilizza pi\u00f9 cronologie per una chiara rappresentazione visiva di programmi complessi.<\/li>\n<li class=\"AnswerParser_ListItem__XqLOV\">Nuove funzionalit\u00e0 per la visualizzazione e l&#8217;analisi dei dati, passando facilmente tra diversi tipi di presentazione delle informazioni, inclusi Kanban e Scrum board.<\/li>\n<li class=\"AnswerParser_ListItem__XqLOV\">Supporto per Agile, Scrum, Waterfall e approcci ibridi, consentendo agli utenti di combinare elementi di diverse metodologie.<\/li>\n<\/ul>\n<p><strong>Assistenza:<\/strong><\/p>\n<p class=\" translation-block\">Per qualsiasi domanda, non esitare a contattarci all&#8217;indirizzo <a href=\"mailto:italy@windowsandoffice.com\" target=\"_self\" rel=\"noopener\">italy@windowsandoffice.com<\/a>. Il nostro servizio clienti \u00e8 disponibile 7 giorni su 7, 24 ore su 24.<\/p>\n","protected":false},"excerpt":{"rendered":"<ul>\n<li>Microsoft Windows 11 Professional licenza per 3 dispositivi<\/li>\n<li>Microsoft Project 2024 Professional licenza per 3 dispositivi<\/li>\n<li><strong>Con questa licenza, il software pu\u00f2 essere attivato su 3 dispositivi diversi, ad esempio PC di casa, notebook e PC di lavoro.<\/strong><\/li>\n<li>Versione per sistemi a 32 e 64 bit, versioni complete illimitate del software<\/li>\n<li>Consegna tramite e-mail: codice prodotto, istruzioni, link per il download, fattura<\/li>\n<li>Download immediato!<\/li>\n<li>Nessun limite di tempo, nessun abbonamento<\/li>\n<li>Supporto gratuito 24 ore su 24, 7 giorni su 7 per problemi con installazione e attivazione<\/li>\n<li>Nessuna consegna su archiviazione dati (USB, CD, ecc.)<\/li>\n<li>Attivazione online e telefonica<\/li>\n<li>Lingue: inglese, spagnolo, italiano, tedesco, francese<\/li>\n<li><strong><span style=\"color: #008000;\">Questo prodotto \u00e8 compatibile con Microsoft Windows..<\/span><\/strong><\/li>\n<li><strong><span style=\"color: #ff0000;\">NON compatibile con Apple macOS\u2122, processori Apple, Parallels per Mac, dispositivi Android e Chromebook.<\/span><\/strong><\/li>\n<\/ul>\n","protected":false},"featured_media":100000118180,"comment_status":"closed","ping_status":"closed","template":"","meta":{"_acf_changed":false},"product_brand":[],"product_cat":[264,246,259,319,316,320,41],"product_tag":[318,321],"class_list":{"0":"post-165916","1":"product","2":"type-product","3":"status-publish","4":"has-post-thumbnail","6":"product_cat-combo","7":"product_cat-microsoft-office","8":"product_cat-microsoft-windows","9":"product_cat-popular","10":"product_cat-project","11":"product_cat-windows-11","12":"product_cat-windows-desktop","13":"product_tag-office","14":"product_tag-windows-11","16":"first","17":"instock","18":"sale","19":"featured","20":"virtual","21":"taxable","22":"purchasable","23":"product-type-simple"},"acf":[],"_links":{"self":[{"href":"https:\/\/keyshop.windowsandoffice.com\/italy\/wp-json\/wp\/v2\/product\/165916","targetHints":{"allow":["GET"]}}],"collection":[{"href":"https:\/\/keyshop.windowsandoffice.com\/italy\/wp-json\/wp\/v2\/product"}],"about":[{"href":"https:\/\/keyshop.windowsandoffice.com\/italy\/wp-json\/wp\/v2\/types\/product"}],"replies":[{"embeddable":true,"href":"https:\/\/keyshop.windowsandoffice.com\/italy\/wp-json\/wp\/v2\/comments?post=165916"}],"wp:featuredmedia":[{"embeddable":true,"href":"https:\/\/keyshop.windowsandoffice.com\/italy\/wp-json\/"}],"wp:attachment":[{"href":"https:\/\/keyshop.windowsandoffice.com\/italy\/wp-json\/wp\/v2\/media?parent=165916"}],"wp:term":[{"taxonomy":"product_brand","embeddable":true,"href":"https:\/\/keyshop.windowsandoffice.com\/italy\/wp-json\/wp\/v2\/product_brand?post=165916"},{"taxonomy":"product_cat","embeddable":true,"href":"https:\/\/keyshop.windowsandoffice.com\/italy\/wp-json\/wp\/v2\/product_cat?post=165916"},{"taxonomy":"product_tag","embeddable":true,"href":"https:\/\/keyshop.windowsandoffice.com\/italy\/wp-json\/wp\/v2\/product_tag?post=165916"}],"curies":[{"name":"wp","href":"https:\/\/api.w.org\/{rel}","templated":true}]}}