{"id":165914,"date":"2026-01-15T17:57:03","date_gmt":"2026-01-15T16:57:03","guid":{"rendered":"https:\/\/keyshop.windowsandoffice.com\/italy\/?post_type=product&#038;p=165914"},"modified":"2026-01-21T09:22:18","modified_gmt":"2026-01-21T08:22:18","slug":"microsoft-office-2024-professional-plus-microsoft-project-2024-professional-licenza-per-3-pc","status":"publish","type":"product","link":"https:\/\/keyshop.windowsandoffice.com\/italy\/product\/microsoft-office-2024-professional-plus-microsoft-project-2024-professional-licenza-per-3-pc\/","title":{"rendered":"Microsoft Office 2024 Professional Plus + Microsoft Project 2024 Professional Licenza per 3 PC"},"content":{"rendered":"<h4 class=\"AnswerParser_AnswerParserH4__ghxg8\">Microsoft Office 2024 Professional Plus<\/h4>\n<p><span class=\"AnswerParser_TextContainer__z_Iiv\" data-testid=\"youchat-text\">Con questa licenza, il software pu\u00f2 essere attivato su 3 dispositivi diversi, ad esempio PC di casa, notebook e PC da lavoro. Gli utenti di Microsoft Office che utilizzano l&#8217;intera gamma di applicazioni a casa o in ufficio sono ben consigliati con l&#8217;edizione Microsoft Office 2024 Professional Plus. Sono inclusi tutti i programmi importanti: Word, Excel, Outlook, PowerPoint e Access (Publisher non \u00e8 pi\u00f9 incluso poich\u00e9 sar\u00e0 ritirato nel 2026). OneNote \u00e8 ora disponibile per il download dal Microsoft Windows Store, cos\u00ec puoi prendere appunti rapidamente e renderli disponibili su tutti i dispositivi tramite il cloud. Grazie alla vasta gamma di programmi diversi, la versione Professional Plus \u00e8 rivolta principalmente a persone che lavorano da casa, in home office o che cercano una soluzione potente e affidabile in un ufficio per organizzare documenti, tabelle, ecc.<\/span><\/p>\n<ul>\n<li style=\"list-style-type: none\">\n<ul>\n<li style=\"list-style-type: none\">\n<ul class=\"AnswerParser_AnswerParserUnorderedList__P_1FW\">\n<li class=\"AnswerParser_ListItem__XqLOV\"><strong>Word:<\/strong>\u00a0Crea documenti di testo di qualit\u00e0 professionale in pochissimo tempo.<\/li>\n<li class=\"AnswerParser_ListItem__XqLOV\"><strong>Excel:<\/strong>\u00a0Foglio di calcolo intelligente per la gestione delle informazioni.<\/li>\n<li class=\"AnswerParser_ListItem__XqLOV\"><strong>PowerPoint:<\/strong>\u00a0Crea presentazioni dinamiche e impressionanti.<\/li>\n<li class=\"AnswerParser_ListItem__XqLOV\"><strong>OneNote:<\/strong>\u00a0Il tuo quaderno digitale.<\/li>\n<li class=\"AnswerParser_ListItem__XqLOV\"><strong>Outlook:<\/strong>\u00a0Comunicazione semplificata.<\/li>\n<li class=\"AnswerParser_ListItem__XqLOV\"><strong>Access:<\/strong>\u00a0Programmazione di database per app basate su browser.<\/li>\n<\/ul>\n<\/li>\n<\/ul>\n<\/li>\n<\/ul>\n<p><strong>Nota importante:<\/strong> questa versione di Office <strong>NON<\/strong> include <strong>Teams<\/strong>!<\/p>\n<p><span class=\"AnswerParser_TextContainer__z_Iiv\" data-testid=\"youchat-text\"><strong>Requisiti di sistema:<\/strong>\u00a0Microsoft Windows 10 o 11.<\/span><\/p>\n<hr \/>\n<h4 class=\"AnswerParser_AnswerParserH4__ghxg8\">Microsoft Project 2024 Professional Plus Licenza per 3 PC<\/h4>\n<p><span class=\"AnswerParser_TextContainer__z_Iiv\" data-testid=\"youchat-text\">Microsoft Project 2024 porta nuove funzionalit\u00e0 e miglioramenti che aiutano i team a organizzare il lavoro, gestire i compiti e monitorare budget e risorse in modo ancora pi\u00f9 efficace. Questa nuova versione presenta innovazioni chiave che beneficeranno sia i principianti che i professionisti che lavorano su progetti di qualsiasi complessit\u00e0:<\/span><\/p>\n<ul>\n<li style=\"list-style-type: none\">\n<ul>\n<li style=\"list-style-type: none\">\n<ul class=\"AnswerParser_AnswerParserUnorderedList__P_1FW\">\n<li class=\"AnswerParser_ListItem__XqLOV\">Nuova interfaccia pi\u00f9 intuitiva e personalizzabile e navigazione utente migliorata con visualizzazione dei dati flessibile.<\/li>\n<li class=\"AnswerParser_ListItem__XqLOV\">Modelli predefiniti che ti aiutano a iniziare il tuo progetto in pochissimo tempo.<\/li>\n<li class=\"AnswerParser_ListItem__XqLOV\">Sincronizzazione con Project Online e Project Server per integrazione e gestione delle risorse.<\/li>\n<li class=\"AnswerParser_ListItem__XqLOV\">Scenari &#8220;what-if&#8221; che aiutano a ottimizzare le assegnazioni dei compiti utilizzando simulazioni di scenario.<\/li>\n<li class=\"AnswerParser_ListItem__XqLOV\">Migliora la tua pianificazione auto-compilando le date di inizio e fine in base alle dipendenze.<\/li>\n<li class=\"AnswerParser_ListItem__XqLOV\">Utilizza pi\u00f9 linee temporali per una chiara rappresentazione visiva di programmi complessi.<\/li>\n<li class=\"AnswerParser_ListItem__XqLOV\">Nuove funzionalit\u00e0 per la visualizzazione e l&#8217;analisi dei dati, passando facilmente tra diversi tipi di presentazione delle informazioni, inclusi Kanban e Scrum board.<\/li>\n<li class=\"AnswerParser_ListItem__XqLOV\">Supporto per approcci Agile, Scrum, Waterfall e ibridi, consentendo agli utenti di combinare elementi di diverse metodologie.<\/li>\n<\/ul>\n<\/li>\n<\/ul>\n<\/li>\n<\/ul>\n<p><strong>Assistenza:<\/strong><\/p>\n<p class=\" translation-block\">Per qualsiasi domanda, non esitare a contattarci all&#8217;indirizzo <a href=\"mailto:italy@windowsandoffice.com\" target=\"_self\" rel=\"noopener\">italy@windowsandoffice.com<\/a>. Il nostro servizio clienti \u00e8 disponibile 7 giorni su 7, 24 ore su 24.<\/p>\n","protected":false},"excerpt":{"rendered":"<ul>\n<li>Microsoft Office 2024 Professional Plus licenza per 3 dispositivi<\/li>\n<li>Microsoft Project 2024 Professional licenza per 3 dispositivi<\/li>\n<li><strong>Con questa licenza, il software pu\u00f2 essere attivato su 3 dispositivi diversi, ad esempio PC di casa, notebook e PC di lavoro.<\/strong><\/li>\n<li>Versione per sistemi a 32 e 64 bit, versioni complete illimitate del software<\/li>\n<li>Consegna tramite e-mail: codice prodotto, istruzioni, link per il download, fattura<\/li>\n<li>Download immediato!<\/li>\n<li>Nessun limite di tempo, nessun abbonamento<\/li>\n<li>Supporto gratuito 24 ore su 24, 7 giorni su 7 per problemi con installazione e attivazione<\/li>\n<li>Nessuna consegna su archiviazione dati (USB, CD, ecc.)<\/li>\n<li>Attivazione online e telefonica<\/li>\n<li>Lingue: inglese, spagnolo, italiano, tedesco, francese<\/li>\n<li><strong><span style=\"color: #008000\">Questo prodotto \u00e8 compatibile con Microsoft Windows..<\/span><\/strong><\/li>\n<li><strong><span style=\"color: #ff0000\">NON compatibile con Apple macOS\u2122, processori Apple, Parallels per Mac, dispositivi Android e Chromebook.<\/span><\/strong><\/li>\n<li><\/li>\n<\/ul>\n","protected":false},"featured_media":100000118178,"comment_status":"closed","ping_status":"closed","template":"","meta":{"_acf_changed":false},"product_brand":[],"product_cat":[246,307,316],"product_tag":[317,318],"class_list":{"0":"post-165914","1":"product","2":"type-product","3":"status-publish","4":"has-post-thumbnail","6":"product_cat-microsoft-office","7":"product_cat-office-2024","8":"product_cat-project","9":"product_tag-microsoft-office-2024-professional-plus-license-for-3-devices","10":"product_tag-office","12":"first","13":"instock","14":"sale","15":"featured","16":"virtual","17":"taxable","18":"purchasable","19":"product-type-simple"},"acf":[],"_links":{"self":[{"href":"https:\/\/keyshop.windowsandoffice.com\/italy\/wp-json\/wp\/v2\/product\/165914","targetHints":{"allow":["GET"]}}],"collection":[{"href":"https:\/\/keyshop.windowsandoffice.com\/italy\/wp-json\/wp\/v2\/product"}],"about":[{"href":"https:\/\/keyshop.windowsandoffice.com\/italy\/wp-json\/wp\/v2\/types\/product"}],"replies":[{"embeddable":true,"href":"https:\/\/keyshop.windowsandoffice.com\/italy\/wp-json\/wp\/v2\/comments?post=165914"}],"wp:featuredmedia":[{"embeddable":true,"href":"https:\/\/keyshop.windowsandoffice.com\/italy\/wp-json\/"}],"wp:attachment":[{"href":"https:\/\/keyshop.windowsandoffice.com\/italy\/wp-json\/wp\/v2\/media?parent=165914"}],"wp:term":[{"taxonomy":"product_brand","embeddable":true,"href":"https:\/\/keyshop.windowsandoffice.com\/italy\/wp-json\/wp\/v2\/product_brand?post=165914"},{"taxonomy":"product_cat","embeddable":true,"href":"https:\/\/keyshop.windowsandoffice.com\/italy\/wp-json\/wp\/v2\/product_cat?post=165914"},{"taxonomy":"product_tag","embeddable":true,"href":"https:\/\/keyshop.windowsandoffice.com\/italy\/wp-json\/wp\/v2\/product_tag?post=165914"}],"curies":[{"name":"wp","href":"https:\/\/api.w.org\/{rel}","templated":true}]}}