{"id":165913,"date":"2026-01-15T17:57:03","date_gmt":"2026-01-15T16:57:03","guid":{"rendered":"https:\/\/keyshop.windowsandoffice.com\/italy\/?post_type=product&#038;p=165913"},"modified":"2026-02-03T03:56:39","modified_gmt":"2026-02-03T02:56:39","slug":"microsoft-office-2024-professional-plus-microsoft-visio-2024-professional-licenza-per-3-pc","status":"publish","type":"product","link":"https:\/\/keyshop.windowsandoffice.com\/italy\/product\/microsoft-office-2024-professional-plus-microsoft-visio-2024-professional-licenza-per-3-pc\/","title":{"rendered":"Microsoft Office 2024 Professional Plus + Microsoft Visio 2024 Professional Licenza per 3 PC"},"content":{"rendered":"<h4 class=\"AnswerParser_AnswerParserH4__ghxg8\">Microsoft Office 2024 Professional Plus<\/h4>\n<p><span class=\"AnswerParser_TextContainer__z_Iiv\" data-testid=\"youchat-text\">Con questa licenza, il software pu\u00f2 essere attivato su 3 dispositivi diversi, ad esempio PC di casa, notebook e PC da lavoro. Gli utenti di Microsoft Office che utilizzano l&#8217;intera gamma di applicazioni a casa o in ufficio sono ben consigliati con l&#8217;edizione Microsoft Office 2024 Professional Plus. Sono inclusi tutti i programmi importanti: Word, Excel, Outlook, PowerPoint e Access (Publisher non \u00e8 pi\u00f9 incluso poich\u00e9 sar\u00e0 ritirato nel 2026). OneNote \u00e8 ora disponibile per il download dal Microsoft Windows Store, cos\u00ec puoi prendere appunti rapidamente e renderli disponibili su tutti i dispositivi tramite il cloud. Grazie alla vasta gamma di programmi diversi, la versione Professional Plus \u00e8 rivolta principalmente a persone che lavorano da casa, in home office o che cercano una soluzione potente e affidabile in un ufficio per organizzare documenti, tabelle, ecc.<\/span><\/p>\n<ul>\n<li class=\"AnswerParser_ListItem__XqLOV\"><strong>Word:<\/strong>\u00a0Crea documenti di testo di qualit\u00e0 professionale in pochissimo tempo.<\/li>\n<li class=\"AnswerParser_ListItem__XqLOV\"><strong>Excel:<\/strong>\u00a0Foglio di calcolo intelligente per la gestione delle informazioni.<\/li>\n<li class=\"AnswerParser_ListItem__XqLOV\"><strong>PowerPoint:<\/strong>\u00a0Crea presentazioni dinamiche e impressionanti.<\/li>\n<li class=\"AnswerParser_ListItem__XqLOV\"><strong>OneNote:<\/strong>\u00a0Il tuo quaderno digitale.<\/li>\n<li class=\"AnswerParser_ListItem__XqLOV\"><strong>Outlook:<\/strong>\u00a0Comunicazione semplificata.<\/li>\n<li class=\"AnswerParser_ListItem__XqLOV\"><strong>Access:<\/strong>\u00a0Programmazione di database per app basate su browser.<\/li>\n<\/ul>\n<p><strong>Nota importante:<\/strong> questa versione di Office <strong>NON<\/strong> include <strong>Teams<\/strong>!<\/p>\n<p><span class=\"AnswerParser_TextContainer__z_Iiv\" data-testid=\"youchat-text\"><strong>Requisiti di sistema:<\/strong>\u00a0Microsoft Windows 10 o 11.<\/span><\/p>\n<hr \/>\n<h4 class=\"AnswerParser_AnswerParserH4__ghxg8\">Microsoft Visio 2024 Professional Licenza per 3 PC<\/h4>\n<p><span class=\"AnswerParser_TextContainer__z_Iiv\" data-testid=\"youchat-text\">Con Microsoft Visio 2024, \u00e8 pi\u00f9 facile che mai per individui e team creare e condividere diagrammi professionali e versatili per tutte le esigenze. Include forme, modelli e stili aggiornati, oltre a una nuova barra di ricerca intuitiva e un aspetto e una sensazione aggiornati che offrono un&#8217;esperienza utente familiare allineata con altre applicazioni di Office.<\/span><span class=\"AnswerParser_TextContainer__z_Iiv\" data-testid=\"youchat-text\">In Microsoft Visio 2024, troverai ancora tutte le funzionalit\u00e0 a cui sei abituato, e ne otterrai alcune nuove:<\/span><\/p>\n<ul>\n<li class=\"AnswerParser_ListItem__XqLOV\">Microsoft Visio 2024 ha ancora pi\u00f9 forme, stencil e modelli per aiutarti a creare i tuoi diagrammi in meno tempo.<\/li>\n<li class=\"AnswerParser_ListItem__XqLOV\">Un aspetto aggiornato con un effetto di trasparenza moderno applicato dietro la tela e i menu conferisce a Visio 2024 un aspetto pi\u00f9 moderno e elegante.<\/li>\n<li class=\"AnswerParser_ListItem__XqLOV\">Visio 2024 presenta il nuovo tema e schema di colori di Office 2024, incluso il Dark Mode, un&#8217;interfaccia personalizzabile e miglioramenti per l&#8217;accessibilit\u00e0.<\/li>\n<li class=\"AnswerParser_ListItem__XqLOV\">La ricerca in Visio \u00e8 ora disponibile nella barra del titolo, rendendola pi\u00f9 accessibile.<\/li>\n<li class=\"AnswerParser_ListItem__XqLOV\">Strumenti di analisi dei processi migliorati come Blocchi Dinamici per analizzare i processi aziendali e visualizzare i flussi di dati.<\/li>\n<\/ul>\n<p><strong>Assistenza:<\/strong><\/p>\n<p class=\" translation-block\">Per qualsiasi domanda, non esitare a contattarci all&#8217;indirizzo <a href=\"mailto:italy@windowsandoffice.com\" target=\"_self\" rel=\"noopener\">italy@windowsandoffice.com<\/a>. Il nostro servizio clienti \u00e8 disponibile 7 giorni su 7, 24 ore su 24.<\/p>\n","protected":false},"excerpt":{"rendered":"<ul>\n<li>Microsoft Office 2024 Professional Plus licenza per 3 dispositivi<\/li>\n<li>Microsoft Visio 2024 Professional Plus licenza per 3 dispositivi<\/li>\n<li><strong>Con questa licenza, il software pu\u00f2 essere attivato su 3 dispositivi diversi, ad esempio PC di casa, notebook e PC di lavoro.<\/strong><\/li>\n<li>Versione per sistemi a 32 e 64 bit, versioni complete illimitate del software<\/li>\n<li>Consegna tramite e-mail: codice prodotto, istruzioni, link per il download, fattura<\/li>\n<li>Download immediato!<\/li>\n<li>Nessun limite di tempo, nessun abbonamento<\/li>\n<li>Supporto gratuito 24 ore su 24, 7 giorni su 7 per problemi con installazione e attivazione<\/li>\n<li>Nessuna consegna su archiviazione dati (USB, CD, ecc.)<\/li>\n<li>Attivazione online e telefonica<\/li>\n<li>Lingue: inglese, spagnolo, italiano, tedesco, francese<\/li>\n<li><strong><span style=\"color: #008000;\">Questo prodotto \u00e8 compatibile con Microsoft Windows..<\/span><\/strong><\/li>\n<li><strong><span style=\"color: #ff0000;\">NON compatibile con Apple macOS\u2122, processori Apple, Parallels per Mac, dispositivi Android e Chromebook.<\/span><\/strong><\/li>\n<\/ul>\n","protected":false},"featured_media":100000118177,"comment_status":"closed","ping_status":"closed","template":"","meta":{"_acf_changed":false},"product_brand":[],"product_cat":[246,315],"product_tag":[313,251],"class_list":{"0":"post-165913","1":"product","2":"type-product","3":"status-publish","4":"has-post-thumbnail","6":"product_cat-microsoft-office","7":"product_cat-visio","8":"product_tag-microsoft-office-2024-professional-plus","9":"product_tag-ms-office","11":"first","12":"instock","13":"sale","14":"featured","15":"virtual","16":"taxable","17":"purchasable","18":"product-type-simple"},"acf":[],"_links":{"self":[{"href":"https:\/\/keyshop.windowsandoffice.com\/italy\/wp-json\/wp\/v2\/product\/165913","targetHints":{"allow":["GET"]}}],"collection":[{"href":"https:\/\/keyshop.windowsandoffice.com\/italy\/wp-json\/wp\/v2\/product"}],"about":[{"href":"https:\/\/keyshop.windowsandoffice.com\/italy\/wp-json\/wp\/v2\/types\/product"}],"replies":[{"embeddable":true,"href":"https:\/\/keyshop.windowsandoffice.com\/italy\/wp-json\/wp\/v2\/comments?post=165913"}],"wp:featuredmedia":[{"embeddable":true,"href":"https:\/\/keyshop.windowsandoffice.com\/italy\/wp-json\/"}],"wp:attachment":[{"href":"https:\/\/keyshop.windowsandoffice.com\/italy\/wp-json\/wp\/v2\/media?parent=165913"}],"wp:term":[{"taxonomy":"product_brand","embeddable":true,"href":"https:\/\/keyshop.windowsandoffice.com\/italy\/wp-json\/wp\/v2\/product_brand?post=165913"},{"taxonomy":"product_cat","embeddable":true,"href":"https:\/\/keyshop.windowsandoffice.com\/italy\/wp-json\/wp\/v2\/product_cat?post=165913"},{"taxonomy":"product_tag","embeddable":true,"href":"https:\/\/keyshop.windowsandoffice.com\/italy\/wp-json\/wp\/v2\/product_tag?post=165913"}],"curies":[{"name":"wp","href":"https:\/\/api.w.org\/{rel}","templated":true}]}}