{"id":165912,"date":"2026-01-15T17:57:03","date_gmt":"2026-01-15T16:57:03","guid":{"rendered":"https:\/\/keyshop.windowsandoffice.com\/italy\/?post_type=product&#038;p=165912"},"modified":"2026-03-02T07:33:04","modified_gmt":"2026-03-02T06:33:04","slug":"microsoft-project-2024-professional-licenza-per-3-pc","status":"publish","type":"product","link":"https:\/\/keyshop.windowsandoffice.com\/italy\/product\/microsoft-project-2024-professional-licenza-per-3-pc\/","title":{"rendered":"Microsoft Project 2024 Professional Licenza per 3 PC"},"content":{"rendered":"<p>Microsoft Project 2024 offre nuove funzionalit\u00e0 e miglioramenti che aiutano i team a organizzare il lavoro, gestire le attivit\u00e0 e monitorare budget e risorse in modo ancora pi\u00f9 efficace. Questa nuova versione presenta innovazioni chiave che saranno utili sia ai principianti che ai professionisti che lavorano su progetti di qualsiasi complessit\u00e0:<\/p>\n<ul>\n<li>Nuova interfaccia pi\u00f9 intuitiva e personalizzabile e navigazione utente migliorata con visualizzazione flessibile dei dati<\/li>\n<li>I modelli predefiniti ti aiutano a iniziare il tuo progetto in pochissimo tempo<\/li>\n<li>Sincronizzazione con Project Online e Project Server per l&#8217;integrazione e la gestione delle risorse<\/li>\n<li>Gli scenari ipotetici aiutano a ottimizzare le assegnazioni delle attivit\u00e0 utilizzando simulazioni di scenari<\/li>\n<li>Migliora la tua pianificazione popolando automaticamente le date di inizio e fine in base alle dipendenze<\/li>\n<li>Utilizza pi\u00f9 linee temporali per una chiara rappresentazione visiva di pianificazioni complesse<\/li>\n<li>Nuove funzionalit\u00e0 per la visualizzazione e l&#8217;analisi dei dati, passando facilmente tra diversi tipi di presentazione delle informazioni, tra cui Kanban e Scrum board<\/li>\n<li>Supporto per Agile, Scrum, Waterfall e approcci ibridi, consentendo agli utenti di combinare elementi di diverse metodologie.<\/li>\n<\/ul>\n<p><strong>Assistenza:<\/strong><\/p>\n<p class=\" translation-block\">Per qualsiasi domanda, non esitare a contattarci all&#8217;indirizzo <a href=\"mailto:italy@windowsandoffice.com\" target=\"_self\" rel=\"noopener\">italy@windowsandoffice.com<\/a>. Il nostro servizio clienti \u00e8 disponibile 7 giorni su 7, 24 ore su 24.<\/p>\n","protected":false},"excerpt":{"rendered":"<ul>\n<li>Licenza Microsoft Project 2024 Professional licenza per 3 dispositivi<\/li>\n<li><strong>Con questa licenza il software pu\u00f2 essere attivato su 3 dispositivi diversi, ad esempio PC di casa, notebook e PC da lavoro.<\/strong><\/li>\n<li>Versione per sistemi a 32 e 64 bit, versioni complete illimitate del software da Microsoft Gold Partner certificato<\/li>\n<li><strong>Garanzia di sostituzione a vita!<\/strong><\/li>\n<li>Consegna tramite e-mail: codice prodotto, istruzioni, link per il download, fattura<\/li>\n<li>Download immediato!<\/li>\n<li>Nessun limite di tempo, nessun abbonamento<\/li>\n<li>Supporto gratuito 24 ore su 24, 7 giorni su 7 per problemi con installazione e attivazione<\/li>\n<li>Nessuna consegna su archiviazione dati (USB, CD, ecc.)<\/li>\n<li>Attivazione online e telefonica<\/li>\n<li>Lingue: inglese, spagnolo, italiano, tedesco, francese<\/li>\n<li><strong><span style=\"color: #008000;\">Questo prodotto \u00e8 compatibile con Microsoft Windows.<\/span><\/strong><\/li>\n<li><strong><span style=\"color: #ff0000;\">NON compatibile con Apple macOS\u2122, processori Apple, Parallels per Mac, dispositivi Android e Chromebook.<\/span><\/strong><\/li>\n<\/ul>\n","protected":false},"featured_media":100000118176,"comment_status":"closed","ping_status":"closed","template":"","meta":{"_acf_changed":false},"product_brand":[],"product_cat":[246,316],"product_tag":[],"class_list":{"0":"post-165912","1":"product","2":"type-product","3":"status-publish","4":"has-post-thumbnail","6":"product_cat-microsoft-office","7":"product_cat-project","9":"first","10":"instock","11":"virtual","12":"taxable","13":"purchasable","14":"product-type-simple"},"acf":[],"_links":{"self":[{"href":"https:\/\/keyshop.windowsandoffice.com\/italy\/wp-json\/wp\/v2\/product\/165912","targetHints":{"allow":["GET"]}}],"collection":[{"href":"https:\/\/keyshop.windowsandoffice.com\/italy\/wp-json\/wp\/v2\/product"}],"about":[{"href":"https:\/\/keyshop.windowsandoffice.com\/italy\/wp-json\/wp\/v2\/types\/product"}],"replies":[{"embeddable":true,"href":"https:\/\/keyshop.windowsandoffice.com\/italy\/wp-json\/wp\/v2\/comments?post=165912"}],"wp:featuredmedia":[{"embeddable":true,"href":"https:\/\/keyshop.windowsandoffice.com\/italy\/wp-json\/"}],"wp:attachment":[{"href":"https:\/\/keyshop.windowsandoffice.com\/italy\/wp-json\/wp\/v2\/media?parent=165912"}],"wp:term":[{"taxonomy":"product_brand","embeddable":true,"href":"https:\/\/keyshop.windowsandoffice.com\/italy\/wp-json\/wp\/v2\/product_brand?post=165912"},{"taxonomy":"product_cat","embeddable":true,"href":"https:\/\/keyshop.windowsandoffice.com\/italy\/wp-json\/wp\/v2\/product_cat?post=165912"},{"taxonomy":"product_tag","embeddable":true,"href":"https:\/\/keyshop.windowsandoffice.com\/italy\/wp-json\/wp\/v2\/product_tag?post=165912"}],"curies":[{"name":"wp","href":"https:\/\/api.w.org\/{rel}","templated":true}]}}