{"id":165910,"date":"2026-01-15T17:57:03","date_gmt":"2026-01-15T16:57:03","guid":{"rendered":"https:\/\/keyshop.windowsandoffice.com\/italy\/?post_type=product&#038;p=165910"},"modified":"2026-01-21T09:21:09","modified_gmt":"2026-01-21T08:21:09","slug":"microsoft-office-2024-standard-microsoft-office-2024-professional-plus-licenza-per-3-pc","status":"publish","type":"product","link":"https:\/\/keyshop.windowsandoffice.com\/italy\/product\/microsoft-office-2024-standard-microsoft-office-2024-professional-plus-licenza-per-3-pc\/","title":{"rendered":"Microsoft Office 2024 Standard + Microsoft Office 2024 Professional Plus Licenza per 3 PC"},"content":{"rendered":"<h3><strong>Microsoft Office 2024 Standard<\/strong><\/h3>\n<div style=\"margin-bottom: 15px\"><strong>Con questa licenza il software pu\u00f2 essere attivato su 3 diversi dispositivi, ad esempio PC di casa, notebook e PC di lavoro.<\/strong><\/div>\n<div style=\"margin-bottom: 15px\">Gli utenti di Microsoft Office che utilizzano l&#8217;intera gamma di applicazioni a casa o in ufficio sono ben consigliati con il Microsoft Office 2024 Standard Edition. Sono inclusi tutti i programmi pi\u00f9 importanti: Word, Excel, Outlook, PowerPoint. OneNote \u00e8 ora disponibile per il download dal Microsoft Windows Store, in modo da poter prendere rapidamente appunti e renderli disponibili su tutti i dispositivi tramite il cloud. Data l&#8217;ampia gamma di programmi, la versione Standard si rivolge principalmente a chi lavora a casa, nell&#8217;home office o a chi cerca una soluzione potente e affidabile in ufficio per organizzare documenti, tabelle, ecc.<\/div>\n<ul>\n<li><strong>Word<\/strong>: Creare documenti di testo di qualit\u00e0 professionale in pochissimo tempo.<\/li>\n<li><strong>Excel<\/strong>: Foglio elettronico intelligente per la gestione delle informazioni.<\/li>\n<li><strong>PowerPoint<\/strong>: Creare presentazioni dinamiche di grande effetto.<\/li>\n<li><strong>Outlook<\/strong>: Comunicazione semplificata.<\/li>\n<\/ul>\n<div>\n<p><strong>Requisiti del sistema operativo: Microsoft Windows 10 o 11<\/strong><\/p>\n<\/div>\n<p>&nbsp;<\/p>\n<h3><strong>Licenza Microsoft Office 2024 Professional Plus per 3 PC<\/strong><\/h3>\n<p>Per chiunque abbia bisogno di un set di strumenti robusto e affidabile da utilizzare a casa o in ufficio, Microsoft Office 2024 Professional Plus Edition offre una soluzione completa. Sono inclusi tutti i programmi importanti: Word, Excel, Outlook, PowerPoint e Access. OneNote \u00e8 gi\u00e0 disponibile per il download da Microsoft Windows Store, cos\u00ec puoi prendere rapidamente appunti e averli a disposizione su tutti i dispositivi tramite il cloud. Grazie all&#8217;ampia gamma di programmi diversi, la versione Professional Plus si rivolge principalmente a chi lavora da casa, gestisce un ufficio in casa o cerca una soluzione da ufficio potente e affidabile per organizzare documenti, fogli di calcolo, ecc.<\/p>\n<p><strong>Caratteristiche principali di Microsoft Office 2024 Professional Plus:<\/strong><\/p>\n<ul>\n<li><strong>Word<\/strong>: crea documenti di testo di qualit\u00e0 professionale in pochissimo tempo.<\/li>\n<li><strong>Excel<\/strong>: foglio di calcolo intelligente per la gestione delle informazioni.<\/li>\n<li><strong>PowerPoint<\/strong>: crea presentazioni dinamiche impressionanti.<\/li>\n<li><strong>OneNote<\/strong>: il tuo taccuino digitale.<\/li>\n<li><strong>Outlook<\/strong>: la comunicazione diventa semplice.<\/li>\n<li><strong>Accesso<\/strong>: programmazione di database per applicazioni basate su browser.<\/li>\n<\/ul>\n<p><strong>Nota importante:<\/strong> questa versione di Office <strong>NON<\/strong> include <strong>Teams<\/strong>!<\/p>\n<p><strong>Assistenza:<\/strong><\/p>\n<p class=\" translation-block\">Per qualsiasi domanda, non esitare a contattarci all&#8217;indirizzo <a href=\"mailto:italy@windowsandoffice.com\" target=\"_self\" rel=\"noopener\">italy@windowsandoffice.com<\/a>. Il nostro servizio clienti \u00e8 disponibile 7 giorni su 7, 24 ore su 24.<\/p>\n","protected":false},"excerpt":{"rendered":"<ul>\n<li>Microsoft Office 2024 Standard licenza per 3 dispositivi<\/li>\n<li>Microsoft Office 2024 Professional Plus licenza per 3 dispositivi<\/li>\n<li><strong>Con questa licenza, il software pu\u00f2 essere attivato su 3 diversi dispositivi, ad esempio PC di casa, notebook e PC di lavoro.<\/strong><\/li>\n<li>Versione per sistemi a 32 e 64 bit, versioni complete e illimitate di software <strong>da Microsoft Gold Partner certificato<\/strong><\/li>\n<li><strong>Garanzia di sostituzione a vita!<\/strong><\/li>\n<li>Consegna via e-mail: codice prodotto, istruzioni, link per il download, fattura.<\/li>\n<li>Download immediato!<\/li>\n<li>Nessun limite di tempo, nessun abbonamento<\/li>\n<li>Assistenza gratuita 24 ore su 24, 7 giorni su 7, per problemi di installazione e attivazione.<\/li>\n<li>Consegna digitale<\/li>\n<li>Attivazione online e per telefono<\/li>\n<li>Lingue: Inglese, spagnolo, italiano, tedesco, francese<\/li>\n<li><strong><span style=\"color: #008000\"> Questo prodotto \u00e8 compatibile con Microsoft Windows.<\/span><\/strong><\/li>\n<li><strong><span style=\"color: #ff0000\">NON compatibile con Apple macOS\u2122, processori Apple, Parallels per Mac, dispositivi Android e Chromebook.<\/span><\/strong><\/li>\n<\/ul>\n","protected":false},"featured_media":100000117791,"comment_status":"closed","ping_status":"closed","template":"","meta":{"_acf_changed":false},"product_brand":[],"product_cat":[246,307],"product_tag":[],"class_list":{"0":"post-165910","1":"product","2":"type-product","3":"status-publish","4":"has-post-thumbnail","6":"product_cat-microsoft-office","7":"product_cat-office-2024","9":"first","10":"instock","11":"sale","12":"featured","13":"virtual","14":"taxable","15":"purchasable","16":"product-type-simple"},"acf":[],"_links":{"self":[{"href":"https:\/\/keyshop.windowsandoffice.com\/italy\/wp-json\/wp\/v2\/product\/165910","targetHints":{"allow":["GET"]}}],"collection":[{"href":"https:\/\/keyshop.windowsandoffice.com\/italy\/wp-json\/wp\/v2\/product"}],"about":[{"href":"https:\/\/keyshop.windowsandoffice.com\/italy\/wp-json\/wp\/v2\/types\/product"}],"replies":[{"embeddable":true,"href":"https:\/\/keyshop.windowsandoffice.com\/italy\/wp-json\/wp\/v2\/comments?post=165910"}],"wp:featuredmedia":[{"embeddable":true,"href":"https:\/\/keyshop.windowsandoffice.com\/italy\/wp-json\/"}],"wp:attachment":[{"href":"https:\/\/keyshop.windowsandoffice.com\/italy\/wp-json\/wp\/v2\/media?parent=165910"}],"wp:term":[{"taxonomy":"product_brand","embeddable":true,"href":"https:\/\/keyshop.windowsandoffice.com\/italy\/wp-json\/wp\/v2\/product_brand?post=165910"},{"taxonomy":"product_cat","embeddable":true,"href":"https:\/\/keyshop.windowsandoffice.com\/italy\/wp-json\/wp\/v2\/product_cat?post=165910"},{"taxonomy":"product_tag","embeddable":true,"href":"https:\/\/keyshop.windowsandoffice.com\/italy\/wp-json\/wp\/v2\/product_tag?post=165910"}],"curies":[{"name":"wp","href":"https:\/\/api.w.org\/{rel}","templated":true}]}}