{"id":165902,"date":"2026-01-15T17:57:03","date_gmt":"2026-01-15T16:57:03","guid":{"rendered":"https:\/\/keyshop.windowsandoffice.com\/italy\/?post_type=product&#038;p=165902"},"modified":"2026-01-21T09:20:32","modified_gmt":"2026-01-21T08:20:32","slug":"microsoft-office-2024-professional-plus-microsoft-office-2016-professional-plus-licenza-per-3-pc","status":"publish","type":"product","link":"https:\/\/keyshop.windowsandoffice.com\/italy\/product\/microsoft-office-2024-professional-plus-microsoft-office-2016-professional-plus-licenza-per-3-pc\/","title":{"rendered":"Microsoft Office 2024 Professional Plus + Microsoft Office 2016 Professional Plus Licenza per 3 PC"},"content":{"rendered":"<h3><strong>Microsoft Office 2024 Professional Plus<\/strong><\/h3>\n<div style=\"margin-bottom: 15px\"><strong>Con questa licenza il software pu\u00f2 essere attivato su 3 diversi dispositivi, ad esempio PC di casa, notebook e PC di lavoro.<\/strong><\/div>\n<div style=\"margin-bottom: 15px\">Gli utenti di Microsoft Office che utilizzano l&#8217;intera gamma di applicazioni a casa o in ufficio sono ben consigliati con il Microsoft Office 2024 Professional Plus Edition. Sono inclusi tutti i programmi pi\u00f9 importanti: Word, Excel, Outlook, PowerPoint e Access (Publisher non \u00e8 pi\u00f9 incluso poich\u00e9 verr\u00e0 ritirato nel 2026). OneNote \u00e8 ora disponibile per il download dal Microsoft Windows Store, in modo da poter prendere rapidamente appunti e renderli disponibili su tutti i dispositivi tramite il cloud. Data l&#8217;ampia gamma di programmi, la versione Professional Plus si rivolge principalmente a chi lavora a casa, nell&#8217;home office o a chi cerca una soluzione potente e affidabile in ufficio per organizzare documenti, tabelle, ecc.<\/div>\n<ul>\n<li><strong>Word<\/strong>: Creare documenti di testo di qualit\u00e0 professionale in pochissimo tempo.<\/li>\n<li><strong>Excel<\/strong>: Foglio elettronico intelligente per la gestione delle informazioni.<\/li>\n<li><strong>PowerPoint<\/strong>: Creare presentazioni dinamiche di grande effetto.<\/li>\n<li><strong>OneNote<\/strong>: Il vostro taccuino digitale.<\/li>\n<li><strong>Outlook<\/strong>: Comunicazione semplificata.<\/li>\n<li><strong>Access<\/strong>: Programmazione di database per applicazioni basate su browser<\/li>\n<\/ul>\n<p><strong>Nota importante:<\/strong> questa versione di Office <strong>NON<\/strong> include <strong>Teams<\/strong>!<\/p>\n<div>\n<p><strong>Requisiti del sistema operativo: Microsoft Windows 10 o 11<\/strong><\/p>\n<\/div>\n<p>&nbsp;<\/p>\n<h3><strong>Microsoft Office 2016 Professional Plus<\/strong><\/h3>\n<p>Per chiunque abbia bisogno di un set di strumenti robusto e affidabile da utilizzare a casa o in ufficio, Microsoft Office 2016 Professional Plus Edition offre una soluzione completa. Sono inclusi tutti i programmi importanti: Word, Excel, Outlook, PowerPoint, Publisher e Access. OneNote \u00e8 gi\u00e0 disponibile per il download da Microsoft Windows Store, cos\u00ec puoi prendere rapidamente appunti e averli a disposizione su tutti i dispositivi tramite il cloud. Grazie all&#8217;ampia gamma di programmi diversi, la versione Professional Plus si rivolge principalmente a chi lavora da casa, gestisce un ufficio in casa o cerca una soluzione da ufficio potente e affidabile per organizzare documenti, fogli di calcolo, ecc.<\/p>\n<p><strong>Caratteristiche principali di Microsoft Office 2016 Professional Plus:<\/strong><\/p>\n<ul>\n<li><strong>Word<\/strong>: crea documenti di testo di qualit\u00e0 professionale in pochissimo tempo.<\/li>\n<li><strong>Excel<\/strong>: foglio di calcolo intelligente per la gestione delle informazioni.<\/li>\n<li><strong>PowerPoint<\/strong>: crea presentazioni dinamiche e impressionanti.<\/li>\n<li><strong>OneNote<\/strong>: il tuo taccuino digitale.<\/li>\n<li><strong>Outlook<\/strong>: la comunicazione diventa semplice.<\/li>\n<li><strong>Editore<\/strong>: impaginazione di pubblicazioni professionali.<\/li>\n<li><strong>Accesso<\/strong>: programmazione di database per applicazioni basate su browser.<\/li>\n<li><strong>Microsoft Teams<\/strong>: aumenta la produttivit\u00e0 tramite la messaggistica istantanea e le videoconferenze HD.<\/li>\n<\/ul>\n<hr \/>\n<p>Con questa combinazione esclusiva, ottieni il meglio di entrambe le versioni di Microsoft Office, che garantiscono sia la stabilit\u00e0 e l&#8217;affidabilit\u00e0 di Microsoft Office 2016 sia l&#8217;innovazione e le nuove funzionalit\u00e0 di Microsoft Office 2024. Non perdere l&#8217;opportunit\u00e0 di aggiornare e massimizzare la tua produttivit\u00e0!<\/p>\n<div id=\"simple-translate\" class=\"simple-translate-system-theme\">\n<div>\n<div class=\"simple-translate-button isShow\" style=\"height: 22px;width: 22px;top: 418px;left: 52px\"><\/div>\n<div class=\"simple-translate-panel \" style=\"width: 300px;height: 200px;top: 0px;left: 0px;font-size: 13px\">\n<div class=\"simple-translate-result-wrapper\" style=\"overflow: hidden\">\n<div class=\"simple-translate-move\"><\/div>\n<div class=\"simple-translate-result-contents\">\n<p class=\"simple-translate-candidate\" dir=\"auto\">\n<\/div>\n<\/div>\n<\/div>\n<\/div>\n<\/div>\n<p><strong>Assistenza:<\/strong><\/p>\n<p class=\" translation-block\">Per qualsiasi domanda, non esitare a contattarci all&#8217;indirizzo <a href=\"mailto:italy@windowsandoffice.com\" target=\"_self\" rel=\"noopener\">italy@windowsandoffice.com<\/a>. Il nostro servizio clienti \u00e8 disponibile 7 giorni su 7, 24 ore su 24.<\/p>\n","protected":false},"excerpt":{"rendered":"<ul>\n<li>Microsoft Office 2024 Professional Plus licenza per 3 dispositivi<\/li>\n<li>Microsoft Office 2016 Professional Plus licenza per 3 dispositivi<\/li>\n<li><strong>Con questa licenza, il software pu\u00f2 essere attivato su 3 diversi dispositivi, ad esempio PC di casa, notebook e PC di lavoro.<\/strong><\/li>\n<li>Versione per sistemi a 32 e 64 bit, versioni complete e illimitate di software <strong>da Microsoft Gold Partner certificato<\/strong><\/li>\n<li><strong>Garanzia di sostituzione a vita!<\/strong><\/li>\n<li>Consegna via e-mail: codice prodotto, istruzioni, link per il download, fattura.<\/li>\n<li>Download immediato!<\/li>\n<li>Nessun limite di tempo, nessun abbonamento<\/li>\n<li>Assistenza gratuita 24 ore su 24, 7 giorni su 7, per problemi di installazione e attivazione.<\/li>\n<li>Consegna digitale<\/li>\n<li>Attivazione online e per telefono<\/li>\n<li>Lingue: Inglese, spagnolo, italiano, tedesco, francese<\/li>\n<li><strong><span style=\"color: #008000\"> Questo prodotto \u00e8 compatibile con Microsoft Windows.<\/span><\/strong><\/li>\n<li><strong><span style=\"color: #ff0000\">NON compatibile con Apple macOS\u2122, processori Apple, Parallels per Mac, dispositivi Android e Chromebook.<\/span><\/strong><\/li>\n<\/ul>\n","protected":false},"featured_media":100000115843,"comment_status":"closed","ping_status":"closed","template":"","meta":{"_acf_changed":false},"product_brand":[],"product_cat":[246,307],"product_tag":[],"class_list":{"0":"post-165902","1":"product","2":"type-product","3":"status-publish","4":"has-post-thumbnail","6":"product_cat-microsoft-office","7":"product_cat-office-2024","9":"first","10":"instock","11":"virtual","12":"taxable","13":"purchasable","14":"product-type-simple"},"acf":[],"_links":{"self":[{"href":"https:\/\/keyshop.windowsandoffice.com\/italy\/wp-json\/wp\/v2\/product\/165902","targetHints":{"allow":["GET"]}}],"collection":[{"href":"https:\/\/keyshop.windowsandoffice.com\/italy\/wp-json\/wp\/v2\/product"}],"about":[{"href":"https:\/\/keyshop.windowsandoffice.com\/italy\/wp-json\/wp\/v2\/types\/product"}],"replies":[{"embeddable":true,"href":"https:\/\/keyshop.windowsandoffice.com\/italy\/wp-json\/wp\/v2\/comments?post=165902"}],"wp:featuredmedia":[{"embeddable":true,"href":"https:\/\/keyshop.windowsandoffice.com\/italy\/wp-json\/"}],"wp:attachment":[{"href":"https:\/\/keyshop.windowsandoffice.com\/italy\/wp-json\/wp\/v2\/media?parent=165902"}],"wp:term":[{"taxonomy":"product_brand","embeddable":true,"href":"https:\/\/keyshop.windowsandoffice.com\/italy\/wp-json\/wp\/v2\/product_brand?post=165902"},{"taxonomy":"product_cat","embeddable":true,"href":"https:\/\/keyshop.windowsandoffice.com\/italy\/wp-json\/wp\/v2\/product_cat?post=165902"},{"taxonomy":"product_tag","embeddable":true,"href":"https:\/\/keyshop.windowsandoffice.com\/italy\/wp-json\/wp\/v2\/product_tag?post=165902"}],"curies":[{"name":"wp","href":"https:\/\/api.w.org\/{rel}","templated":true}]}}