{"id":165900,"date":"2026-01-15T17:57:03","date_gmt":"2026-01-15T16:57:03","guid":{"rendered":"https:\/\/keyshop.windowsandoffice.com\/italy\/?post_type=product&#038;p=165900"},"modified":"2026-03-02T07:33:04","modified_gmt":"2026-03-02T06:33:04","slug":"microsoft-office-2024-professional-plus-microsoft-windows-10-professional-licenza-per-3-pc","status":"publish","type":"product","link":"https:\/\/keyshop.windowsandoffice.com\/italy\/product\/microsoft-office-2024-professional-plus-microsoft-windows-10-professional-licenza-per-3-pc\/","title":{"rendered":"Microsoft Office 2024 Professional Plus + Microsoft Windows 10 Professional Licenza per 3 PC"},"content":{"rendered":"<h3><strong>Microsoft Office 2024 Professional Plus<\/strong><\/h3>\n<div style=\"margin-bottom: 15px\"><strong>Con questa licenza il software pu\u00f2 essere attivato su 3 diversi dispositivi, ad esempio PC di casa, notebook e PC di lavoro.<\/strong><\/div>\n<div style=\"margin-bottom: 15px\">Gli utenti di Microsoft Office che utilizzano l&#8217;intera gamma di applicazioni a casa o in ufficio sono ben consigliati con il Microsoft Office 2024 Professional Plus Edition. Sono inclusi tutti i programmi pi\u00f9 importanti: Word, Excel, Outlook, PowerPoint e Access (Publisher non \u00e8 pi\u00f9 incluso poich\u00e9 verr\u00e0 ritirato nel 2026). OneNote \u00e8 ora disponibile per il download dal Microsoft Windows Store, in modo da poter prendere rapidamente appunti e renderli disponibili su tutti i dispositivi tramite il cloud. Data l&#8217;ampia gamma di programmi, la versione Professional Plus si rivolge principalmente a chi lavora a casa, nell&#8217;home office o a chi cerca una soluzione potente e affidabile in ufficio per organizzare documenti, tabelle, ecc.<\/div>\n<ul>\n<li><strong>Word<\/strong>: Creare documenti di testo di qualit\u00e0 professionale in pochissimo tempo.<\/li>\n<li><strong>Excel<\/strong>: Foglio elettronico intelligente per la gestione delle informazioni.<\/li>\n<li><strong>PowerPoint<\/strong>: Creare presentazioni dinamiche di grande effetto.<\/li>\n<li><strong>OneNote<\/strong>: Il vostro taccuino digitale.<\/li>\n<li><strong>Outlook<\/strong>: Comunicazione semplificata.<\/li>\n<li><strong>Access<\/strong>: Programmazione di database per applicazioni basate su browser<\/li>\n<\/ul>\n<p><strong>Nota importante:<\/strong> questa versione di Office <strong>NON<\/strong> include <strong>Teams<\/strong>!<\/p>\n<div>\n<p><strong>Requisiti del sistema operativo: Microsoft Windows 10 o 11<\/strong><\/p>\n<\/div>\n<p>&nbsp;<\/p>\n<h3><strong>Microsoft Windows 10 Professional<\/strong><\/h3>\n<p>Microsoft Windows 10 Professional \u00e8 la scelta perfetta per professionisti e aziende che cercano un sistema operativo stabile e potente. Con un mix di familiarit\u00e0 e funzionalit\u00e0 avanzate, Microsoft Windows 10 Professional aumenta la produttivit\u00e0 e fornisce una sicurezza affidabile per tutte le tue esigenze informatiche.<\/p>\n<p><strong>Funzionalit\u00e0 principali di Microsoft Windows 10 Professional:<\/strong><\/p>\n<ul>\n<li><strong>Interfaccia familiare:<\/strong> goditi la classica sensazione di Microsoft Windows con un tocco moderno.<\/li>\n<li><strong>Maggiore produttivit\u00e0:<\/strong> funzionalit\u00e0 come Cortana e i desktop virtuali semplificano il tuo flusso di lavoro.<\/li>\n<li><strong>Sicurezza avanzata:<\/strong> la crittografia BitLocker e Microsoft Windows Defender Antivirus proteggono i tuoi dati.<\/li>\n<li><strong>Desktop remoto: <\/strong> accedi al tuo PC da qualsiasi luogo con le funzionalit\u00e0 di desktop remoto.<\/li>\n<li><strong>Microsoft Windows Ink:<\/strong> utilizza una penna digitale per prendere appunti, disegnare e progettare direttamente sullo schermo.<\/li>\n<li><strong>Microsoft Edge:<\/strong> il browser pi\u00f9 recente, progettato per garantire velocit\u00e0, compatibilit\u00e0 e sicurezza.<\/li>\n<\/ul>\n<p>L&#8217;aggiornamento a Microsoft Windows 10 Professional ti offre un&#8217;esperienza informatica affidabile ed efficiente che soddisfa le esigenze sia dell&#8217;uso personale che professionale.<\/p>\n<hr \/>\n<p>Con questa combinazione esclusiva, ottieni la suite di produttivit\u00e0 definitiva e un sistema operativo stabile e potente. Goditi le funzionalit\u00e0 e le innovazioni all&#8217;avanguardia di Microsoft Office 2024 Professional Plus abbinate all&#8217;affidabilit\u00e0 e alla familiarit\u00e0 di Microsoft Windows 10 Professional. Non perdere l&#8217;opportunit\u00e0 di aggiornare e massimizzare la tua produttivit\u00e0!<\/p>\n<div id=\"simple-translate\" class=\"simple-translate-system-theme\">\n<div>\n<div class=\"simple-translate-button isShow\" style=\"height: 22px;width: 22px;top: 423px;left: 49px\"><\/div>\n<div class=\"simple-translate-panel \" style=\"width: 300px;height: 200px;top: 0px;left: 0px;font-size: 13px\">\n<div class=\"simple-translate-result-wrapper\" style=\"overflow: hidden\">\n<div class=\"simple-translate-move\"><\/div>\n<div class=\"simple-translate-result-contents\">\n<p class=\"simple-translate-candidate\" dir=\"auto\">\n<\/div>\n<\/div>\n<\/div>\n<\/div>\n<\/div>\n<p><strong>Assistenza:<\/strong><\/p>\n<p class=\" translation-block\">Per qualsiasi domanda, non esitare a contattarci all&#8217;indirizzo <a href=\"mailto:italy@windowsandoffice.com\" target=\"_self\" rel=\"noopener\">italy@windowsandoffice.com<\/a>. Il nostro servizio clienti \u00e8 disponibile 7 giorni su 7, 24 ore su 24.<\/p>\n","protected":false},"excerpt":{"rendered":"<ul>\n<li>Microsoft Office 2024 Professional Plus licenza per 3 dispositivi<\/li>\n<li>Microsoft Windows 10 Professional licenza per 3 dispositivi<\/li>\n<li><strong>Con questa licenza, il software pu\u00f2 essere attivato su 3 diversi dispositivi, ad esempio PC di casa, notebook e PC di lavoro.<\/strong><\/li>\n<li>Versione per sistemi a 32 e 64 bit, versioni complete e illimitate di software <strong>da Microsoft Gold Partner certificato<\/strong><\/li>\n<li><strong>Garanzia di sostituzione a vita!<\/strong><\/li>\n<li>Consegna via e-mail: codice prodotto, istruzioni, link per il download, fattura.<\/li>\n<li>Download immediato!<\/li>\n<li>Nessun limite di tempo, nessun abbonamento<\/li>\n<li>Assistenza gratuita 24 ore su 24, 7 giorni su 7, per problemi di installazione e attivazione.<\/li>\n<li>Consegna digitale<\/li>\n<li>Attivazione online e per telefono<\/li>\n<li>Lingue: Inglese, spagnolo, italiano, tedesco, francese<\/li>\n<li><strong><span style=\"color: #008000\"> Questo prodotto \u00e8 compatibile con Microsoft Windows.<\/span><\/strong><\/li>\n<li><strong><span style=\"color: #ff0000\">NON compatibile con Apple macOS\u2122, processori Apple, Parallels per Mac, dispositivi Android e Chromebook.<\/span><\/strong><\/li>\n<\/ul>\n","protected":false},"featured_media":100000115846,"comment_status":"closed","ping_status":"closed","template":"","meta":{"_acf_changed":false},"product_brand":[],"product_cat":[246,307],"product_tag":[308],"class_list":{"0":"post-165900","1":"product","2":"type-product","3":"status-publish","4":"has-post-thumbnail","6":"product_cat-microsoft-office","7":"product_cat-office-2024","8":"product_tag-308","10":"first","11":"instock","12":"virtual","13":"taxable","14":"purchasable","15":"product-type-simple"},"acf":[],"_links":{"self":[{"href":"https:\/\/keyshop.windowsandoffice.com\/italy\/wp-json\/wp\/v2\/product\/165900","targetHints":{"allow":["GET"]}}],"collection":[{"href":"https:\/\/keyshop.windowsandoffice.com\/italy\/wp-json\/wp\/v2\/product"}],"about":[{"href":"https:\/\/keyshop.windowsandoffice.com\/italy\/wp-json\/wp\/v2\/types\/product"}],"replies":[{"embeddable":true,"href":"https:\/\/keyshop.windowsandoffice.com\/italy\/wp-json\/wp\/v2\/comments?post=165900"}],"wp:featuredmedia":[{"embeddable":true,"href":"https:\/\/keyshop.windowsandoffice.com\/italy\/wp-json\/"}],"wp:attachment":[{"href":"https:\/\/keyshop.windowsandoffice.com\/italy\/wp-json\/wp\/v2\/media?parent=165900"}],"wp:term":[{"taxonomy":"product_brand","embeddable":true,"href":"https:\/\/keyshop.windowsandoffice.com\/italy\/wp-json\/wp\/v2\/product_brand?post=165900"},{"taxonomy":"product_cat","embeddable":true,"href":"https:\/\/keyshop.windowsandoffice.com\/italy\/wp-json\/wp\/v2\/product_cat?post=165900"},{"taxonomy":"product_tag","embeddable":true,"href":"https:\/\/keyshop.windowsandoffice.com\/italy\/wp-json\/wp\/v2\/product_tag?post=165900"}],"curies":[{"name":"wp","href":"https:\/\/api.w.org\/{rel}","templated":true}]}}