{"id":165782,"date":"2026-01-15T17:56:06","date_gmt":"2026-01-15T16:56:06","guid":{"rendered":"https:\/\/keyshop.windowsandoffice.com\/italy\/?post_type=product&#038;p=165782"},"modified":"2026-01-16T07:56:09","modified_gmt":"2026-01-16T06:56:09","slug":"microsoft-office-home-business-2021-mac","status":"publish","type":"product","link":"https:\/\/keyshop.windowsandoffice.com\/italy\/product\/microsoft-office-home-business-2021-mac\/","title":{"rendered":"Microsoft Office Home &amp; Business 2021 MAC"},"content":{"rendered":"<div>\n<h4>Microsoft Office Home &amp; Business 2021 MAC<\/h4>\n<p><strong>Garanzia di sostituzione a vita!!!<\/strong><\/p>\n<p>La cosa pi\u00f9 importante per essere produttivi. Microsoft Office Home and Business 2021 \u00e8 per le famiglie e le piccole imprese che necessitano di app ed e-mail classiche di Microsoft Office. Include Word, Excel, PowerPoint e Outlook per Microsoft Windows 11 e Microsoft Windows 10. Un acquisto una tantum da installare su 1 PC Mac per uso domestico o lavorativo.<\/p>\n<p>Microsoft Office Home &amp; Con la sua semplicit\u00e0 e familiarit\u00e0, Business 2021 per Mac \u00e8 stato progettato per gli utenti e le piccole imprese che desiderano Microsoft Office con la potenza di Outlook per posta elettronica, calendario e contatti. \u00c8 l&#8217;ufficio che conosci, ami e di cui ti fidi, aggiornato per sfruttare le ultime funzionalit\u00e0 del Mac, tra cui il display Retina e la visualizzazione a schermo intero, tra le altre.<\/p>\n<p>Microsoft Office 2021 Home Business include strumenti per ottimizzare le capacit\u00e0 di produzione e le attivit\u00e0 aziendali utilizzando le funzionalit\u00e0 e gli elementi avanzati della suite Microsoft Office.<\/p>\n<p>Microsoft Office 2021 per Mac \u00e8 stato ricostruito da zero per sfruttare le ultime funzionalit\u00e0 del Mac, incluso il display Retina. \u00c8 la combinazione perfetta per l&#8217;ufficio che conosci e di cui ti fidi e il Mac che ami.<\/p>\n<p>Microsoft Office \u00e8 un eccellente set di strumenti di produzione che ti far\u00e0 risparmiare tempo e produrr\u00e0 risultati fantastici. I vantaggi della suite Microsoft Office 2021 includono una migliore collaborazione tra coloro con cui lavori, condivisione di collegamenti, note e appuntamenti, modifica e conversione facili, la possibilit\u00e0 di lavorare offline con tutte le applicazioni, nonch\u00e9 la condivisione di file e documenti dal tuo cloud .<\/p>\n<\/div>\n<p><strong>Assistenza:<\/strong><\/p>\n<p class=\" translation-block\">Per qualsiasi domanda, non esitare a contattarci all&#8217;indirizzo <a href=\"mailto:italy@windowsandoffice.com\" target=\"_self\" rel=\"noopener\">italy@windowsandoffice.com<\/a>. Il nostro servizio clienti \u00e8 disponibile 7 giorni su 7, 24 ore su 24.<\/p>\n","protected":false},"excerpt":{"rendered":"<ul>\n<li><strong>Microsoft Office Home &amp; Business 2021 MAC<\/strong><\/li>\n<li><strong>Garanzia di sostituzione a vita!!!<\/strong><\/li>\n<li>Invia tramite email: codice prodotto, istruzioni, link per il download, fattura<\/li>\n<li>Download istantaneo!<\/li>\n<li>Nessun limite di tempo, nessun abbonamento<\/li>\n<li>Supporto gratuito per l&#8217;installazione e l&#8217;attivazione<\/li>\n<li>Nessuna consegna su supporti dati (USB, CD, ecc.)<\/li>\n<li>Attivazione online e per telefono<\/li>\n<li><strong><span style=\"color: #008000;\">Questo prodotto \u00e8 compatibile con Apple macOS\u2122<\/span><\/strong><\/li>\n<li><strong><span style=\"color: #ff0000;\">NON compatibile con Microsoft Windows, dispositivi Android e Chromebook.<\/span><\/strong><\/li>\n<\/ul>\n","protected":false},"featured_media":100000115839,"comment_status":"closed","ping_status":"closed","template":"","meta":{"_acf_changed":false},"product_brand":[],"product_cat":[288],"product_tag":[289,290,291],"class_list":{"0":"post-165782","1":"product","2":"type-product","3":"status-publish","4":"has-post-thumbnail","6":"product_cat-mac","7":"product_tag-microsoft-office-home-business","8":"product_tag-microsoft-office-home-business-2021","9":"product_tag-microsoft-office-home-business-2021-mac","11":"first","12":"instock","13":"virtual","14":"taxable","15":"purchasable","16":"product-type-simple"},"acf":[],"_links":{"self":[{"href":"https:\/\/keyshop.windowsandoffice.com\/italy\/wp-json\/wp\/v2\/product\/165782","targetHints":{"allow":["GET"]}}],"collection":[{"href":"https:\/\/keyshop.windowsandoffice.com\/italy\/wp-json\/wp\/v2\/product"}],"about":[{"href":"https:\/\/keyshop.windowsandoffice.com\/italy\/wp-json\/wp\/v2\/types\/product"}],"replies":[{"embeddable":true,"href":"https:\/\/keyshop.windowsandoffice.com\/italy\/wp-json\/wp\/v2\/comments?post=165782"}],"wp:featuredmedia":[{"embeddable":true,"href":"https:\/\/keyshop.windowsandoffice.com\/italy\/wp-json\/"}],"wp:attachment":[{"href":"https:\/\/keyshop.windowsandoffice.com\/italy\/wp-json\/wp\/v2\/media?parent=165782"}],"wp:term":[{"taxonomy":"product_brand","embeddable":true,"href":"https:\/\/keyshop.windowsandoffice.com\/italy\/wp-json\/wp\/v2\/product_brand?post=165782"},{"taxonomy":"product_cat","embeddable":true,"href":"https:\/\/keyshop.windowsandoffice.com\/italy\/wp-json\/wp\/v2\/product_cat?post=165782"},{"taxonomy":"product_tag","embeddable":true,"href":"https:\/\/keyshop.windowsandoffice.com\/italy\/wp-json\/wp\/v2\/product_tag?post=165782"}],"curies":[{"name":"wp","href":"https:\/\/api.w.org\/{rel}","templated":true}]}}