{"id":165780,"date":"2026-01-15T17:56:06","date_gmt":"2026-01-15T16:56:06","guid":{"rendered":"https:\/\/keyshop.windowsandoffice.com\/italy\/?post_type=product&#038;p=165780"},"modified":"2026-01-16T08:38:33","modified_gmt":"2026-01-16T07:38:33","slug":"microsoft-visio-2021-standard-licenza-per-3pc","status":"publish","type":"product","link":"https:\/\/keyshop.windowsandoffice.com\/italy\/product\/microsoft-visio-2021-standard-licenza-per-3pc\/","title":{"rendered":"Microsoft Visio 2021 Standard Licenza per 3PC"},"content":{"rendered":"<h3><strong>Microsoft Visio <\/strong><strong>Standard<\/strong> <strong>2021 Licenza per 3 PC<\/strong><\/h3>\n<p><strong>Con questa licenza il software pu\u00f2 essere attivato su 3\u00a0dispositivi diversi, ad esempio il PC di casa, il notebook e il PC di lavoro.<\/strong><\/p>\n<p><strong>Garanzia di sostituzione a vita!!!<\/strong><\/p>\n<p>Microsoft Visio Standard 2021 \u00e8 l&#8217;ultima generazione del popolare software Microsoft per la creazione e la modifica di diagrammi e visualizzazioni. Microsoft Visio Standard \u00e8 particolarmente adatto alle aziende perch\u00e9 pi\u00f9 utenti di un team o di un reparto possono lavorare sui diagrammi contemporaneamente. Sono disponibili molte interfacce per condividere le visualizzazioni finite internamente ed esternamente con persone selezionate.<\/p>\n<p>Microsoft ha svolto molto lavoro sui modelli e le forme che vengono continuamente utilizzati in Microsoft Visio. Anche gli stili dei grafici sono stati migliorati per renderli visivamente pi\u00f9 sorprendenti e allo stesso tempo pi\u00f9 leggibili. Con Microsoft Visio Standard 2021, hai anche la possibilit\u00e0 di portare i dati in una visualizzazione esistente in tempo reale.<\/p>\n<p><strong>Assistenza:<\/strong><\/p>\n<p class=\" translation-block\">Per qualsiasi domanda, non esitare a contattarci all&#8217;indirizzo <a href=\"mailto:italy@windowsandoffice.com\" target=\"_self\" rel=\"noopener\">italy@windowsandoffice.com<\/a>. Il nostro servizio clienti \u00e8 disponibile 7 giorni su 7, 24 ore su 24.<\/p>\n","protected":false},"excerpt":{"rendered":"<ul>\n<li><strong>Microsoft Visio 2021 Standard Licenza per 3 PC<br \/>\n<\/strong><\/li>\n<li><strong>Con questa licenza il software pu\u00f2 essere attivato su 3\u00a0dispositivi diversi<\/strong>, ad esempio il PC di casa, il notebook e il PC di lavoro.<\/li>\n<li><strong>Garanzia di sostituzione a vita!!!<\/strong><\/li>\n<li>Disponibili versioni per sistemi a 32 e 64 bit<\/li>\n<li>Invio email: codice prodotto, istruzioni, link per il download, fattura<\/li>\n<li>Download istantaneo!<\/li>\n<li>Nessun limite di tempo, nessun abbonamento<\/li>\n<li>Supporto gratuito durante l\u2019installazione e l\u2019attivazione<\/li>\n<li>Non disponibile su supporto fisico (USB, CD, ecc.)<\/li>\n<li>Attivazione online e telefonicamente<\/li>\n<li><strong><span style=\"color: #008000;\">Questo prodotto \u00e8 compatibile con Microsoft Windows.<\/span><\/strong><\/li>\n<li><strong><span style=\"color: #ff0000;\">NON compatibile con Apple macOS\u2122, processori Apple, Parallels per Mac, dispositivi Android e Chromebook.<\/span><\/strong><\/li>\n<\/ul>\n","protected":false},"featured_media":100000115837,"comment_status":"closed","ping_status":"closed","template":"","meta":{"_acf_changed":false},"product_brand":[],"product_cat":[264],"product_tag":[283,267,284],"class_list":{"0":"post-165780","1":"product","2":"type-product","3":"status-publish","4":"has-post-thumbnail","6":"product_cat-combo","7":"product_tag-microsoft-visio-2021","8":"product_tag-microsoft-visio-2021-standard","9":"product_tag-microsoft-visio-2021-standard-licenza-per-3-pc","11":"first","12":"instock","13":"sale","14":"virtual","15":"taxable","16":"purchasable","17":"product-type-simple"},"acf":[],"_links":{"self":[{"href":"https:\/\/keyshop.windowsandoffice.com\/italy\/wp-json\/wp\/v2\/product\/165780","targetHints":{"allow":["GET"]}}],"collection":[{"href":"https:\/\/keyshop.windowsandoffice.com\/italy\/wp-json\/wp\/v2\/product"}],"about":[{"href":"https:\/\/keyshop.windowsandoffice.com\/italy\/wp-json\/wp\/v2\/types\/product"}],"replies":[{"embeddable":true,"href":"https:\/\/keyshop.windowsandoffice.com\/italy\/wp-json\/wp\/v2\/comments?post=165780"}],"wp:featuredmedia":[{"embeddable":true,"href":"https:\/\/keyshop.windowsandoffice.com\/italy\/wp-json\/"}],"wp:attachment":[{"href":"https:\/\/keyshop.windowsandoffice.com\/italy\/wp-json\/wp\/v2\/media?parent=165780"}],"wp:term":[{"taxonomy":"product_brand","embeddable":true,"href":"https:\/\/keyshop.windowsandoffice.com\/italy\/wp-json\/wp\/v2\/product_brand?post=165780"},{"taxonomy":"product_cat","embeddable":true,"href":"https:\/\/keyshop.windowsandoffice.com\/italy\/wp-json\/wp\/v2\/product_cat?post=165780"},{"taxonomy":"product_tag","embeddable":true,"href":"https:\/\/keyshop.windowsandoffice.com\/italy\/wp-json\/wp\/v2\/product_tag?post=165780"}],"curies":[{"name":"wp","href":"https:\/\/api.w.org\/{rel}","templated":true}]}}