{"id":165779,"date":"2026-01-15T17:56:05","date_gmt":"2026-01-15T16:56:05","guid":{"rendered":"https:\/\/keyshop.windowsandoffice.com\/italy\/?post_type=product&#038;p=165779"},"modified":"2026-03-02T07:33:04","modified_gmt":"2026-03-02T06:33:04","slug":"microsoft-windows-10-professional-licenza-per-3pc","status":"publish","type":"product","link":"https:\/\/keyshop.windowsandoffice.com\/italy\/product\/microsoft-windows-10-professional-licenza-per-3pc\/","title":{"rendered":"Microsoft Windows 10 Professional Licenza per 3PC"},"content":{"rendered":"<p><span style=\"font-size: 18pt;\"><strong>Microsoft Windows 10 Professional Licenza per 3 PC<\/strong><\/span><\/p>\n<p><strong>Con questa licenza il software pu\u00f2 essere attivato su 3\u00a0dispositivi diversi, ad esempio il PC di casa, il notebook e il PC di lavoro.<\/strong><\/p>\n<p><strong>Garanzia di sostituzione a vita!!!<\/strong><\/p>\n<p>Con la nuova versione di Microsoft Windows 10, Microsoft offre agli utenti privati \u200b\u200be alle aziende esigenti in particolare un sistema operativo moderno e intuitivo. Tra le altre cose, Microsoft Windows 10 offre funzionalit\u00e0 di sicurezza avanzate, accesso al desktop remoto, crittografia BitLocker e l&#8217;assistente virtuale personale Cortana. Il sistema si adatta a qualsiasi dispositivo con le sue funzionalit\u00e0 avanzate e ha il vantaggio che i requisiti di sistema non sono quasi cambiati rispetto ai suoi predecessori. Ci\u00f2 significa che non \u00e8 necessario investire in nuovo hardware per sfruttare Microsoft Windows 10 Professional.<\/p>\n<p><strong>Requisiti minimi di sistema<\/strong><\/p>\n<p>CPU da 1 GHz o superiore<\/p>\n<p>1 GB di RAM per 32 bit o 2 GB di RAM per 64 bit.<\/p>\n<p>16 GB di spazio disponibile su disco rigido per il sistema operativo a 32 bit o 20 GB per il sistema operativo a 64 bit.<\/p>\n<p>&nbsp;<\/p>\n<p><strong>Assistenza:<\/strong><\/p>\n<p class=\" translation-block\">Per qualsiasi domanda, non esitare a contattarci all&#8217;indirizzo <a href=\"mailto:italy@windowsandoffice.com\" target=\"_self\" rel=\"noopener\">italy@windowsandoffice.com<\/a>. Il nostro servizio clienti \u00e8 disponibile 7 giorni su 7, 24 ore su 24.<\/p>\n","protected":false},"excerpt":{"rendered":"<ul>\n<li>Microsoft\u00a0 Microsoft Windows 10 Professional Licenza per 3 PC<strong><br \/>\n<\/strong><\/li>\n<li><strong>Con questa licenza il software pu\u00f2 essere attivato su 3\u00a0dispositivi diversi<\/strong>, ad esempio il PC di casa, il notebook e il PC di lavoro.<\/li>\n<li><strong>Garanzia di sostituzione a vita!!!<\/strong><\/li>\n<li>Disponibili versioni per sistemi a 32 e 64 bit<\/li>\n<li>Invio email: codice prodotto, istruzioni, link per il download, fattura<\/li>\n<li>Download istantaneo!<\/li>\n<li>Nessun limite di tempo, nessun abbonamento<\/li>\n<li>Supporto gratuito durante l\u2019installazione e l\u2019attivazione<\/li>\n<li>Non disponibile su supporto fisico (USB, CD, ecc.)<\/li>\n<li>Attivazione online e telefonicamente<\/li>\n<li><strong><span style=\"color: #008000;\">Questo prodotto \u00e8 compatibile con Microsoft Windows.<\/span><\/strong><\/li>\n<li><strong><span style=\"color: #ff0000;\">NON compatibile con Apple macOS\u2122, processori Apple, Parallels per Mac, dispositivi Android e Chromebook.<\/span><\/strong><\/li>\n<\/ul>\n","protected":false},"featured_media":100000115825,"comment_status":"closed","ping_status":"closed","template":"","meta":{"_acf_changed":false},"product_brand":[],"product_cat":[246,259],"product_tag":[282,280,281],"class_list":{"0":"post-165779","1":"product","2":"type-product","3":"status-publish","4":"has-post-thumbnail","6":"product_cat-microsoft-office","7":"product_cat-microsoft-windows","8":"product_tag-microsoft-windows-11-pro","9":"product_tag-microsoft-windows-11-professional","10":"product_tag-microsoft-windows-11-professional-licenza-per-3-pc","12":"first","13":"instock","14":"sale","15":"virtual","16":"taxable","17":"purchasable","18":"product-type-simple"},"acf":[],"_links":{"self":[{"href":"https:\/\/keyshop.windowsandoffice.com\/italy\/wp-json\/wp\/v2\/product\/165779","targetHints":{"allow":["GET"]}}],"collection":[{"href":"https:\/\/keyshop.windowsandoffice.com\/italy\/wp-json\/wp\/v2\/product"}],"about":[{"href":"https:\/\/keyshop.windowsandoffice.com\/italy\/wp-json\/wp\/v2\/types\/product"}],"replies":[{"embeddable":true,"href":"https:\/\/keyshop.windowsandoffice.com\/italy\/wp-json\/wp\/v2\/comments?post=165779"}],"wp:featuredmedia":[{"embeddable":true,"href":"https:\/\/keyshop.windowsandoffice.com\/italy\/wp-json\/"}],"wp:attachment":[{"href":"https:\/\/keyshop.windowsandoffice.com\/italy\/wp-json\/wp\/v2\/media?parent=165779"}],"wp:term":[{"taxonomy":"product_brand","embeddable":true,"href":"https:\/\/keyshop.windowsandoffice.com\/italy\/wp-json\/wp\/v2\/product_brand?post=165779"},{"taxonomy":"product_cat","embeddable":true,"href":"https:\/\/keyshop.windowsandoffice.com\/italy\/wp-json\/wp\/v2\/product_cat?post=165779"},{"taxonomy":"product_tag","embeddable":true,"href":"https:\/\/keyshop.windowsandoffice.com\/italy\/wp-json\/wp\/v2\/product_tag?post=165779"}],"curies":[{"name":"wp","href":"https:\/\/api.w.org\/{rel}","templated":true}]}}