{"id":165777,"date":"2026-01-15T17:56:05","date_gmt":"2026-01-15T16:56:05","guid":{"rendered":"https:\/\/keyshop.windowsandoffice.com\/italy\/?post_type=product&#038;p=165777"},"modified":"2026-01-16T07:56:02","modified_gmt":"2026-01-16T06:56:02","slug":"microsoft-windows-10-home-microsoft-office-2021-professional-plus","status":"publish","type":"product","link":"https:\/\/keyshop.windowsandoffice.com\/italy\/product\/microsoft-windows-10-home-microsoft-office-2021-professional-plus\/","title":{"rendered":"Microsoft Windows 10 Home + Microsoft Office 2021 Professional Plus"},"content":{"rendered":"<h3><strong>Microsoft Windows 10 Home<br \/>\n<\/strong><\/h3>\n<p><strong>Garanzia di sostituzione a vita!!!<\/strong><\/p>\n<p>Con un computer che esegue Microsoft Windows 10 Home, tutte le opzioni sono aperte.<\/p>\n<ul>\n<li>Le funzioni di sicurezza si integrano con software antivirus, firewall e meccanismi di protezione Internet<\/li>\n<li>Scansiona la tua vista o l&#8217;impronta digitale con Microsoft Windows Hello per sbloccare il tuo computer in modo rapido e sicuro senza password<\/li>\n<li>Con Notification Assistant puoi bloccare notifiche, suoni e avvisi in modo non distraente mentre lavori<\/li>\n<li>La sequenza temporanea consente di navigare in modo semplice e veloce tra i documenti, le applicazioni e il sito Web utilizzati pi\u00f9 di recente.<\/li>\n<li>Con Microsoft Photos puoi facilmente organizzare, sfogliare, modificare e condividere foto e video<\/li>\n<li>La barra di gioco consente di trasmettere istantaneamente i tuoi giochi in diretta, acquisire schermate e regolare l&#8217;impostazione audio.<\/li>\n<\/ul>\n<p>Trarrai vantaggio da avviamenti pi\u00f9 rapidi, un familiare menu Start ma migliorato e nuovi modi per fare le cucire in modo rapido ed efficiente. Ha anche nuove funzionalit\u00e0 come un nuovo browser per aiutarti a navigare sul Web e il tuo assistente digitale personale, Cortana. Cortana \u00e8 con te e il tuo dispositivo Microsoft Windows 10, aiutandoti a portarlo con te per completare la tua attivit\u00e0. Impara sempre di pi\u00f9 su di te nel tempo e pu\u00f2 supportarti meglio ogni giorno.<\/p>\n<p><strong>Microsoft Windows 10 Home<\/strong> ti supporta nel migliore dei modi in tutto ci\u00f2 che \u00e8 possibile. Rimani organizzato semplicemente scattando l&#8217;app e ottimizzando lo schermo per un lavoro pi\u00f9 produttivo. Si connette a quattro applicazioni contemporaneamente e crea un desktop virtuale quando ci sono nuovi spazi o nuovi gruppi e contenuti per un progetto. Applicazioni Microsoft Office per il lavoro e giochi per il tempo libero.<\/p>\n<p><strong>Microsoft Windows 10 <\/strong>\u00e8 compatibile con l&#8217;hardware, il software e le periferiche che gi\u00e0 possiedi. Mantieni il tuo sistema aggiornato con nuove funzionalit\u00e0 e funzionalit\u00e0 di sicurezza per tutta la vita del prodotto.<\/p>\n<p><strong>Requisiti di sistema:<\/strong><\/p>\n<ul>\n<li>Minimo. Processore da 1 GHz o superiore<\/li>\n<li>1 GB di memoria (32 bit), 2 GB (64 bit)<\/li>\n<li>20 GB di spazio disponibile su disco<\/li>\n<li>Scheda grafica con processore grafico DirectX 9 e driver WDDM<\/li>\n<\/ul>\n<h3><strong>Microsoft Office 2021 Professional Plus<\/strong><\/h3>\n<p><strong>Garanzia di sostituzione a vita!!!<\/strong><\/p>\n<p>Microsoft Office 2021 Professional Plus Edition \u00e8 l&#8217;ideale per gli utenti che utilizzano l&#8217;intera gamma di applicazioni a casa o in ufficio. Include l&#8217;intera gamma di applicazioni Microsoft Office: Word, Excel, Outlook, PowerPoint, Publisher e Access. Scaricabile da Microsoft Windows Store, OneNote ti consente di creare rapidamente note e renderle disponibili su tutti i tuoi dispositivi tramite il cloud. Sperimenta prestazioni, stabilit\u00e0 e velocit\u00e0 migliorate in Word, Excel, PowerPoint e Outlook. Ottieni nuovi e migliorati strumenti di ricerca, input penna, tipi di dati, funzionalit\u00e0, strumenti di traduzione e modifica, grafica animata, funzionalit\u00e0 facili da usare e altro nell&#8217;intera suite Microsoft Office 2021.<\/p>\n<ul>\n<li><strong>Word<\/strong>: Crea documenti di testo di qualit\u00e0 professionale in pochissimo tempo.<\/li>\n<li><strong>Excel<\/strong>: Fogli di lavoro intelligenti, ora con nuove funzionalit\u00e0 come XLOOKUP<\/li>\n<li><strong>Power Point<\/strong>: Funzionalit\u00e0 nuove e migliorate per creare presentazioni dinamiche impressionanti.<\/li>\n<li><strong>OneNote<\/strong>: Il tuo taccuino digitale nel cloud.<\/li>\n<li><strong>Outlook<\/strong>: Comunicazione semplificata; ora include potenti funzionalit\u00e0 di traduzione.<\/li>\n<li><strong>Publisher<\/strong>: Creazione di layout per pubblicazioni professionali<\/li>\n<li><strong>Access<\/strong>: Creazione di database semplice e potente<\/li>\n<li><strong>Microsoft Teams<\/strong>: Aumenta la produttivit\u00e0 con la messaggistica istantanea e le videoconferenze in HD (disponibile separatamente per download)<\/li>\n<\/ul>\n<p>NOTA: Microsoft non include pi\u00f9 una licenza Teams con i prodotti Office a causa di un <a href=\"https:\/\/blogs.microsoft.com\/eupolicy\/2023\/08\/31\/european-competition-teams-office-microsoft-365\/\" target=\"_blank\" rel=\"noopener\">indagine della Commissione Europea<\/a>. Puoi <a href=\"https:\/\/www.microsoft.com\/en-us\/microsoft-teams\/download-app\" target=\"_blank\" rel=\"noopener\">scaricare Teams<\/a> per utilizzarlo con una licenza gratuita o a pagamento ( acquisto separato) a seconda delle vostre esigenze.<br \/>\n<strong>RICHIEDE WINDOWS 10 O 11!<\/strong><\/p>\n<p><strong>Assistenza:<\/strong><\/p>\n<p class=\" translation-block\">Per qualsiasi domanda, non esitare a contattarci all&#8217;indirizzo <a href=\"mailto:italy@windowsandoffice.com\" target=\"_self\" rel=\"noopener\">italy@windowsandoffice.com<\/a>. Il nostro servizio clienti \u00e8 disponibile 7 giorni su 7, 24 ore su 24.<\/p>\n","protected":false},"excerpt":{"rendered":"<ul>\n<li><strong>Microsoft Office 2021 Professional Plus e Microsoft Windows 10 Home<br \/>\n<\/strong><\/li>\n<li><strong>Con questa licenza il software pu\u00f2 essere attivato su 3\u00a0dispositivi diversi<\/strong>, ad esempio il PC di casa, il notebook e il PC di lavoro.<\/li>\n<li><strong>Garanzia di sostituzione a vita!!!<\/strong><\/li>\n<li>Disponibili versioni per sistemi a 32 e 64 bit<\/li>\n<li>Invio email: codice prodotto, istruzioni, link per il download, fattura<\/li>\n<li>Download istantaneo!<\/li>\n<li>Nessun limite di tempo, nessun abbonamento<\/li>\n<li>Supporto gratuito durante l\u2019installazione e l\u2019attivazione<\/li>\n<li>Non disponibile su supporto fisico (USB, CD, ecc.)<\/li>\n<li>Attivazione online e telefonicamente<\/li>\n<li><strong><span style=\"color: #008000;\">Questo prodotto \u00e8 compatibile con Microsoft Windows.<\/span><\/strong><\/li>\n<li><strong><span style=\"color: #ff0000;\">NON compatibile con Apple macOS\u2122, processori Apple, Parallels per Mac, dispositivi Android e Chromebook.<\/span><\/strong><\/li>\n<\/ul>\n","protected":false},"featured_media":100000165724,"comment_status":"closed","ping_status":"closed","template":"","meta":{"_acf_changed":false},"product_brand":[],"product_cat":[264,259],"product_tag":[249,278,279],"class_list":{"0":"post-165777","1":"product","2":"type-product","3":"status-publish","4":"has-post-thumbnail","6":"product_cat-combo","7":"product_cat-microsoft-windows","8":"product_tag-microsoft-office-2021-professional-plus","9":"product_tag-microsoft-office-2021-professional-plus-microsoft-windows-10-home","10":"product_tag-microsoft-office-2021microsoft-windows-10-home","12":"first","13":"instock","14":"sale","15":"virtual","16":"taxable","17":"purchasable","18":"product-type-simple"},"acf":[],"_links":{"self":[{"href":"https:\/\/keyshop.windowsandoffice.com\/italy\/wp-json\/wp\/v2\/product\/165777","targetHints":{"allow":["GET"]}}],"collection":[{"href":"https:\/\/keyshop.windowsandoffice.com\/italy\/wp-json\/wp\/v2\/product"}],"about":[{"href":"https:\/\/keyshop.windowsandoffice.com\/italy\/wp-json\/wp\/v2\/types\/product"}],"replies":[{"embeddable":true,"href":"https:\/\/keyshop.windowsandoffice.com\/italy\/wp-json\/wp\/v2\/comments?post=165777"}],"wp:featuredmedia":[{"embeddable":true,"href":"https:\/\/keyshop.windowsandoffice.com\/italy\/wp-json\/"}],"wp:attachment":[{"href":"https:\/\/keyshop.windowsandoffice.com\/italy\/wp-json\/wp\/v2\/media?parent=165777"}],"wp:term":[{"taxonomy":"product_brand","embeddable":true,"href":"https:\/\/keyshop.windowsandoffice.com\/italy\/wp-json\/wp\/v2\/product_brand?post=165777"},{"taxonomy":"product_cat","embeddable":true,"href":"https:\/\/keyshop.windowsandoffice.com\/italy\/wp-json\/wp\/v2\/product_cat?post=165777"},{"taxonomy":"product_tag","embeddable":true,"href":"https:\/\/keyshop.windowsandoffice.com\/italy\/wp-json\/wp\/v2\/product_tag?post=165777"}],"curies":[{"name":"wp","href":"https:\/\/api.w.org\/{rel}","templated":true}]}}