{"id":165776,"date":"2026-01-15T17:56:05","date_gmt":"2026-01-15T16:56:05","guid":{"rendered":"https:\/\/keyshop.windowsandoffice.com\/italy\/?post_type=product&#038;p=165776"},"modified":"2026-01-16T07:56:02","modified_gmt":"2026-01-16T06:56:02","slug":"microsoft-windows-11-home-microsoft-office-2021-professional-plus","status":"publish","type":"product","link":"https:\/\/keyshop.windowsandoffice.com\/italy\/product\/microsoft-windows-11-home-microsoft-office-2021-professional-plus\/","title":{"rendered":"Microsoft Windows 11 Home + Microsoft Office 2021 Professional Plus"},"content":{"rendered":"<p><strong>Microsoft Windows 11 Home<\/strong><\/p>\n<p><strong>Garanzia di sostituzione a vita!!!<\/strong><\/p>\n<p><strong>Requisiti di sistema:<\/strong><\/p>\n<p>Preparati per l&#8217;ultimo e il pi\u00f9 grande sistema operativo di Microsoft! Questa edizione \u00e8 rivolta all&#8217;utente domestico ed \u00e8 adatta per l&#8217;uso quotidiano, il lavoro creativo e il gioco<\/p>\n<p>&nbsp;<\/p>\n<table>\n<tbody>\n<tr>\n<td><strong>Processore:<\/strong><\/td>\n<td>1 Gigahertz (GHz) o superiore con 2 o pi\u00f9 core su un processore a<strong> 64 bit<\/strong> o SoC (System on a Chip) supportato.<\/td>\n<\/tr>\n<tr>\n<td><strong>RAM:<\/strong><\/td>\n<td>4 gigabyte (GB)<\/td>\n<\/tr>\n<tr>\n<td><strong>Archiviazione:<\/strong><\/td>\n<td>64 GB o pi\u00f9<\/p>\n<p>Nota: per ulteriori dettagli, vedere &#8220;Ulteriori informazioni sullo spazio su disco per mantenere aggiornato Microsoft Windows 11&#8221; di seguito.<\/td>\n<\/tr>\n<tr>\n<td><strong>Firmware di sistema:<\/strong><\/td>\n<td>UEFI, avvio protetto supportato<\/td>\n<\/tr>\n<tr>\n<td><strong>TPM:<\/strong><\/td>\n<td>Trusted Platform Module (TPM) versione 2.0<\/td>\n<\/tr>\n<tr>\n<td><strong>Scheda grafica:<\/strong><\/td>\n<td>Compatibile con DirectX 12 o versioni successive con driver WDDM 2.0<\/td>\n<\/tr>\n<tr>\n<td><strong>Visualizzazione:<\/strong><\/td>\n<td>Display ad alta risoluzione (720p) con diagonale superiore a 9\u2033, 8 bit per canale colore<\/td>\n<\/tr>\n<tr>\n<td><strong>Connettivit\u00e0 Internet e account Microsoft:<\/strong><\/td>\n<td>Microsoft Windows 11 Home Edition richiede una connessione Internet e un account Microsoft per completare la configurazione del dispositivo al primo utilizzo.<\/p>\n<p>Il passaggio da un dispositivo a Microsoft Windows 11 Home in modalit\u00e0 S richiede anche una connessione a Internet.<\/p>\n<p>Tutte le edizioni di Microsoft Windows 11 richiedono l&#8217;accesso a Internet per l&#8217;aggiornamento, il download e l&#8217;utilizzo di alcune funzionalit\u00e0. Per alcune funzionalit\u00e0 \u00e8 richiesto un account Microsoft.<\/td>\n<\/tr>\n<\/tbody>\n<\/table>\n<p>Nel tempo, potrebbero esserci requisiti aggiuntivi per gli aggiornamenti, nonch\u00e9 requisiti per abilitare determinate funzionalit\u00e0 all&#8217;interno del sistema operativo.<\/p>\n<p><a href=\"https:\/\/www.microsoft.com\/en-us\/windows\/windows-11\" target=\"_blank\" rel=\"noopener\"><strong>\u00a0Requisiti specifici delle funzionalit\u00e0 per Microsoft Windows 11\u00a0<\/strong><\/a><\/p>\n<p>Alcune funzionalit\u00e0 di Microsoft Windows 11 hanno requisiti pi\u00f9 elevati oltre a quelli elencati nella sezione dei requisiti minimi sopra. Di seguito sono riportati alcuni dettagli aggiuntivi sui requisiti per le funzionalit\u00e0 principali:<\/p>\n<ul>\n<li><strong>La compatibilit\u00e0 5G <\/strong>richiede un modem compatibile 5G.<\/li>\n<li><strong>L&#8217;HDR automatico <\/strong>richiede un monitor HDR.<\/li>\n<li><strong>BitLocker per andare <\/strong>richiede un&#8217;unit\u00e0 flash USB (disponibile in Microsoft Windows Pro e versioni successive).<\/li>\n<li><strong>Cliente Hyper -V <\/strong>richiede un processore con funzionalit\u00e0 SLAT (Second Level Address Translation) (disponibili in Microsoft Windows Pro e versioni successive).<\/li>\n<li><strong>Cortana <\/strong>richiede un microfono e un altoparlante ed \u00e8 attualmente disponibile su Microsoft Windows 11 per Australia, Brasile, Canada, Cina, Francia, Germania, India, Italia, Giappone, Messico, Spagna, Regno Unito e Stati Uniti.<\/li>\n<li><strong>Archiviazione diretta <\/strong>Richiede un SSD NVMe per archiviare ed eseguire giochi che utilizzano il driver &#8220;Standard NVM Express Controller &#8221; e una GPU DirectX12 con supporto Shader Modello 6.0.<\/li>\n<li><strong>DirectX 12 Ultimate <\/strong>\u00e8 disponibile con giochi e chip grafici compatibili.<\/li>\n<li><strong>Presenza <\/strong>richiede un sensore in grado di rilevare la distanza dell&#8217;essere umano dal dispositivo o l&#8217;intenzione di interagire con il dispositivo.<\/li>\n<li><strong>Video conferenza intelligente<\/strong>: richiede videocamera, microfono e altoparlante (output audio)<\/li>\n<li><strong>Pi\u00f9 Assistenti vocali:<\/strong>\u00a0richiede un microfono e un altoparlante.<\/li>\n<li><strong>Snap<\/strong>: i layout a tre colonne richiedono uno schermo con larghezza effettiva di 1920 pixel o superiore.<\/li>\n<li><strong>Disattiva audio<\/strong>\u00a0e\u00a0<strong>Attiva audio<\/strong>: dalla barra delle applicazioni sono necessari videocamera, microfono e altoparlante (output audio). L&#8217;app deve essere compatibile con la funzionalit\u00e0 per la disattivazione\/attivazione audio globale.<\/li>\n<li><strong>Audio spaziale<\/strong>: richiede la compatibilit\u00e0 di hardware e software.<\/li>\n<li><strong>Microsoft Teams<\/strong>: richiede videocamera, microfono e altoparlante (output audio).<\/li>\n<li><strong>Touch<\/strong>: richiede uno schermo o un monitor che supporti il multitouch.<\/li>\n<li><strong>Autenticazione a due fattori<\/strong>: richiede l&#8217;uso del PIN, della biometria (lettore di impronte digitali o fotocamera a infrarossi illuminata) oppure un telefono compatibile con Wi-Fi o Bluetooth.<\/li>\n<li><strong>Digitazione vocale<\/strong>: richiede un PC con microfono.<\/li>\n<li><strong>Riattivazione vocale<\/strong>: richiede il modello di risparmio energia e il microfono per standby moderno.<\/li>\n<li><strong>Wi-Fi 6E<\/strong>: richiede nuovo hardware e driver IHV WLAN e un punto di accesso\/router compatibile con Wi-Fi 6E.<\/li>\n<li><strong>Microsoft Windows Hello<\/strong>: richiede una fotocamera configurata per la creazione dell&#8217;immagine a infrarossi o il lettore di impronta digitale per l&#8217;autenticazione biometrica. I dispositivi senza sensori biometrici possono usare Microsoft Windows Hello con un PIN o una chiave di sicurezza portatile compatibile con Microsoft. Per altre informazioni, vedere\u00a0<a href=\"https:\/\/techcommunity.microsoft.com\/t5\/windows-it-pro-blog\/it-tools-to-support-windows-10-version-21h1\/ba-p\/2365103\" target=\"_blank\" rel=\"noopener\">Strumenti IT per supportare Microsoft Windows 10, versione 21H1<\/a>.<\/li>\n<li><strong>Microsoft Windows Microsoft Projection<\/strong>: richiede una scheda video che supporti Microsoft Windows Display Driver Model (WDDM) 2.0 e una scheda Wi-Fi che supporti Wi-Fi Direct.<\/li>\n<li><strong>App Xbox<\/strong>: richiede un account Xbox Live, che non \u00e8 disponibile in tutte le aree geografiche. Per informazioni pi\u00f9 aggiornate sulla disponibilit\u00e0, passare alla pagina Paesi e aree geografiche supportate da Xbox Live..<\/li>\n<\/ul>\n<h3><strong>Microsoft Office 2021 Professional<\/strong><\/h3>\n<p><strong>Garanzia di sostituzione a vita!!!<\/strong><\/p>\n<p>Microsoft Office 2021 Professional Plus Edition \u00e8 ideale per gli utenti che utilizzano l&#8217;intera gamma di applicazioni a casa o in ufficio. Include l&#8217;intera gamma di applicazioni Microsoft Office: Word, Excel, Outlook, PowerPoint, Publisher e Access. OneNote, che pu\u00f2 essere scaricato da Microsoft Windows Store, consente di creare rapidamente note e renderle disponibili in tutti i dispositivi tramite il cloud. Sperimenta prestazioni, stabilit\u00e0 e velocit\u00e0 migliorate in Word, Excel, PowerPoint e Outlook. Ottieni ricerche nuove e migliorate, strumenti di input penna, tipi di dati, caratteristiche, strumenti di traduzione e modifica, grafica animata, caratteristiche di facile utilizzo e altro ancora nel pacchetto Microsoft Office 2021.<\/p>\n<ul>\n<li><strong>Word<\/strong>: Crea documenti di testo di qualit\u00e0 professionale in pochissimo tempo.<\/li>\n<li><strong>Excel<\/strong>: Fogli di calcolo intelligenti, ora con nuove funzionalit\u00e0 come XLOOKUP<\/li>\n<li><strong>Potenza Punto<\/strong>: Funzionalit\u00e0 nuove e migliorate per creare presentazioni dinamiche impressionanti.<\/li>\n<li><strong>OneNote<\/strong>: Il tuo taccuino digitale nel cloud.<\/li>\n<li><strong>Outlook<\/strong>:\u00a0Comunicazione semplificata; ora include potenti funzionalit\u00e0 di traduzione.<\/li>\n<li><strong>Publisher<\/strong>: Creazione di layout per pubblicazioni professionali<\/li>\n<li><strong>Access<\/strong>: Creazione di database semplice e potente<\/li>\n<li><strong>Microsoft Team<\/strong>: Aumenta la produttivit\u00e0 con la messaggistica istantanea HD e le videoconferenze (disponibile separatamente per download)<\/li>\n<\/ul>\n<p>NOTA: Microsoft non include pi\u00f9 una licenza Teams con i prodotti Office a causa di un <a href=\"https:\/\/blogs.microsoft.com\/eupolicy\/2023\/08\/31\/european-competition-teams-office-microsoft-365\/\" target=\"_blank\" rel=\"noopener\">indagine della Commissione Europea<\/a>. Puoi <a href=\"https:\/\/www.microsoft.com\/en-us\/microsoft-teams\/download-app\" target=\"_blank\" rel=\"noopener\">scaricare Teams<\/a> per utilizzarlo con una licenza gratuita o a pagamento ( acquisto separato) a seconda delle vostre esigenze.<br \/>\n<strong>RICHIEDE WINDOWS 10 O 11!<\/strong><\/p>\n<p><strong>Assistenza:<\/strong><\/p>\n<p class=\" translation-block\">Per qualsiasi domanda, non esitare a contattarci all&#8217;indirizzo <a href=\"mailto:italy@windowsandoffice.com\" target=\"_self\" rel=\"noopener\">italy@windowsandoffice.com<\/a>. Il nostro servizio clienti \u00e8 disponibile 7 giorni su 7, 24 ore su 24.<\/p>\n","protected":false},"excerpt":{"rendered":"<ul>\n<li><strong>Microsoft Windows Microsoft Office 2021 Professional Plus e Microsoft Windows 11 Home<br \/>\n<\/strong><\/li>\n<li><strong>Garanzia di sostituzione a vita!!!<\/strong><\/li>\n<li>Disponibili versioni per sistemi a 32 e 64 bit<\/li>\n<li>Invio email: codice prodotto, istruzioni, link per il download, fattura<\/li>\n<li>Download istantaneo!<\/li>\n<li>Nessun limite di tempo, nessun abbonamento<\/li>\n<li>Supporto gratuito durante l\u2019installazione e l\u2019attivazione<\/li>\n<li>Non disponibile su supporto fisico (USB, CD, ecc.)<\/li>\n<li>Attivazione online e telefonicamente<\/li>\n<li><strong><span style=\"color: #008000;\">Questo prodotto \u00e8 compatibile con Microsoft Windows.<\/span><\/strong><\/li>\n<li><strong><span style=\"color: #ff0000;\">NON compatibile con Apple macOS\u2122, processori Apple, Parallels per Mac, dispositivi Android e Chromebook.<\/span><\/strong><\/li>\n<\/ul>\n","protected":false},"featured_media":100000165723,"comment_status":"closed","ping_status":"closed","template":"","meta":{"_acf_changed":false},"product_brand":[],"product_cat":[264,259],"product_tag":[275,276,277],"class_list":{"0":"post-165776","1":"product","2":"type-product","3":"status-publish","4":"has-post-thumbnail","6":"product_cat-combo","7":"product_cat-microsoft-windows","8":"product_tag-microsoft-office-2021-professional","9":"product_tag-microsoft-windows-11-home","10":"product_tag-microsoft-windows-11-home-microsoft-office-2021-professional","12":"first","13":"instock","14":"sale","15":"virtual","16":"taxable","17":"purchasable","18":"product-type-simple"},"acf":[],"_links":{"self":[{"href":"https:\/\/keyshop.windowsandoffice.com\/italy\/wp-json\/wp\/v2\/product\/165776","targetHints":{"allow":["GET"]}}],"collection":[{"href":"https:\/\/keyshop.windowsandoffice.com\/italy\/wp-json\/wp\/v2\/product"}],"about":[{"href":"https:\/\/keyshop.windowsandoffice.com\/italy\/wp-json\/wp\/v2\/types\/product"}],"replies":[{"embeddable":true,"href":"https:\/\/keyshop.windowsandoffice.com\/italy\/wp-json\/wp\/v2\/comments?post=165776"}],"wp:featuredmedia":[{"embeddable":true,"href":"https:\/\/keyshop.windowsandoffice.com\/italy\/wp-json\/"}],"wp:attachment":[{"href":"https:\/\/keyshop.windowsandoffice.com\/italy\/wp-json\/wp\/v2\/media?parent=165776"}],"wp:term":[{"taxonomy":"product_brand","embeddable":true,"href":"https:\/\/keyshop.windowsandoffice.com\/italy\/wp-json\/wp\/v2\/product_brand?post=165776"},{"taxonomy":"product_cat","embeddable":true,"href":"https:\/\/keyshop.windowsandoffice.com\/italy\/wp-json\/wp\/v2\/product_cat?post=165776"},{"taxonomy":"product_tag","embeddable":true,"href":"https:\/\/keyshop.windowsandoffice.com\/italy\/wp-json\/wp\/v2\/product_tag?post=165776"}],"curies":[{"name":"wp","href":"https:\/\/api.w.org\/{rel}","templated":true}]}}