{"id":165773,"date":"2026-01-15T17:56:05","date_gmt":"2026-01-15T16:56:05","guid":{"rendered":"https:\/\/keyshop.windowsandoffice.com\/italy\/?post_type=product&#038;p=165773"},"modified":"2026-01-21T09:26:59","modified_gmt":"2026-01-21T08:26:59","slug":"microsoft-windows-11-pro-microsoft-office-2021-professional-plus-microsoft-project-2021-professional-microsoft-visio-2021-standard-licenza-per-3pc","status":"publish","type":"product","link":"https:\/\/keyshop.windowsandoffice.com\/italy\/product\/microsoft-windows-11-pro-microsoft-office-2021-professional-plus-microsoft-project-2021-professional-microsoft-visio-2021-standard-licenza-per-3pc\/","title":{"rendered":"Microsoft Windows 11 Pro + Microsoft Office 2021 Professional Plus + Microsoft Project 2021 Professional + Microsoft Visio 2021 Standard Licenza per 3PC"},"content":{"rendered":"<h3><strong>Microsoft Windows 11 professional Licenza per 3 PC<\/strong><\/h3>\n<p><strong>Con questa licenza il software pu\u00f2 essere attivato su 3\u00a0dispositivi diversi, ad esempio il PC di casa, il notebook e il PC di lavoro.<\/strong><\/p>\n<p><strong>garanzia di rimborso a vita!!!<\/strong><\/p>\n<p>Requisiti di sistema<\/p>\n<p>&nbsp;<\/p>\n<table style=\"width: 100.625%;height: 933px\">\n<tbody>\n<tr style=\"height: 72px\">\n<td style=\"width: 33.1818%;height: 72px\"><strong>Processore:<\/strong><\/td>\n<td style=\"width: 66.4303%;height: 72px\">1 Gigahertz (GHz) o frequenza superiore con 2 o pi\u00f9 core in un <a href=\"https:\/\/docs.microsoft.com\/es-es\/windows-hardware\/design\/minimum\/windows-processor-requirements\" target=\"_blank\" rel=\"noopener\"><strong>processore compatibile a 64 bit <\/strong><\/a><a href=\"https:\/\/docs.microsoft.com\/es-es\/windows-hardware\/design\/minimum\/windows-processor-requirements\" target=\"_blank\" rel=\"noopener\"><strong>o <\/strong><\/a>&#8221; Sistema su un chip&#8221; ( SoC )<\/td>\n<\/tr>\n<tr style=\"height: 24px\">\n<td style=\"width: 33.1818%;height: 24px\"><strong>RAM:<\/strong><\/td>\n<td style=\"width: 66.4303%;height: 24px\">4 gigabyte (GB)<\/td>\n<\/tr>\n<tr style=\"height: 112px\">\n<td style=\"width: 33.1818%;height: 112px\"><strong>Archiviazione:<\/strong><\/td>\n<td style=\"width: 66.4303%;height: 112px\" width=\"68%\">Dispositivo di archiviazione da 64 GB o pi\u00f9 grande.<\/p>\n<p>Nota: vedi &#8220;Scopri di pi\u00f9 sullo spazio di archiviazione necessario per mantenere aggiornato Microsoft Windows 11&#8221;<\/td>\n<\/tr>\n<tr style=\"height: 68px\">\n<td style=\"width: 33.1818%;height: 68px\"><strong>Firmware di sistema:<\/strong><\/td>\n<td style=\"width: 66.4303%;height: 68px\" width=\"68%\">Avrai bisogno di un computer con UEFI e compatibile con l&#8217;avvio protetto.<\/td>\n<\/tr>\n<tr style=\"height: 72px\">\n<td style=\"width: 33.1818%;height: 72px\"><strong>TPM:<\/strong><\/td>\n<td style=\"width: 66.4303%;height: 72px\">Trusted Platform Module (TPM) versione 2.0 (che dal 2016 \u00e8 obbligatorio per l&#8217;hardware di qualsiasi computer Microsoft Windows)<\/td>\n<\/tr>\n<tr style=\"height: 48px\">\n<td style=\"width: 33.1818%;height: 48px\"><strong>Sche<\/strong><strong>da grafica:<\/strong><\/td>\n<td style=\"width: 66.4303%;height: 48px\">Compatibile con DirectX 12 o versione successiva con il driver WDDM 2.0.<\/td>\n<\/tr>\n<tr style=\"height: 72px\">\n<td style=\"width: 33.1818%;height: 72px\"><strong>Visualizzazione:<\/strong><\/td>\n<td style=\"width: 66.4303%;height: 72px\">Schermo di un minimo di 9 pollici in diagonale, con 720p di alta definizione e canale di 8 bit per colore.<\/td>\n<\/tr>\n<tr style=\"height: 91px\">\n<td style=\"width: 33.1818%;height: 91px\"><strong>Connettivit\u00e0 Internet e account Microsoft:<\/strong><\/td>\n<td style=\"width: 66.4303%;height: 91px\">Avrai bisogno di un account Microsoft e dovrai essere connesso a Internet per la configurazione iniziale ed eventuali aggiornamenti.<\/td>\n<\/tr>\n<tr style=\"height: 72px\">\n<td style=\"width: 33.1818%;height: 72px\"><\/td>\n<td style=\"width: 66.4303%;height: 72px\" width=\"68%\"><\/td>\n<\/tr>\n<\/tbody>\n<\/table>\n<h3><strong>Microsoft Project Professional <\/strong><strong>2021 Licenza per 3 PC<\/strong><\/h3>\n<p><strong>Con questa licenza il software pu\u00f2 essere attivato su 3 dispositivi diversi, ad esempio il PC di casa, il notebook e il PC di lavoro.<\/strong><\/p>\n<p><strong>Garanzia di sostituzione a vita!!!<\/strong><\/p>\n<p>Il potente Microsoft Project Professional 2021 Edition offre funzionalit\u00e0 estese e nuove interfacce per MS SharePoint, Microsoft Project Server e Skype. Il software sfrutta appieno i numerosi vantaggi del sistema operativo Microsoft Windows 10 o 11, ma non \u00e8 compatibile con le versioni precedenti di Microsoft Windows. MS Microsoft Project Professional 2021 si rivolge principalmente ai project manager di aziende che pianificano, controllano, documentano e quindi analizzano i loro singoli progetti.<\/p>\n<h3><strong>Microsoft Office 2021 Professional Plus Licenza per 3 PC<\/strong><\/h3>\n<p><strong>Con questa licenza il software pu\u00f2 essere attivato su 3 dispositivi diversi, ad esempio il PC di casa, il notebook e il PC di lavoro.<\/strong><\/p>\n<p><strong>Garanzia di sostituzione a vita!!!<\/strong><\/p>\n<p>Gli utenti di Microsoft Office che utilizzano l&#8217;intera gamma di applicazioni domestiche o aziendali sono invitati a utilizzare Microsoft Office 2021 Professional Plus Edition. Tutti i programmi importanti sono inclusi: Word, Excel, Outlook, PowerPoint, Publisher e Access. OneNote \u00e8 ora disponibile per il download da Microsoft Windows Store in modo da poter prendere rapidamente appunti e condividerli tra dispositivi tramite il cloud. A causa della vasta selezione di diversi programmi, la versione Professional Plus si rivolge principalmente a persone che lavorano a casa, in home office o sono alla ricerca di una soluzione potente e affidabile in ufficio per organizzare documenti, fogli di calcolo, ecc.<\/p>\n<ul>\n<li><strong>Word:<\/strong> Crea documenti di testo di qualit\u00e0 professionale in pochissimo tempo.<\/li>\n<li><strong>Excel:<\/strong> Fogli di calcolo intelligenti per la gestione delle informazion.<\/li>\n<li><strong>Power Point:<\/strong> Crea straordinarie presentazioni dinamiche.<\/li>\n<li><strong>OneNote:<\/strong> Il blocco appunti digitale.<\/li>\n<li><strong>Outlook:<\/strong> Comunicazione semplificata.<\/li>\n<li><strong>Publisher:<\/strong> Creazione di layout per pubblicazioni professionali.<\/li>\n<li><strong>Access:<\/strong> Programmazione di database per applicazioni basate su browser.<\/li>\n<li><strong>Microsoft Teams: <\/strong>Maggiore produttivit\u00e0 grazie alla messaggistica istantanea e alle videoconferenze HD.(disponibile separatamente per download)<\/li>\n<\/ul>\n<p>NOTA: Microsoft non include pi\u00f9 una licenza Teams con i prodotti Office a causa di un <a href=\"https:\/\/blogs.microsoft.com\/eupolicy\/2023\/08\/31\/european-competition-teams-office-microsoft-365\/\" target=\"_blank\" rel=\"noopener\">indagine della Commissione Europea<\/a>. Puoi <a href=\"https:\/\/www.microsoft.com\/en-us\/microsoft-teams\/download-app\" target=\"_blank\" rel=\"noopener\">scaricare Teams<\/a> per utilizzarlo con una licenza gratuita o a pagamento ( acquisto separato) a seconda delle vostre esigenze.<\/p>\n<h3><strong>Microsoft Visio <\/strong><strong>Standard<\/strong> <strong>2021 Licenza per 3 PC<\/strong><\/h3>\n<p><strong>Con questa licenza il software pu\u00f2 essere attivato su 3 dispositivi diversi, ad esempio il PC di casa, il notebook e il PC di lavoro.<\/strong><\/p>\n<p><strong>garanzia di rimborso a vita!!!<\/strong><\/p>\n<p>Microsoft Visio Standard 2021 \u00e8 l&#8217;ultima generazione del popolare software Microsoft per la creazione e la modifica di diagrammi e visualizzazioni. Microsoft Visio Standard \u00e8 particolarmente adatto alle aziende perch\u00e9 pi\u00f9 utenti di un team o di un reparto possono lavorare sui diagrammi contemporaneamente. Sono disponibili molte interfacce per condividere le visualizzazioni finite internamente ed esternamente con persone selezionate.<\/p>\n<p>Microsoft ha svolto molto lavoro sui modelli e le forme che vengono continuamente utilizzati in Microsoft Visio. Anche gli stili dei grafici sono stati migliorati per renderli visivamente pi\u00f9 sorprendenti e allo stesso tempo pi\u00f9 leggibili. Con Microsoft Visio Standard 2021, hai anche la possibilit\u00e0 di portare i dati in una visualizzazione esistente in tempo reale.<\/p>\n<p><strong>Assistenza:<\/strong><\/p>\n<p class=\" translation-block\">Per qualsiasi domanda, non esitare a contattarci all&#8217;indirizzo <a href=\"mailto:italy@windowsandoffice.com\" target=\"_self\" rel=\"noopener\">italy@windowsandoffice.com<\/a>. Il nostro servizio clienti \u00e8 disponibile 7 giorni su 7, 24 ore su 24.<\/p>\n","protected":false},"excerpt":{"rendered":"<ul>\n<li>Microsoft Windows 11 Pro + Microsoft Office 2021 Pro Plus + Microsoft Project 2021 Pro + Microsoft Visio 2021 Standard Licenza per 3PC<\/li>\n<li><strong>Con questa licenza il software pu\u00f2 essere attivato su 3\u00a0dispositivi diversi<\/strong>, ad esempio il PC di casa, il notebook e il PC di lavoro.<\/li>\n<li><strong>Garanzia di sostituzione a vita!!!<\/strong><\/li>\n<li>Disponibili versioni per sistemi a 32 e 64 bit<\/li>\n<li>Invio email: codice prodotto, istruzioni, link per il download, fattura<\/li>\n<li>Download istantaneo!<\/li>\n<li>Nessun limite di tempo, nessun abbonamento<\/li>\n<li>Supporto gratuito durante l\u2019installazione e l\u2019attivazione<\/li>\n<li>Non disponibile su supporto fisico (USB, CD, ecc.)<\/li>\n<li>Attivazione online e telefonicamente<\/li>\n<li><strong><span style=\"color: #008000\">Questo prodotto \u00e8 compatibile con Microsoft Windows.<\/span><\/strong><\/li>\n<li><strong><span style=\"color: #ff0000\">NON compatibile con Apple macOS\u2122, processori Apple, Parallels per Mac, dispositivi Android e Chromebook.<\/span><\/strong><\/li>\n<\/ul>\n","protected":false},"featured_media":100000115857,"comment_status":"closed","ping_status":"closed","template":"","meta":{"_acf_changed":false},"product_brand":[],"product_cat":[264,259],"product_tag":[267,268,269,270],"class_list":{"0":"post-165773","1":"product","2":"type-product","3":"status-publish","4":"has-post-thumbnail","6":"product_cat-combo","7":"product_cat-microsoft-windows","8":"product_tag-microsoft-visio-2021-standard","9":"product_tag-office-2021-professional-plus","10":"product_tag-project-2021-professional","11":"product_tag-windows-11-pro-licenza-per-3-pc","13":"first","14":"instock","15":"sale","16":"virtual","17":"taxable","18":"purchasable","19":"product-type-simple"},"acf":[],"_links":{"self":[{"href":"https:\/\/keyshop.windowsandoffice.com\/italy\/wp-json\/wp\/v2\/product\/165773","targetHints":{"allow":["GET"]}}],"collection":[{"href":"https:\/\/keyshop.windowsandoffice.com\/italy\/wp-json\/wp\/v2\/product"}],"about":[{"href":"https:\/\/keyshop.windowsandoffice.com\/italy\/wp-json\/wp\/v2\/types\/product"}],"replies":[{"embeddable":true,"href":"https:\/\/keyshop.windowsandoffice.com\/italy\/wp-json\/wp\/v2\/comments?post=165773"}],"wp:featuredmedia":[{"embeddable":true,"href":"https:\/\/keyshop.windowsandoffice.com\/italy\/wp-json\/"}],"wp:attachment":[{"href":"https:\/\/keyshop.windowsandoffice.com\/italy\/wp-json\/wp\/v2\/media?parent=165773"}],"wp:term":[{"taxonomy":"product_brand","embeddable":true,"href":"https:\/\/keyshop.windowsandoffice.com\/italy\/wp-json\/wp\/v2\/product_brand?post=165773"},{"taxonomy":"product_cat","embeddable":true,"href":"https:\/\/keyshop.windowsandoffice.com\/italy\/wp-json\/wp\/v2\/product_cat?post=165773"},{"taxonomy":"product_tag","embeddable":true,"href":"https:\/\/keyshop.windowsandoffice.com\/italy\/wp-json\/wp\/v2\/product_tag?post=165773"}],"curies":[{"name":"wp","href":"https:\/\/api.w.org\/{rel}","templated":true}]}}