{"id":165772,"date":"2026-01-15T17:56:05","date_gmt":"2026-01-15T16:56:05","guid":{"rendered":"https:\/\/keyshop.windowsandoffice.com\/italy\/?post_type=product&#038;p=165772"},"modified":"2026-01-21T09:26:44","modified_gmt":"2026-01-21T08:26:44","slug":"microsoft-windows-10-professional-microsoft-office-2021-professional-plus-licenza-per-3pc","status":"publish","type":"product","link":"https:\/\/keyshop.windowsandoffice.com\/italy\/product\/microsoft-windows-10-professional-microsoft-office-2021-professional-plus-licenza-per-3pc\/","title":{"rendered":"Microsoft Windows 10 Professional + Microsoft Office 2021 Professional Plus Licenza per 3PC"},"content":{"rendered":"<p><span style=\"font-size: 18pt\"><strong>Microsoft Windows 10 Professional Licenza per 3 PC<\/strong><\/span><\/p>\n<p><strong>Con questa licenza il software pu\u00f2 essere attivato su 3\u00a0dispositivi diversi, ad esempio il PC di casa, il notebook e il PC di lavoro.<\/strong><\/p>\n<p><strong>Garanzia di sostituzione a vita!!!<\/strong><\/p>\n<p>Con la nuova versione di Microsoft Windows 10, Microsoft offre agli utenti privati \u200b\u200be alle aziende esigenti in particolare un sistema operativo moderno e intuitivo. Tra le altre cose, Microsoft Windows 10 offre funzionalit\u00e0 di sicurezza avanzate, accesso al desktop remoto, crittografia BitLocker e l&#8217;assistente virtuale personale Cortana. Il sistema si adatta a qualsiasi dispositivo con le sue funzionalit\u00e0 avanzate e ha il vantaggio che i requisiti di sistema non sono quasi cambiati rispetto ai suoi predecessori. Ci\u00f2 significa che non \u00e8 necessario investire in nuovo hardware per sfruttare Microsoft Windows 10 Professional.<\/p>\n<p><strong>Requisiti minimi di sistema<\/strong><\/p>\n<p>CPU da 1 GHz o superiore<\/p>\n<p>1 GB di RAM per 32 bit o 2 GB di RAM per 64 bit.<\/p>\n<p>16 GB di spazio disponibile su disco rigido per il sistema operativo a 32 bit o 20 GB per il sistema operativo a 64 bit.<\/p>\n<p><span style=\"font-size: 18pt\"><strong>Microsoft Office 2021 Professional Plus Licenza per 3 PC<\/strong><\/span><\/p>\n<p><strong>Con questa licenza il software pu\u00f2 essere attivato su 3\u00a0dispositivi diversi, ad esempio il PC di casa, il notebook e il PC di lavoro.<\/strong><\/p>\n<p><strong>Garanzia di sostituzione a vita!!!<\/strong><\/p>\n<p>Microsoft Office 2021 Professional Plus Edition \u00e8 l&#8217;ideale per gli utenti che utilizzano l&#8217;intera gamma di applicazioni a casa o in ufficio. Include l&#8217;intera gamma di applicazioni Microsoft Office: Word, Excel, Outlook, PowerPoint, Publisher e Access. Scaricabile da Microsoft Windows Store, OneNote ti consente di creare rapidamente note e renderle disponibili su tutti i tuoi dispositivi tramite il cloud. Sperimenta prestazioni, stabilit\u00e0 e velocit\u00e0 migliorate in Word, Excel, PowerPoint e Outlook. Ottieni nuovi e migliorati strumenti di ricerca, input penna, tipi di dati, funzionalit\u00e0, strumenti di traduzione e modifica, grafica animata, funzionalit\u00e0 facili da usare e altro nell&#8217;intera suite Microsoft Office 2021.<\/p>\n<ul>\n<li><strong>Word<\/strong>: Crea documenti di testo di qualit\u00e0 professionale in pochissimo tempo.<\/li>\n<li><strong>Excel<\/strong>: Fogli di lavoro intelligenti, ora con nuove funzionalit\u00e0 come XLOOKUP<\/li>\n<li><strong>Power Point<\/strong>: Funzionalit\u00e0 nuove e migliorate per creare presentazioni dinamiche impressionanti.<\/li>\n<li><strong>OneNote<\/strong>: Il tuo taccuino digitale nel cloud.<\/li>\n<li><strong>Outlook<\/strong>: Comunicazione semplificata; ora include potenti funzionalit\u00e0 di traduzione.<\/li>\n<li><strong>Publisher<\/strong>: Creazione di layout per pubblicazioni professionali<\/li>\n<li><strong>Access<\/strong>: Creazione di database semplice e potente<\/li>\n<li><strong>Microsoft Teams<\/strong>: Aumenta la produttivit\u00e0 con la messaggistica istantanea e le videoconferenze in HD (disponibile separatamente per download)<\/li>\n<\/ul>\n<p>NOTA: Microsoft non include pi\u00f9 una licenza Teams con i prodotti Office a causa di un <a href=\"https:\/\/blogs.microsoft.com\/eupolicy\/2023\/08\/31\/european-competition-teams-office-microsoft-365\/\" target=\"_blank\" rel=\"noopener\">indagine della Commissione Europea<\/a>. Puoi <a href=\"https:\/\/www.microsoft.com\/en-us\/microsoft-teams\/download-app\" target=\"_blank\" rel=\"noopener\">scaricare Teams<\/a> per utilizzarlo con una licenza gratuita o a pagamento ( acquisto separato) a seconda delle vostre esigenze.<br \/>\n<strong>RICHIEDE WINDOWS 10 O 11!<\/strong><\/p>\n<p><strong>Assistenza:<\/strong><\/p>\n<p class=\" translation-block\">Per qualsiasi domanda, non esitare a contattarci all&#8217;indirizzo <a href=\"mailto:italy@windowsandoffice.com\" target=\"_self\" rel=\"noopener\">italy@windowsandoffice.com<\/a>. Il nostro servizio clienti \u00e8 disponibile 7 giorni su 7, 24 ore su 24.<\/p>\n","protected":false},"excerpt":{"rendered":"<ul>\n<li>Microsoft Windows Microsoft Office 2021 Professional Plus + Microsoft Windows 10 Professional Licenza per 3 PC<strong><br \/>\n<\/strong><\/li>\n<li><strong>Con questa licenza il software pu\u00f2 essere attivato su 3\u00a0dispositivi diversi<\/strong>, ad esempio il PC di casa, il notebook e il PC di lavoro.<\/li>\n<li><strong>Garanzia di sostituzione a vita!!!<\/strong><\/li>\n<li>Disponibili versioni per sistemi a 32 e 64 bit<\/li>\n<li>Invio email: codice prodotto, istruzioni, link per il download, fattura<\/li>\n<li>Download istantaneo!<\/li>\n<li>Nessun limite di tempo, nessun abbonamento<\/li>\n<li>Supporto gratuito durante l\u2019installazione e l\u2019attivazione<\/li>\n<li>Non disponibile su supporto fisico (USB, CD, ecc.)<\/li>\n<li>Attivazione online e telefonicamente<\/li>\n<li><strong><span style=\"color: #008000\">Questo prodotto \u00e8 compatibile con Microsoft Windows.<\/span><\/strong><\/li>\n<li><strong><span style=\"color: #ff0000\">NON compatibile con Apple macOS\u2122, processori Apple, Parallels per Mac, dispositivi Android e Chromebook.<\/span><\/strong><\/li>\n<\/ul>\n","protected":false},"featured_media":100000115835,"comment_status":"closed","ping_status":"closed","template":"","meta":{"_acf_changed":false},"product_brand":[],"product_cat":[264,246,259],"product_tag":[265,266],"class_list":{"0":"post-165772","1":"product","2":"type-product","3":"status-publish","4":"has-post-thumbnail","6":"product_cat-combo","7":"product_cat-microsoft-office","8":"product_cat-microsoft-windows","9":"product_tag-microsoft-office-2021-professional-plus-windows-10-professional","10":"product_tag-microsoft-office-2021-professional-plus-windows-10-professional-licenza-per-3-pc","12":"first","13":"instock","14":"sale","15":"virtual","16":"taxable","17":"purchasable","18":"product-type-simple"},"acf":[],"_links":{"self":[{"href":"https:\/\/keyshop.windowsandoffice.com\/italy\/wp-json\/wp\/v2\/product\/165772","targetHints":{"allow":["GET"]}}],"collection":[{"href":"https:\/\/keyshop.windowsandoffice.com\/italy\/wp-json\/wp\/v2\/product"}],"about":[{"href":"https:\/\/keyshop.windowsandoffice.com\/italy\/wp-json\/wp\/v2\/types\/product"}],"replies":[{"embeddable":true,"href":"https:\/\/keyshop.windowsandoffice.com\/italy\/wp-json\/wp\/v2\/comments?post=165772"}],"wp:featuredmedia":[{"embeddable":true,"href":"https:\/\/keyshop.windowsandoffice.com\/italy\/wp-json\/"}],"wp:attachment":[{"href":"https:\/\/keyshop.windowsandoffice.com\/italy\/wp-json\/wp\/v2\/media?parent=165772"}],"wp:term":[{"taxonomy":"product_brand","embeddable":true,"href":"https:\/\/keyshop.windowsandoffice.com\/italy\/wp-json\/wp\/v2\/product_brand?post=165772"},{"taxonomy":"product_cat","embeddable":true,"href":"https:\/\/keyshop.windowsandoffice.com\/italy\/wp-json\/wp\/v2\/product_cat?post=165772"},{"taxonomy":"product_tag","embeddable":true,"href":"https:\/\/keyshop.windowsandoffice.com\/italy\/wp-json\/wp\/v2\/product_tag?post=165772"}],"curies":[{"name":"wp","href":"https:\/\/api.w.org\/{rel}","templated":true}]}}