{"id":165768,"date":"2026-01-15T17:56:05","date_gmt":"2026-01-15T16:56:05","guid":{"rendered":"https:\/\/keyshop.windowsandoffice.com\/italy\/?post_type=product&#038;p=165768"},"modified":"2026-01-16T08:38:33","modified_gmt":"2026-01-16T07:38:33","slug":"microsoft-office-2019-standard-licenza-per-3pc","status":"publish","type":"product","link":"https:\/\/keyshop.windowsandoffice.com\/italy\/product\/microsoft-office-2019-standard-licenza-per-3pc\/","title":{"rendered":"Microsoft Office 2019 Standard Licenza per 3PC"},"content":{"rendered":"<h3>Microsoft Office 2019 Standard Licenza per 3 PC<\/h3>\n<p><strong>Con questa licenza il software pu\u00f2 essere attivato su 3\u00a0dispositivi diversi, ad esempio il PC di casa, il notebook e il PC di lavoro.<\/strong><\/p>\n<p><strong>Garanzia di sostituzione a vita!!!<\/strong><\/p>\n<p>Con Microsoft Office 2019 Standard, ottieni una soluzione per ufficio moderna da Microsoft. La versione classica delle migliori applicazioni per ufficio al mondo copre tutte le tue esigenze quotidiane. Le versioni Web di Word, OneNote, Excel e PowerPoint consentono un facile accesso da qualsiasi luogo.<\/p>\n<p><strong>Tutto ci\u00f2 di cui hai bisogno a colpo d&#8217;occhio:<\/strong><\/p>\n<ul>\n<li><strong>Word 2019<\/strong>: Per creare e modificare i tuoi testi e documenti<\/li>\n<li><strong>Excel 2019<\/strong>: Per modificare i record in forma tabellare<\/li>\n<li><strong>PowerPoint 2019<\/strong>: Per creare presentazioni accattivanti<\/li>\n<li><strong>Outlook 2019<\/strong>: Per gestire e-mail, contatti, appuntamenti e attivit\u00e0<\/li>\n<li><strong>Publisher 2019<\/strong>: Per creare facilmente pubblicazioni dall&#8217;aspetto professionale<\/li>\n<\/ul>\n<p>OneNote non fa pi\u00f9 parte della suite Microsoft Office, ma \u00e8 disponibile come app standard in Microsoft Windows 10, che \u00e8 un prerequisito per l&#8217;uso di Microsoft Office 2019. <strong>Le versioni precedenti di Microsoft Windows non sono supportate.<\/strong><\/p>\n<p><strong>Usa il tempo in modo pi\u00f9 efficace con un programma di posta elettronica intelligente<\/strong><\/p>\n<p>La posta in arrivo trabocca rapidamente di e-mail e spam non importanti. Ci\u00f2 significa che tu o i tuoi dipendenti non potete lavorare in modo efficiente e il tempo \u00e8 sprecato. Microsoft Outlook 2019 \u00e8 stato ulteriormente sviluppato ed \u00e8 stata aggiunta una funzionalit\u00e0 per il programma per riconoscere anche le e-mail irrilevanti e classificarle immediatamente. Ci\u00f2 significa che la tua casella di posta \u00e8 pi\u00f9 chiara e puoi occuparti delle attivit\u00e0 davvero importanti.<\/p>\n<p><strong>Sicurezza migliorata per il tuo ufficio digitale<\/strong><\/p>\n<p>Un&#8217;altra innovazione \u00e8 una maggiore sicurezza con la &#8220;Prevenzione della perdita di dati&#8221;. Ora \u00e8 pi\u00f9 facile controllare all&#8217;interno dei programmi quali informazioni possono essere incorporate nei documenti e trasmesse. Gli amministratori hanno anche la possibilit\u00e0 di bloccare o limitare l&#8217;accesso a determinati dati. Inoltre, gli utenti vengono informati del rischio di perdita di dati tramite notifiche di potenziali rischi. Grazie a servizi cloud come OneDrive, i tuoi dati non vanno persi anche se un server o un dispositivo si guasta. Puoi accedere e modificare facilmente i file da qualsiasi parte del mondo.<\/p>\n<p><strong>Requisiti di sistema:<br \/>\n<\/strong><\/p>\n<ul>\n<li>Processore a 2 core da 1,6 GHz<\/li>\n<li>Sistema operativo Microsoft Windows 10<\/li>\n<li>2 GB (32 bit), 4 GB (64 bit) RAM<\/li>\n<li>4 GB di spazio disponibile su disco<\/li>\n<li>Scheda grafica DirectX 10 per utilizzare l&#8217;accelerazione hardware grafica<\/li>\n<\/ul>\n<p><strong>Assistenza:<\/strong><\/p>\n<p class=\" translation-block\">Per qualsiasi domanda, non esitare a contattarci all&#8217;indirizzo <a href=\"mailto:italy@windowsandoffice.com\" target=\"_self\" rel=\"noopener\">italy@windowsandoffice.com<\/a>. Il nostro servizio clienti \u00e8 disponibile 7 giorni su 7, 24 ore su 24.<\/p>\n","protected":false},"excerpt":{"rendered":"<ul>\n<li><strong>Microsoft Windows Microsoft Office 2019 Standard Licenza per 3 PC<br \/>\n<\/strong><\/li>\n<li><strong>Con questa licenza il software pu\u00f2 essere attivato su 3\u00a0dispositivi diversi<\/strong>, ad esempio il PC di casa, il notebook e il PC di lavoro.<\/li>\n<li><strong>Garanzia di sostituzione a vita!!!<\/strong><\/li>\n<li>Disponibili versioni per sistemi a 32 e 64 bit<\/li>\n<li>Invio email: codice prodotto, istruzioni, link per il download, fattura<\/li>\n<li>Download istantaneo!<\/li>\n<li>Nessun limite di tempo, nessun abbonamento<\/li>\n<li>Supporto gratuito durante l\u2019installazione e l\u2019attivazione<\/li>\n<li>Non disponibile su supporto fisico (USB, CD, ecc.)<\/li>\n<li>Attivazione online e telefonicamente<\/li>\n<li><strong><span style=\"color: #008000;\">Questo prodotto \u00e8 compatibile con Microsoft Windows.<\/span><\/strong><\/li>\n<li><strong><span style=\"color: #ff0000;\">NON compatibile con Apple macOS\u2122, processori Apple, Parallels per Mac, dispositivi Android e Chromebook.<\/span><\/strong><\/li>\n<\/ul>\n","protected":false},"featured_media":100000115827,"comment_status":"closed","ping_status":"closed","template":"","meta":{"_acf_changed":false},"product_brand":[],"product_cat":[246],"product_tag":[254,255,256],"class_list":{"0":"post-165768","1":"product","2":"type-product","3":"status-publish","4":"has-post-thumbnail","6":"product_cat-microsoft-office","7":"product_tag-microsoft-office-2019","8":"product_tag-microsoft-office-2019-standard","9":"product_tag-microsoft-office-2019-standard-licenza-per-3-pc","11":"first","12":"instock","13":"sale","14":"virtual","15":"taxable","16":"purchasable","17":"product-type-simple"},"acf":[],"_links":{"self":[{"href":"https:\/\/keyshop.windowsandoffice.com\/italy\/wp-json\/wp\/v2\/product\/165768","targetHints":{"allow":["GET"]}}],"collection":[{"href":"https:\/\/keyshop.windowsandoffice.com\/italy\/wp-json\/wp\/v2\/product"}],"about":[{"href":"https:\/\/keyshop.windowsandoffice.com\/italy\/wp-json\/wp\/v2\/types\/product"}],"replies":[{"embeddable":true,"href":"https:\/\/keyshop.windowsandoffice.com\/italy\/wp-json\/wp\/v2\/comments?post=165768"}],"wp:featuredmedia":[{"embeddable":true,"href":"https:\/\/keyshop.windowsandoffice.com\/italy\/wp-json\/"}],"wp:attachment":[{"href":"https:\/\/keyshop.windowsandoffice.com\/italy\/wp-json\/wp\/v2\/media?parent=165768"}],"wp:term":[{"taxonomy":"product_brand","embeddable":true,"href":"https:\/\/keyshop.windowsandoffice.com\/italy\/wp-json\/wp\/v2\/product_brand?post=165768"},{"taxonomy":"product_cat","embeddable":true,"href":"https:\/\/keyshop.windowsandoffice.com\/italy\/wp-json\/wp\/v2\/product_cat?post=165768"},{"taxonomy":"product_tag","embeddable":true,"href":"https:\/\/keyshop.windowsandoffice.com\/italy\/wp-json\/wp\/v2\/product_tag?post=165768"}],"curies":[{"name":"wp","href":"https:\/\/api.w.org\/{rel}","templated":true}]}}