{"id":8516,"date":"2021-10-06T21:38:03","date_gmt":"2021-10-06T19:38:03","guid":{"rendered":"https:\/\/keyshop.windowsandoffice.com\/?post_type=product&#038;p=8516"},"modified":"2026-02-10T09:29:36","modified_gmt":"2026-02-10T08:29:36","slug":"windows-11-professional","status":"publish","type":"product","link":"https:\/\/keyshop.windowsandoffice.com\/it\/prodotto\/windows-11-professional\/","title":{"rendered":"Licenza Microsoft Windows 11 Professional per 3 PC"},"content":{"rendered":"<div id=\"primaryR2\" data-grid=\"container\" data-region-key=\"primaryr2\" data-m=\"{&quot;cN&quot;:&quot;primaryR2 1&quot;,&quot;cT&quot;:&quot;Region_coreui-region&quot;,&quot;id&quot;:&quot;r2a2&quot;,&quot;sN&quot;:2,&quot;aN&quot;:&quot;a2&quot;}\">\n<div id=\"coreui-banner-l03vzh8\" data-m=\"{&quot;cN&quot;:&quot;R2Banner 1&quot;,&quot;cT&quot;:&quot;Module_coreui-banner&quot;,&quot;id&quot;:&quot;m1r2a2&quot;,&quot;sN&quot;:1,&quot;aN&quot;:&quot;r2a2&quot;}\" data-module-id=\"WDG-Windows|primaryR2|coreui-region|coreui-banner-l03vzh8|coreui-banner\">\n<div class=\"m-banner f-align-left\" data-grid=\"col-12\">\n<h2>Windows 11 Professionale<\/h2>\n<h2 class=\"c-heading-3\">Requisiti di sistema<\/h2>\n<\/div>\n<\/div>\n<div id=\"coreui-divider-f6wmnt9\" data-m=\"{&quot;cN&quot;:&quot;R2Divider 1&quot;,&quot;cT&quot;:&quot;Module_coreui-divider&quot;,&quot;id&quot;:&quot;m2r2a2&quot;,&quot;sN&quot;:2,&quot;aN&quot;:&quot;r2a2&quot;}\" data-module-id=\"WDG-Windows|primaryR2|coreui-region|coreui-divider-f6wmnt9|coreui-divider\">\n<hr class=\"c-divider f-pad-top-3x\" data-grid=\"col-12\" \/>\n<\/div>\n<div id=\"coreui-contentrichblock-o5iouct\" data-m=\"{&quot;cN&quot;:&quot;R2ContentRichBlock 1&quot;,&quot;cT&quot;:&quot;Module_coreui-contentrichblock&quot;,&quot;id&quot;:&quot;m3r2a2&quot;,&quot;sN&quot;:3,&quot;aN&quot;:&quot;r2a2&quot;}\" data-module-id=\"WDG-Windows|primaryR2|coreui-region|coreui-contentrichblock-o5iouct|coreui-contentrichblock\">\n<div class=\"m-rich-content-block context-ucx\" data-grid=\"col-12\">\n<p>Ottenete il sistema operativo pi\u00f9 recente e pi\u00f9 grande di Microsoft!<\/p>\n<p><strong>Questi sono i requisiti di base per l'installazione di Windows 11 su un PC. Se il dispositivo non soddisfa questi requisiti, potrebbe non essere possibile installare Windows 11.<\/strong> <strong>sul vostro dispositivo!<\/strong> Se non siete sicuri che il vostro PC soddisfi questi requisiti, potete verificare con il vostro produttore di apparecchiature originali (OEM) o, se il vostro dispositivo esegue gi\u00e0 Windows 10, potete utilizzare l'applicazione PC Health Check per valutare la compatibilit\u00e0 (<a href=\"https:\/\/aka.ms\/GetPCHealthCheckApp\" rel=\"nofollow noopener\" target=\"_blank\">Fare clic qui per scaricare da Microsoft<\/a>).<\/p>\n<\/div>\n<\/div>\n<div id=\"coreui-tablev2-62jrfm3\" data-m=\"{&quot;cN&quot;:&quot;R2TableV2 1&quot;,&quot;cT&quot;:&quot;Module_coreui-tablev2&quot;,&quot;id&quot;:&quot;m4r2a2&quot;,&quot;sN&quot;:4,&quot;aN&quot;:&quot;r2a2&quot;}\" data-module-id=\"WDG-Windows|primaryR2|coreui-region|coreui-tablev2-62jrfm3|coreui-tablev2\">\n<div class=\"m-table\">\n<div class=\"c-table\" data-f-loc-ascending=\"Sorted by {0} - ascending\" data-f-loc-descending=\"Sorted by {0} - descending\">\n<table>\n<thead>\n<tr>\n<th scope=\"col\"><\/th>\n<th scope=\"col\"><\/th>\n<\/tr>\n<\/thead>\n<tbody>\n<tr>\n<td class=\"f-divided\"><strong>Processore:<\/strong><\/td>\n<td class=\"f-divided\">1 gigahertz (GHz) o pi\u00f9 veloce con 2 o pi\u00f9 core su un processore o un System on a Chip (SoC) a 64 bit compatibile<\/td>\n<\/tr>\n<tr>\n<td class=\"f-divided\"><strong>RAM:<\/strong><\/td>\n<td class=\"f-divided\">4 gigabyte (GB)<\/td>\n<\/tr>\n<tr>\n<td class=\"f-divided\"><strong>Stoccaggio:<\/strong><\/td>\n<td class=\"f-divided\">Dispositivo di archiviazione da 64 GB o pi\u00f9 grande<\/p>\n<p>Nota: per ulteriori dettagli, vedere sotto \"Ulteriori informazioni sullo spazio di archiviazione per mantenere aggiornato Windows 11\".<\/td>\n<\/tr>\n<tr>\n<td class=\"f-divided\"><strong>Firmware del sistema:<\/strong><\/td>\n<td class=\"f-divided\">UEFI, in grado di eseguire il Secure Boot<\/td>\n<\/tr>\n<tr>\n<td class=\"f-divided\"><strong>TPM:<\/strong><\/td>\n<td class=\"f-divided\">Modulo di piattaforma affidabile (TPM) versione 2.0<\/td>\n<\/tr>\n<tr>\n<td class=\"f-divided\"><strong>Scheda grafica:<\/strong><\/td>\n<td class=\"f-divided\">Compatibile con DirectX 12 o successive con driver WDDM 2.0<\/td>\n<\/tr>\n<tr>\n<td class=\"f-divided\"><strong>Display:<\/strong><\/td>\n<td class=\"f-divided\">Display ad alta definizione (720p) con diagonale superiore a 9\", 8 bit per canale di colore<\/td>\n<\/tr>\n<tr>\n<td class=\"f-divided\"><strong>Connessione a Internet e account Microsoft:\u00a0<\/strong><\/td>\n<td class=\"f-divided\">Windows 11 Home edition richiede la connettivit\u00e0 a Internet e un account Microsoft per completare la configurazione del dispositivo al primo utilizzo.<\/p>\n<p>Anche la commutazione di un dispositivo dalla modalit\u00e0 Windows 11 Home alla modalit\u00e0 S richiede la connettivit\u00e0 a Internet.<\/p>\n<p>Per tutte le edizioni di Windows 11 \u00e8 necessario l'accesso a Internet per eseguire gli aggiornamenti, scaricare e sfruttare alcune funzioni. Per alcune funzioni \u00e8 necessario un account Microsoft.<\/td>\n<\/tr>\n<\/tbody>\n<\/table>\n<\/div>\n<\/div>\n<\/div>\n<div id=\"coreui-contentrichblock-wqm7a2a\" data-m=\"{&quot;cN&quot;:&quot;R2ContentRichBlock 2&quot;,&quot;cT&quot;:&quot;Module_coreui-contentrichblock&quot;,&quot;id&quot;:&quot;m5r2a2&quot;,&quot;sN&quot;:5,&quot;aN&quot;:&quot;r2a2&quot;}\" data-module-id=\"WDG-Windows|primaryR2|coreui-region|coreui-contentrichblock-wqm7a2a|coreui-contentrichblock\">\n<div class=\"m-rich-content-block context-ucx\" data-grid=\"col-12\">\n<p>Nel corso del tempo potrebbero essere richiesti ulteriori requisiti per gli aggiornamenti e per l'attivazione di specifiche funzioni del sistema operativo.<\/p>\n<\/div>\n<\/div>\n<\/div>\n<div id=\"primaryR3\" data-grid=\"container\" data-region-key=\"primaryr3\" data-m=\"{&quot;cN&quot;:&quot;primaryR3 1&quot;,&quot;cT&quot;:&quot;Region_coreui-region&quot;,&quot;id&quot;:&quot;r3a2&quot;,&quot;sN&quot;:3,&quot;aN&quot;:&quot;a2&quot;}\">\n<div id=\"coreui-banner-iods39j\" data-m=\"{&quot;cN&quot;:&quot;R3Banner 1&quot;,&quot;cT&quot;:&quot;Module_coreui-banner&quot;,&quot;id&quot;:&quot;m1r3a2&quot;,&quot;sN&quot;:1,&quot;aN&quot;:&quot;r3a2&quot;}\" data-module-id=\"WDG-Windows|primaryR3|coreui-region|coreui-banner-iods39j|coreui-banner\">\n<div class=\"m-banner f-align-left\" data-grid=\"col-12\">\n<h2 class=\"c-heading-3\">Requisiti specifici per Windows 11<\/h2>\n<\/div>\n<\/div>\n<div id=\"coreui-divider-xjbne9z\" data-m=\"{&quot;cN&quot;:&quot;R2Divider 1&quot;,&quot;cT&quot;:&quot;Module_coreui-divider&quot;,&quot;id&quot;:&quot;m2r3a2&quot;,&quot;sN&quot;:2,&quot;aN&quot;:&quot;r3a2&quot;}\" data-module-id=\"WDG-Windows|primaryR3|coreui-region|coreui-divider-xjbne9z|coreui-divider\">\n<hr class=\"c-divider f-pad-top-3x\" data-grid=\"col-12\" \/>\n<\/div>\n<div id=\"coreui-contentrichblock-rhi1sei\" data-m=\"{&quot;cN&quot;:&quot;R2ContentRichBlock 1&quot;,&quot;cT&quot;:&quot;Module_coreui-contentrichblock&quot;,&quot;id&quot;:&quot;m3r3a2&quot;,&quot;sN&quot;:3,&quot;aN&quot;:&quot;r3a2&quot;}\" data-module-id=\"WDG-Windows|primaryR3|coreui-region|coreui-contentrichblock-rhi1sei|coreui-contentrichblock\">\n<div class=\"m-rich-content-block context-ucx\" data-grid=\"col-12\">\n<p>Alcune funzioni dell'Windows 11 hanno requisiti maggiori rispetto a quelli elencati nella sezione dei requisiti minimi. Di seguito sono riportati alcuni dettagli aggiuntivi sui requisiti delle funzioni principali:<\/p>\n<div>\n<ul class=\"c-list\">\n<li><strong>Supporto 5G<\/strong> richiede un modem compatibile con il 5G.<\/li>\n<li><strong>HDR automatico<\/strong> richiede un monitor HDR.<\/li>\n<li><strong>BitLocker to Go<\/strong> richiede una chiavetta USB (disponibile nelle edizioni Windows Pro e superiori).<\/li>\n<li><strong>Client Hyper-V<\/strong> richiede un processore con funzionalit\u00e0 di traduzione degli indirizzi di secondo livello (SLAT) (disponibile nelle edizioni Windows Pro e superiori).<\/li>\n<li><strong>Cortana<\/strong> richiede un microfono e un altoparlante ed \u00e8 attualmente disponibile su Windows 11 per Australia, Brasile, Canada, Cina, Francia, Germania, India, Italia, Giappone, Messico, Spagna, Regno Unito e Stati Uniti.<\/li>\n<li><strong>Archivio diretto<\/strong> richiede un'unit\u00e0 SSD NVMe per memorizzare ed eseguire i giochi che utilizzano il driver \"Standard NVM Express Controller\" e una GPU DirectX12 con supporto Shader Model 6.0.<\/li>\n<li><strong>DirectX 12 Ultimate<\/strong> \u00e8 disponibile con i giochi e i chip grafici supportati.<\/li>\n<li><strong>Presenza<\/strong> richiede un sensore in grado di rilevare la distanza dell'uomo dal dispositivo o l'intenzione di interagire con esso.<\/li>\n<li><strong>Videoconferenze intelligenti<\/strong> richiede una videocamera, un microfono e un altoparlante (uscita audio).<\/li>\n<li><strong>Assistente vocale multiplo (MVA)<\/strong> richiede un microfono e un altoparlante.<\/li>\n<li><strong>Scatto<\/strong> I layout a tre colonne richiedono uno schermo di larghezza pari o superiore a 1920 pixel effettivi.<\/li>\n<li><strong>Mute\/Unmute dalla barra delle applicazioni<\/strong> richiede videocamera, microfono e altoparlante (uscita audio). L'app deve essere compatibile con la funzione per attivare il silenziamento\/disattivazione globale.<\/li>\n<li><strong>Suono spaziale<\/strong> richiede hardware e software di supporto.<\/li>\n<li><strong>Squadre<\/strong> richiede una videocamera, un microfono e un altoparlante (uscita audio).<\/li>\n<li><strong>Toccare<\/strong> richiede uno schermo o un monitor che supporti il multi-touch.<\/li>\n<li><strong>Autenticazione a due fattori<\/strong> richiede l'uso di un PIN, di un sistema biometrico (lettore di impronte digitali o telecamera a infrarossi illuminata) o di un telefono con funzionalit\u00e0 Wi-Fi o Bluetooth.<\/li>\n<li><strong>Digitazione vocale<\/strong> richiede un PC con microfono.<\/li>\n<li><strong>Svegliare la voce<\/strong> richiede il modello di alimentazione Modern Standby e il microfono.<\/li>\n<li><strong>Wi-Fi 6E<\/strong> richiede un nuovo hardware e driver WLAN IHV e un AP\/router compatibile con Wi-Fi 6E.<\/li>\n<li><strong>Windows Salve<\/strong> richiede una fotocamera configurata per l'imaging nel vicino infrarosso (IR) o un lettore di impronte digitali per l'autenticazione biometrica. I dispositivi senza sensori biometrici possono utilizzare Windows Hello con un PIN o una chiave di sicurezza portatile compatibile con Microsoft.<\/li>\n<li><strong>Proiezione Windows<\/strong> richiede un adattatore di display che supporti Windows Display Driver Model (WDDM) 2.0 e un adattatore Wi-Fi che supporti Wi-Fi Direct.<\/li>\n<li><strong>Xbox (app)<\/strong> richiede un account Xbox Live, che non \u00e8 disponibile in tutte le regioni. Per informazioni pi\u00f9 aggiornate sulla disponibilit\u00e0, consultare la sezione Paesi e regioni di Xbox Live. Alcune funzioni dell'app Xbox richiedono un abbonamento attivo a Xbox Game Pass. Per saperne di pi\u00f9 sul pass.<\/li>\n<\/ul>\n<\/div>\n<\/div>\n<\/div>\n<\/div>","protected":false},"excerpt":{"rendered":"<div id=\"coreui-contentrichblock-o5iouct\" data-m=\"{&quot;cN&quot;:&quot;R2ContentRichBlock 1&quot;,&quot;cT&quot;:&quot;Module_coreui-contentrichblock&quot;,&quot;id&quot;:&quot;m3r2a2&quot;,&quot;sN&quot;:3,&quot;aN&quot;:&quot;r2a2&quot;}\" data-module-id=\"WDG-Windows|primaryR2|coreui-region|coreui-contentrichblock-o5iouct|coreui-contentrichblock\">\n<div class=\"m-rich-content-block context-ucx\" data-grid=\"col-12\">\n<div class=\"woocommerce-product-details__short-description\">\n<ul>\n<li>Microsoft Windows 11 Professional per 1 PC<\/li>\n<li>Disponibile la versione per sistemi a 64 bit<\/li>\n<li>Consegna via e-mail: codice prodotto, istruzioni, link per il download, fattura.<\/li>\n<li>Download immediato!<\/li>\n<li>Nessun limite di tempo, nessun abbonamento<\/li>\n<li>Assistenza gratuita durante l'installazione e l'attivazione<\/li>\n<li>Non \u00e8 disponibile su supporti fisici (USB, CD, ecc.).<\/li>\n<li>Attivazione online e per telefono<\/li>\n<\/ul>\n<\/div>\n<\/div>\n<\/div>\n<div id=\"coreui-tablev2-62jrfm3\" data-m=\"{&quot;cN&quot;:&quot;R2TableV2 1&quot;,&quot;cT&quot;:&quot;Module_coreui-tablev2&quot;,&quot;id&quot;:&quot;m4r2a2&quot;,&quot;sN&quot;:4,&quot;aN&quot;:&quot;r2a2&quot;}\" data-module-id=\"WDG-Windows|primaryR2|coreui-region|coreui-tablev2-62jrfm3|coreui-tablev2\">\n<div class=\"m-table\">\n<div class=\"c-table\" data-f-loc-ascending=\"Sorted by {0} - ascending\" data-f-loc-descending=\"Sorted by {0} - descending\"><\/div>\n<\/div>\n<\/div>","protected":false},"featured_media":115829,"comment_status":"open","ping_status":"closed","template":"","meta":{"_acf_changed":false},"product_brand":[],"product_cat":[41,65],"product_tag":[74],"class_list":{"0":"post-8516","1":"product","2":"type-product","3":"status-publish","4":"has-post-thumbnail","6":"product_cat-windows-desktop","7":"product_cat-popular","8":"product_tag-windows-11","10":"first","11":"instock","12":"sale","13":"featured","14":"virtual","15":"taxable","16":"purchasable","17":"product-type-simple"},"acf":[],"_links":{"self":[{"href":"https:\/\/keyshop.windowsandoffice.com\/it\/wp-json\/wp\/v2\/product\/8516","targetHints":{"allow":["GET"]}}],"collection":[{"href":"https:\/\/keyshop.windowsandoffice.com\/it\/wp-json\/wp\/v2\/product"}],"about":[{"href":"https:\/\/keyshop.windowsandoffice.com\/it\/wp-json\/wp\/v2\/types\/product"}],"replies":[{"embeddable":true,"href":"https:\/\/keyshop.windowsandoffice.com\/it\/wp-json\/wp\/v2\/comments?post=8516"}],"wp:featuredmedia":[{"embeddable":true,"href":"https:\/\/keyshop.windowsandoffice.com\/it\/wp-json\/wp\/v2\/media\/115829"}],"wp:attachment":[{"href":"https:\/\/keyshop.windowsandoffice.com\/it\/wp-json\/wp\/v2\/media?parent=8516"}],"wp:term":[{"taxonomy":"product_brand","embeddable":true,"href":"https:\/\/keyshop.windowsandoffice.com\/it\/wp-json\/wp\/v2\/product_brand?post=8516"},{"taxonomy":"product_cat","embeddable":true,"href":"https:\/\/keyshop.windowsandoffice.com\/it\/wp-json\/wp\/v2\/product_cat?post=8516"},{"taxonomy":"product_tag","embeddable":true,"href":"https:\/\/keyshop.windowsandoffice.com\/it\/wp-json\/wp\/v2\/product_tag?post=8516"}],"curies":[{"name":"wp","href":"https:\/\/api.w.org\/{rel}","templated":true}]}}