{"id":6316,"date":"2021-05-03T17:11:42","date_gmt":"2021-05-03T15:11:42","guid":{"rendered":"https:\/\/keyshop.windowsandoffice.com\/?post_type=product&#038;p=6316"},"modified":"2026-01-13T20:50:09","modified_gmt":"2026-01-13T19:50:09","slug":"microsoft-office-2019-standard","status":"publish","type":"product","link":"https:\/\/keyshop.windowsandoffice.com\/it\/prodotto\/microsoft-office-2019-standard\/","title":{"rendered":"Microsoft Office 2019 Licenza standard per 3 PC"},"content":{"rendered":"<p style=\"color: red;\">NOTA: Microsoft Office 2019 Standard \u00e8 disponibile solo nella versione tedesca e inglese!<\/p>\n<p>Optate per Office 2019 Standard oggi stesso per una soluzione d'ufficio moderna di Microsoft. La versione classica delle migliori applicazioni di produttivit\u00e0 per ufficio al mondo copre tutte le vostre esigenze quotidiane. Include le versioni Web di Word, OneNote, Excel e PowerPoint per un facile accesso da qualsiasi luogo.<\/p>\n<h4><strong>Tutto ci\u00f2 che serve in un solo colpo d'occhio:<\/strong><\/h4>\n<ul>\n<li><strong>Parola 2019 <\/strong>- per la creazione e la modifica di testi e documenti<\/li>\n<li><strong>Excel 2019 <\/strong>- per l'elaborazione di record di dati in forma tabellare<\/li>\n<li><strong>PowerPoint 2019 <\/strong>- per la creazione di presentazioni stimolanti<\/li>\n<li><strong>Prospettive 2019<\/strong> - per la gestione di e-mail, contatti, orari e attivit\u00e0<\/li>\n<li><strong>Editore 2019<\/strong> - per creare facilmente pubblicazioni dall'aspetto professionale<\/li>\n<\/ul>\n<p>OneNote non fa pi\u00f9 parte del pacchetto Office, ma \u00e8 ora integrato nel sistema operativo Windows 10, necessario per utilizzare Office 2019. <strong>Le versioni Windows precedenti non sono supportate.<\/strong><\/p>\n<p>&nbsp;<\/p>\n<h4><strong>Utilizzate il tempo in modo pi\u00f9 efficace con un programma di posta intelligente<\/strong><\/h4>\n<p>La casella di posta si riempie rapidamente di posta non importante e di spam, che fanno perdere tempo e fatica. Microsoft Outlook 2019 include ora la funzione \"Clutter\", in modo che il programma stesso rilevi le e-mail irrilevanti e le elimini immediatamente. In questo modo la casella di posta \u00e8 pi\u00f9 chiara e ci si pu\u00f2 dedicare alle attivit\u00e0 veramente importanti.<\/p>\n<h4><strong>Maggiore sicurezza per il vostro ufficio digitale<\/strong><\/h4>\n<p>Un'altra innovazione \u00e8 il miglioramento della sicurezza con la \"Data Loss Prevention\". \u00c8 ora pi\u00f9 facile controllare all'interno dei programmi quali informazioni possono essere integrate nei documenti e trasmesse. Gli amministratori hanno anche la possibilit\u00e0 di bloccare o limitare l'accesso a determinati dati. Inoltre, gli utenti ricevono notifiche in caso di potenziale rischio di perdita di dati. Grazie ai servizi cloud come OneDrive, i dati non vanno persi anche se un server o un dispositivo si guasta. \u00c8 possibile accedere e modificare facilmente i file da qualsiasi parte del mondo.<\/p>\n<h4><strong>Requisiti di sistema:<br \/>\n<\/strong><\/h4>\n<ul>\n<li>1,6 GHz, processore a 2 core<\/li>\n<li>Sistema operativo Windows 10<\/li>\n<li>2 GB (32bit), 4 GB (64bit) di RAM<\/li>\n<li>4 GB di spazio disponibile su disco rigido<\/li>\n<li>Scheda grafica DirectX 10 per l'uso dell'accelerazione grafica hardware<\/li>\n<\/ul>\n<h4><strong>Supporto:<\/strong><\/h4>\n<p>Per qualsiasi domanda non esitate a contattarci. <a href=\"mailto:keyshop@dl-winandoffice.com\">via e-mail<\/a>. Il nostro servizio di assistenza clienti \u00e8 disponibile 7 giorni alla settimana, 24 ore su 24.<\/p>\n<p>Assicuriamo la disponibilit\u00e0 di tutti i nostri prodotti. Di conseguenza, riceverete il vostro ordine in tempi record.<\/p>\n<p>La nostra azienda vanta oltre 10 anni di esperienza nel settore. Questo significa che forniamo un servizio professionale in base alle vostre esigenze. Perci\u00f2 sentitevi sicuri di far parte della nostra rete di clienti soddisfatti in tutto il mondo.<\/p>\n<p>Se desiderate vedere le nostre notizie<strong>, <a href=\"https:\/\/news.dl-winandoffice.com\/en\/\" target=\"_blank\" rel=\"noopener noreferrer nofollow\">clicca qui<\/a><\/strong><\/p>","protected":false},"excerpt":{"rendered":"<ul>\n<li>Microsoft Windows Office 2019 Standard per PC<\/li>\n<li>Versione per sistemi a 64 bit<\/li>\n<li>Consegna via e-mail: codice prodotto, istruzioni, link per il download, fattura.<\/li>\n<li>Download immediato!<\/li>\n<li>Nessun limite di tempo, nessun abbonamento<\/li>\n<li>Assistenza gratuita durante l'installazione e l'attivazione<\/li>\n<li>Non \u00e8 disponibile su supporti fisici (USB, CD, ecc.).<\/li>\n<li>Attivazione online e per telefono<br \/>\n<span style=\"font-size: 14pt;\"><strong>Nota:<\/strong><\/span><\/p>\n<ul>\n<li><span style=\"font-size: 12pt;\"><strong>Office 2019 Standard \u00e8 compatibile solo con Windows 10 e 11.<\/strong><\/span><\/li>\n<li><span style=\"font-size: 12pt;\"><strong>Office 2019 Standard non \u00e8 compatibile con i sistemi operativi Apple (MacOS, iPadOS, iOS) e con i Chromebook.<\/strong><\/span><\/li>\n<li><strong>disponibile solo in versione tedesca e inglese<\/strong><\/li>\n<\/ul>\n<\/li>\n<\/ul>","protected":false},"featured_media":115827,"comment_status":"open","ping_status":"closed","template":"","meta":{"_acf_changed":false},"product_brand":[],"product_cat":[40,69,65],"product_tag":[49,51,50],"class_list":{"0":"post-6316","1":"product","2":"type-product","3":"status-publish","4":"has-post-thumbnail","6":"product_cat-msoffice","7":"product_cat-office-2019","8":"product_cat-popular","9":"product_tag-excellence","10":"product_tag-ms-office","11":"product_tag-security","13":"first","14":"instock","15":"sale","16":"virtual","17":"taxable","18":"purchasable","19":"product-type-simple"},"acf":[],"_links":{"self":[{"href":"https:\/\/keyshop.windowsandoffice.com\/it\/wp-json\/wp\/v2\/product\/6316","targetHints":{"allow":["GET"]}}],"collection":[{"href":"https:\/\/keyshop.windowsandoffice.com\/it\/wp-json\/wp\/v2\/product"}],"about":[{"href":"https:\/\/keyshop.windowsandoffice.com\/it\/wp-json\/wp\/v2\/types\/product"}],"replies":[{"embeddable":true,"href":"https:\/\/keyshop.windowsandoffice.com\/it\/wp-json\/wp\/v2\/comments?post=6316"}],"wp:featuredmedia":[{"embeddable":true,"href":"https:\/\/keyshop.windowsandoffice.com\/it\/wp-json\/wp\/v2\/media\/115827"}],"wp:attachment":[{"href":"https:\/\/keyshop.windowsandoffice.com\/it\/wp-json\/wp\/v2\/media?parent=6316"}],"wp:term":[{"taxonomy":"product_brand","embeddable":true,"href":"https:\/\/keyshop.windowsandoffice.com\/it\/wp-json\/wp\/v2\/product_brand?post=6316"},{"taxonomy":"product_cat","embeddable":true,"href":"https:\/\/keyshop.windowsandoffice.com\/it\/wp-json\/wp\/v2\/product_cat?post=6316"},{"taxonomy":"product_tag","embeddable":true,"href":"https:\/\/keyshop.windowsandoffice.com\/it\/wp-json\/wp\/v2\/product_tag?post=6316"}],"curies":[{"name":"wp","href":"https:\/\/api.w.org\/{rel}","templated":true}]}}