{"id":495,"date":"2020-02-05T02:34:43","date_gmt":"2020-02-04T22:34:43","guid":{"rendered":"http:\/\/keyshop.windowsandoffice.com\/?post_type=product&#038;p=495"},"modified":"2026-01-13T20:19:46","modified_gmt":"2026-01-13T19:19:46","slug":"windows-7-professional","status":"publish","type":"product","link":"https:\/\/keyshop.windowsandoffice.com\/it\/prodotto\/windows-7-professional\/","title":{"rendered":"Licenza Microsoft Windows 7 Professional per 3 PC"},"content":{"rendered":"<p>Windows 7 Professional contiene tutte le funzioni della versione Windows 7 Home e ulteriori caratteristiche premium, nonch\u00e9 tutte le funzioni aziendali necessarie per il lavoro.<\/p>\n<p>Collegatevi facilmente alle reti aziendali e condividete i file su pi\u00f9 computer a casa. \u00c8 inoltre possibile utilizzare il backup automatico per ripristinare i dati sulla rete domestica o aziendale senza problemi. Le nuove DirectX 11 migliorano il sistema in termini di prestazioni. Questo fornisce a Windows 7 Professional il supporto necessario per poter gestire senza problemi processi grafici complessi.<\/p>\n<p>Davvero notevole \u00e8 la velocit\u00e0 del sistema operativo, che funziona molto pi\u00f9 velocemente del suo predecessore Windows Vista.<\/p>\n<p><strong>Requisiti di sistema<\/strong><\/p>\n<ul>\n<li>Processore da 1 gigahertz (GHz) o pi\u00f9 veloce a 32 bit (x86) o 64 bit (x64)<\/li>\n<li>1 gigabyte (GB) di RAM (32 bit) o 2 GB di RAM (64 bit)<\/li>\n<li>16 GB di spazio disponibile sul disco rigido (32-bit) o 20 GB (64-bit)<\/li>\n<li>Dispositivo grafico DirectX 9 con driver WDDM 1.0 o superiore<\/li>\n<\/ul>\n<p><strong>Requisiti aggiuntivi per l'utilizzo di determinate funzioni:<\/strong><\/p>\n<ul>\n<li>A seconda della risoluzione, la riproduzione video pu\u00f2 richiedere memoria aggiuntiva e hardware grafico avanzato.<\/li>\n<li>Alcuni giochi e programmi potrebbero richiedere una scheda grafica compatibile con DirectX 10 o superiore per ottenere prestazioni ottimali.<\/li>\n<li>Per alcune funzionalit\u00e0 dell'Windows Media Center possono essere necessari un sintonizzatore TV e hardware aggiuntivo.<\/li>\n<li>Windows Touch e Tablet PC richiedono un hardware specifico<\/li>\n<li>HomeGroup richiede una rete e PC che eseguono Windows 7<\/li>\n<li>L'authoring di DVD\/CD richiede un'unit\u00e0 ottica compatibile<\/li>\n<li>BitLocker richiede il modulo TPM (Trusted Platform Module) 1.2.<\/li>\n<li>BitLocker To Go richiede un'unit\u00e0 flash USB<\/li>\n<li>Windows XP Mode richiede 1 GB aggiuntivo di RAM e 15 GB aggiuntivi di spazio disponibile sul disco rigido.<\/li>\n<\/ul>\n<h4><strong>Supporto:<\/strong><\/h4>\n<p>Per qualsiasi domanda non esitate a contattarci. <a href=\"mailto:keyshop@dl-winandoffice.com\">via e-mail<\/a>. Il nostro supporto clienti \u00e8 disponibile 7 giorni su 7, 24 ore su 24. Pertanto, avrete un supporto immediato.<\/p>\n<p>Inoltre, assicuriamo la disponibilit\u00e0 di tutti i nostri prodotti. Di conseguenza, riceverete il vostro ordine in tempi record.<\/p>\n<p>La nostra azienda vanta oltre 10 anni di esperienza nel settore. Questo significa che forniamo un servizio professionale in base alle vostre esigenze. Perci\u00f2 sentitevi sicuri di far parte della nostra rete di clienti soddisfatti in tutto il mondo.<\/p>\n<p>Quindi, se volete vedere le nostre notizie<strong>, <a href=\"https:\/\/news.dl-winandoffice.com\/en\/\" target=\"_blank\" rel=\"noopener noreferrer nofollow\">clicca qui<\/a><\/strong><\/p>","protected":false},"excerpt":{"rendered":"<p>Windows 7 Professional contiene tutte le funzioni della versione Windows 7 Home e ulteriori caratteristiche premium, nonch\u00e9 tutte le funzioni aziendali necessarie per il lavoro. Collegatevi facilmente alle reti aziendali e condividete i file su pi\u00f9 computer a casa. \u00c8 inoltre possibile utilizzare il backup automatico per ripristinare i dati sulla rete domestica o aziendale senza problemi. Le nuove DirectX 11 migliorano il sistema in termini di prestazioni. Questo fornisce a Windows 7 Professional il supporto necessario per poter gestire senza problemi processi grafici complessi.<\/p>","protected":false},"featured_media":732,"comment_status":"open","ping_status":"closed","template":"","meta":{"_acf_changed":false},"product_brand":[],"product_cat":[41],"product_tag":[49,44],"class_list":{"0":"post-495","1":"product","2":"type-product","3":"status-publish","4":"has-post-thumbnail","6":"product_cat-windows-desktop","7":"product_tag-excellence","8":"product_tag-windows-10-pro","10":"first","11":"instock","12":"sale","13":"virtual","14":"taxable","15":"purchasable","16":"product-type-simple"},"acf":[],"_links":{"self":[{"href":"https:\/\/keyshop.windowsandoffice.com\/it\/wp-json\/wp\/v2\/product\/495","targetHints":{"allow":["GET"]}}],"collection":[{"href":"https:\/\/keyshop.windowsandoffice.com\/it\/wp-json\/wp\/v2\/product"}],"about":[{"href":"https:\/\/keyshop.windowsandoffice.com\/it\/wp-json\/wp\/v2\/types\/product"}],"replies":[{"embeddable":true,"href":"https:\/\/keyshop.windowsandoffice.com\/it\/wp-json\/wp\/v2\/comments?post=495"}],"wp:featuredmedia":[{"embeddable":true,"href":"https:\/\/keyshop.windowsandoffice.com\/it\/wp-json\/wp\/v2\/media\/732"}],"wp:attachment":[{"href":"https:\/\/keyshop.windowsandoffice.com\/it\/wp-json\/wp\/v2\/media?parent=495"}],"wp:term":[{"taxonomy":"product_brand","embeddable":true,"href":"https:\/\/keyshop.windowsandoffice.com\/it\/wp-json\/wp\/v2\/product_brand?post=495"},{"taxonomy":"product_cat","embeddable":true,"href":"https:\/\/keyshop.windowsandoffice.com\/it\/wp-json\/wp\/v2\/product_cat?post=495"},{"taxonomy":"product_tag","embeddable":true,"href":"https:\/\/keyshop.windowsandoffice.com\/it\/wp-json\/wp\/v2\/product_tag?post=495"}],"curies":[{"name":"wp","href":"https:\/\/api.w.org\/{rel}","templated":true}]}}