{"id":489,"date":"2020-02-05T02:19:41","date_gmt":"2020-02-05T01:19:41","guid":{"rendered":"http:\/\/keyshop.windowsandoffice.com\/?post_type=product&#038;p=489"},"modified":"2026-01-13T20:19:46","modified_gmt":"2026-01-13T19:19:46","slug":"windows-7-home-premium","status":"publish","type":"product","link":"https:\/\/keyshop.windowsandoffice.com\/it\/prodotto\/windows-7-home-premium\/","title":{"rendered":"Microsoft Windows 7 Home Premium"},"content":{"rendered":"<p>Windows 7 Home Premium \u00e8 la versione di base del sistema operativo Windows 7, il pi\u00f9 diffuso. Rispetto al precedente sistema Windows Vista, il sistema operativo Windows 7 Home Premium porta con s\u00e9 numerosi cambiamenti. Tra questi, il miglioramento dell'interfaccia utente, nuove funzioni e caratteristiche, l'aumento delle prestazioni e l'ottimizzazione dell'area di sicurezza. Inoltre, il sistema operativo Windows 7 Home Premium offre contenuti esclusivi, come vari programmi multimediali.<\/p>\n<p>Con Windows 7, \u00e8 ora pi\u00f9 facile svolgere un numero ancora maggiore di attivit\u00e0 direttamente sul desktop: visualizzazione migliorata della barra delle applicazioni, icone pi\u00f9 grandi, pin e possibilit\u00e0 creative di personalizzazione.<\/p>\n<h4><strong>Requisiti di sistema<\/strong><\/h4>\n<ul>\n<li>Processore da 1 gigahertz (GHz) o pi\u00f9 veloce a 32 bit (x86) o 64 bit (x64)<\/li>\n<li>1 gigabyte (GB) di RAM (32 bit) o 2 GB di RAM (64 bit)<\/li>\n<li>16 GB di spazio disponibile sul disco rigido (32-bit) o 20 GB (64-bit)<\/li>\n<li>Dispositivo grafico DirectX 9 con driver WDDM 1.0 o superiore<\/li>\n<\/ul>\n<h4><strong>Requisiti aggiuntivi per l'utilizzo di determinate funzioni:<\/strong><\/h4>\n<ul>\n<li>A seconda della risoluzione, la riproduzione video pu\u00f2 richiedere memoria aggiuntiva e hardware grafico avanzato.<\/li>\n<li>Alcuni giochi e programmi potrebbero richiedere una scheda grafica compatibile con DirectX 10 o superiore per ottenere prestazioni ottimali.<\/li>\n<li>Per alcune funzionalit\u00e0 dell'Windows Media Center possono essere necessari un sintonizzatore TV e hardware aggiuntivo.<\/li>\n<li>Windows Touch e Tablet PC richiedono un hardware specifico<\/li>\n<li>HomeGroup richiede una rete e PC che eseguono Windows 7<\/li>\n<li>L'authoring di DVD\/CD richiede un'unit\u00e0 ottica compatibile<\/li>\n<li>BitLocker richiede il modulo TPM (Trusted Platform Module) 1.2.<\/li>\n<li>BitLocker To Go richiede un'unit\u00e0 flash USB<\/li>\n<li>Windows XP Mode richiede 1 GB aggiuntivo di RAM e 15 GB aggiuntivi di spazio disponibile sul disco rigido.<\/li>\n<\/ul>\n<h4><strong>Supporto:<\/strong><\/h4>\n<p>Per qualsiasi domanda non esitate a contattarci. <a href=\"mailto:keyshop@dl-winandoffice.com\">via e-mail<\/a>. Il nostro supporto clienti \u00e8 disponibile 7 giorni su 7, 24 ore su 24. Pertanto, avrete un supporto immediato.<\/p>\n<p>Inoltre, assicuriamo la disponibilit\u00e0 di tutti i nostri prodotti. Di conseguenza, riceverete il vostro ordine in tempi record.<\/p>\n<p>La nostra azienda vanta oltre 10 anni di esperienza nel settore. Questo significa che forniamo un servizio professionale in base alle vostre esigenze. Perci\u00f2 sentitevi sicuri di far parte della nostra rete di clienti soddisfatti in tutto il mondo.<\/p>\n<p>Quindi, se volete vedere le nostre notizie<strong>, <a href=\"https:\/\/news.dl-winandoffice.com\/en\/\" target=\"_blank\" rel=\"noopener noreferrer nofollow\">clicca qui<\/a><\/strong><\/p>\n<p>&nbsp;<\/p>","protected":false},"excerpt":{"rendered":"<p>Windows 7 Home Premium \u00e8 la versione di base del sistema operativo Windows 7, il pi\u00f9 diffuso. Rispetto al precedente sistema Windows Vista, il sistema operativo Windows 7 Home Premium porta con s\u00e9 numerosi cambiamenti. Tra questi, il miglioramento dell'interfaccia utente, nuove funzioni e caratteristiche, l'aumento delle prestazioni e l'ottimizzazione dell'area di sicurezza. Inoltre, il sistema operativo Windows 7 Home Premium offre contenuti esclusivi, come vari programmi multimediali.<\/p>","protected":false},"featured_media":731,"comment_status":"open","ping_status":"closed","template":"","meta":{"_acf_changed":false},"product_brand":[],"product_cat":[41],"product_tag":[],"class_list":{"0":"post-489","1":"product","2":"type-product","3":"status-publish","4":"has-post-thumbnail","6":"product_cat-windows-desktop","8":"first","9":"instock","10":"sale","11":"virtual","12":"taxable","13":"purchasable","14":"product-type-simple"},"acf":[],"_links":{"self":[{"href":"https:\/\/keyshop.windowsandoffice.com\/it\/wp-json\/wp\/v2\/product\/489","targetHints":{"allow":["GET"]}}],"collection":[{"href":"https:\/\/keyshop.windowsandoffice.com\/it\/wp-json\/wp\/v2\/product"}],"about":[{"href":"https:\/\/keyshop.windowsandoffice.com\/it\/wp-json\/wp\/v2\/types\/product"}],"replies":[{"embeddable":true,"href":"https:\/\/keyshop.windowsandoffice.com\/it\/wp-json\/wp\/v2\/comments?post=489"}],"wp:featuredmedia":[{"embeddable":true,"href":"https:\/\/keyshop.windowsandoffice.com\/it\/wp-json\/wp\/v2\/media\/731"}],"wp:attachment":[{"href":"https:\/\/keyshop.windowsandoffice.com\/it\/wp-json\/wp\/v2\/media?parent=489"}],"wp:term":[{"taxonomy":"product_brand","embeddable":true,"href":"https:\/\/keyshop.windowsandoffice.com\/it\/wp-json\/wp\/v2\/product_brand?post=489"},{"taxonomy":"product_cat","embeddable":true,"href":"https:\/\/keyshop.windowsandoffice.com\/it\/wp-json\/wp\/v2\/product_cat?post=489"},{"taxonomy":"product_tag","embeddable":true,"href":"https:\/\/keyshop.windowsandoffice.com\/it\/wp-json\/wp\/v2\/product_tag?post=489"}],"curies":[{"name":"wp","href":"https:\/\/api.w.org\/{rel}","templated":true}]}}