{"id":368,"date":"2020-02-02T19:09:23","date_gmt":"2020-02-02T18:09:23","guid":{"rendered":"http:\/\/keyshop.windowsandoffice.com\/?post_type=product&#038;p=368"},"modified":"2026-01-13T20:50:00","modified_gmt":"2026-01-13T19:50:00","slug":"ms-office-2013","status":"publish","type":"product","link":"https:\/\/keyshop.windowsandoffice.com\/it\/prodotto\/ms-office-2013\/","title":{"rendered":"Microsoft Office 2013 Professional Plus licenza per 3 PC"},"content":{"rendered":"<p>Con i programmi inclusi, Microsoft Office 2013 Professional Plus soddisfa tutte le esigenze di un vasto software per ufficio. Che si tratti di creare lettere, gestire dati aziendali e fogli di calcolo, progettare presentazioni, creare database o organizzare la posta elettronica per i progetti aziendali e privati, con le applicazioni Office si pu\u00f2 fare tutto in un attimo.<\/p>\n<h4><strong>Quali programmi sono inclusi in Office 2013 Professional Plus?<\/strong><\/h4>\n<ul>\n<li><strong>Word 2013 <\/strong>- per la creazione e la modifica di testi e documenti<\/li>\n<li><strong>Excel 2013 <\/strong>- per l'elaborazione di record di dati in forma tabellare<\/li>\n<li><strong>PowerPoint 2013 <\/strong>- per la creazione di presentazioni stimolanti<\/li>\n<li><strong>Outlook 2013<\/strong> - per la gestione di e-mail, contatti, orari e attivit\u00e0<\/li>\n<li><strong>OneNote 2013<\/strong> - per creare e gestire le note<\/li>\n<li><strong>Editore 2013<\/strong> - per creare facilmente pubblicazioni dall'aspetto professionale<\/li>\n<li><strong>Accesso 2013<\/strong> - per la creazione di database con accesso a Internet<\/li>\n<\/ul>\n<p>Microsoft fa ampio uso del cloud in Office 2013. La suite consente agli utenti di salvare i documenti direttamente sul servizio cloud SkyDrive di Microsoft. Grazie a questa funzione, un utente pu\u00f2 collegarsi a un computer su cui non \u00e8 installato il software Office e utilizzare i componenti Web Office di Microsoft per accedere, modificare e condividere un documento. La versione 2013 della suite non richiede componenti software aggiuntivi, che nelle versioni precedenti rendevano il processo poco agevole.<\/p>\n<p>Microsoft ha apportato alcuni graditi miglioramenti agli elementi software specifici della sua suite Office. Tra i miglioramenti apportati a Word 2013 vi \u00e8 la possibilit\u00e0 di aprire documenti PDF direttamente dall'interno di Word e di modificarli, il che pu\u00f2 rappresentare un vero e proprio risparmio di tempo. \u00c8 inoltre in grado di riflettere attivamente il testo intorno a immagini o video durante la digitazione. Word \u00e8 anche dotato di Simple Markup, una nuova opzione di revisione che offre agli utenti una visione pulita e semplice di un documento, ma con indicatori per annotare le modifiche tracciate.<\/p>\n<h4>Cosa c'\u00e8 di pi\u00f9?<\/h4>\n<p>Il software offre anche un pulsante di risposta per i commenti, consentendo agli utenti di discutere le modifiche e di tenere traccia dei commenti all'interno del testo. Il software per fogli di calcolo Excel 2013 offre consigli sulle migliori opzioni per i grafici. PowerPoint 2013 consente all'utente di navigare tra le diapositive di una presentazione mostrando al pubblico solo la diapositiva corrente. Outlook 2013 offre risposte in linea per semplificare l'elaborazione delle e-mail e consente agli utenti di visualizzare pi\u00f9 contatti e le loro connessioni ai social network in un'unica vista su \"schede persone\". OneNote 2013 sfrutta le funzionalit\u00e0 del touch-screen per facilitare la presa di appunti.<\/p>\n<h4><strong>Requisiti di sistema<\/strong><\/h4>\n<ul>\n<li>1,4 GHz, processore a 2 core<\/li>\n<li>Windows 7, Windows 8, Windows 10<\/li>\n<li>1 GB (32bit), 2 GB (64bit) di RAM<\/li>\n<li>3 GB di spazio disponibile su disco rigido<\/li>\n<li>Scheda grafica DirectX 9 per l'utilizzo dell'accelerazione grafica hardware<\/li>\n<\/ul>\n<p>&nbsp;<\/p>\n<p>&nbsp;<\/p>","protected":false},"excerpt":{"rendered":"<p>Con i programmi inclusi, Microsoft Office 2013 Professional Plus soddisfa tutte le esigenze di un vasto software per ufficio. Che si tratti di creare lettere, gestire dati aziendali e fogli di calcolo, progettare presentazioni, creare database o organizzare la posta elettronica per i progetti aziendali e privati, con le applicazioni Office si pu\u00f2 fare tutto in un attimo.<\/p>\n<p><strong>Nota:<\/strong><\/p>\n<ul>\n<li><strong>Questo prodotto \u00e8 compatibile solo con gli Windows 10 e 11.<\/strong><\/li>\n<li><strong>Questo prodotto NON \u00e8 compatibile con i sistemi operativi Apple (MacOS, iPadOS, iOS), con i Chromebook.<\/strong><\/li>\n<\/ul>","protected":false},"featured_media":115823,"comment_status":"open","ping_status":"closed","template":"","meta":{"_acf_changed":false},"product_brand":[],"product_cat":[40],"product_tag":[51],"class_list":{"0":"post-368","1":"product","2":"type-product","3":"status-publish","4":"has-post-thumbnail","6":"product_cat-msoffice","7":"product_tag-ms-office","9":"first","10":"instock","11":"sale","12":"virtual","13":"taxable","14":"purchasable","15":"product-type-simple"},"acf":[],"_links":{"self":[{"href":"https:\/\/keyshop.windowsandoffice.com\/it\/wp-json\/wp\/v2\/product\/368","targetHints":{"allow":["GET"]}}],"collection":[{"href":"https:\/\/keyshop.windowsandoffice.com\/it\/wp-json\/wp\/v2\/product"}],"about":[{"href":"https:\/\/keyshop.windowsandoffice.com\/it\/wp-json\/wp\/v2\/types\/product"}],"replies":[{"embeddable":true,"href":"https:\/\/keyshop.windowsandoffice.com\/it\/wp-json\/wp\/v2\/comments?post=368"}],"wp:featuredmedia":[{"embeddable":true,"href":"https:\/\/keyshop.windowsandoffice.com\/it\/wp-json\/wp\/v2\/media\/115823"}],"wp:attachment":[{"href":"https:\/\/keyshop.windowsandoffice.com\/it\/wp-json\/wp\/v2\/media?parent=368"}],"wp:term":[{"taxonomy":"product_brand","embeddable":true,"href":"https:\/\/keyshop.windowsandoffice.com\/it\/wp-json\/wp\/v2\/product_brand?post=368"},{"taxonomy":"product_cat","embeddable":true,"href":"https:\/\/keyshop.windowsandoffice.com\/it\/wp-json\/wp\/v2\/product_cat?post=368"},{"taxonomy":"product_tag","embeddable":true,"href":"https:\/\/keyshop.windowsandoffice.com\/it\/wp-json\/wp\/v2\/product_tag?post=368"}],"curies":[{"name":"wp","href":"https:\/\/api.w.org\/{rel}","templated":true}]}}