{"id":336,"date":"2020-11-02T10:33:51","date_gmt":"2020-11-02T08:33:51","guid":{"rendered":"http:\/\/keyshop.windowsandoffice.com\/?post_type=product&#038;p=336"},"modified":"2026-04-17T03:03:42","modified_gmt":"2026-04-17T01:03:42","slug":"office-2019-professional-plus","status":"publish","type":"product","link":"https:\/\/keyshop.windowsandoffice.com\/it\/prodotto\/office-2019-professional-plus\/","title":{"rendered":"Licenza Microsoft Office 2019 Professional Plus per 3 PC"},"content":{"rendered":"<h3>Office 2019 Professional Plus<\/h3>\n<p>Con Office 2019 Professional Plus riceverete la soluzione per ufficio pi\u00f9 moderna di Microsoft. Quindi, oltre alle applicazioni tradizionali, si ottiene automaticamente l'accesso alle applicazioni basate su browser. Ad esempio Skype for Business. Di conseguenza, potrete lavorare in gruppo in modo pi\u00f9 efficace, con una comunicazione semplificata.<\/p>\n<p>In Office 2019 troverete nuovi tipi di dati. Ad esempio, strumenti e funzioni di inchiostrazione. Altri strumenti di traduzione e modifica. Inoltre, la grafica in movimento. Pertanto, presenta caratteristiche di facile utilizzo.<\/p>\n<p>Tutte le versioni prevedono un pagamento unico. Comprendono una singola installazione su PC. Anche se Office Professional 2019 \u00e8 disponibile solo per Windows.<\/p>\n<p>Per darvi un'idea, Office 2019 \u00e8 un prodotto che offre tutte le funzionalit\u00e0 offline. Lo stesso viene ora offerto dalla suite Office 365. Tuttavia, non continuer\u00e0 pi\u00f9 a essere aggiornato per implementare nuove funzionalit\u00e0 o nuove caratteristiche. Riceverete solo aggiornamenti di sicurezza.<\/p>\n<p>La filosofia di Microsoft \u00e8 quella di offrire una soluzione per gli utenti che non hanno accesso al cloud. Tuttavia, questo non significa che limita l'accesso a servizi aggiuntivi come OneDrive o Skype.<\/p>\n<p>Pertanto, in sintesi, acquistando Office 2019 investirete nelle funzioni che Office 365 possiede attualmente. Gli aggiornamenti di questo software arriveranno nella versione successiva, che potrete acquistare con uno sconto speciale nel nostro negozio al momento del lancio.<br \/>\nTuttavia, Office 2019 \u00e8 uno strumento molto utile per chi vuole avere una suite per ufficio completa e aggiornata.<\/p>\n<h4>Cosa c'\u00e8 di nuovo in Office 2019 Professional Plus<\/h4>\n<p>Di seguito \u00e8 riportato l'elenco completo delle novit\u00e0 per ciascuna applicazione:<br \/>\nCosa c'\u00e8 di nuovo in <a href=\"https:\/\/keyshop.windowsandoffice.com\/it\/prodotto\/ms-office-2019\/\">Parola 2019<\/a><\/p>\n<ul>\n<li><strong>Tema scuro. <\/strong>Microsoft si unisce alla tendenza di offrire una versione scura dell'interfaccia.<\/li>\n<li><strong>Strumenti di apprendimento<\/strong>. Utilizzare didascalie e descrizioni audio per insegnare a utilizzare alcune funzioni dell'applicazione.<\/li>\n<li><strong>Text-to-speech<\/strong>. \u00c8 possibile dettare parole con il microfono e l'applicazione trascriver\u00e0 ci\u00f2 che si dice.<\/li>\n<li><strong>Miglioramenti nella modalit\u00e0 di disegno a matita<\/strong>. Se si dispone di un touch screen, ora si hanno pi\u00f9 opzioni per disegnare.<\/li>\n<li><strong>Modalit\u00e0 di messa a fuoco<\/strong>. Un nuovo modo di visualizzare il testo per una lettura ininterrotta.<\/li>\n<li><strong>Miglioramenti dell'accessibilit\u00e0.<\/strong><\/li>\n<\/ul>\n<h4>Tutto ci\u00f2 che serve in un solo colpo d'occhio:<\/h4>\n<ul>\n<li><a href=\"https:\/\/keyshop.windowsandoffice.com\/it\/prodotto\/ms-office-2019\/\"><strong>Parola 2019<\/strong><\/a>. Per creare e modificare testi e documenti.<\/li>\n<li><strong>Excel 2019.<\/strong> per elaborare i record di dati in forma tabellare.<\/li>\n<li><strong>PowerPoint 2019.<\/strong> per creare presentazioni stimolanti.<\/li>\n<li><strong>Prospettive 2019.<\/strong> Consente di gestire e-mail, contatti, orari e attivit\u00e0.<\/li>\n<li><strong>Editore 2019.<\/strong> per creare facilmente pubblicazioni dall'aspetto professionale.<\/li>\n<li><strong>Accesso 2019.<\/strong> per la creazione di database con accesso a Internet.<\/li>\n<li><strong>Lync 2019.<\/strong> (Skype for Business): Messaggistica istantanea. Lavoro e comunicazione collaborativi. Videoconferenze in HD.<\/li>\n<li><strong>Applicazioni web.<\/strong> (Word, Excel, PowerPoint).<\/li>\n<\/ul>\n<p>OneNote non fa pi\u00f9 parte della suite Office. \u00c8 tuttavia gi\u00e0 incluso nel sistema operativo Windows 10.<strong> In conclusione, le versioni precedenti dell'Windows non sono supportate.<\/strong><\/p>\n<h4>Teamwork Office 2019 Professional Plus<\/h4>\n<p>Microsoft Office d\u00e0 priorit\u00e0 al lavoro di gruppo, pertanto la suite presenta importanti miglioramenti e innovazioni nell'accesso al cloud. In altre parole, i membri del gruppo possono lavorare su un documento contemporaneamente. Questa opzione \u00e8 disponibile per tutti i componenti di Microsoft Office, da Word a Excel, da PowerPoint a OneNote. I file devono essere salvati su SharePoint Online, OneDrive o OneDrive for Business e condivisi con i membri del gruppo. La condivisione dei file \u00e8 quindi molto semplice grazie a un pulsante del programma.<\/p>\n<p>Inoltre, Skype for Business \u00e8 un altro strumento della suite Office 2019 Pro Plus che promuove la collaborazione. Gli utenti possono vedere a colpo d'occhio lo stato online dei membri del team e possono avviare una chat. Allo stesso modo, \u00e8 possibile effettuare chiamate via Internet. Quindi, conversazione di gruppo o trasmissione video, se necessario.<\/p>\n<h4>Utilizzate il tempo in modo pi\u00f9 efficace con un programma di posta intelligente<\/h4>\n<p>Microsoft Outlook 2019 include ora la funzione \"Clutter\". In altre parole, consente di rilevare le e-mail irrilevanti. Queste vengono classificate immediatamente. Pertanto, la casella di posta elettronica apparir\u00e0 pi\u00f9 pulita e chiara. In modo da potersi concentrare sulle attivit\u00e0 veramente importanti.<\/p>\n<h4>Maggiore sicurezza per il vostro ufficio digitale<\/h4>\n<p>Un'altra innovazione \u00e8 il miglioramento della sicurezza con la \"Data Loss Prevention\". Cos\u00ec, ora \u00e8 pi\u00f9 facile controllare le informazioni all'interno dei programmi. \u00c8 possibile integrarle e trasmetterle nei documenti. Gli amministratori hanno anche la possibilit\u00e0 di bloccare o limitare l'accesso a determinati dati. Inoltre, gli utenti sono consapevoli del rischio di perdita dei dati attraverso notifiche di potenziali rischi. Grazie a servizi cloud come OneDrive. Di conseguenza, i dati non vanno persi anche se un server o un dispositivo si guasta. In conclusione, \u00e8 possibile accedere e modificare facilmente i file da qualsiasi parte del mondo.<\/p>\n<p>Si collega perfettamente a Windows 10 pro o home. garantiamo una contabilit\u00e0 completa.<\/p>\n<h4>Requisiti di sistema:<br \/>\n<\/h4>\n<ul>\n<li>1,6 GHz, processore a 2 core.<\/li>\n<li>Sistema operativo Windows 10.<\/li>\n<li>2 GB (32 bit), 4 GB (64 bit) di RAM.<\/li>\n<li>4 GB di spazio disponibile sul disco rigido.<\/li>\n<li>Scheda grafica DirectX 10 per l'utilizzo dell'accelerazione grafica hardware.<\/li>\n<\/ul>\n<h4>Supporto:<\/h4>\n<p>Per qualsiasi domanda non esitate a contattarci. <a href=\"mailto:keyshop@dl-winandoffice.com\">via e-mail<\/a>. Allo stesso modo, il nostro supporto clienti \u00e8 disponibile 7 giorni su 7, 24 ore su 24. Pertanto, avrete un supporto immediato.<\/p>\n<p>Inoltre, assicuriamo la disponibilit\u00e0 di tutti i nostri prodotti. Di conseguenza, riceverete il vostro ordine in tempi record.<\/p>\n<p>La nostra azienda vanta oltre 10 anni di esperienza nel settore. Questo significa che forniamo un servizio professionale in base alle vostre esigenze. Perci\u00f2 sentitevi sicuri di far parte della nostra rete di clienti soddisfatti in tutto il mondo.<\/p>\n<p>Se volete vedere le nostre notizie<strong>, <a href=\"https:\/\/news.dl-winandoffice.com\/en\/\" target=\"_blank\" rel=\"noopener noreferrer nofollow\">clicca qui<\/a><\/strong><\/p>","protected":false},"excerpt":{"rendered":"<p>Con Office 2019 Professional Plus riceverete la soluzione per ufficio pi\u00f9 moderna di Microsoft. Quindi, oltre alle applicazioni tradizionali, si ottiene automaticamente l'accesso alle applicazioni basate su browser. Ad esempio Skype for Business. Di conseguenza, potrete lavorare in gruppo in modo pi\u00f9 efficace, con una comunicazione semplificata.<\/p>\n<p><strong>Nota:<\/strong><\/p>\n<ul>\n<li><strong>Office 2019 Professional Plus \u00e8 compatibile solo con Windows 10 e 11.<\/strong><\/li>\n<\/ul>\n<ul>\n<li><strong>Office 2019 Professional Plus non \u00e8 compatibile con i sistemi operativi Apple (MacOS, iPadOS, iOS) e con i Chromebook.<\/strong><\/li>\n<\/ul>","protected":false},"featured_media":115821,"comment_status":"open","ping_status":"closed","template":"","meta":{"_acf_changed":false},"product_brand":[],"product_cat":[40,65],"product_tag":[49,51,50],"class_list":{"0":"post-336","1":"product","2":"type-product","3":"status-publish","4":"has-post-thumbnail","6":"product_cat-msoffice","7":"product_cat-popular","8":"product_tag-excellence","9":"product_tag-ms-office","10":"product_tag-security","12":"first","13":"instock","14":"sale","15":"virtual","16":"taxable","17":"purchasable","18":"product-type-simple"},"acf":[],"_links":{"self":[{"href":"https:\/\/keyshop.windowsandoffice.com\/it\/wp-json\/wp\/v2\/product\/336","targetHints":{"allow":["GET"]}}],"collection":[{"href":"https:\/\/keyshop.windowsandoffice.com\/it\/wp-json\/wp\/v2\/product"}],"about":[{"href":"https:\/\/keyshop.windowsandoffice.com\/it\/wp-json\/wp\/v2\/types\/product"}],"replies":[{"embeddable":true,"href":"https:\/\/keyshop.windowsandoffice.com\/it\/wp-json\/wp\/v2\/comments?post=336"}],"wp:featuredmedia":[{"embeddable":true,"href":"https:\/\/keyshop.windowsandoffice.com\/it\/wp-json\/wp\/v2\/media\/115821"}],"wp:attachment":[{"href":"https:\/\/keyshop.windowsandoffice.com\/it\/wp-json\/wp\/v2\/media?parent=336"}],"wp:term":[{"taxonomy":"product_brand","embeddable":true,"href":"https:\/\/keyshop.windowsandoffice.com\/it\/wp-json\/wp\/v2\/product_brand?post=336"},{"taxonomy":"product_cat","embeddable":true,"href":"https:\/\/keyshop.windowsandoffice.com\/it\/wp-json\/wp\/v2\/product_cat?post=336"},{"taxonomy":"product_tag","embeddable":true,"href":"https:\/\/keyshop.windowsandoffice.com\/it\/wp-json\/wp\/v2\/product_tag?post=336"}],"curies":[{"name":"wp","href":"https:\/\/api.w.org\/{rel}","templated":true}]}}