{"id":330,"date":"2020-02-02T10:19:18","date_gmt":"2020-02-02T08:19:18","guid":{"rendered":"http:\/\/keyshop.windowsandoffice.com\/?post_type=product&#038;p=330"},"modified":"2026-04-17T03:28:02","modified_gmt":"2026-04-17T01:28:02","slug":"windows-8-1","status":"publish","type":"product","link":"https:\/\/keyshop.windowsandoffice.com\/it\/prodotto\/windows-8-1\/","title":{"rendered":"Microsoft Windows Licenza 8.1 Professional per 3 PC"},"content":{"rendered":"<h4>Windows 8.1 Professionale<\/h4>\n<p>Is the enhanced version of Windows 8 and was specifically optimized for touch screens.  The operating system is compatible with tablets and handhelds, and it can work with mouse and keyboard too. Microsoft Windows 8.1 Professional supports its users with a redesigned interface, an optimized system as well as new functions and programs to the perfect extent.<\/p>\n<p>Essendo un'estensione di Windows 8 Professional, gli utenti professionali e le piccole imprese troveranno in questa versione uno strumento migliorato. Il design dell'interfaccia di Microsoft Windows 8.1 Professional \u00e8 di facile utilizzo per l'uso con i touch screen. Grazie al formato a tile, l'utente ha sempre una panoramica delle applicazioni e dei documenti pi\u00f9 importanti e pu\u00f2 quindi accedervi rapidamente. In generale, il sistema operativo Windows 8.1 Professional \u00e8 stato ottimizzato per velocizzare la copia dei file e l'esecuzione delle operazioni di sistema. In questo modo, tutti i dispositivi dispongono di un sistema operativo funzionale e potente che non solo offre nuove funzionalit\u00e0 e modifiche al design, ma anche un aumento delle prestazioni.<\/p>\n<p>Con Microsoft Windows 8.1 Professional, rispetto ai suoi predecessori, sono state implementate alcune ottimizzazioni ottiche e sistemistiche. La differenza pi\u00f9 evidente \u00e8 la possibilit\u00e0 di avere il desktop a piastrelle o in modalit\u00e0 classica. Anche il menu di avvio del sistema operativo Windows 8.1 Professional funziona con il tasto destro del mouse, in modo simile a quello del Windows 7.<\/p>\n<p>Se si desidera l'ultimo SO di Microsoft, cercare <a href=\"https:\/\/keyshop.windowsandoffice.com\/it\/prodotto\/windows-10-pro\/\">Windows 10 Professionale<\/a>.<\/p>\n<h4>Requisiti di sistema:<\/h4>\n<ul>\n<li>Processore da 1 GHz o pi\u00f9 veloce<\/li>\n<li>1 GB di RAM per 32 bit; 2 GB per 64 bit<\/li>\n<li>20 GB di spazio libero su disco rigido<\/li>\n<li>Scheda grafica con DirectX 9 e driver WDDM<\/li>\n<\/ul>\n<h4>Supporto:<\/h4>\n<p>Per qualsiasi domanda non esitate a contattarci. <a href=\"mailto:keyshop@dl-winandoffice.com\">via e-mail<\/a>. Il nostro supporto clienti \u00e8 disponibile 7 giorni su 7, 24 ore su 24. Pertanto, avrete un supporto immediato.<\/p>\n<p>Inoltre, assicuriamo la disponibilit\u00e0 di tutti i nostri prodotti. Di conseguenza, riceverete il vostro ordine in tempi record.<\/p>\n<p>La nostra azienda vanta oltre 10 anni di esperienza nel settore. Questo significa che forniamo un servizio professionale in base alle vostre esigenze. Perci\u00f2 sentitevi sicuri di far parte della nostra rete di clienti soddisfatti in tutto il mondo.<\/p>\n<p>Quindi, se volete vedere le nostre notizie<strong>, <a href=\"https:\/\/news.dl-winandoffice.com\/en\/\" target=\"_blank\" rel=\"noopener noreferrer nofollow\">clicca qui<\/a><\/strong><\/p>","protected":false},"excerpt":{"rendered":"<p>Windows 8.1 Professional \u00e8 la versione migliorata di Windows 8 ed \u00e8 stato specificamente ottimizzato per i touch screen.  Il sistema operativo non \u00e8 solo compatibile con tablet e palmari, ma pu\u00f2 essere utilizzato come sempre con mouse e tastiera. Microsoft Windows 8.1 Professional supporta i suoi utenti con un'interfaccia ridisegnata, un sistema ottimizzato e nuove funzioni e programmi in misura perfetta.<\/p>","protected":false},"featured_media":734,"comment_status":"open","ping_status":"closed","template":"","meta":{"_acf_changed":false},"product_brand":[],"product_cat":[41],"product_tag":[52],"class_list":{"0":"post-330","1":"product","2":"type-product","3":"status-publish","4":"has-post-thumbnail","6":"product_cat-windows-desktop","7":"product_tag-windows","9":"first","10":"instock","11":"sale","12":"virtual","13":"taxable","14":"purchasable","15":"product-type-simple"},"acf":[],"_links":{"self":[{"href":"https:\/\/keyshop.windowsandoffice.com\/it\/wp-json\/wp\/v2\/product\/330","targetHints":{"allow":["GET"]}}],"collection":[{"href":"https:\/\/keyshop.windowsandoffice.com\/it\/wp-json\/wp\/v2\/product"}],"about":[{"href":"https:\/\/keyshop.windowsandoffice.com\/it\/wp-json\/wp\/v2\/types\/product"}],"replies":[{"embeddable":true,"href":"https:\/\/keyshop.windowsandoffice.com\/it\/wp-json\/wp\/v2\/comments?post=330"}],"wp:featuredmedia":[{"embeddable":true,"href":"https:\/\/keyshop.windowsandoffice.com\/it\/wp-json\/wp\/v2\/media\/734"}],"wp:attachment":[{"href":"https:\/\/keyshop.windowsandoffice.com\/it\/wp-json\/wp\/v2\/media?parent=330"}],"wp:term":[{"taxonomy":"product_brand","embeddable":true,"href":"https:\/\/keyshop.windowsandoffice.com\/it\/wp-json\/wp\/v2\/product_brand?post=330"},{"taxonomy":"product_cat","embeddable":true,"href":"https:\/\/keyshop.windowsandoffice.com\/it\/wp-json\/wp\/v2\/product_cat?post=330"},{"taxonomy":"product_tag","embeddable":true,"href":"https:\/\/keyshop.windowsandoffice.com\/it\/wp-json\/wp\/v2\/product_tag?post=330"}],"curies":[{"name":"wp","href":"https:\/\/api.w.org\/{rel}","templated":true}]}}