{"id":229,"date":"2020-11-22T09:53:38","date_gmt":"2020-11-22T05:53:38","guid":{"rendered":"http:\/\/keyshop.windowsandoffice.com\/?post_type=product&#038;p=229"},"modified":"2026-01-13T20:50:00","modified_gmt":"2026-01-13T19:50:00","slug":"windows-10-home","status":"publish","type":"product","link":"https:\/\/keyshop.windowsandoffice.com\/it\/prodotto\/windows-10-home\/","title":{"rendered":"Microsoft Windows 10 Home"},"content":{"rendered":"<h2 style=\"text-align: left;\">Windows 10 Casa<\/h2>\n<p>Innanzitutto, con Windows 10 Home al centro del vostro computer potete fare tutto.<\/p>\n<ul>\n<li>Le funzioni di sicurezza integrate includono antivirus, firewall e protezioni Internet.<\/li>\n<li>Scegliete di scansionare il vostro volto o le vostre impronte digitali con Windows Hello per sbloccare il vostro sistema in modo rapido, sicuro e senza password.<\/li>\n<li>Focus Assist consente di bloccare notifiche, suoni e avvisi per lavorare senza distrazioni.<\/li>\n<li>La timeline offre un modo semplice e veloce per scorrere i documenti, le applicazioni e i siti web pi\u00f9 recenti.<\/li>\n<li>Microsoft Photos \u00e8 un modo semplice per organizzare, cercare, modificare e condividere foto e video.<\/li>\n<li>Trasmettete istantaneamente il gioco in diretta, registrate lo schermo e controllate le impostazioni audio individuali con la barra di gioco.<\/li>\n<\/ul>\n<p>In altre parole, potrete beneficiare di un avvio pi\u00f9 rapido del sistema, di un menu di avvio familiare ma migliorato e di nuovi modi per fare le cose velocemente. Inoltre, avrete a disposizione nuove funzionalit\u00e0 come un nuovissimo browser per una migliore esperienza web e il vostro assistente digitale personale Cortana. Allo stesso modo, Cortana vi segue su tutti i vostri dispositivi Windows 10 e vi aiuta a fare le cose. Con il passare del tempo impara a conoscervi meglio e pu\u00f2 aiutarvi ogni giorno.<\/p>\n<p>Per questo motivo, <strong>Windows 10 Casa<\/strong> vi supporta in modo ottimale in tutto ci\u00f2 che fate. \u00c8 possibile tenere traccia delle cose semplicemente agganciando le app e ottimizzando la condivisione dello schermo per lavorare in modo pi\u00f9 produttivo. Allo stesso modo, \u00e8 possibile agganciare fino a quattro app contemporaneamente e creare desktop virtuali se si ha bisogno di pi\u00f9 spazio o si desidera raggruppare i contenuti per un progetto, ad esempio le app per l'ufficio per il lavoro e i giochi per il tempo libero. I Live Tiles forniscono flussi aggiornati dei contenuti pi\u00f9 importanti in tempo reale.<\/p>\n<p>Cos\u00ec,<strong> Windows 10<\/strong> \u00e8 compatibile con l'hardware, il software e le periferiche gi\u00e0 in uso e consente di mantenere il sistema aggiornato con le funzioni e la sicurezza per tutta la durata del supporto del dispositivo.<\/p>\n<h4><a href=\"https:\/\/keyshop.windowsandoffice.com\/it\/prodotto\/office-2019-professional-plus\/\">Funziona benissimo con Office 2019 Professional Plus<\/a><\/h4>\n<h4><strong>Requisiti di sistema:<br \/>\n<\/strong><\/h4>\n<ul>\n<li>Processore da 1 GHz.<\/li>\n<li>1 GB (32 bit), 2 GB (64 bit) di RAM.<\/li>\n<li>20 GB di spazio disponibile su disco rigido.<\/li>\n<li>Scheda grafica DirectX 9 con driver WDDM.<\/li>\n<\/ul>\n<h4><strong>Supporto:<\/strong><\/h4>\n<p>In conclusione, per qualsiasi altra domanda non esitate a contattarci. <a href=\"mailto:keyshop@dl-winandoffice.com\">via e-mail<\/a>. Il nostro supporto clienti \u00e8 disponibile 7 giorni su 7, 24 ore su 24. Pertanto, avrete un supporto immediato.<\/p>\n<p>Inoltre, assicuriamo la disponibilit\u00e0 di tutti i nostri prodotti. Di conseguenza, riceverete il vostro ordine in tempi record.<\/p>\n<p>La nostra azienda vanta oltre 10 anni di esperienza nel settore. Questo significa che forniamo un servizio professionale in base alle vostre esigenze. Perci\u00f2 sentitevi sicuri di far parte della nostra rete di clienti soddisfatti in tutto il mondo.<\/p>\n<p>&nbsp;<\/p>\n<p>Se volete vedere le nostre notizie<strong>, <a href=\"https:\/\/news.dl-winandoffice.com\/en\/\" target=\"_blank\" rel=\"noopener noreferrer nofollow\">clicca qui<\/a><\/strong><\/p>","protected":false},"excerpt":{"rendered":"<p>Con Windows 10 Home al centro del vostro computer potete fare tutto.<\/p>\n<ul>\n<li>Le funzioni di sicurezza integrate includono antivirus, firewall e protezioni Internet.<\/li>\n<li>Scegliete di scansionare il vostro volto o le vostre impronte digitali con Windows Hello per sbloccare il vostro sistema in modo rapido, sicuro e senza password.<\/li>\n<li>Focus Assist consente di bloccare notifiche, suoni e avvisi per lavorare senza distrazioni.<\/li>\n<li>La timeline offre un modo semplice e veloce per scorrere i documenti, le app e i siti web pi\u00f9 recenti.<\/li>\n<li>Microsoft Photos \u00e8 un modo semplice per organizzare, cercare, modificare e condividere foto e video.<\/li>\n<li>Trasmettete istantaneamente il gameplay in diretta, registrate lo schermo e controllate le impostazioni audio individuali con la barra di gioco.<\/li>\n<\/ul>","protected":false},"featured_media":115826,"comment_status":"open","ping_status":"closed","template":"","meta":{"_acf_changed":false},"product_brand":[],"product_cat":[65,41],"product_tag":[44],"class_list":{"0":"post-229","1":"product","2":"type-product","3":"status-publish","4":"has-post-thumbnail","6":"product_cat-popular","7":"product_cat-windows-desktop","8":"product_tag-windows-10-pro","10":"first","11":"instock","12":"sale","13":"virtual","14":"taxable","15":"purchasable","16":"product-type-simple"},"acf":[],"_links":{"self":[{"href":"https:\/\/keyshop.windowsandoffice.com\/it\/wp-json\/wp\/v2\/product\/229","targetHints":{"allow":["GET"]}}],"collection":[{"href":"https:\/\/keyshop.windowsandoffice.com\/it\/wp-json\/wp\/v2\/product"}],"about":[{"href":"https:\/\/keyshop.windowsandoffice.com\/it\/wp-json\/wp\/v2\/types\/product"}],"replies":[{"embeddable":true,"href":"https:\/\/keyshop.windowsandoffice.com\/it\/wp-json\/wp\/v2\/comments?post=229"}],"wp:featuredmedia":[{"embeddable":true,"href":"https:\/\/keyshop.windowsandoffice.com\/it\/wp-json\/wp\/v2\/media\/115826"}],"wp:attachment":[{"href":"https:\/\/keyshop.windowsandoffice.com\/it\/wp-json\/wp\/v2\/media?parent=229"}],"wp:term":[{"taxonomy":"product_brand","embeddable":true,"href":"https:\/\/keyshop.windowsandoffice.com\/it\/wp-json\/wp\/v2\/product_brand?post=229"},{"taxonomy":"product_cat","embeddable":true,"href":"https:\/\/keyshop.windowsandoffice.com\/it\/wp-json\/wp\/v2\/product_cat?post=229"},{"taxonomy":"product_tag","embeddable":true,"href":"https:\/\/keyshop.windowsandoffice.com\/it\/wp-json\/wp\/v2\/product_tag?post=229"}],"curies":[{"name":"wp","href":"https:\/\/api.w.org\/{rel}","templated":true}]}}