{"id":21978,"date":"2023-08-06T17:44:07","date_gmt":"2023-08-06T15:44:07","guid":{"rendered":"https:\/\/keyshop.windowsandoffice.com\/?post_type=product&#038;p=21978"},"modified":"2026-01-13T20:20:08","modified_gmt":"2026-01-13T19:20:08","slug":"microsoft-office-home-business-2016-mac","status":"publish","type":"product","link":"https:\/\/keyshop.windowsandoffice.com\/it\/prodotto\/microsoft-office-home-business-2016-mac\/","title":{"rendered":"Microsoft Office Home &amp; Business 2016 MAC"},"content":{"rendered":"<div>\n<h4>Microsoft Office Home &amp; Business 2016 MAC<\/h4>\n<p>Office 2016 MAC \u00e8 stato progettato per aiutarvi a lavorare pi\u00f9 velocemente. Offre nuove e straordinarie funzionalit\u00e0 che rendono pi\u00f9 facile la comunicazione, la creazione, la collaborazione e la condivisione del lavoro. Office 2016 per Mac \u00e8 stato progettato per sfruttare le ultime caratteristiche del Mac, tra cui il display retina, il supporto per la visualizzazione a schermo intero e il rimbalzo dello scorrimento.<\/p>\n<h4>CARATTERISTICHE<\/h4>\n<p>Microsoft Office 2016 per MAC \u00e8 il successore di Microsoft Office 2011. Microsoft Office 2016 per Mac \u00e8 compatibile con OS X 10.10 Yosemite o con qualsiasi versione successiva di Mac OS X. Office 2016 per MAC, come i suoi predecessori, \u00e8 disponibile in una variet\u00e0 di pacchetti, ognuno dei quali \u00e8 adatto a esigenze diverse. Se avete bisogno di Office per uso personale o professionale, Microsoft ha il pacchetto giusto per voi.<\/p>\n<\/div>","protected":false},"excerpt":{"rendered":"<ul>\n<li>\n<div class=\"woocommerce-product-details__short-description\">\n<ul>\n<li>Microsoft Office Home &amp; Business 2016 MAC<\/li>\n<li>Inviare per e-mail: codice prodotto, istruzioni, link per il download, fattura.<\/li>\n<li>Download immediato!<\/li>\n<li>Nessun limite di tempo, nessun abbonamento<\/li>\n<li>Assistenza gratuita per l'installazione e l'attivazione<\/li>\n<li>Nessuna consegna su supporti dati (USB, CD, ecc.)<\/li>\n<li>Attivazione online e per telefono<\/li>\n<li><strong>NON compatibile con i dispositivi Android e Windows<\/strong><\/li>\n<\/ul>\n<pre class=\"language-html\" data-lang=\"html\"><code class=\"lang-html language-html\"><\/code><\/pre>\n<\/div>\n<\/li>\n<\/ul>","protected":false},"featured_media":21981,"comment_status":"open","ping_status":"closed","template":"","meta":{"_acf_changed":false},"product_brand":[],"product_cat":[140],"product_tag":[],"class_list":{"0":"post-21978","1":"product","2":"type-product","3":"status-publish","4":"has-post-thumbnail","6":"product_cat-mac","8":"first","9":"instock","10":"sale","11":"virtual","12":"taxable","13":"purchasable","14":"product-type-simple"},"acf":[],"_links":{"self":[{"href":"https:\/\/keyshop.windowsandoffice.com\/it\/wp-json\/wp\/v2\/product\/21978","targetHints":{"allow":["GET"]}}],"collection":[{"href":"https:\/\/keyshop.windowsandoffice.com\/it\/wp-json\/wp\/v2\/product"}],"about":[{"href":"https:\/\/keyshop.windowsandoffice.com\/it\/wp-json\/wp\/v2\/types\/product"}],"replies":[{"embeddable":true,"href":"https:\/\/keyshop.windowsandoffice.com\/it\/wp-json\/wp\/v2\/comments?post=21978"}],"wp:featuredmedia":[{"embeddable":true,"href":"https:\/\/keyshop.windowsandoffice.com\/it\/wp-json\/wp\/v2\/media\/21981"}],"wp:attachment":[{"href":"https:\/\/keyshop.windowsandoffice.com\/it\/wp-json\/wp\/v2\/media?parent=21978"}],"wp:term":[{"taxonomy":"product_brand","embeddable":true,"href":"https:\/\/keyshop.windowsandoffice.com\/it\/wp-json\/wp\/v2\/product_brand?post=21978"},{"taxonomy":"product_cat","embeddable":true,"href":"https:\/\/keyshop.windowsandoffice.com\/it\/wp-json\/wp\/v2\/product_cat?post=21978"},{"taxonomy":"product_tag","embeddable":true,"href":"https:\/\/keyshop.windowsandoffice.com\/it\/wp-json\/wp\/v2\/product_tag?post=21978"}],"curies":[{"name":"wp","href":"https:\/\/api.w.org\/{rel}","templated":true}]}}