{"id":21976,"date":"2023-08-06T17:44:07","date_gmt":"2023-08-06T15:44:07","guid":{"rendered":"https:\/\/keyshop.windowsandoffice.com\/?post_type=product&#038;p=21976"},"modified":"2026-01-13T20:20:01","modified_gmt":"2026-01-13T19:20:01","slug":"microsoft-office-home-business-2021-mac","status":"publish","type":"product","link":"https:\/\/keyshop.windowsandoffice.com\/it\/prodotto\/microsoft-office-home-business-2021-mac\/","title":{"rendered":"Microsoft Office Home &amp; Business 2021 MAC"},"content":{"rendered":"<div>\n<h4>Microsoft Office Home &amp; Business 2021 MAC<\/h4>\n<p>La cosa pi\u00f9 importante per essere produttivi. Office Home and Business 2021 \u00e8 per le famiglie e le piccole imprese che hanno bisogno delle classiche applicazioni Office e della posta elettronica. Include Word, Excel, PowerPoint e Outlook per Windows 11 e Windows 10. \u00c8 un acquisto unico da installare su 1 PC Mac per uso domestico o lavorativo.<\/p>\n<p>Office Home &amp; Con la sua semplicit\u00e0 e familiarit\u00e0, Business 2021 per Mac \u00e8 stato progettato per gli utenti e le piccole imprese che vogliono Office con la potenza di Outlook per e-mail, calendario e contatti. \u00c8 l'ufficio che conoscete, amate e di cui vi fidate, aggiornato per sfruttare le ultime caratteristiche del Mac, tra cui il display Retina e la visualizzazione a schermo intero.<\/p>\n<p>Microsoft Office 2021 Home Business include strumenti per ottimizzare le capacit\u00e0 produttive e le attivit\u00e0 aziendali utilizzando le funzionalit\u00e0 e gli elementi avanzati della suite Microsoft Office.<\/p>\n<p>Office 2021 per Mac \u00e8 stato ricostruito da zero per sfruttare le ultime caratteristiche del Mac, compreso il display Retina. \u00c8 la combinazione perfetta per l'ufficio che conoscete e di cui vi fidate e per il Mac che amate.<\/p>\n<p>Microsoft Office \u00e8 un eccellente set di strumenti di produzione che vi far\u00e0 risparmiare tempo e produrre risultati fantastici. I vantaggi della suite 2021 Office includono una migliore collaborazione tra i collaboratori, la condivisione di link, note e appuntamenti, la facilit\u00e0 di modifica e conversione, la possibilit\u00e0 di lavorare offline con tutte le applicazioni e la condivisione di file e documenti dal cloud.<\/p>\n<\/div>","protected":false},"excerpt":{"rendered":"<ul>\n<li>\n<div class=\"woocommerce-product-details__short-description\">\n<ul>\n<li>Microsoft Office Home &amp; Business 2021 MAC<\/li>\n<li>Inviare per e-mail: codice prodotto, istruzioni, link per il download, fattura.<\/li>\n<li>Download immediato!<\/li>\n<li>Nessun limite di tempo, nessun abbonamento<\/li>\n<li>Assistenza gratuita per l'installazione e l'attivazione<\/li>\n<li>Nessuna consegna su supporti dati (USB, CD, ecc.)<\/li>\n<li>Attivazione online e per telefono<\/li>\n<li><strong>NON compatibile con i dispositivi Android e Windows<\/strong><\/li>\n<\/ul>\n<\/div>\n<\/li>\n<\/ul>","protected":false},"featured_media":115839,"comment_status":"open","ping_status":"closed","template":"","meta":{"_acf_changed":false},"product_brand":[],"product_cat":[140],"product_tag":[],"class_list":{"0":"post-21976","1":"product","2":"type-product","3":"status-publish","4":"has-post-thumbnail","6":"product_cat-mac","8":"first","9":"instock","10":"sale","11":"virtual","12":"taxable","13":"purchasable","14":"product-type-simple"},"acf":[],"_links":{"self":[{"href":"https:\/\/keyshop.windowsandoffice.com\/it\/wp-json\/wp\/v2\/product\/21976","targetHints":{"allow":["GET"]}}],"collection":[{"href":"https:\/\/keyshop.windowsandoffice.com\/it\/wp-json\/wp\/v2\/product"}],"about":[{"href":"https:\/\/keyshop.windowsandoffice.com\/it\/wp-json\/wp\/v2\/types\/product"}],"replies":[{"embeddable":true,"href":"https:\/\/keyshop.windowsandoffice.com\/it\/wp-json\/wp\/v2\/comments?post=21976"}],"wp:featuredmedia":[{"embeddable":true,"href":"https:\/\/keyshop.windowsandoffice.com\/it\/wp-json\/wp\/v2\/media\/115839"}],"wp:attachment":[{"href":"https:\/\/keyshop.windowsandoffice.com\/it\/wp-json\/wp\/v2\/media?parent=21976"}],"wp:term":[{"taxonomy":"product_brand","embeddable":true,"href":"https:\/\/keyshop.windowsandoffice.com\/it\/wp-json\/wp\/v2\/product_brand?post=21976"},{"taxonomy":"product_cat","embeddable":true,"href":"https:\/\/keyshop.windowsandoffice.com\/it\/wp-json\/wp\/v2\/product_cat?post=21976"},{"taxonomy":"product_tag","embeddable":true,"href":"https:\/\/keyshop.windowsandoffice.com\/it\/wp-json\/wp\/v2\/product_tag?post=21976"}],"curies":[{"name":"wp","href":"https:\/\/api.w.org\/{rel}","templated":true}]}}