{"id":208,"date":"2020-11-22T04:51:56","date_gmt":"2020-11-22T00:51:56","guid":{"rendered":"http:\/\/keyshop.windowsandoffice.com\/?post_type=product&#038;p=208"},"modified":"2026-02-10T09:31:18","modified_gmt":"2026-02-10T08:31:18","slug":"windows-10-pro","status":"publish","type":"product","link":"https:\/\/keyshop.windowsandoffice.com\/it\/prodotto\/windows-10-pro\/","title":{"rendered":"Licenza Microsoft Windows 10 Professional per 3 PC"},"content":{"rendered":"<h3>Microsoft Windows 10 Professional<\/h3>\n<p><span class=\"VIiyi\" lang=\"en\"><span class=\"JLqJ4b ChMk0b\" data-language-for-alternatives=\"en\" data-language-to-translate-into=\"es\" data-phrase-index=\"0\">Si tratta del sistema operativo Windows pi\u00f9 avanzato e pi\u00f9 sicuro che esista.<\/span> <span class=\"JLqJ4b ChMk0b\" data-language-for-alternatives=\"en\" data-language-to-translate-into=\"es\" data-phrase-index=\"2\">Allo stesso modo, Windows 10 Professional dispone di opzioni di sicurezza avanzate universali, funzioni e app che lo rendono un sistema robusto e affidabile per desktop, laptop e tablet.<\/span><\/span><\/p>\n<blockquote>\n<p style=\"padding-left: 40px;\">Se volete vedere le nostre notizie<strong>, <a href=\"https:\/\/news.dl-winandoffice.com\/en\/\" target=\"_blank\" rel=\"noopener noreferrer nofollow\">clicca qui<\/a><\/strong><\/p>\n<\/blockquote>\n<h3>Caratteristiche<\/h3>\n<p>Con <em><strong>Windows 10 Professionale<\/strong> <\/em>nel cuore del vostro computer, potete fare tutto. E non solo.<\/p>\n<ul>\n<li>Le funzioni di sicurezza integrate includono antivirus, firewall e protezione Internet per consentirvi di lavorare in modo sicuro e protetto.<\/li>\n<li>Scegliete di scansionare il vostro volto o le vostre impronte digitali con <strong>Windows Salve<\/strong> per sbloccare il sistema in modo rapido, sicuro e senza password.<\/li>\n<li><strong>Focus Assist<\/strong> consente di bloccare notifiche, suoni e avvisi per lavorare senza distrazioni.<\/li>\n<li>Il tuo <strong>linea del tempo<\/strong> offre un modo semplice e veloce per scorrere i documenti, le applicazioni e i siti web pi\u00f9 recenti.<\/li>\n<li><strong>Foto di Microsoft<\/strong> \u00e8 un modo semplice per organizzare i propri contenuti multimediali. \u00c8 possibile cercare, modificare e condividere foto e video.<\/li>\n<li>Streaming istantaneo di gameplay in diretta. Registrazioni dello schermo. Controllo delle impostazioni audio individuali con <strong>Bar del gioco<\/strong>.<\/li>\n<li>Remote Desktop consente di sbloccare e accedere virtualmente al proprio computer. Accedete a tutti i vostri file, cartelle e applicazioni da qualsiasi dispositivo tramite Internet.<\/li>\n<li>Windows Information Protection (WIP) aiuta a proteggere da potenziali perdite di dati. Allo stesso modo, WIP non interferisce con l'esperienza dell'utente.<\/li>\n<li><strong>Crittografia unit\u00e0 BitLocker<\/strong> \u00e8 una funzione di protezione dei dati che si integra con il sistema operativo e affronta le minacce di furto dei dati. Inoltre, espone i computer smarriti, rubati o smantellati in modo improprio.<\/li>\n<li>Strumenti progettati per l'uso aziendale.<\/li>\n<\/ul>\n<p style=\"padding-left: 80px;\"><strong>Soprattutto, potrete beneficiare di un avvio pi\u00f9 rapido del sistema e di un menu di avvio familiare ma migliorato. Windows 10 offre anche nuovi modi per fare le cose velocemente. Inoltre, sono disponibili nuove funzionalit\u00e0 come un nuovo browser per una migliore esperienza web. Cortana vi segue su tutti i vostri dispositivi Windows 10. Inoltre, aiuta a semplificare le cose. Con il tempo impara a conoscervi sempre di pi\u00f9 e pu\u00f2 aiutarvi ogni giorno di pi\u00f9.<\/strong><\/p>\n<h3><strong>Caratteristiche avanzate<br \/>\n<\/strong><\/h3>\n<p>Windows 10 Professional vi supporta in modo ottimale in tutto ci\u00f2 che fate. Tenete sotto controllo le cose semplicemente agganciando le app e ottimizzando la condivisione dello schermo per lavorare in modo pi\u00f9 produttivo. Agganciate fino a quattro app contemporaneamente e create desktop virtuali se avete bisogno di pi\u00f9 spazio o volete raggruppare i contenuti per un progetto, ad esempio le app per l'ufficio per il lavoro e i giochi per il tempo libero. I Live Tiles forniscono flussi aggiornati dei contenuti pi\u00f9 importanti in tempo reale.<\/p>\n<p style=\"padding-left: 80px;\">In conclusione, <a href=\"https:\/\/keyshop.windowsandoffice.com\/it\/prodotto\/combo1\/\"><strong>Windows 10<\/strong> <\/a>\u00e8 compatibile con l'hardware, il software e le periferiche gi\u00e0 in uso. Mantenete il vostro sistema aggiornato con funzioni e sicurezza per tutta la durata del supporto del dispositivo.<\/p>\n<p>&nbsp;<\/p>\n<h4><strong>Requisiti di sistema:<br \/>\n<\/strong><\/h4>\n<ul>\n<li><em>Processore da 1 GHz<\/em><\/li>\n<li><em>1 GB (32bit), 2 GB (64bit) di RAM<\/em><\/li>\n<li><em>20 GB di spazio disponibile su disco rigido<\/em><\/li>\n<li><em>Scheda grafica DirectX 9 con driver WDDM<\/em><\/li>\n<\/ul>\n<h4><strong>Supporto:<\/strong><\/h4>\n<p>Per qualsiasi domanda non esitate a contattarci. <a href=\"mailto:keyshop@dl-winandoffice.com\">via e-mail<\/a>. Il nostro supporto clienti \u00e8 disponibile 7 giorni su 7, 24 ore su 24. Pertanto, avrete un supporto immediato.<\/p>\n<p>Inoltre, assicuriamo la disponibilit\u00e0 di tutti i nostri prodotti. Di conseguenza, riceverete il vostro ordine in tempi record.<\/p>\n<p>La nostra azienda vanta oltre 10 anni di esperienza nel settore. Questo significa che forniamo un servizio professionale in base alle vostre esigenze. Perci\u00f2 sentitevi sicuri di far parte della nostra rete di clienti soddisfatti in tutto il mondo.<\/p>\n<p>&nbsp;<\/p>","protected":false},"excerpt":{"rendered":"<h3>Windows 10 Professionale<\/h3>\n<p>\u00e8 il pi\u00f9 avanzato e sicuro <em><strong><a href=\"https:\/\/www.microsoft.com\">Windows in funzione<\/a> <\/strong><\/em>con le sue applicazioni universali e personalizzate, le sue funzioni e le sue opzioni di sicurezza avanzate per desktop, laptop e tablet. <em><strong>Le nuove edizioni e gli aggiornamenti automatici per le vostre applicazioni e funzioni preferite vi permettono di essere pi\u00f9 efficienti e di rilassarvi sapendo che il vostro dispositivo \u00e8 sicuro.<\/strong><\/em><\/p>","protected":false},"featured_media":115825,"comment_status":"open","ping_status":"closed","template":"","meta":{"_acf_changed":false},"product_brand":[],"product_cat":[65,41],"product_tag":[73,72,66,71,52,44],"class_list":{"0":"post-208","1":"product","2":"type-product","3":"status-publish","4":"has-post-thumbnail","6":"product_cat-popular","7":"product_cat-windows-desktop","8":"product_tag-activate-your-pc","9":"product_tag-computer-keys","10":"product_tag-keys","11":"product_tag-office-2019","12":"product_tag-windows","13":"product_tag-windows-10-pro","15":"first","16":"instock","17":"sale","18":"virtual","19":"taxable","20":"purchasable","21":"product-type-simple"},"acf":[],"_links":{"self":[{"href":"https:\/\/keyshop.windowsandoffice.com\/it\/wp-json\/wp\/v2\/product\/208","targetHints":{"allow":["GET"]}}],"collection":[{"href":"https:\/\/keyshop.windowsandoffice.com\/it\/wp-json\/wp\/v2\/product"}],"about":[{"href":"https:\/\/keyshop.windowsandoffice.com\/it\/wp-json\/wp\/v2\/types\/product"}],"replies":[{"embeddable":true,"href":"https:\/\/keyshop.windowsandoffice.com\/it\/wp-json\/wp\/v2\/comments?post=208"}],"wp:featuredmedia":[{"embeddable":true,"href":"https:\/\/keyshop.windowsandoffice.com\/it\/wp-json\/wp\/v2\/media\/115825"}],"wp:attachment":[{"href":"https:\/\/keyshop.windowsandoffice.com\/it\/wp-json\/wp\/v2\/media?parent=208"}],"wp:term":[{"taxonomy":"product_brand","embeddable":true,"href":"https:\/\/keyshop.windowsandoffice.com\/it\/wp-json\/wp\/v2\/product_brand?post=208"},{"taxonomy":"product_cat","embeddable":true,"href":"https:\/\/keyshop.windowsandoffice.com\/it\/wp-json\/wp\/v2\/product_cat?post=208"},{"taxonomy":"product_tag","embeddable":true,"href":"https:\/\/keyshop.windowsandoffice.com\/it\/wp-json\/wp\/v2\/product_tag?post=208"}],"curies":[{"name":"wp","href":"https:\/\/api.w.org\/{rel}","templated":true}]}}