{"id":16210,"date":"2023-01-06T13:53:00","date_gmt":"2023-01-06T12:53:00","guid":{"rendered":"https:\/\/keyshop.windowsandoffice.com\/?post_type=product&#038;p=16210"},"modified":"2026-04-17T02:30:41","modified_gmt":"2026-04-17T00:30:41","slug":"visio-2021-standard","status":"publish","type":"product","link":"https:\/\/keyshop.windowsandoffice.com\/it\/prodotto\/visio-2021-standard\/","title":{"rendered":"Microsoft Visio 2021 Licenza standard per 3 PC"},"content":{"rendered":"<h3>Visio 2021 Standard<\/h3>\n<p>Microsoft Visio Standard 2021 \u00e8 la nuova generazione del popolare software Microsoft per la creazione e la modifica di diagrammi e visualizzazioni. Visio Standard \u00e8 particolarmente adatto alle aziende, in quanto diversi utenti di un team o di un reparto possono lavorare contemporaneamente sui diagrammi. Sono disponibili numerose interfacce per condividere le visualizzazioni finite sia internamente che esternamente con persone selezionate. Microsoft ha lavorato intensamente sui modelli e sulle forme che vengono continuamente utilizzati in Visio. Anche gli stili dei diagrammi sono stati migliorati per renderli pi\u00f9 suggestivi dal punto di vista visivo e, allo stesso tempo, pi\u00f9 facili da leggere. Con Microsoft Visio Standard 2021 \u00e8 inoltre possibile inserire dati in una visualizzazione esistente in tempo reale.<\/p>","protected":false},"excerpt":{"rendered":"<p>Microsoft Visio Standard 2021 \u00e8 la nuova generazione del popolare software Microsoft per la creazione e la modifica di diagrammi e visualizzazioni. Visio Standard \u00e8 particolarmente adatto alle aziende, in quanto diversi utenti di un team o di un reparto possono lavorare contemporaneamente sui diagrammi. Sono disponibili numerose interfacce per condividere le visualizzazioni finite sia internamente che esternamente con persone selezionate.<\/p>\n<p><strong>Nota:<\/strong><\/p>\n<ul>\n<li><strong>Questo prodotto \u00e8 compatibile solo con gli Windows 10 e 11.<\/strong><\/li>\n<li><strong>Questo prodotto NON \u00e8 compatibile con i sistemi operativi Apple (MacOS, iPadOS, iOS), con i Chromebook.<\/strong><\/li>\n<\/ul>","protected":false},"featured_media":115837,"comment_status":"open","ping_status":"closed","template":"","meta":{"_acf_changed":false},"product_brand":[],"product_cat":[40,56],"product_tag":[],"class_list":{"0":"post-16210","1":"product","2":"type-product","3":"status-publish","4":"has-post-thumbnail","6":"product_cat-msoffice","7":"product_cat-visio","9":"first","10":"instock","11":"sale","12":"virtual","13":"taxable","14":"purchasable","15":"product-type-simple"},"acf":[],"_links":{"self":[{"href":"https:\/\/keyshop.windowsandoffice.com\/it\/wp-json\/wp\/v2\/product\/16210","targetHints":{"allow":["GET"]}}],"collection":[{"href":"https:\/\/keyshop.windowsandoffice.com\/it\/wp-json\/wp\/v2\/product"}],"about":[{"href":"https:\/\/keyshop.windowsandoffice.com\/it\/wp-json\/wp\/v2\/types\/product"}],"replies":[{"embeddable":true,"href":"https:\/\/keyshop.windowsandoffice.com\/it\/wp-json\/wp\/v2\/comments?post=16210"}],"wp:featuredmedia":[{"embeddable":true,"href":"https:\/\/keyshop.windowsandoffice.com\/it\/wp-json\/wp\/v2\/media\/115837"}],"wp:attachment":[{"href":"https:\/\/keyshop.windowsandoffice.com\/it\/wp-json\/wp\/v2\/media?parent=16210"}],"wp:term":[{"taxonomy":"product_brand","embeddable":true,"href":"https:\/\/keyshop.windowsandoffice.com\/it\/wp-json\/wp\/v2\/product_brand?post=16210"},{"taxonomy":"product_cat","embeddable":true,"href":"https:\/\/keyshop.windowsandoffice.com\/it\/wp-json\/wp\/v2\/product_cat?post=16210"},{"taxonomy":"product_tag","embeddable":true,"href":"https:\/\/keyshop.windowsandoffice.com\/it\/wp-json\/wp\/v2\/product_tag?post=16210"}],"curies":[{"name":"wp","href":"https:\/\/api.w.org\/{rel}","templated":true}]}}