{"id":1588,"date":"2020-05-17T04:32:17","date_gmt":"2020-05-17T00:32:17","guid":{"rendered":"https:\/\/keyshop.windowsandoffice.com\/?post_type=product&#038;p=1588"},"modified":"2026-01-13T20:50:00","modified_gmt":"2026-01-13T19:50:00","slug":"ms-project-2016-professional","status":"publish","type":"product","link":"https:\/\/keyshop.windowsandoffice.com\/it\/prodotto\/ms-project-2016-professional\/","title":{"rendered":"Licenza Microsoft Project 2016 Professional per 3 PC"},"content":{"rendered":"<h2>Progetto 2016 Professional<\/h2>\n<p>&nbsp;<\/p>\n<p>Innanzitutto, Project 2016 Professional \u00e8 un'applicazione efficiente per gestire e monitorare l'avanzamento dei progetti. Pertanto, questa versione include molte funzioni e opzioni per creare un piano di progetto e monitorarne l'avanzamento in base al budget definito. Inoltre, potrete sperimentare un'interfaccia facile da usare con un flusso applicativo auto-narrativo. Inoltre, \u00e8 possibile utilizzarla anche se si \u00e8 alle prime armi.<\/p>\n<p>&nbsp;<\/p>\n<p>Inoltre, utilizzando l'ultima versione di Project \u00e8 possibile visualizzare numerosi rapporti sui progetti e barre temporali multiple personalizzate in base ai progetti. Inoltre, la gestione delle risorse in Project \u00e8 una delle caratteristiche vitali che vi porter\u00e0 a un livello ottimale di professionalit\u00e0. Per questo motivo, \u00e8 possibile applicare diversi filtri ai rapporti che si desidera visualizzare. Inoltre, questa applicazione ha un'ottima compatibilit\u00e0 con altre applicazioni Microsoft per l'integrazione. In conclusione, possiamo dire che si tratta di un'applicazione utile per i project manager e che deve essere provata una volta.<\/p>\n<h3><strong>Caratteristiche del prodotto<\/strong><\/h3>\n<p>Per questo motivo, dopo Project 2016 Professional potrete sperimentare le seguenti caratteristiche principali:<\/p>\n<ul>\n<li>Applicazione potente per pianificare e gestire i progetti.<\/li>\n<li>Tracciare i progressi e gestire il budget.<\/li>\n<li>Un'interfaccia utente semplice e facilmente comprensibile.<\/li>\n<li>Integrazione rapida e semplice con altri prodotti Microsoft.<\/li>\n<li>Analizzare il carico di lavoro e generare diversi rapporti.<\/li>\n<li>Nuovo quesito dell'ufficio \"Dimmi cosa vuoi fare\".<\/li>\n<li>Personalizzare la vista per ottenere risultati personalizzati.<\/li>\n<li>Generare pi\u00f9 barre temporali e impostare intervalli di date personalizzati.<\/li>\n<\/ul>\n<h3><strong>Requisiti di sistema:<\/strong><\/h3>\n<ul>\n<li>Windows 10, Windows 8.1, Windows 8, Windows 7 Service Pack 1, Windows Server 2016, Windows Server 2012 R2, Windows Server 2012 o Windows Server 2008 R2.<\/li>\n<li>Processore x86-bit o x64-bit da 1 GHz o pi\u00f9 veloce con set di istruzioni SSE2.<\/li>\n<li>2 GB DI RAM.<\/li>\n<li>3 GB di spazio disponibile su disco.<\/li>\n<li>L'accelerazione hardware della grafica richiede una scheda grafica DirectX 10.<\/li>\n<li>\u00c8 richiesto .NET 3.5. Alcune funzioni possono richiedere l'installazione di .NET 4.0, 4.5 o 4.6 CLR.<\/li>\n<\/ul>\n<p>Si abbina perfettamente con <a href=\"https:\/\/keyshop.windowsandoffice.com\/it\/prodotto\/windows-10-pro\/\">windows 10 pro<\/a> e <a href=\"https:\/\/keyshop.windowsandoffice.com\/it\/prodotto\/windows-10-home\/\">windows home.<\/a><\/p>\n<h3><strong>Supporto:<\/strong><\/h3>\n<p>Per qualsiasi domanda non esitate a contattarci. <a href=\"mailto:keyshop@dl-winandoffice.com\">via e-mail<\/a>. Il nostro supporto clienti \u00e8 disponibile 7 giorni su 7, 24 ore su 24. Pertanto, avrete un supporto immediato.<\/p>\n<p>Inoltre, assicuriamo la disponibilit\u00e0 di tutti i nostri prodotti. Di conseguenza, riceverete il vostro ordine in tempi record.<\/p>\n<p>La nostra azienda vanta oltre 10 anni di esperienza nel settore. Questo significa che forniamo un servizio professionale in base alle vostre esigenze. Perci\u00f2 sentitevi sicuri di far parte della nostra rete di clienti soddisfatti in tutto il mondo.<\/p>\n<p>Quindi, se volete vedere le nostre notizie<strong>, <a href=\"https:\/\/news.dl-winandoffice.com\/en\/\" target=\"_blank\" rel=\"noopener noreferrer nofollow\">clicca qui<\/a><\/strong><\/p>\n<div id=\"gtx-trans\">\n<div class=\"gtx-trans-icon\"><\/div>\n<\/div>\n<div id=\"gtx-trans\">\n<div class=\"gtx-trans-icon\"><\/div>\n<\/div>","protected":false},"excerpt":{"rendered":"<p>Microsoft Project Pro 2016 \u00e8 un'applicazione efficiente per gestire e monitorare l'avanzamento dei progetti. Questa versione include molte funzioni e opzioni per creare un piano di progetto e monitorarne l'avanzamento in base al budget definito. Inoltre, potrete sperimentare un'interfaccia facile da usare con un flusso applicativo auto-narrativo. \u00c8 possibile utilizzarla anche se si \u00e8 alle prime armi.<\/p>\n<p><strong>\u00a0 \u00a0 \u00a0 \u00a0 \u00a0 \u00a0 \u00a0 \u00a0 \u00a0 \u00a0 Nota:<\/strong><\/p>\n<ul>\n<li style=\"list-style-type: none;\">\n<ul>\n<li><strong>Project 2016 Professional \u00e8 compatibile solo con Windows 10 e 11.<\/strong><\/li>\n<\/ul>\n<\/li>\n<\/ul>\n<ul>\n<li style=\"list-style-type: none;\">\n<ul>\n<li><strong>Project 2016 Professional NON \u00e8 compatibile con i sistemi operativi Apple (MacOS, iPadOS, iOS), con i Chromebook.<\/strong><\/li>\n<\/ul>\n<\/li>\n<\/ul>","protected":false},"featured_media":115820,"comment_status":"open","ping_status":"closed","template":"","meta":{"_acf_changed":false},"product_brand":[],"product_cat":[40,57],"product_tag":[],"class_list":{"0":"post-1588","1":"product","2":"type-product","3":"status-publish","4":"has-post-thumbnail","6":"product_cat-msoffice","7":"product_cat-project","9":"first","10":"instock","11":"sale","12":"virtual","13":"taxable","14":"purchasable","15":"product-type-simple"},"acf":[],"_links":{"self":[{"href":"https:\/\/keyshop.windowsandoffice.com\/it\/wp-json\/wp\/v2\/product\/1588","targetHints":{"allow":["GET"]}}],"collection":[{"href":"https:\/\/keyshop.windowsandoffice.com\/it\/wp-json\/wp\/v2\/product"}],"about":[{"href":"https:\/\/keyshop.windowsandoffice.com\/it\/wp-json\/wp\/v2\/types\/product"}],"replies":[{"embeddable":true,"href":"https:\/\/keyshop.windowsandoffice.com\/it\/wp-json\/wp\/v2\/comments?post=1588"}],"wp:featuredmedia":[{"embeddable":true,"href":"https:\/\/keyshop.windowsandoffice.com\/it\/wp-json\/wp\/v2\/media\/115820"}],"wp:attachment":[{"href":"https:\/\/keyshop.windowsandoffice.com\/it\/wp-json\/wp\/v2\/media?parent=1588"}],"wp:term":[{"taxonomy":"product_brand","embeddable":true,"href":"https:\/\/keyshop.windowsandoffice.com\/it\/wp-json\/wp\/v2\/product_brand?post=1588"},{"taxonomy":"product_cat","embeddable":true,"href":"https:\/\/keyshop.windowsandoffice.com\/it\/wp-json\/wp\/v2\/product_cat?post=1588"},{"taxonomy":"product_tag","embeddable":true,"href":"https:\/\/keyshop.windowsandoffice.com\/it\/wp-json\/wp\/v2\/product_tag?post=1588"}],"curies":[{"name":"wp","href":"https:\/\/api.w.org\/{rel}","templated":true}]}}