{"id":1582,"date":"2020-05-17T04:10:38","date_gmt":"2020-05-17T00:10:38","guid":{"rendered":"https:\/\/keyshop.windowsandoffice.com\/?post_type=product&#038;p=1582"},"modified":"2026-01-13T20:50:00","modified_gmt":"2026-01-13T19:50:00","slug":"ms-project-2019-professional","status":"publish","type":"product","link":"https:\/\/keyshop.windowsandoffice.com\/it\/prodotto\/ms-project-2019-professional\/","title":{"rendered":"Licenza Microsoft Project 2019 Professional per 3 PC"},"content":{"rendered":"<p>Collaborate con altri per avviare e implementare progetti di successo in pochissimo tempo. Include tutte le funzionalit\u00e0 di Project Standard pi\u00f9 la collaborazione nella gestione delle risorse, la sincronizzazione delle attivit\u00e0 in SharePoint, l'invio di timesheet e altro ancora. Microsoft Project Professional 2019 offre funzioni flessibili che vi aiuteranno a pianificare i progetti, a tenere traccia dello stato e a collaborare con gli altri praticamente ovunque. L'applicazione offre comunicazione in tempo reale e messaggistica istantanea, attivata direttamente nel piano di progetto tramite Skype for Business, e consolida tutte le potenziali risorse del progetto in un'unica vista.<\/p>\n<p>Rimanere organizzati, concentrati e responsabili. Affrontate qualsiasi cosa, dai piccoli progetti alle grandi iniziative. Potete essere o meno un project manager, ma ora potete essere il capo di qualsiasi progetto con un'applicazione potente e facile da usare.<\/p>\n<h4><strong>Facile da avviare, semplice da usare e viceversa<\/strong><\/h4>\n<p>Con Project 2019 Professional lavorate con fiducia grazie a un potente strumento di gestione dei progetti che rende semplice e facile l'avvio e la gestione dei progetti.<\/p>\n<h4><strong>Eliminate il dolore dei progetti pi\u00f9 impegnativi<\/strong><\/h4>\n<p>Anche i progetti pi\u00f9 complessi sono pi\u00f9 facili da gestire quando si possono scegliere i metodi e gli strumenti pi\u00f9 adatti alle proprie esigenze.<\/p>\n<h4><strong>Lavorare fianco a fianco senza essere affiancati<\/strong><\/h4>\n<p>Collaborate ai progetti anche quando siete in continenti diversi. Permettete a tutti i membri del team di aggiornare le attivit\u00e0 simultaneamente, in modo da ottenere di pi\u00f9 insieme.<\/p>\n<h4><strong>Rimanere in carreggiata senza sforzo<\/strong><\/h4>\n<p>Pianificate facilmente i vostri progetti con la potenza della programmazione dinamica basata sull'impegno necessario, sulla durata del progetto e sui membri del team assegnati.<\/p>\n<h4><strong>Migliorare la visione e i risultati con la business intelligence<\/strong><\/h4>\n<p>Create dashboard interattivi per visualizzare lo stato generale e approfondire i dettagli dei vostri progetti e programmi, utilizzando la visualizzazione di Power BI*.<\/p>\n<h4><strong>Sfruttare il potere di innovare<\/strong><\/h4>\n<p>Costruite le esperienze desktop o mobili che desiderate e create facilmente flussi di lavoro automatizzati. Il tutto con una piattaforma flessibile e sicura costruita su Azure, il cloud aziendale pi\u00f9 affidabile al mondo.<\/p>\n<h4><strong>Requisiti di sistema<\/strong><\/h4>\n<ul>\n<li>1,6 GHz, processore a 2 core<\/li>\n<li>Sistema operativo Windows 10 per PC<\/li>\n<li>2 GB (32bit), 4 GB (64bit) di RAM<\/li>\n<li>4 GB di spazio disponibile su disco rigido<\/li>\n<li>Scheda grafica DirectX 10 per l'utilizzo dell'accelerazione hardware della grafica<\/li>\n<\/ul>\n<p>Siete alla ricerca di <a href=\"https:\/\/keyshop.windowsandoffice.com\/it\/prodotto\/ms-visio-2019-professional\/\">Visio 2019 Professional<\/a>?<\/p>\n<h4><strong>Supporto:<\/strong><\/h4>\n<p>Per qualsiasi domanda non esitate a contattarci. <a href=\"mailto:keyshop@dl-winandoffice.com\">via e-mail<\/a>. Il nostro supporto clienti \u00e8 disponibile 7 giorni su 7, 24 ore su 24. Pertanto, avrete un supporto immediato.<\/p>\n<p>Inoltre, assicuriamo la disponibilit\u00e0 di tutti i nostri prodotti. Di conseguenza, riceverete il vostro ordine in tempi record.<\/p>\n<p>La nostra azienda vanta oltre 10 anni di esperienza nel settore. Questo significa che forniamo un servizio professionale in base alle vostre esigenze. Perci\u00f2 sentitevi sicuri di far parte della nostra rete di clienti soddisfatti in tutto il mondo.<\/p>\n<p>Quindi, se volete vedere le nostre notizie<strong>, <a href=\"https:\/\/news.dl-winandoffice.com\/en\/\" target=\"_blank\" rel=\"noopener noreferrer nofollow\">clicca qui<\/a><\/strong><\/p>\n<p>&nbsp;<\/p>","protected":false},"excerpt":{"rendered":"<p>Collaborate con altri per avviare e implementare progetti di successo in pochissimo tempo. Include tutte le funzionalit\u00e0 di Project Standard pi\u00f9 la collaborazione nella gestione delle risorse, la sincronizzazione delle attivit\u00e0 in SharePoint, l'invio di timesheet e altro ancora. Microsoft Project Professional 2019 offre funzioni flessibili che vi aiuteranno a pianificare i progetti, a tenere traccia dello stato e a collaborare con gli altri praticamente ovunque. L'applicazione offre comunicazione in tempo reale e messaggistica istantanea, attivata direttamente nel piano di progetto tramite Skype for Business, e consolida tutte le potenziali risorse del progetto in un'unica vista.<\/p>\n<p><strong>Nota:<\/strong><\/p>\n<ul>\n<li style=\"list-style-type: none;\">\n<ul>\n<li><strong>Project Professional 2019 \u00e8 compatibile solo con Windows 10 e 11.<\/strong><\/li>\n<\/ul>\n<\/li>\n<\/ul>\n<ul>\n<li style=\"list-style-type: none;\">\n<ul>\n<li><strong>Project Professional 2019 NON \u00e8 compatibile con i sistemi operativi Apple (MacOS, iPadOS, iOS) e con i Chromebook.<\/strong><\/li>\n<\/ul>\n<\/li>\n<\/ul>","protected":false},"featured_media":115818,"comment_status":"open","ping_status":"closed","template":"","meta":{"_acf_changed":false},"product_brand":[],"product_cat":[40,57],"product_tag":[],"class_list":{"0":"post-1582","1":"product","2":"type-product","3":"status-publish","4":"has-post-thumbnail","6":"product_cat-msoffice","7":"product_cat-project","9":"first","10":"instock","11":"sale","12":"virtual","13":"taxable","14":"purchasable","15":"product-type-simple"},"acf":[],"_links":{"self":[{"href":"https:\/\/keyshop.windowsandoffice.com\/it\/wp-json\/wp\/v2\/product\/1582","targetHints":{"allow":["GET"]}}],"collection":[{"href":"https:\/\/keyshop.windowsandoffice.com\/it\/wp-json\/wp\/v2\/product"}],"about":[{"href":"https:\/\/keyshop.windowsandoffice.com\/it\/wp-json\/wp\/v2\/types\/product"}],"replies":[{"embeddable":true,"href":"https:\/\/keyshop.windowsandoffice.com\/it\/wp-json\/wp\/v2\/comments?post=1582"}],"wp:featuredmedia":[{"embeddable":true,"href":"https:\/\/keyshop.windowsandoffice.com\/it\/wp-json\/wp\/v2\/media\/115818"}],"wp:attachment":[{"href":"https:\/\/keyshop.windowsandoffice.com\/it\/wp-json\/wp\/v2\/media?parent=1582"}],"wp:term":[{"taxonomy":"product_brand","embeddable":true,"href":"https:\/\/keyshop.windowsandoffice.com\/it\/wp-json\/wp\/v2\/product_brand?post=1582"},{"taxonomy":"product_cat","embeddable":true,"href":"https:\/\/keyshop.windowsandoffice.com\/it\/wp-json\/wp\/v2\/product_cat?post=1582"},{"taxonomy":"product_tag","embeddable":true,"href":"https:\/\/keyshop.windowsandoffice.com\/it\/wp-json\/wp\/v2\/product_tag?post=1582"}],"curies":[{"name":"wp","href":"https:\/\/api.w.org\/{rel}","templated":true}]}}