{"id":1576,"date":"2020-05-17T03:25:23","date_gmt":"2020-05-16T23:25:23","guid":{"rendered":"https:\/\/keyshop.windowsandoffice.com\/?post_type=product&#038;p=1576"},"modified":"2026-01-13T20:50:00","modified_gmt":"2026-01-13T19:50:00","slug":"ms-visio-2019-professional","status":"publish","type":"product","link":"https:\/\/keyshop.windowsandoffice.com\/it\/prodotto\/ms-visio-2019-professional\/","title":{"rendered":"Licenza Microsoft Visio 2019 Professional per 3 PC"},"content":{"rendered":"<p>Microsoft Visio rimane, nell'edizione Professional 2019, il miglior strumento per la progettazione di diagrammi nelle aziende. Pertanto, potrete lavorare sulla base di standard industriali comuni, come l'IEEE. Inoltre, Microsoft ha apportato migliaia di miglioramenti nei dettagli. Ha anche introdotto nuove funzionalit\u00e0, soprattutto per facilitare il lavoro su progetti in team pi\u00f9 numerosi. Pertanto, il software \u00e8 esplicitamente rivolto agli utenti professionali. Tuttavia, rimane la consueta facilit\u00e0 di accesso al programma, ottenuta soprattutto grazie agli innumerevoli modelli e alla collaudata interfaccia di Office. Ogni acquirente continua a ricevere 2 GB di spazio di archiviazione gratuito con OneDrive, la soluzione cloud di Microsoft.<\/p>\n<h4>Cosa c'\u00e8 di nuovo in Visio 2019 Professional<\/h4>\n<p>I diagrammi possono essere generati immediatamente dopo l'avvio del programma. Centinaia di modelli e una selezione di oltre 250.000 forme lo garantiscono. Inoltre, vengono aggiunti periodicamente nuovi modelli. Gli utenti possono condividere i diagrammi finiti come set di dati Visio e anche su Internet. I diagrammi di Visio Professional 2019 possono essere visualizzati sul web o come file PDF, per gli utenti che non utilizzano Visio sul proprio dispositivo. Il creatore del progetto vede immediatamente i commenti che gli altri utenti memorizzano nel diagramma e riceve quindi i commenti.<\/p>\n<h4>Compatibilit\u00e0 con software proprietario e di terze parti<\/h4>\n<p>Visio 2019 Professional \u00e8 compatibile con i software Microsoft Office come Excel e anche con software di terze parti come il famoso AutoCAD. Questa caratteristica consente di risparmiare tempo sul lavoro.<br \/>\nPer dare vita a questi diagrammi e visualizzare in modo chiaro una grande quantit\u00e0 di informazioni, sono disponibili innumerevoli colori, forme e grafici per concentrarsi sui dati importanti per l'osservatore.<\/p>\n<h4>Lavoro di squadra<\/h4>\n<p>Non appena i dati di qualsiasi tipo gi\u00e0 integrati nel diagramma cambiano, Microsoft Visio Professional 2019 modifica immediatamente anche la presentazione del progetto. A tale scopo, il programma esegue una scansione permanente dei dati integrati, indipendentemente dalla loro provenienza e dalla loro disponibilit\u00e0 locale o in rete, e trasferisce immediatamente le modifiche al diagramma corrente. Ci\u00f2 significa che tutti coloro che lavorano al progetto hanno sempre una visione d'insieme e lavorano insieme su un'unica versione del diagramma. L'eliminazione degli aggiornamenti manuali semplifica inoltre il processo di lavoro e fa risparmiare molto tempo nel lungo periodo.<\/p>\n<h4>Compatibilit\u00e0 con il sistema operativo<\/h4>\n<p>Microsoft ha sviluppato Visio Professional 2019 per supportare solo una delle edizioni di Windows 10 e Windows 10S. Non \u00e8 possibile eseguire il software con una versione precedente di Windows. Inoltre, questa offerta \u00e8 una chiave di prodotto per un PC desktop o portatile. Non ci sono pi\u00f9 costi di abbonamento. Microsoft garantisce l'aggiornamento del software per almeno cinque anni.<\/p>\n<h4><strong>Requisiti di sistema:<\/strong><\/h4>\n<ul>\n<li>Windows 10, Windows Server 2019<\/li>\n<li>1,6 GHz o pi\u00f9 veloce, processore a 2 core<\/li>\n<li>2 GB di RAM (32 bit); 4 GB di RAM (64 bit)<\/li>\n<li>4 GB di spazio disponibile su disco<\/li>\n<li>L'accelerazione hardware della grafica richiede DirectX 9 o successive, con WDDM 2.0 o superiore per Windows 10 (o WDDM 1.3 o superiore per Windows 10 Fall Creators Update).<\/li>\n<\/ul>\n<p>Siete alla ricerca di <a href=\"https:\/\/keyshop.windowsandoffice.com\/it\/prodotto\/ms-project-2019-professional\/\">Progetto 2019 Professional<\/a>?<\/p>\n<h4><strong>Supporto:<\/strong><\/h4>\n<p>Per qualsiasi domanda non esitate a contattarci. <a href=\"mailto:keyshop@dl-winandoffice.com\">via e-mail<\/a>. Il nostro supporto clienti \u00e8 disponibile 7 giorni su 7, 24 ore su 24. Pertanto, avrete un supporto immediato.<\/p>\n<p>Inoltre, assicuriamo la disponibilit\u00e0 di tutti i nostri prodotti. Di conseguenza, riceverete il vostro ordine in tempi record.<\/p>\n<p>La nostra azienda vanta oltre 10 anni di esperienza nel settore. Questo significa che forniamo un servizio professionale in base alle vostre esigenze. Perci\u00f2 sentitevi sicuri di far parte della nostra rete di clienti soddisfatti in tutto il mondo.<\/p>\n<p>Quindi, se volete vedere le nostre notizie<strong>, <a href=\"https:\/\/news.dl-winandoffice.com\/en\/\" target=\"_blank\" rel=\"noopener noreferrer nofollow\">clicca qui<\/a><\/strong><\/p>\n<p>&nbsp;<\/p>","protected":false},"excerpt":{"rendered":"<p>Visio 2019 \u00e8 una potente applicazione di diagrammi che consente di lavorare visivamente per creare ogni tipo di diagramma ed \u00e8 leader del settore con oltre 12 milioni di utenti. Visio 2019 semplifica la definizione dei processi aziendali, la documentazione delle best practice, la visualizzazione dello stato futuro delle iniziative di trasformazione e l'aggiornamento delle informazioni operative in azienda. Utilizzando Office 365, \u00e8 possibile condividere i diagrammi di Visio con tutti e comunicare un'unica versione della verit\u00e0 per favorire l'allineamento dell'intera organizzazione.<\/p>\n<p><strong>Nota:<\/strong><\/p>\n<ul>\n<li><strong>Questo prodotto \u00e8 compatibile solo con gli Windows 10 e 11.<\/strong><\/li>\n<li><strong>Questo prodotto NON \u00e8 compatibile con i sistemi operativi Apple (MacOS, iPadOS, iOS), con i Chromebook.<\/strong><\/li>\n<\/ul>","protected":false},"featured_media":1607,"comment_status":"open","ping_status":"closed","template":"","meta":{"_acf_changed":false},"product_brand":[],"product_cat":[40,56],"product_tag":[],"class_list":{"0":"post-1576","1":"product","2":"type-product","3":"status-publish","4":"has-post-thumbnail","6":"product_cat-msoffice","7":"product_cat-visio","9":"first","10":"instock","11":"sale","12":"virtual","13":"taxable","14":"purchasable","15":"product-type-simple"},"acf":[],"_links":{"self":[{"href":"https:\/\/keyshop.windowsandoffice.com\/it\/wp-json\/wp\/v2\/product\/1576","targetHints":{"allow":["GET"]}}],"collection":[{"href":"https:\/\/keyshop.windowsandoffice.com\/it\/wp-json\/wp\/v2\/product"}],"about":[{"href":"https:\/\/keyshop.windowsandoffice.com\/it\/wp-json\/wp\/v2\/types\/product"}],"replies":[{"embeddable":true,"href":"https:\/\/keyshop.windowsandoffice.com\/it\/wp-json\/wp\/v2\/comments?post=1576"}],"wp:featuredmedia":[{"embeddable":true,"href":"https:\/\/keyshop.windowsandoffice.com\/it\/wp-json\/wp\/v2\/media\/1607"}],"wp:attachment":[{"href":"https:\/\/keyshop.windowsandoffice.com\/it\/wp-json\/wp\/v2\/media?parent=1576"}],"wp:term":[{"taxonomy":"product_brand","embeddable":true,"href":"https:\/\/keyshop.windowsandoffice.com\/it\/wp-json\/wp\/v2\/product_brand?post=1576"},{"taxonomy":"product_cat","embeddable":true,"href":"https:\/\/keyshop.windowsandoffice.com\/it\/wp-json\/wp\/v2\/product_cat?post=1576"},{"taxonomy":"product_tag","embeddable":true,"href":"https:\/\/keyshop.windowsandoffice.com\/it\/wp-json\/wp\/v2\/product_tag?post=1576"}],"curies":[{"name":"wp","href":"https:\/\/api.w.org\/{rel}","templated":true}]}}