{"id":1569,"date":"2020-05-17T03:22:46","date_gmt":"2020-05-16T23:22:46","guid":{"rendered":"https:\/\/keyshop.windowsandoffice.com\/?post_type=product&#038;p=1569"},"modified":"2026-01-13T20:50:00","modified_gmt":"2026-01-13T19:50:00","slug":"ms-visio-2016-professional","status":"publish","type":"product","link":"https:\/\/keyshop.windowsandoffice.com\/it\/prodotto\/ms-visio-2016-professional\/","title":{"rendered":"Licenza Microsoft Visio 2016 Professional per 3 PC"},"content":{"rendered":"<p>Con Microsoft Visio Professional 2016, singoli e team possono creare e condividere diagrammi professionali e versatili che semplificano informazioni complesse in modo pi\u00f9 semplice che mai. Include tutte le funzionalit\u00e0 di Visio Standard 2016, oltre a moduli, modelli e stili aggiornati, un supporto migliorato per la collaborazione in team, compresa la possibilit\u00e0 per pi\u00f9 persone di lavorare contemporaneamente su un singolo grafico, e la possibilit\u00e0 di collegare i grafici ai dati.<\/p>\n<p>Semplificate la trasmissione di informazioni complesse con diagrammi collegati ai dati e creabili con pochi clic. Con Visio, creare grafici \u00e8 un gioco da ragazzi. Che si tratti di creare rapidamente un diagramma di flusso di un processo discusso con i colleghi su una lavagna, di mappare una rete IT, di creare un organigramma, di documentare un processo aziendale o di disegnare una planimetria, Visio vi aiuta a visualizzare il vostro lavoro.<\/p>\n<h4>Compatibilit\u00e0 del software<\/h4>\n<p>Collegate i dati con la visualizzazione di una struttura organizzativa, di una rete IT, di un impianto di produzione o di processi aziendali complessi per poter riconoscere le prestazioni a prima vista.<\/p>\n<p>Le forme di Visio possono essere collegate a numerose fonti di dati come Microsoft Excel, Microsoft Excel Services, Active Directory, Microsoft SQL Server, Microsoft SQL Azure e gli elenchi di Microsoft SharePoint, nonch\u00e9 Business Connectivity Services.<\/p>\n<p>Utilizzate grafici di dati come simboli, colori o testo per semplificare e migliorare la visualizzazione di informazioni complesse. Sfruttate la nuova connettivit\u00e0 in un solo passaggio con i fogli di calcolo Excel e scambiate i grafici dei dati con un solo clic in base alle vostre idee.<\/p>\n<p>Siete alla ricerca di <a href=\"https:\/\/keyshop.windowsandoffice.com\/it\/prodotto\/ms-project-2016-professional\/\">Progetto 2016 Professional<\/a>?<\/p>\n<h4><strong>Requisiti di sistema:<\/strong><\/h4>\n<ul>\n<li>Windows 10, Windows 8.1, Windows 8, Windows 7 Service Pack 1, Windows Server 2016, Windows Server 2012 R2, Windows Server 2012 o Windows Server 2008 R2.<\/li>\n<li>Processore x86-bit o x64-bit da 1 GHz o pi\u00f9 veloce con set di istruzioni SSE2<\/li>\n<li>2 GB DI RAM<\/li>\n<li>3 GB di spazio disponibile su disco<\/li>\n<li>L'accelerazione hardware della grafica richiede una scheda grafica DirectX 10.<\/li>\n<li>\u00c8 richiesto .NET 3.5. Alcune funzioni possono richiedere l'installazione di .NET 4.0, 4.5 o 4.6 CLR.<\/li>\n<\/ul>\n<h4><strong>Supporto:<\/strong><\/h4>\n<p>Per qualsiasi domanda non esitate a contattarci. <a href=\"mailto:keyshop@dl-winandoffice.com\">via e-mail<\/a>. Il nostro supporto clienti \u00e8 disponibile 7 giorni su 7, 24 ore su 24. Pertanto, avrete un supporto immediato.<\/p>\n<p>Inoltre, assicuriamo la disponibilit\u00e0 di tutti i nostri prodotti. Di conseguenza, riceverete il vostro ordine in tempi record.<\/p>\n<p>La nostra azienda vanta oltre 10 anni di esperienza nel settore. Questo significa che forniamo un servizio professionale in base alle vostre esigenze. Perci\u00f2 sentitevi sicuri di far parte della nostra rete di clienti soddisfatti in tutto il mondo.<\/p>\n<p>Quindi, se volete vedere le nostre notizie<strong>, <a href=\"https:\/\/news.dl-winandoffice.com\/en\/\" target=\"_blank\" rel=\"noopener noreferrer nofollow\">clicca qui<\/a><\/strong><\/p>\n<p>&nbsp;<\/p>","protected":false},"excerpt":{"rendered":"<p>Con Microsoft Visio Professional 2016, singoli e team possono creare e condividere diagrammi professionali e versatili che semplificano informazioni complesse in modo pi\u00f9 semplice che mai. Include tutte le funzionalit\u00e0 di Visio Standard 2016, oltre a moduli, modelli e stili aggiornati, un supporto migliorato per la collaborazione in team, compresa la possibilit\u00e0 per pi\u00f9 persone di lavorare contemporaneamente su un singolo grafico, e la possibilit\u00e0 di collegare i grafici ai dati.<\/p>\n<p><strong>Nota:<\/strong><\/p>\n<ul>\n<li><strong>Questo prodotto \u00e8 compatibile solo con gli Windows 10 e 11.<\/strong><\/li>\n<li><strong>Questo prodotto NON \u00e8 compatibile con i sistemi operativi Apple (MacOS, iPadOS, iOS), con i Chromebook.<\/strong><\/li>\n<\/ul>","protected":false},"featured_media":115819,"comment_status":"open","ping_status":"closed","template":"","meta":{"_acf_changed":false},"product_brand":[],"product_cat":[40,56],"product_tag":[],"class_list":{"0":"post-1569","1":"product","2":"type-product","3":"status-publish","4":"has-post-thumbnail","6":"product_cat-msoffice","7":"product_cat-visio","9":"first","10":"instock","11":"sale","12":"virtual","13":"taxable","14":"purchasable","15":"product-type-simple"},"acf":[],"_links":{"self":[{"href":"https:\/\/keyshop.windowsandoffice.com\/it\/wp-json\/wp\/v2\/product\/1569","targetHints":{"allow":["GET"]}}],"collection":[{"href":"https:\/\/keyshop.windowsandoffice.com\/it\/wp-json\/wp\/v2\/product"}],"about":[{"href":"https:\/\/keyshop.windowsandoffice.com\/it\/wp-json\/wp\/v2\/types\/product"}],"replies":[{"embeddable":true,"href":"https:\/\/keyshop.windowsandoffice.com\/it\/wp-json\/wp\/v2\/comments?post=1569"}],"wp:featuredmedia":[{"embeddable":true,"href":"https:\/\/keyshop.windowsandoffice.com\/it\/wp-json\/wp\/v2\/media\/115819"}],"wp:attachment":[{"href":"https:\/\/keyshop.windowsandoffice.com\/it\/wp-json\/wp\/v2\/media?parent=1569"}],"wp:term":[{"taxonomy":"product_brand","embeddable":true,"href":"https:\/\/keyshop.windowsandoffice.com\/it\/wp-json\/wp\/v2\/product_brand?post=1569"},{"taxonomy":"product_cat","embeddable":true,"href":"https:\/\/keyshop.windowsandoffice.com\/it\/wp-json\/wp\/v2\/product_cat?post=1569"},{"taxonomy":"product_tag","embeddable":true,"href":"https:\/\/keyshop.windowsandoffice.com\/it\/wp-json\/wp\/v2\/product_tag?post=1569"}],"curies":[{"name":"wp","href":"https:\/\/api.w.org\/{rel}","templated":true}]}}