{"id":1402,"date":"2020-04-20T03:03:54","date_gmt":"2020-04-20T01:03:54","guid":{"rendered":"https:\/\/keyshop.windowsandoffice.com\/?post_type=product&#038;p=1402"},"modified":"2026-02-12T17:26:00","modified_gmt":"2026-02-12T16:26:00","slug":"windows-10-pro-office-2019-pro","status":"publish","type":"product","link":"https:\/\/keyshop.windowsandoffice.com\/it\/prodotto\/windows-10-pro-office-2019-pro\/","title":{"rendered":"Microsoft Office 2019 Professional Plus + Microsoft Windows 10 licenze professionali per 3 PC"},"content":{"rendered":"<h2>Windows 10 Office 2019<\/h2>\n<h3>Windows 10 Office 2019<\/h3>\n<p>Risparmiate tempo e denaro con la nostra combinazione Microsoft (Windows 10 Pro + Office 2019 Pro Plus). Di conseguenza, offriamo le ultime versioni di Office e Windows. In altre parole, le soluzioni di produttivit\u00e0 leader a livello mondiale. Il pacchetto contiene i seguenti prodotti:<\/p>\n<ul>\n<li><strong><a href=\"https:\/\/keyshop.windowsandoffice.com\/it\/prodotto\/windows-10-pro\/\">Windows 10 Professionale<\/a>.<\/strong> Il sistema operativo pi\u00f9 sicuro e affidabile. Inoltre, \u00e8 dotato dell'assistente personale Cortana.<\/li>\n<li><a href=\"https:\/\/keyshop.windowsandoffice.com\/it\/prodotto\/office-2019-professional-plus\/\"><strong>Office 2019 Professional Plus<\/strong><\/a>. Il pacchetto software Office pi\u00f9 completo in assoluto.<\/li>\n<\/ul>\n<hr \/>\n<h3><strong>Microsoft Windows 10 Professional<\/strong><\/h3>\n<p>Con Windows 10 Professional, avete un sistema operativo affidabile sul vostro dispositivo. L'avvio del sistema \u00e8 pi\u00f9 rapido. Inoltre, ha un menu di avvio familiare ma migliorato. In altre parole, troverete nuovi modi per completare rapidamente le attivit\u00e0. Inoltre, ha un nuovo browser. \u00c8 anche dotato dell'assistente digitale personale Cortana. Cortana \u00e8 l'assistente digitale personale che vi seguir\u00e0 su tutti i vostri dispositivi Windows 10. Questo assistente vi aiuter\u00e0 a svolgere le vostre attivit\u00e0. Questo assistente vi aiuter\u00e0 a fare le cose pi\u00f9 facilmente. Cortana impara a conoscervi meglio nel corso del tempo e pu\u00f2 aiutarvi a migliorare ogni giorno. Windows 10 Professional vi supporta in modo ottimale in tutto ci\u00f2 che fate.<\/p>\n<h4>Caratteristiche<\/h4>\n<p>Con <em><strong>Windows 10 Professionale<\/strong> <\/em>nel cuore del vostro computer, potete fare tutto. E non solo.<\/p>\n<ul>\n<li>Le funzioni di sicurezza integrate includono antivirus, firewall e protezioni Internet, per lavorare in modo sicuro e protetto.<\/li>\n<li>Scegliete di scansionare il vostro volto o le vostre impronte digitali con Windows Hello per sbloccare il vostro sistema in modo rapido, sicuro e senza password.<\/li>\n<li>Focus Assist consente di bloccare notifiche, suoni e avvisi. Cos\u00ec potrete lavorare senza distrazioni.<\/li>\n<li>La timeline offre un modo semplice e veloce per scorrere i documenti, le app e i siti web pi\u00f9 recenti.<\/li>\n<li><strong>Foto di Microsoft<\/strong> \u00e8 un modo semplice per organizzare i propri contenuti multimediali. \u00c8 possibile cercare, modificare e condividere foto e video.<\/li>\n<li>Streaming istantaneo di gameplay in diretta. Registrazioni dello schermo. Controllo delle impostazioni audio individuali con la barra di gioco.<\/li>\n<li>Remote Desktop consente di sbloccare e accedere virtualmente al proprio computer. Cio\u00e8, tutti i vostri file, cartelle e applicazioni. Accedete ad essi da qualsiasi dispositivo tramite Internet.<\/li>\n<li>Windows Information Protection (WIP) aiuta a proteggere da potenziali perdite di dati. Allo stesso modo, WIP non interferisce con l'esperienza dei dipendenti.<\/li>\n<li><strong>Crittografia unit\u00e0 BitLocker<\/strong> \u00e8 una funzione di protezione dei dati che si integra con il sistema operativo e affronta le minacce di furto dei dati, nonch\u00e9 l'esposizione di computer persi, rubati o dismessi in modo improprio.<\/li>\n<li>Strumenti progettati per l'uso aziendale.<\/li>\n<\/ul>\n<p><em><strong>Tuttavia, l'avvio del sistema \u00e8 pi\u00f9 rapido. Ha un menu di avvio familiare ma migliorato e nuovi modi per fare le cose velocemente. Avrete anche nuove funzionalit\u00e0, come un nuovo browser. Pertanto, si otterr\u00e0 un'esperienza web migliorata. Cortana vi segue su tutti i vostri dispositivi Windows 10. Inoltre, aiuta a semplificare le cose. Con il tempo impara a conoscervi sempre di pi\u00f9 e pu\u00f2 supportarvi meglio ogni giorno.<\/strong><\/em><\/p>\n<h4><strong>Caratteristiche avanzate<br \/>\n<\/strong><\/h4>\n<p>Inoltre, vi supporta in modo ottimale in tutto ci\u00f2 che fate. Tenete sotto controllo le cose semplicemente agganciando le app e ottimizzando la condivisione dello schermo per lavorare in modo pi\u00f9 produttivo. \u00c8 possibile agganciare fino a quattro app contemporaneamente e creare desktop virtuali se si ha bisogno di pi\u00f9 spazio o si desidera raggruppare i contenuti per un progetto, ad esempio le app per l'ufficio per il lavoro e i giochi per il tempo libero. I Live Tiles forniscono flussi aggiornati dei contenuti pi\u00f9 importanti in tempo reale.<\/p>\n<p><em>In conclusione <a href=\"https:\/\/keyshop.windowsandoffice.com\/it\/prodotto\/combo1\/\"><strong>Windows 10<\/strong> <\/a>\u00e8 compatibile con l'hardware, il software e le periferiche gi\u00e0 in uso. Mantenete il vostro sistema aggiornato con funzioni e sicurezza per tutta la durata del supporto del dispositivo.<\/em><\/p>\n<h3><strong>Microsoft Office 2019 Professional Plus<\/strong><\/h3>\n<p>Con Office 2019 Professional Plus riceverete la soluzione per ufficio pi\u00f9 moderna di Microsoft. Quindi, oltre alle applicazioni tradizionali, si ottiene automaticamente l'accesso alle applicazioni basate su browser. Ad esempio Skype for Business. Di conseguenza, potrete lavorare in gruppo in modo pi\u00f9 efficace, con una comunicazione semplificata.<\/p>\n<p>In Office 2019 troverete nuovi tipi di dati. Ad esempio, strumenti e funzioni di inchiostrazione. Altri strumenti di traduzione e modifica. Inoltre, la grafica in movimento. Pertanto, presenta caratteristiche di facile utilizzo.<\/p>\n<p>Tutte le versioni prevedono un pagamento unico. Comprendono una singola installazione su PC. Anche se Office Professional 2019 \u00e8 disponibile solo per Windows.<\/p>\n<p>Tutto ci\u00f2 che serve in un solo colpo d'occhio:<\/p>\n<ul>\n<li><strong>Parola 2019.<\/strong> Per la creazione e la modifica di testi e documenti<\/li>\n<li><strong>Excel 2019. <\/strong>Per l'elaborazione di record di dati in forma tabellare<\/li>\n<li><strong>PowerPoint 2019.<\/strong> Per la creazione di presentazioni stimolanti<\/li>\n<li><strong>Prospettive 2019<\/strong>. Per la gestione di e-mail, contatti, orari e attivit\u00e0<\/li>\n<li><strong>Editore 2019<\/strong>. Per creare facilmente pubblicazioni dall'aspetto professionale<\/li>\n<li><strong>Accesso 2019<\/strong>. Per la creazione di un database con accesso a Internet<\/li>\n<li><strong>Lync 2019<\/strong>. (Skype for Business) - per aumentare la produttivit\u00e0 grazie alla messaggistica istantanea e alla facilit\u00e0 di comunicazione e collaborazione con le videoconferenze in HD.<\/li>\n<li><strong>Applicazioni web<\/strong>.(Word, Excel, PowerPoint)<\/li>\n<\/ul>\n<p>OneNote non fa pi\u00f9 parte del pacchetto Office, ma \u00e8 ora incluso nel sistema operativo Windows 10, necessario per utilizzare Office 2019. <strong>Le versioni Windows precedenti non sono supportate.<\/strong><\/p>\n<h4>Cosa c'\u00e8 di pi\u00f9?<\/h4>\n<p>Per darvi un'idea, Office 2019 \u00e8 un prodotto che offre tutte le funzionalit\u00e0 offline. Lo stesso viene ora offerto dalla suite Office 365. Tuttavia, non continuer\u00e0 pi\u00f9 a essere aggiornato per implementare nuove funzionalit\u00e0 o nuove caratteristiche. Riceverete solo aggiornamenti di sicurezza.<\/p>\n<p>La filosofia di Microsoft \u00e8 quella di offrire una soluzione per gli utenti che non hanno accesso al cloud. Tuttavia, questo non significa che limita l'accesso a servizi aggiuntivi come OneDrive o Skype.<\/p>\n<p>Pertanto, in sintesi, acquistando Office 2019 investirete nelle funzioni che Office 365 possiede attualmente. Quindi, gli aggiornamenti di questo software arriveranno nella prossima versione, che potrete acquistare con uno sconto speciale dal nostro negozio al momento del lancio.<br \/>\nTuttavia, Office 2019 \u00e8 uno strumento molto utile per chi vuole avere una suite per ufficio completa e aggiornata.<\/p>\n<h3><strong>Supporto:<\/strong><\/h3>\n<p>Per qualsiasi domanda non esitate a contattarci. <a href=\"mailto:keyshop@dl-winandoffice.com\">via e-mail<\/a>. Il nostro supporto clienti \u00e8 disponibile 7 giorni su 7, 24 ore su 24. Pertanto, avrete un supporto immediato.<\/p>\n<p>Inoltre, assicuriamo la disponibilit\u00e0 di tutti i nostri prodotti. Di conseguenza, riceverete il vostro ordine in tempi record.<\/p>\n<p>La nostra azienda vanta oltre 10 anni di esperienza nel settore. Questo significa che forniamo un servizio professionale in base alle vostre esigenze. Perci\u00f2 sentitevi sicuri di far parte della nostra rete di clienti soddisfatti in tutto il mondo.<\/p>\n<p>Se volete vedere le nostre notizie<strong>, <a href=\"https:\/\/news.dl-winandoffice.com\/en\/\" target=\"_blank\" rel=\"noopener noreferrer nofollow\">clicca qui<\/a><\/strong><\/p>","protected":false},"excerpt":{"rendered":"<p>Risparmiate tempo e denaro con la nostra combo Microsoft composta dalle versioni pi\u00f9 recenti di Office e Windows. le soluzioni di produttivit\u00e0 leader a livello mondiale. Il pacchetto contiene i seguenti prodotti:<\/p>\n<ul>\n<li><strong>Microsoft Windows 10 Professional\u00a0<\/strong>- il sistema operativo pi\u00f9 sicuro e affidabile con il vostro assistente personale Cortana<\/li>\n<li><strong>Microsoft Office 2019 Professional Plus<\/strong> - il pacchetto software Office pi\u00f9 completo di sempre<br \/>\n<strong>Nota:<\/strong><\/p>\n<ul>\n<li><strong>Questo prodotto \u00e8 compatibile solo con gli Windows 10 e 11.<\/strong><\/li>\n<li><strong>Questo prodotto NON \u00e8 compatibile con i sistemi operativi Apple (MacOS, iPadOS, iOS), con i Chromebook.<\/strong><\/li>\n<\/ul>\n<\/li>\n<\/ul>","protected":false},"featured_media":115824,"comment_status":"open","ping_status":"closed","template":"","meta":{"_acf_changed":false},"product_brand":[],"product_cat":[53,65],"product_tag":[],"class_list":{"0":"post-1402","1":"product","2":"type-product","3":"status-publish","4":"has-post-thumbnail","6":"product_cat-combos","7":"product_cat-popular","9":"first","10":"instock","11":"sale","12":"featured","13":"virtual","14":"taxable","15":"purchasable","16":"product-type-simple"},"acf":[],"_links":{"self":[{"href":"https:\/\/keyshop.windowsandoffice.com\/it\/wp-json\/wp\/v2\/product\/1402","targetHints":{"allow":["GET"]}}],"collection":[{"href":"https:\/\/keyshop.windowsandoffice.com\/it\/wp-json\/wp\/v2\/product"}],"about":[{"href":"https:\/\/keyshop.windowsandoffice.com\/it\/wp-json\/wp\/v2\/types\/product"}],"replies":[{"embeddable":true,"href":"https:\/\/keyshop.windowsandoffice.com\/it\/wp-json\/wp\/v2\/comments?post=1402"}],"wp:featuredmedia":[{"embeddable":true,"href":"https:\/\/keyshop.windowsandoffice.com\/it\/wp-json\/wp\/v2\/media\/115824"}],"wp:attachment":[{"href":"https:\/\/keyshop.windowsandoffice.com\/it\/wp-json\/wp\/v2\/media?parent=1402"}],"wp:term":[{"taxonomy":"product_brand","embeddable":true,"href":"https:\/\/keyshop.windowsandoffice.com\/it\/wp-json\/wp\/v2\/product_brand?post=1402"},{"taxonomy":"product_cat","embeddable":true,"href":"https:\/\/keyshop.windowsandoffice.com\/it\/wp-json\/wp\/v2\/product_cat?post=1402"},{"taxonomy":"product_tag","embeddable":true,"href":"https:\/\/keyshop.windowsandoffice.com\/it\/wp-json\/wp\/v2\/product_tag?post=1402"}],"curies":[{"name":"wp","href":"https:\/\/api.w.org\/{rel}","templated":true}]}}