{"id":1391,"date":"2020-04-20T02:49:38","date_gmt":"2020-04-20T00:49:38","guid":{"rendered":"https:\/\/keyshop.windowsandoffice.com\/?post_type=product&#038;p=1391"},"modified":"2026-02-12T17:26:48","modified_gmt":"2026-02-12T16:26:48","slug":"windows-10-office-project-visio-2019","status":"publish","type":"product","link":"https:\/\/keyshop.windowsandoffice.com\/it\/prodotto\/windows-10-office-project-visio-2019\/","title":{"rendered":"Microsoft Windows 10 Professional + Microsoft Office 2019 Professional Plus + Microsoft Visio 2019 Professional + Microsoft Project 2019 Professional licenza per 3 PC"},"content":{"rendered":"<p>Risparmiate tempo e denaro con la nostra combo Microsoft (Windows 10 - Office 2019 - Project &amp; Visio 2019) composta dalle versioni pi\u00f9 recenti di Windows, Office, Visio e Project.<\/p>\n<ul>\n<li>Windows 10 Professionale<\/li>\n<li>Office 2019 Professional Plus<\/li>\n<li>Visio 2019 Professional<\/li>\n<li>Progetto 2019 Professional<\/li>\n<\/ul>\n<hr \/>\n<h4><strong>Microsoft Windows 10 Professional<\/strong><\/h4>\n<p>Con Windows 10 Pro avrete un sistema operativo affidabile sul vostro dispositivo. Potrete beneficiare di un avvio pi\u00f9 rapido del sistema, di un menu di avvio familiare ma migliorato e di nuovi modi per completare rapidamente le operazioni. Avrete anche nuove funzionalit\u00e0, come un nuovissimo browser che vi aiuter\u00e0 a navigare sul web e il vostro assistente digitale personale Cortana. Cortana \u00e8 il vostro assistente digitale personale. L'assistente vi seguir\u00e0 su tutti i vostri dispositivi Windows 10 e vi aiuter\u00e0 a fare le cose. Cortana impara a conoscervi meglio nel tempo. Di conseguenza, pu\u00f2 aiutarvi ogni giorno in modo migliore. Windows 10 Pro vi supporta in modo ottimale in tutto ci\u00f2 che fate.<\/p>\n<h4><strong>Microsoft Office 2019 Professional Plus<\/strong><\/h4>\n<p>Scegliete oggi stesso Office 2019 Professional Plus e riceverete la soluzione per ufficio pi\u00f9 recente e moderna di Microsoft. Oltre alle applicazioni tradizionali, avrete automaticamente accesso alle applicazioni basate su browser e a Skype for Business. Di conseguenza, grazie alla comunicazione semplificata, potrete lavorare in modo pi\u00f9 efficace con gli altri.<\/p>\n<p>Tutto ci\u00f2 che serve in un solo colpo d'occhio<\/p>\n<ul>\n<li><strong>Parola 2019 <\/strong>- per la creazione e la modifica di testi e documenti<\/li>\n<li><strong>Excel 2019 <\/strong>- per l'elaborazione di record di dati in forma tabellare<\/li>\n<li><strong>PowerPoint 2019 <\/strong>- per la creazione di presentazioni stimolanti<\/li>\n<li><strong>Prospettive 2019<\/strong> - per la gestione di e-mail, contatti, orari e attivit\u00e0<\/li>\n<li><strong>Editore 2019<\/strong> - per creare facilmente pubblicazioni dall'aspetto professionale<\/li>\n<li><strong>Accesso 2019<\/strong> - per la creazione di database con accesso a Internet<\/li>\n<li><strong>Lync 2019<\/strong> (Skype for Business) - per aumentare la produttivit\u00e0 grazie alla messaggistica istantanea e alla facilit\u00e0 di comunicazione e collaborazione con le videoconferenze in HD.<\/li>\n<li><strong>Applicazioni web<\/strong> (Word, Excel, PowerPoint)<\/li>\n<\/ul>\n<p>OneNote non fa pi\u00f9 parte del pacchetto Office, ma \u00e8 ora incluso nel sistema operativo Windows 10, necessario per utilizzare Office 2019. <strong>Le versioni Windows precedenti non sono supportate.<\/strong><\/p>\n<h4><strong>Microsoft Visio 2019 Professional<\/strong><\/h4>\n<p>Visio 2019 \u00e8 una potente applicazione di diagrammi che consente di lavorare visivamente per creare ogni tipo di diagramma ed \u00e8 leader del settore con oltre 12 milioni di utenti. Pertanto, Visio 2019 semplifica la definizione dei processi aziendali, la documentazione delle best practice, la visualizzazione dello stato futuro delle iniziative di trasformazione e l'aggiornamento delle informazioni operative in azienda.<\/p>\n<h4><strong>Microsoft Project 2019 Professional<\/strong><\/h4>\n<p>Collaborate con altri per avviare e implementare progetti di successo in pochissimo tempo. Include tutte le funzionalit\u00e0 di Project Standard pi\u00f9 la collaborazione nella gestione delle risorse, la sincronizzazione delle attivit\u00e0 in SharePoint, l'invio di timesheet e altro ancora. Microsoft Project Professional 2019 offre funzioni flessibili che vi aiuteranno a pianificare i progetti, a tenere traccia dello stato e a collaborare con gli altri praticamente ovunque. L'applicazione offre comunicazione in tempo reale e messaggistica istantanea, attivata direttamente nel piano di progetto tramite Skype for Business, e consolida tutte le potenziali risorse del progetto in un'unica vista.<\/p>\n<h4><strong>Supporto per qualsiasi prodotto di Super Combo (Windows 10 - Office 2019 - Project &amp; Visio 2019):<\/strong><\/h4>\n<p>Per qualsiasi domanda non esitate a contattarci. <a href=\"mailto:keyshop@dl-winandoffice.com\">via e-mail<\/a>. Il nostro supporto clienti \u00e8 disponibile 7 giorni su 7, 24 ore su 24. Pertanto, avrete un supporto immediato.<\/p>\n<p>Inoltre, assicuriamo la disponibilit\u00e0 di tutti i nostri prodotti. Di conseguenza, riceverete il vostro ordine in tempi record.<\/p>\n<p>La nostra azienda vanta oltre 10 anni di esperienza nel settore. Questo significa che forniamo un servizio professionale in base alle vostre esigenze. Perci\u00f2 sentitevi sicuri di far parte della nostra rete di clienti soddisfatti in tutto il mondo.<\/p>\n<p>Quindi, se volete vedere le nostre notizie<strong>, <a href=\"https:\/\/news.dl-winandoffice.com\/en\/\" target=\"_blank\" rel=\"noopener noreferrer nofollow\">clicca qui<\/a><\/strong><\/p>\n<p>&nbsp;<\/p>","protected":false},"excerpt":{"rendered":"<p>Risparmiate tempo e denaro con la nostra combinazione Microsoft composta dalle versioni pi\u00f9 recenti di Windows, Office, Visio e Project.<\/p>\n<ul>\n<li>Windows 10 Professionale<\/li>\n<li>Office 2019 Professional Plus<\/li>\n<li>Visio 2019 Professional<\/li>\n<li>Progetto 2019 Professional<br \/>\n<strong>Nota:<br \/>\nOffice, Visio e Project<\/strong><\/p>\n<ul>\n<li><strong>Questo prodotto \u00e8 compatibile solo con gli Windows 10 e 11.<\/strong><\/li>\n<li><strong>Questo prodotto NON \u00e8 compatibile con i sistemi operativi Apple (MacOS, iPadOS, iOS), con i Chromebook.<\/strong><\/li>\n<\/ul>\n<\/li>\n<\/ul>","protected":false},"featured_media":115845,"comment_status":"open","ping_status":"closed","template":"","meta":{"_acf_changed":false},"product_brand":[],"product_cat":[53,65],"product_tag":[],"class_list":{"0":"post-1391","1":"product","2":"type-product","3":"status-publish","4":"has-post-thumbnail","6":"product_cat-combos","7":"product_cat-popular","9":"first","10":"instock","11":"sale","12":"virtual","13":"taxable","14":"purchasable","15":"product-type-simple"},"acf":[],"_links":{"self":[{"href":"https:\/\/keyshop.windowsandoffice.com\/it\/wp-json\/wp\/v2\/product\/1391","targetHints":{"allow":["GET"]}}],"collection":[{"href":"https:\/\/keyshop.windowsandoffice.com\/it\/wp-json\/wp\/v2\/product"}],"about":[{"href":"https:\/\/keyshop.windowsandoffice.com\/it\/wp-json\/wp\/v2\/types\/product"}],"replies":[{"embeddable":true,"href":"https:\/\/keyshop.windowsandoffice.com\/it\/wp-json\/wp\/v2\/comments?post=1391"}],"wp:featuredmedia":[{"embeddable":true,"href":"https:\/\/keyshop.windowsandoffice.com\/it\/wp-json\/wp\/v2\/media\/115845"}],"wp:attachment":[{"href":"https:\/\/keyshop.windowsandoffice.com\/it\/wp-json\/wp\/v2\/media?parent=1391"}],"wp:term":[{"taxonomy":"product_brand","embeddable":true,"href":"https:\/\/keyshop.windowsandoffice.com\/it\/wp-json\/wp\/v2\/product_brand?post=1391"},{"taxonomy":"product_cat","embeddable":true,"href":"https:\/\/keyshop.windowsandoffice.com\/it\/wp-json\/wp\/v2\/product_cat?post=1391"},{"taxonomy":"product_tag","embeddable":true,"href":"https:\/\/keyshop.windowsandoffice.com\/it\/wp-json\/wp\/v2\/product_tag?post=1391"}],"curies":[{"name":"wp","href":"https:\/\/api.w.org\/{rel}","templated":true}]}}