{"id":119015,"date":"2024-10-01T16:11:28","date_gmt":"2024-10-01T14:11:28","guid":{"rendered":"https:\/\/keyshop.windowsandoffice.com\/?post_type=product&#038;p=119015"},"modified":"2026-01-13T20:20:38","modified_gmt":"2026-01-13T19:20:38","slug":"microsoft-windows-server-2019-rds-user-cal","status":"publish","type":"product","link":"https:\/\/keyshop.windowsandoffice.com\/it\/prodotto\/microsoft-windows-server-2019-rds-user-cal\/","title":{"rendered":"Microsoft Windows Server 2019 RDS User CAL"},"content":{"rendered":"<p><strong>Windows Server 2019 RDS Licenze di accesso client (CAL)<\/strong> sono necessari per accedere a\u00a0 <a href=\"https:\/\/keyshop.windowsandoffice.com\/it\/prodotto\/windows-server-2019-std-ess-dc-versions\/\">Windows Server 2019 Standard<\/a> e <a href=\"https:\/\/keyshop.windowsandoffice.com\/it\/prodotto\/windows-server-2019-std-ess-dc-versions\/\">Windows Server 2019 Datacenter<\/a>.<\/p>\n<h4>Versioni.<\/h4>\n<p>Sono disponibili in due tipi diversi:<\/p>\n<ul>\n<li>Licenza di accesso al client per utenti RDS<\/li>\n<li>Licenza di accesso al client del dispositivo RDS<\/li>\n<\/ul>\n<p>Microsoft Windows Remote Desktop Services (RDS) \u00e8 una piattaforma centralizzata per la distribuzione e la gestione di desktop e applicazioni. Consente di collegare completamente i dipendenti delle sedi remote. L'accesso al server richiede licenze di accesso appropriate, assegnate a un utente o a un dispositivo.<\/p>\n<ul>\n<li><span id=\"shop_result_box\">Accesso al server con Remote Desktop per utente<\/span><\/li>\n<li>Consente a un utente di accedere a un server tramite Desktop remoto.<\/li>\n<li>Accesso al server da diversi dispositivi<\/li>\n<li>Accesso anche ai server con sistema operativo Windows pi\u00f9 vecchio<\/li>\n<li>Ideale per le aziende in cui i dipendenti esterni hanno bisogno di accedere al desktop e ai programmi.<\/li>\n<\/ul>\n<h4><strong>Differenze tra USER CAL e DEVICE CAL Windows Server 2019 RDS<br \/>\n<\/strong><\/h4>\n<p>La licenza di accesso client utente (User CAL) \u00e8 stata progettata per fornire ai clienti un modo semplice da gestire e conveniente per consentire agli utenti di accedere al software del server da qualsiasi dispositivo.<\/p>\n<p>Con la CAL utente si acquista una CAL per ogni utente che accede al server per utilizzare servizi quali l'archiviazione o la stampa di file, indipendentemente dal numero di dispositivi utilizzati per l'accesso. L'acquisto di una CAL utente potrebbe essere pi\u00f9 sensato se i dipendenti della vostra azienda hanno bisogno di accedere in roaming alla rete aziendale utilizzando pi\u00f9 dispositivi, o da dispositivi sconosciuti, o se semplicemente avete pi\u00f9 dispositivi che utenti nella vostra organizzazione.<\/p>\n<p>Con una Device CAL, si acquista una CAL per ogni dispositivo che accede al server, indipendentemente dal numero di utenti che utilizzano quel dispositivo per accedere al server. Le CAL per dispositivi possono avere pi\u00f9 senso dal punto di vista economico e amministrativo se la vostra azienda ha lavoratori che condividono i dispositivi, ad esempio durante i diversi turni di lavoro.<\/p>\n<h4><strong>Supporto:<\/strong><\/h4>\n<p>Per qualsiasi domanda non esitate a contattarci. <a href=\"mailto:keyshop@dl-winandoffice.com\">via e-mail<\/a>. Il nostro supporto clienti \u00e8 disponibile 7 giorni su 7, 24 ore su 24. Pertanto, avrete un supporto immediato.<\/p>\n<p>Inoltre, assicuriamo la disponibilit\u00e0 di tutti i nostri prodotti. Di conseguenza, riceverete il vostro ordine in tempi record.<\/p>\n<p>La nostra azienda vanta oltre 10 anni di esperienza nel settore. Questo significa che forniamo un servizio professionale in base alle vostre esigenze. Perci\u00f2 sentitevi sicuri di far parte della nostra rete di clienti soddisfatti in tutto il mondo.<\/p>\n<p>Quindi, se volete vedere le nostre notizie<strong>, <a href=\"https:\/\/news.dl-winandoffice.com\/en\/\" target=\"_blank\" rel=\"noopener noreferrer nofollow\">clicca qui<\/a><\/strong><\/p>\n<p>&nbsp;<\/p>","protected":false},"excerpt":{"rendered":"<p>Le licenze di accesso al client (CAL) sono necessarie per l'accesso a\u00a0 <a href=\"https:\/\/keyshop.windowsandoffice.com\/it\/prodotto\/windows-server-2019-std-ess-dc-versions\/\">Windows Server 2019 Standard<\/a> e <a href=\"https:\/\/keyshop.windowsandoffice.com\/it\/prodotto\/windows-server-2019-std-ess-dc-versions\/\">Windows Server 2019 Datacenter<\/a>. Sono disponibili in due tipi diversi:<\/p>\n<ul>\n<li><strong>Licenza di accesso al client per utenti RDS<\/strong><\/li>\n<li>Licenza di accesso al client del dispositivo RDS<\/li>\n<\/ul>","protected":false},"featured_media":119847,"comment_status":"open","ping_status":"closed","template":"","meta":{"_acf_changed":false},"product_brand":[],"product_cat":[42],"product_tag":[52],"class_list":{"0":"post-119015","1":"product","2":"type-product","3":"status-publish","4":"has-post-thumbnail","6":"product_cat-windows-server","7":"product_tag-windows","9":"first","10":"instock","11":"sale","12":"virtual","13":"taxable","14":"purchasable","15":"product-type-simple"},"acf":[],"_links":{"self":[{"href":"https:\/\/keyshop.windowsandoffice.com\/it\/wp-json\/wp\/v2\/product\/119015","targetHints":{"allow":["GET"]}}],"collection":[{"href":"https:\/\/keyshop.windowsandoffice.com\/it\/wp-json\/wp\/v2\/product"}],"about":[{"href":"https:\/\/keyshop.windowsandoffice.com\/it\/wp-json\/wp\/v2\/types\/product"}],"replies":[{"embeddable":true,"href":"https:\/\/keyshop.windowsandoffice.com\/it\/wp-json\/wp\/v2\/comments?post=119015"}],"wp:featuredmedia":[{"embeddable":true,"href":"https:\/\/keyshop.windowsandoffice.com\/it\/wp-json\/wp\/v2\/media\/119847"}],"wp:attachment":[{"href":"https:\/\/keyshop.windowsandoffice.com\/it\/wp-json\/wp\/v2\/media?parent=119015"}],"wp:term":[{"taxonomy":"product_brand","embeddable":true,"href":"https:\/\/keyshop.windowsandoffice.com\/it\/wp-json\/wp\/v2\/product_brand?post=119015"},{"taxonomy":"product_cat","embeddable":true,"href":"https:\/\/keyshop.windowsandoffice.com\/it\/wp-json\/wp\/v2\/product_cat?post=119015"},{"taxonomy":"product_tag","embeddable":true,"href":"https:\/\/keyshop.windowsandoffice.com\/it\/wp-json\/wp\/v2\/product_tag?post=119015"}],"curies":[{"name":"wp","href":"https:\/\/api.w.org\/{rel}","templated":true}]}}