{"id":118172,"date":"2024-11-04T23:41:13","date_gmt":"2024-11-04T22:41:13","guid":{"rendered":"https:\/\/keyshop.windowsandoffice.com\/?post_type=product&#038;p=118172"},"modified":"2026-04-16T22:27:53","modified_gmt":"2026-04-16T20:27:53","slug":"microsoft-windows-10-professional-microsoft-project-2024-professional-license-for-3-pc","status":"publish","type":"product","link":"https:\/\/keyshop.windowsandoffice.com\/it\/prodotto\/microsoft-windows-10-professional-microsoft-project-2024-professional-license-for-3-pc\/","title":{"rendered":"Microsoft Windows 10 Professional + licenza Microsoft Project 2024 Professional per 3 PC"},"content":{"rendered":"<h3>Microsoft Windows 10 Professional<\/h3>\n<p>Con la nuova versione di Microsoft Windows 10, Microsoft offre agli utenti domestici esigenti e alle aziende in particolare un sistema operativo moderno e intuitivo. Tra le altre cose, Microsoft Windows 10 offre funzioni di sicurezza migliorate, accesso al desktop remoto, crittografia BitLocker e l'assistente virtuale personale Cortana. Il sistema si adatta a qualsiasi dispositivo grazie alle sue funzioni avanzate e ha il vantaggio che i requisiti di sistema non sono praticamente cambiati rispetto ai suoi predecessori. Ci\u00f2 significa che non \u00e8 necessario investire in nuovo hardware per sfruttare Microsoft Windows 10 Professional.<\/p>\n<p><strong>Requisiti minimi di sistema<\/strong><\/p>\n<ul>\n<li>CPU da 1 GHz o pi\u00f9 veloce<\/li>\n<li>1 GB di RAM per 32 bit o 2 GB di RAM per 64 bit.<\/li>\n<li>16 GB di spazio disponibile sul disco rigido per il sistema operativo a 32 bit o 20 GB per il sistema operativo a 64 bit.<\/li>\n<\/ul>\n<h3>Microsoft Project 2024 Professional<\/h3>\n<p>Microsoft Project 2024 offre nuove funzionalit\u00e0 e miglioramenti che aiutano i team a organizzare il lavoro, gestire le attivit\u00e0 e tenere traccia di budget e risorse in modo ancora pi\u00f9 efficace. Questa nuova versione presenta innovazioni chiave che saranno utili sia ai principianti che ai professionisti che lavorano su progetti di qualsiasi complessit\u00e0:<\/p>\n<ul>\n<li>Nuova interfaccia pi\u00f9 intuitiva e personalizzabile e migliore navigazione dell'utente con una visualizzazione flessibile dei dati<\/li>\n<li>I modelli precostituiti vi aiutano a iniziare il vostro progetto in poco tempo<\/li>\n<li>Sincronizzazione con Project Online e Project Server per l'integrazione e la gestione delle risorse.<\/li>\n<li>Gli scenari \"What-if\" aiutano a ottimizzare l'assegnazione dei compiti grazie a simulazioni di scenari.<\/li>\n<li>Migliorate la pianificazione grazie all'inserimento automatico delle date di inizio e fine in base alle dipendenze.<\/li>\n<li>Utilizzare pi\u00f9 linee temporali per una chiara rappresentazione visiva di programmi complessi.<\/li>\n<li>Nuove funzionalit\u00e0 per la visualizzazione e l'analisi dei dati, con la possibilit\u00e0 di passare facilmente da un tipo all'altro di presentazione delle informazioni, comprese le lavagne Kanban e Scrum.<\/li>\n<li>Supporto per Agile, Scrum, Waterfall e approcci ibridi, che consentono agli utenti di combinare elementi di diverse metodologie.<\/li>\n<\/ul>\n<p><strong>Assistenza e supporto:<\/strong><\/p>\n<p>Per qualsiasi domanda non esitate a contattarci. <a href=\"mailto:keyshop@dl-winandoffice.com\">via e-mail<\/a>. Il nostro supporto clienti \u00e8 disponibile 7 giorni su 7, 24 ore su 24. Pertanto, avrete un supporto immediato.<\/p>","protected":false},"excerpt":{"rendered":"<ul>\n<li>Licenza Microsoft Windows 10 Professional per 3 dispositivi<\/li>\n<li>Licenza Microsoft Project 2024 Professional per 3 dispositivi<\/li>\n<li><strong>Con questa licenza, il software pu\u00f2 essere attivato su 3 diversi dispositivi, ad esempio PC di casa, notebook e PC di lavoro.<\/strong><\/li>\n<li>Versione per sistemi a 32 e 64 bit, versioni complete e illimitate di software<\/li>\n<li>Consegna via e-mail: codice prodotto, istruzioni, link per il download, fattura.<\/li>\n<li>Download immediato!<\/li>\n<li><strong>30 giorni di rimborso completo - Garanzia di sostituzione a vita!!!<\/strong><\/li>\n<li>Nessun limite di tempo, nessun abbonamento<\/li>\n<li>Assistenza gratuita 24 ore su 24, 7 giorni su 7, per problemi di installazione e attivazione.<\/li>\n<li>Nessuna consegna di dati (USB, CD, ecc.)<\/li>\n<li>Attivazione online e per telefono<\/li>\n<li>Lingue: <strong>Inglese<\/strong>, spagnolo, italiano, tedesco, francese<\/li>\n<li><strong> Questo prodotto \u00e8 compatibile con Microsoft Windows.<\/strong><\/li>\n<li><strong>NON \u00e8 compatibile con Apple macOS\u2122, dispositivi Android e Chromebook.<\/strong><\/li>\n<li>\n<\/ul>","protected":false},"featured_media":118182,"comment_status":"closed","ping_status":"closed","template":"","meta":{"_acf_changed":false},"product_brand":[],"product_cat":[40,65,218,225,41],"product_tag":[226,227,228],"class_list":{"0":"post-118172","1":"product","2":"type-product","3":"status-publish","4":"has-post-thumbnail","6":"product_cat-msoffice","7":"product_cat-popular","8":"product_cat-project-msoffice","9":"product_cat-windows-10","10":"product_cat-windows-desktop","11":"product_tag-microsoft-office-2019-professional-plus","12":"product_tag-microsoft-windows-10-pro","13":"product_tag-microsoft-windows-10-pro-office-2019-professional-plus","15":"first","16":"instock","17":"sale","18":"virtual","19":"taxable","20":"purchasable","21":"product-type-simple"},"acf":[],"_links":{"self":[{"href":"https:\/\/keyshop.windowsandoffice.com\/it\/wp-json\/wp\/v2\/product\/118172","targetHints":{"allow":["GET"]}}],"collection":[{"href":"https:\/\/keyshop.windowsandoffice.com\/it\/wp-json\/wp\/v2\/product"}],"about":[{"href":"https:\/\/keyshop.windowsandoffice.com\/it\/wp-json\/wp\/v2\/types\/product"}],"replies":[{"embeddable":true,"href":"https:\/\/keyshop.windowsandoffice.com\/it\/wp-json\/wp\/v2\/comments?post=118172"}],"wp:featuredmedia":[{"embeddable":true,"href":"https:\/\/keyshop.windowsandoffice.com\/it\/wp-json\/wp\/v2\/media\/118182"}],"wp:attachment":[{"href":"https:\/\/keyshop.windowsandoffice.com\/it\/wp-json\/wp\/v2\/media?parent=118172"}],"wp:term":[{"taxonomy":"product_brand","embeddable":true,"href":"https:\/\/keyshop.windowsandoffice.com\/it\/wp-json\/wp\/v2\/product_brand?post=118172"},{"taxonomy":"product_cat","embeddable":true,"href":"https:\/\/keyshop.windowsandoffice.com\/it\/wp-json\/wp\/v2\/product_cat?post=118172"},{"taxonomy":"product_tag","embeddable":true,"href":"https:\/\/keyshop.windowsandoffice.com\/it\/wp-json\/wp\/v2\/product_tag?post=118172"}],"curies":[{"name":"wp","href":"https:\/\/api.w.org\/{rel}","templated":true}]}}