{"id":118170,"date":"2024-11-04T23:41:13","date_gmt":"2024-11-04T22:41:13","guid":{"rendered":"https:\/\/keyshop.windowsandoffice.com\/?post_type=product&#038;p=118170"},"modified":"2026-04-28T19:35:34","modified_gmt":"2026-04-28T17:35:34","slug":"microsoft-windows-11-professional-microsoft-project-2024-professional-license-for-3-pc","status":"publish","type":"product","link":"https:\/\/keyshop.windowsandoffice.com\/it\/prodotto\/microsoft-windows-11-professional-microsoft-project-2024-professional-license-for-3-pc\/","title":{"rendered":"Microsoft Windows 11 Professional + licenza Microsoft Project 2024 Professional per 3 PC"},"content":{"rendered":"<h2>Microsoft Windows 11 Licenza professionale per 3 dispositivi<\/h2>\n<h4>Requisiti di sistema<\/h4>\n<hr>\n<p>Assicuratevi di essere pronti per il nuovo e pi\u00f9 grande sistema operativo di Microsoft!<\/p>\n<p>Questi sono i requisiti minimi per installare Microsoft Windows 11 su un PC. Se il dispositivo non soddisfa tali requisiti, potrebbe non essere possibile installare Microsoft Windows 11.<strong> Se non si \u00e8 sicuri che il proprio PC soddisfi questi requisiti, \u00e8 possibile utilizzare l'applicazione PC Health Check per valutare la compatibilit\u00e0 (richiede Microsoft Windows 10), <a href=\"https:\/\/aka.ms\/GetPCHealthCheckApp\" rel=\"nofollow noopener\" target=\"_blank\">clicca qui per scaricare<\/a>).<\/strong><\/p>\n<ul>\n<li><strong>Processore:<\/strong> 1 gigahertz (GHz) o pi\u00f9 veloce con 2 o pi\u00f9 core su un processore o un System on a Chip (SoC) a 64 bit compatibile<\/li>\n<li><strong>RAM:<\/strong> 4 gigabyte (GB)<\/li>\n<li><strong>Stoccaggio:<\/strong> 64 GB o un dispositivo di archiviazione pi\u00f9 grande Nota: per ulteriori dettagli, consultare la sezione \u201cUlteriori informazioni sullo spazio di archiviazione per mantenere aggiornato Microsoft Windows 11\u201d.<\/li>\n<li><strong>Firmware del sistema:<\/strong> UEFI, in grado di eseguire il Secure Boot<\/li>\n<li><strong>TPM:<\/strong> Modulo di piattaforma affidabile (TPM) versione 2.0<\/li>\n<li><strong>Scheda grafica:<\/strong> Compatibile con DirectX 12 o successive con driver WDDM 2.0<\/li>\n<li><strong>Display:<\/strong> Display ad alta definizione (720p) con diagonale superiore a 9\u201d, 8 bit per canale di colore<\/li>\n<li><strong>Connessione a Internet e account Microsoft: <\/strong> Microsoft Windows 11 Home edition richiede la connettivit\u00e0 a Internet e un account Microsoft per completare la configurazione del dispositivo al primo utilizzo. Anche il passaggio di un dispositivo da Microsoft Windows 11 Home in modalit\u00e0 S richiede la connessione a Internet. Per tutte le edizioni di Microsoft Windows 11, \u00e8 necessario l'accesso a Internet per eseguire gli aggiornamenti e per scaricare e sfruttare alcune funzioni. Per alcune funzioni \u00e8 necessario un account Microsoft.<\/li>\n<\/ul>\n<p>Nel corso del tempo potrebbero essere richiesti ulteriori requisiti per gli aggiornamenti e per l'attivazione di specifiche funzioni del sistema operativo.<\/p>\n<hr>\n<p>Alcune funzionalit\u00e0 di Microsoft Windows 11 hanno requisiti pi\u00f9 elevati rispetto a quelli elencati nella sezione dei requisiti minimi. Di seguito sono riportati alcuni dettagli aggiuntivi sui requisiti delle funzioni principali:<\/p>\n<ul>\n<li><strong>Supporto 5G<\/strong> richiede un modem compatibile con il 5G.<\/li>\n<li><strong>HDR automatico<\/strong> richiede un monitor HDR.<\/li>\n<li><strong>BitLocker to Go<\/strong> richiede una chiavetta USB (disponibile nelle edizioni Microsoft Windows 7 Pro e superiori).<\/li>\n<li><strong>Client Hyper-V<\/strong> richiede un processore con funzionalit\u00e0 di traduzione degli indirizzi di secondo livello (SLAT) (disponibile nelle edizioni Microsoft Windows Pro e superiori).<\/li>\n<li><strong>Cortana<\/strong> richiede un microfono e un altoparlante ed \u00e8 attualmente disponibile su Microsoft Windows 11 per Australia, Brasile, Canada, Cina, Francia, Germania, India, Italia, Giappone, Messico, Spagna, Regno Unito e Stati Uniti.<\/li>\n<li><strong>Archivio diretto<\/strong> richiede un'unit\u00e0 SSD NVMe per memorizzare ed eseguire i giochi che utilizzano il driver \"Standard NVM Express Controller\" e una GPU DirectX12 con supporto Shader Model 6.0.<\/li>\n<li><strong>DirectX 12 Ultimate<\/strong> \u00e8 disponibile con i giochi e i chip grafici supportati.<\/li>\n<li><strong>Presenza<\/strong> richiede un sensore in grado di rilevare la distanza dell'uomo dal dispositivo o l'intenzione di interagire con esso.<\/li>\n<li><strong>Videoconferenze intelligenti<\/strong> richiede una videocamera, un microfono e un altoparlante (uscita audio).<\/li>\n<li><strong>Assistente vocale multiplo (MVA)<\/strong> richiede un microfono e un altoparlante.<\/li>\n<li><strong>Scatto<\/strong> I layout a tre colonne richiedono uno schermo di larghezza pari o superiore a 1920 pixel effettivi.<\/li>\n<li><strong>Mute\/Unmute dalla barra delle applicazioni<\/strong> richiede videocamera, microfono e altoparlante (uscita audio). L'app deve essere compatibile con la funzione per attivare il silenziamento\/disattivazione globale.<\/li>\n<li><strong>Suono spaziale<\/strong> richiede hardware e software di supporto.<\/li>\n<li><strong>Squadre<\/strong> richiede una videocamera, un microfono e un altoparlante (uscita audio).<\/li>\n<li><strong>Toccare<\/strong> richiede uno schermo o un monitor che supporti il multi-touch.<\/li>\n<li><strong>Autenticazione a due fattori<\/strong> richiede l'uso di un PIN, di un sistema biometrico (lettore di impronte digitali o telecamera a infrarossi illuminata) o di un telefono con funzionalit\u00e0 Wi-Fi o Bluetooth.<\/li>\n<li><strong>Digitazione vocale<\/strong> richiede un PC con microfono.<\/li>\n<li><strong>Svegliare la voce<\/strong> richiede il modello di alimentazione Modern Standby e il microfono.<\/li>\n<li><strong>Wi-Fi 6E<\/strong> richiede un nuovo hardware e driver WLAN IHV e un AP\/router compatibile con Wi-Fi 6E.<\/li>\n<li><strong>Microsoft Windows Pronto<\/strong> richiede una fotocamera configurata per l'imaging nel vicino infrarosso (IR) o un lettore di impronte digitali per l'autenticazione biometrica. I dispositivi senza sensori biometrici possono utilizzare Microsoft Windows Hello con un PIN o una chiave di sicurezza portatile compatibile con Microsoft.<\/li>\n<li><strong>Proiezione Microsoft Windows<\/strong> richiede un adattatore di schermo che supporti Microsoft Windows Display Driver Model (WDDM) 2.0 e un adattatore Wi-Fi che supporti Wi-Fi Direct.<\/li>\n<li><strong>Xbox (app)<\/strong> richiede un account Xbox Live, che non \u00e8 disponibile in tutte le regioni. Per informazioni pi\u00f9 aggiornate sulla disponibilit\u00e0, consultare la sezione Paesi e regioni di Xbox Live. Alcune funzioni dell'app Xbox richiedono un abbonamento attivo a Xbox Game Pass. Per saperne di pi\u00f9 sul pass.<\/li>\n<\/ul>\n<h2>Microsoft Project 2024 Professional<\/h2>\n<p>Microsoft Project 2024 offre nuove funzionalit\u00e0 e miglioramenti che aiutano i team a organizzare il lavoro, gestire le attivit\u00e0 e tenere traccia di budget e risorse in modo ancora pi\u00f9 efficace. Questa nuova versione presenta innovazioni chiave che saranno utili sia ai principianti che ai professionisti che lavorano su progetti di qualsiasi complessit\u00e0:<\/p>\n<ul>\n<li>Nuova interfaccia pi\u00f9 intuitiva e personalizzabile e migliore navigazione dell'utente con una visualizzazione flessibile dei dati<\/li>\n<li>I modelli precostituiti vi aiutano a iniziare il vostro progetto in poco tempo<\/li>\n<li>Sincronizzazione con Project Online e Project Server per l'integrazione e la gestione delle risorse.<\/li>\n<li>Gli scenari \"What-if\" aiutano a ottimizzare l'assegnazione dei compiti grazie a simulazioni di scenari.<\/li>\n<li>Migliorate la pianificazione grazie all'inserimento automatico delle date di inizio e fine in base alle dipendenze.<\/li>\n<li>Utilizzare pi\u00f9 linee temporali per una chiara rappresentazione visiva di programmi complessi.<\/li>\n<li>Nuove funzionalit\u00e0 per la visualizzazione e l'analisi dei dati, con la possibilit\u00e0 di passare facilmente da un tipo all'altro di presentazione delle informazioni, comprese le lavagne Kanban e Scrum.<\/li>\n<li>Supporto per Agile, Scrum, Waterfall e approcci ibridi, che consentono agli utenti di combinare elementi di diverse metodologie.<\/li>\n<\/ul>\n<p><strong>Assistenza e supporto:<\/strong><\/p>\n<p>Per qualsiasi domanda non esitate a contattarci. <a href=\"mailto:keyshop@dl-winandoffice.com\">via e-mail<\/a>. Il nostro supporto clienti \u00e8 disponibile 7 giorni su 7, 24 ore su 24. Pertanto, avrete un supporto immediato.<\/p>","protected":false},"excerpt":{"rendered":"<ul>\n<li>Licenza Microsoft Windows 11 Professional per 3 dispositivi<\/li>\n<li>Licenza Microsoft Project 2024 Professional Plus per 3 dispositivi<\/li>\n<li><strong>Con questa licenza, il software pu\u00f2 essere attivato su 3 diversi dispositivi, ad esempio PC di casa, notebook e PC di lavoro.<\/strong><\/li>\n<li>Versione per sistemi a 32 e 64 bit, versioni complete e illimitate di software<\/li>\n<li>Consegna via e-mail: codice prodotto, istruzioni, link per il download, fattura.<\/li>\n<li><strong>30 giorni di rimborso completo - Garanzia di sostituzione a vita!!!<\/strong><\/li>\n<li>Download immediato!<\/li>\n<li>Nessun limite di tempo, nessun abbonamento<\/li>\n<li>Assistenza gratuita 24 ore su 24, 7 giorni su 7, per problemi di installazione e attivazione.<\/li>\n<li>Nessuna consegna di dati (USB, CD, ecc.)<\/li>\n<li>Attivazione online e per telefono<\/li>\n<li>Lingue: <strong>Inglese<\/strong>, spagnolo, italiano, tedesco, francese<\/li>\n<li><strong> Questo prodotto \u00e8 compatibile con Microsoft Windows.<\/strong><\/li>\n<li><strong>NON \u00e8 compatibile con Apple macOS\u2122, dispositivi Android e Chromebook.<\/strong><\/li>\n<li>\n<\/ul>","protected":false},"featured_media":118180,"comment_status":"open","ping_status":"closed","template":"","meta":{"_acf_changed":false},"product_brand":[],"product_cat":[219,40,218,221,41],"product_tag":[222,223,224],"class_list":{"0":"post-118170","1":"product","2":"type-product","3":"status-publish","4":"has-post-thumbnail","6":"product_cat-bestseller","7":"product_cat-msoffice","8":"product_cat-project-msoffice","9":"product_cat-windows-11","10":"product_cat-windows-desktop","11":"product_tag-combo-microsoft-windows-11-pro-office-2021-professional-plus","12":"product_tag-microsoft-office-2021-professional-plus","13":"product_tag-microsoft-windows-11-pro","15":"first","16":"instock","17":"sale","18":"virtual","19":"taxable","20":"purchasable","21":"product-type-simple"},"acf":[],"_links":{"self":[{"href":"https:\/\/keyshop.windowsandoffice.com\/it\/wp-json\/wp\/v2\/product\/118170","targetHints":{"allow":["GET"]}}],"collection":[{"href":"https:\/\/keyshop.windowsandoffice.com\/it\/wp-json\/wp\/v2\/product"}],"about":[{"href":"https:\/\/keyshop.windowsandoffice.com\/it\/wp-json\/wp\/v2\/types\/product"}],"replies":[{"embeddable":true,"href":"https:\/\/keyshop.windowsandoffice.com\/it\/wp-json\/wp\/v2\/comments?post=118170"}],"wp:featuredmedia":[{"embeddable":true,"href":"https:\/\/keyshop.windowsandoffice.com\/it\/wp-json\/wp\/v2\/media\/118180"}],"wp:attachment":[{"href":"https:\/\/keyshop.windowsandoffice.com\/it\/wp-json\/wp\/v2\/media?parent=118170"}],"wp:term":[{"taxonomy":"product_brand","embeddable":true,"href":"https:\/\/keyshop.windowsandoffice.com\/it\/wp-json\/wp\/v2\/product_brand?post=118170"},{"taxonomy":"product_cat","embeddable":true,"href":"https:\/\/keyshop.windowsandoffice.com\/it\/wp-json\/wp\/v2\/product_cat?post=118170"},{"taxonomy":"product_tag","embeddable":true,"href":"https:\/\/keyshop.windowsandoffice.com\/it\/wp-json\/wp\/v2\/product_tag?post=118170"}],"curies":[{"name":"wp","href":"https:\/\/api.w.org\/{rel}","templated":true}]}}