{"id":118169,"date":"2024-11-04T23:41:13","date_gmt":"2024-11-04T22:41:13","guid":{"rendered":"https:\/\/keyshop.windowsandoffice.com\/?post_type=product&#038;p=118169"},"modified":"2026-04-16T22:44:06","modified_gmt":"2026-04-16T20:44:06","slug":"microsoft-windows-11-professional-microsoft-visio-2024-professional-license-for-3-pc","status":"publish","type":"product","link":"https:\/\/keyshop.windowsandoffice.com\/it\/prodotto\/microsoft-windows-11-professional-microsoft-visio-2024-professional-license-for-3-pc\/","title":{"rendered":"Microsoft Windows 11 Professional + licenza Microsoft Visio 2024 Professional per 3 PC"},"content":{"rendered":"<h3>Requisiti di sistema<\/h3>\n<hr>\n<p>Assicuratevi di essere pronti per il nuovo e pi\u00f9 grande sistema operativo di Microsoft!<\/p>\n<p>Questi sono i requisiti minimi per installare Microsoft Windows 11 su un PC. Se il dispositivo non soddisfa tali requisiti, potrebbe non essere possibile installare Microsoft Windows 11.<strong> If you are unsure whether your PC meets these requirements,  you can use the PC Health Check app to assess compatibility (requires Microsoft Windows 10, <a href=\"https:\/\/aka.ms\/GetPCHealthCheckApp\" rel=\"nofollow noopener\" target=\"_blank\">clicca qui per scaricare<\/a>).<\/strong><\/p>\n<ul>\n<li><strong>Processore:<\/strong> 1 gigahertz (GHz) o pi\u00f9 veloce con 2 o pi\u00f9 core su un processore o un System on a Chip (SoC) a 64 bit compatibile<\/li>\n<li><strong>RAM:<\/strong> 4 gigabyte (GB)<\/li>\n<li><strong>Stoccaggio:<\/strong> 64 GB or larger storage device Note: See below under &ldquo;More information on storage space to keep Microsoft Windows 11 up-to-date&rdquo; for more details.<\/li>\n<li><strong>Firmware del sistema:<\/strong> UEFI, in grado di eseguire il Secure Boot<\/li>\n<li><strong>TPM:<\/strong> Modulo di piattaforma affidabile (TPM) versione 2.0<\/li>\n<li><strong>Scheda grafica:<\/strong> Compatibile con DirectX 12 o successive con driver WDDM 2.0<\/li>\n<li><strong>Display:<\/strong> High definition (720p) display that is greater than 9&rdquo; diagonally, 8 bits per color channel<\/li>\n<li><strong>Connessione a Internet e account Microsoft: <\/strong> Microsoft Windows 11 Home edition requires internet connectivity and a Microsoft account to complete device setup on first use. Switching a device out of Microsoft Windows 11 Home in S mode also requires internet connectivity. For all Microsoft Windows 11 editions, internet access is required to perform updates and to download and take advantage of some features. A Microsoft account is required for some features.<\/li>\n<\/ul>\n<p>There may be additional requirements over time for updates, as well as requirements to turn on specific features within the OS.<\/p>\n<hr>\n<p>Alcune funzionalit\u00e0 di Microsoft Windows 11 hanno requisiti pi\u00f9 elevati rispetto a quelli elencati nella sezione dei requisiti minimi. Di seguito sono riportati alcuni dettagli aggiuntivi sui requisiti delle funzioni principali:<\/p>\n<ul>\n<li><strong>Supporto 5G<\/strong> richiede un modem compatibile con il 5G.<\/li>\n<li><strong>HDR automatico<\/strong> richiede un monitor HDR.<\/li>\n<li><strong>BitLocker to Go<\/strong> richiede una chiavetta USB (disponibile nelle edizioni Microsoft Windows 7 Pro e superiori).<\/li>\n<li><strong>Client Hyper-V<\/strong> richiede un processore con funzionalit\u00e0 di traduzione degli indirizzi di secondo livello (SLAT) (disponibile nelle edizioni Microsoft Windows Pro e superiori).<\/li>\n<li><strong>Cortana<\/strong> richiede un microfono e un altoparlante ed \u00e8 attualmente disponibile su Microsoft Windows 11 per Australia, Brasile, Canada, Cina, Francia, Germania, India, Italia, Giappone, Messico, Spagna, Regno Unito e Stati Uniti.<\/li>\n<li><strong>Archivio diretto<\/strong> richiede un'unit\u00e0 SSD NVMe per memorizzare ed eseguire i giochi che utilizzano il driver \"Standard NVM Express Controller\" e una GPU DirectX12 con supporto Shader Model 6.0.<\/li>\n<li><strong>DirectX 12 Ultimate<\/strong> \u00e8 disponibile con i giochi e i chip grafici supportati.<\/li>\n<li><strong>Presenza<\/strong> richiede un sensore in grado di rilevare la distanza dell'uomo dal dispositivo o l'intenzione di interagire con esso.<\/li>\n<li><strong>Videoconferenze intelligenti<\/strong> richiede una videocamera, un microfono e un altoparlante (uscita audio).<\/li>\n<li><strong>Assistente vocale multiplo (MVA)<\/strong> richiede un microfono e un altoparlante.<\/li>\n<li><strong>Scatto<\/strong> I layout a tre colonne richiedono uno schermo di larghezza pari o superiore a 1920 pixel effettivi.<\/li>\n<li><strong>Mute\/Unmute dalla barra delle applicazioni<\/strong> richiede videocamera, microfono e altoparlante (uscita audio). L'app deve essere compatibile con la funzione per attivare il silenziamento\/disattivazione globale.<\/li>\n<li><strong>Suono spaziale<\/strong> richiede hardware e software di supporto.<\/li>\n<li><strong>Squadre<\/strong> richiede una videocamera, un microfono e un altoparlante (uscita audio).<\/li>\n<li><strong>Toccare<\/strong> richiede uno schermo o un monitor che supporti il multi-touch.<\/li>\n<li><strong>Autenticazione a due fattori<\/strong> requires use of PIN, biometric (fingerprint reader or illuminated infrared camera), or a phone with Wi-Fi or Bluetooth capabilities.<\/li>\n<li><strong>Digitazione vocale<\/strong> richiede un PC con microfono.<\/li>\n<li><strong>Svegliare la voce<\/strong> richiede il modello di alimentazione Modern Standby e il microfono.<\/li>\n<li><strong>Wi-Fi 6E<\/strong> richiede un nuovo hardware e driver WLAN IHV e un AP\/router compatibile con Wi-Fi 6E.<\/li>\n<li><strong>Microsoft Windows Pronto<\/strong> richiede una fotocamera configurata per l'imaging nel vicino infrarosso (IR) o un lettore di impronte digitali per l'autenticazione biometrica. I dispositivi senza sensori biometrici possono utilizzare Microsoft Windows Hello con un PIN o una chiave di sicurezza portatile compatibile con Microsoft.<\/li>\n<li><strong>Proiezione Microsoft Windows<\/strong> richiede un adattatore di schermo che supporti Microsoft Windows Display Driver Model (WDDM) 2.0 e un adattatore Wi-Fi che supporti Wi-Fi Direct.<\/li>\n<li><strong>Xbox (app)<\/strong> richiede un account Xbox Live, che non \u00e8 disponibile in tutte le regioni. Per informazioni pi\u00f9 aggiornate sulla disponibilit\u00e0, consultare la sezione Paesi e regioni di Xbox Live. Alcune funzioni dell'app Xbox richiedono un abbonamento attivo a Xbox Game Pass. Per saperne di pi\u00f9 sul pass.<\/li>\n<\/ul>\n<h3>Microsoft Visio 2024 Professional<\/h3>\n<p>Con Microsoft Visio 2024 \u00e8 pi\u00f9 facile che mai per i singoli e i team creare e condividere diagrammi professionali e versatili per tutte le esigenze. Include forme, modelli e stili aggiornati, nonch\u00e9 una nuova barra di ricerca intuitiva e un look and feel aggiornato che offre un'esperienza utente familiare, in linea con le altre applicazioni Office.<\/p>\n<p>In Microsoft Visio 2024 troverete ancora tutte le funzioni a cui siete abituati e ne avrete di nuove:<\/p>\n<ul>\n<li>Microsoft Visio 2024 ha ancora pi\u00f9 forme, stencil e modelli per aiutarvi a creare i vostri diagrammi in meno tempo.<\/li>\n<li>Un look aggiornato con un moderno effetto di trasparenza applicato dietro l'area di disegno e i menu conferisce a Visio 2024 un aspetto pi\u00f9 moderno ed elegante.<\/li>\n<li>Visio 2024 presenta il nuovo tema e la nuova combinazione di colori di Office 2024, compresa la modalit\u00e0 scura, un'interfaccia personalizzabile e miglioramenti per l'accessibilit\u00e0.<\/li>\n<li>La ricerca in Visio \u00e8 ora disponibile nella barra del titolo, rendendola pi\u00f9 accessibile.<\/li>\n<li>Strumenti di analisi dei processi migliorati, come i blocchi dinamici, per l'analisi dei processi aziendali e la visualizzazione dei flussi di dati.<\/li>\n<\/ul>","protected":false},"excerpt":{"rendered":"<ul>\n<li>Licenza Microsoft Windows 11 Professional per 3 dispositivi<\/li>\n<li>Licenza Microsoft Visio 2024 Professional Plus per 3 dispositivi<\/li>\n<li><strong>Con questa licenza, il software pu\u00f2 essere attivato su 3 diversi dispositivi, ad esempio PC di casa, notebook e PC di lavoro.<\/strong><\/li>\n<li>Versione per sistemi a 32 e 64 bit, versioni complete e illimitate di software<\/li>\n<li>Consegna via e-mail: codice prodotto, istruzioni, link per il download, fattura.<\/li>\n<li><strong>30 giorni di rimborso completo - Garanzia di sostituzione a vita!!!<\/strong><\/li>\n<li>Download immediato!<\/li>\n<li>Nessun limite di tempo, nessun abbonamento<\/li>\n<li>Assistenza gratuita 24 ore su 24, 7 giorni su 7, per problemi di installazione e attivazione.<\/li>\n<li>Nessuna consegna di dati (USB, CD, ecc.)<\/li>\n<li>Attivazione online e per telefono<\/li>\n<li>Lingue: <strong>Inglese<\/strong>, spagnolo, italiano, tedesco, francese<\/li>\n<li><strong> Questo prodotto \u00e8 compatibile con Microsoft Windows.<\/strong><\/li>\n<li><strong>NON \u00e8 compatibile con Apple macOS\u2122, dispositivi Android e Chromebook.<\/strong><\/li>\n<\/ul>","protected":false},"featured_media":118179,"comment_status":"open","ping_status":"closed","template":"","meta":{"_acf_changed":false},"product_brand":[],"product_cat":[219,40,187,221,41],"product_tag":[222,223,224],"class_list":{"0":"post-118169","1":"product","2":"type-product","3":"status-publish","4":"has-post-thumbnail","6":"product_cat-bestseller","7":"product_cat-msoffice","8":"product_cat-187","9":"product_cat-windows-11","10":"product_cat-windows-desktop","11":"product_tag-combo-microsoft-windows-11-pro-office-2021-professional-plus","12":"product_tag-microsoft-office-2021-professional-plus","13":"product_tag-microsoft-windows-11-pro","15":"first","16":"instock","17":"sale","18":"virtual","19":"taxable","20":"purchasable","21":"product-type-simple"},"acf":[],"_links":{"self":[{"href":"https:\/\/keyshop.windowsandoffice.com\/it\/wp-json\/wp\/v2\/product\/118169","targetHints":{"allow":["GET"]}}],"collection":[{"href":"https:\/\/keyshop.windowsandoffice.com\/it\/wp-json\/wp\/v2\/product"}],"about":[{"href":"https:\/\/keyshop.windowsandoffice.com\/it\/wp-json\/wp\/v2\/types\/product"}],"replies":[{"embeddable":true,"href":"https:\/\/keyshop.windowsandoffice.com\/it\/wp-json\/wp\/v2\/comments?post=118169"}],"wp:featuredmedia":[{"embeddable":true,"href":"https:\/\/keyshop.windowsandoffice.com\/it\/wp-json\/wp\/v2\/media\/118179"}],"wp:attachment":[{"href":"https:\/\/keyshop.windowsandoffice.com\/it\/wp-json\/wp\/v2\/media?parent=118169"}],"wp:term":[{"taxonomy":"product_brand","embeddable":true,"href":"https:\/\/keyshop.windowsandoffice.com\/it\/wp-json\/wp\/v2\/product_brand?post=118169"},{"taxonomy":"product_cat","embeddable":true,"href":"https:\/\/keyshop.windowsandoffice.com\/it\/wp-json\/wp\/v2\/product_cat?post=118169"},{"taxonomy":"product_tag","embeddable":true,"href":"https:\/\/keyshop.windowsandoffice.com\/it\/wp-json\/wp\/v2\/product_tag?post=118169"}],"curies":[{"name":"wp","href":"https:\/\/api.w.org\/{rel}","templated":true}]}}