{"id":117786,"date":"2024-10-23T18:12:05","date_gmt":"2024-10-23T16:12:05","guid":{"rendered":"https:\/\/keyshop.windowsandoffice.com\/?post_type=product&#038;p=117786"},"modified":"2026-01-13T20:20:23","modified_gmt":"2026-01-13T19:20:23","slug":"microsoft-office-2024-standard-microsoft-office-2024-professional-plus-license-for-3-devices","status":"publish","type":"product","link":"https:\/\/keyshop.windowsandoffice.com\/it\/prodotto\/microsoft-office-2024-standard-microsoft-office-2024-professional-plus-license-for-3-devices\/","title":{"rendered":"Microsoft Office 2024 Standard + Microsoft Office 2024 Professional Plus licenza per 3 PC"},"content":{"rendered":"<h3><strong>Microsoft Office 2024 Standard<\/strong><\/h3>\n<div style=\"margin-bottom: 15px;\"><strong>Con questa licenza il software pu\u00f2 essere attivato su 3 diversi dispositivi, ad esempio PC di casa, notebook e PC di lavoro.<\/strong><\/div>\n<div style=\"margin-bottom: 15px;\">Gli utenti di Microsoft Office che utilizzano l'intera gamma di applicazioni a casa o in ufficio sono ben consigliati con il Microsoft Office 2024 Standard. Sono inclusi tutti i programmi pi\u00f9 importanti: Word, Excel, Outlook e PowerPoint. OneNote \u00e8 ora disponibile per il download dal Microsoft Windows Store, in modo da poter prendere rapidamente appunti e renderli disponibili su tutti i dispositivi tramite il cloud. Data l'ampia gamma di programmi diversi, la versione Standard si rivolge principalmente a chi lavora a casa, nell'home office o a chi cerca una soluzione potente e affidabile in un ufficio per organizzare documenti, tabelle, ecc.<\/div>\n<ul>\n<li><strong>Word<\/strong>: Creare documenti di testo di qualit\u00e0 professionale in pochissimo tempo.<\/li>\n<li><strong>Excel<\/strong>: Foglio elettronico intelligente per la gestione delle informazioni.<\/li>\n<li><strong>PowerPoint<\/strong>: Creare presentazioni dinamiche di grande effetto.<\/li>\n<li><strong>Prospettiva<\/strong>: Comunicazione semplificata.<\/li>\n<\/ul>\n<div>\n<p><strong>Requisiti del sistema operativo: Microsoft Windows 10 o 11<\/strong><\/p>\n<\/div>\n<p>&nbsp;<\/p>\n<h3><strong>Microsoft Office 2024 Professional Plus<\/strong><\/h3>\n<div><strong>Con questa licenza il software pu\u00f2 essere attivato su 3 diversi dispositivi, ad esempio PC di casa, notebook e PC di lavoro.<\/strong><\/div>\n<div>Gli utenti di Microsoft Office che utilizzano l'intera gamma di applicazioni a casa o in ufficio sono ben consigliati con il Microsoft Office 2024 Professional Plus Edition. Sono inclusi tutti i programmi pi\u00f9 importanti: Word, Excel, Outlook, PowerPoint e Access (Publisher non \u00e8 pi\u00f9 incluso perch\u00e9 sar\u00e0 ritirato nel 2026). OneNote \u00e8 ora disponibile per il download dal Microsoft Windows Store, in modo da poter prendere rapidamente appunti e renderli disponibili su tutti i dispositivi tramite il cloud. A causa dell'ampia gamma di programmi diversi, la versione Professional Plus si rivolge principalmente alle persone che lavorano a casa, nell'home office o che cercano una soluzione potente e affidabile in un ufficio per organizzare documenti, tabelle, ecc.<\/div>\n<ul>\n<li><strong>Word<\/strong>: Creare documenti di testo di qualit\u00e0 professionale in pochissimo tempo.<\/li>\n<li><strong>Excel<\/strong>: Foglio elettronico intelligente per la gestione delle informazioni.<\/li>\n<li><strong>PowerPoint<\/strong>: Creare presentazioni dinamiche di grande effetto.<\/li>\n<li><strong>OneNote<\/strong>: Il vostro taccuino digitale.<\/li>\n<li><strong>Prospettiva<\/strong>: Comunicazione semplificata.<\/li>\n<li><strong>Access<\/strong>: Programmazione di database per applicazioni basate su browser<\/li>\n<li><strong>Microsoft Teams<\/strong>: Maggiore produttivit\u00e0 grazie alla messaggistica istantanea e alle videoconferenze HD (disponibile come download separato)<\/li>\n<\/ul>","protected":false},"excerpt":{"rendered":"<ul>\n<li>Microsoft Office 2024 Licenza standard per 3 dispositivi<\/li>\n<li>Microsoft Office 2024 Professional Plus licenza per 3 dispositivi<\/li>\n<li><strong>Con questa licenza il software pu\u00f2 essere attivato su 3 diversi dispositivi, ad esempio PC di casa, notebook e PC di lavoro.<\/strong><\/li>\n<li>Versione per sistemi a 32 e 64 bit, versioni complete e illimitate di software <strong>da Microsoft Gold Partner certificato<\/strong><\/li>\n<li><strong>Garanzia di rimborso a vita!<\/strong><\/li>\n<li>Consegna via e-mail: codice prodotto, istruzioni, link per il download, fattura.<\/li>\n<li>Download immediato!<\/li>\n<li>Nessun limite di tempo, nessun abbonamento<\/li>\n<li>Assistenza gratuita 24 ore su 24, 7 giorni su 7, per problemi di installazione e attivazione.<\/li>\n<li>Nessuna consegna di dati (USB, CD, ecc.)<\/li>\n<li>Attivazione online e per telefono<\/li>\n<li>Lingue: Inglese, spagnolo, italiano, tedesco, francese<\/li>\n<li><strong><span style=\"color: #008000;\"> Questo prodotto \u00e8 compatibile con Microsoft Windows.<\/span><\/strong><\/li>\n<li><strong><span style=\"color: #ff0000;\">NON \u00e8 compatibile con Apple macOS\u2122, dispositivi Android e Chromebook.<\/span><\/strong><\/li>\n<\/ul>","protected":false},"featured_media":117791,"comment_status":"closed","ping_status":"closed","template":"","meta":{"_acf_changed":false},"product_brand":[],"product_cat":[40,187],"product_tag":[],"class_list":{"0":"post-117786","1":"product","2":"type-product","3":"status-publish","4":"has-post-thumbnail","6":"product_cat-msoffice","7":"product_cat-187","9":"first","10":"instock","11":"sale","12":"virtual","13":"taxable","14":"purchasable","15":"product-type-simple"},"acf":[],"_links":{"self":[{"href":"https:\/\/keyshop.windowsandoffice.com\/it\/wp-json\/wp\/v2\/product\/117786","targetHints":{"allow":["GET"]}}],"collection":[{"href":"https:\/\/keyshop.windowsandoffice.com\/it\/wp-json\/wp\/v2\/product"}],"about":[{"href":"https:\/\/keyshop.windowsandoffice.com\/it\/wp-json\/wp\/v2\/types\/product"}],"replies":[{"embeddable":true,"href":"https:\/\/keyshop.windowsandoffice.com\/it\/wp-json\/wp\/v2\/comments?post=117786"}],"wp:featuredmedia":[{"embeddable":true,"href":"https:\/\/keyshop.windowsandoffice.com\/it\/wp-json\/wp\/v2\/media\/117791"}],"wp:attachment":[{"href":"https:\/\/keyshop.windowsandoffice.com\/it\/wp-json\/wp\/v2\/media?parent=117786"}],"wp:term":[{"taxonomy":"product_brand","embeddable":true,"href":"https:\/\/keyshop.windowsandoffice.com\/it\/wp-json\/wp\/v2\/product_brand?post=117786"},{"taxonomy":"product_cat","embeddable":true,"href":"https:\/\/keyshop.windowsandoffice.com\/it\/wp-json\/wp\/v2\/product_cat?post=117786"},{"taxonomy":"product_tag","embeddable":true,"href":"https:\/\/keyshop.windowsandoffice.com\/it\/wp-json\/wp\/v2\/product_tag?post=117786"}],"curies":[{"name":"wp","href":"https:\/\/api.w.org\/{rel}","templated":true}]}}