{"id":117784,"date":"2024-10-23T18:12:05","date_gmt":"2024-10-23T16:12:05","guid":{"rendered":"https:\/\/keyshop.windowsandoffice.com\/?post_type=product&#038;p=117784"},"modified":"2026-01-13T20:20:23","modified_gmt":"2026-01-13T19:20:23","slug":"microsoft-office-2024-standard-microsoft-windows-10-professional-license-for-3-devices","status":"publish","type":"product","link":"https:\/\/keyshop.windowsandoffice.com\/it\/prodotto\/microsoft-office-2024-standard-microsoft-windows-10-professional-license-for-3-devices\/","title":{"rendered":"Microsoft Office 2024 Standard + Microsoft Windows 10 Professional licenza per 3 PC"},"content":{"rendered":"<h3><strong>Microsoft Office 2024 Standard<br \/>\n<\/strong><\/h3>\n<div style=\"margin-bottom: 15px;\"><strong>Con questa licenza il software pu\u00f2 essere attivato su 3 diversi dispositivi, ad esempio PC di casa, notebook e PC di lavoro.<\/strong><\/div>\n<div style=\"margin-bottom: 15px;\">Gli utenti di Microsoft Office che utilizzano l'intera gamma di applicazioni a casa o in ufficio sono ben consigliati con il Microsoft Office 2024 Standard. Sono inclusi tutti i programmi pi\u00f9 importanti: Word, Excel, Outlook e PowerPoint. OneNote \u00e8 ora disponibile per il download dal Microsoft Windows Store, in modo da poter prendere rapidamente appunti e renderli disponibili su tutti i dispositivi tramite il cloud. Data l'ampia gamma di programmi diversi, la versione Standard si rivolge principalmente a chi lavora a casa, nell'home office o a chi cerca una soluzione potente e affidabile in un ufficio per organizzare documenti, tabelle, ecc.<\/div>\n<ul>\n<li><strong>Word<\/strong>: Creare documenti di testo di qualit\u00e0 professionale in pochissimo tempo.<\/li>\n<li><strong>Excel<\/strong>: Foglio elettronico intelligente per la gestione delle informazioni.<\/li>\n<li><strong>PowerPoint<\/strong>: Creare presentazioni dinamiche di grande effetto.<\/li>\n<li><strong>Prospettiva<\/strong>: Comunicazione semplificata.<\/li>\n<\/ul>\n<div>\n<p><strong>Requisiti del sistema operativo: Microsoft Windows 10 o 11<\/strong><\/p>\n<\/div>\n<p>&nbsp;<\/p>\n<h3><strong>Microsoft Windows 10 Professional<\/strong><\/h3>\n<p>Microsoft Windows 10 Professional \u00e8 la scelta perfetta per i professionisti e le aziende che cercano un sistema operativo stabile e potente. Con un mix di familiarit\u00e0 e funzioni avanzate, Microsoft Windows 10 Professional aumenta la produttivit\u00e0 e offre una sicurezza affidabile per tutte le esigenze informatiche.<\/p>\n<p><strong>Caratteristiche principali di Microsoft Windows 10 Professional:<\/strong><\/p>\n<ul>\n<li><strong>Interfaccia familiare:<\/strong> Godetevi la classica sensazione di Microsoft Windows con un tocco moderno.<\/li>\n<li><strong>Aumento della produttivit\u00e0:<\/strong> Funzioni come Cortana e i desktop virtuali semplificano il flusso di lavoro.<\/li>\n<li><strong>Sicurezza avanzata:<\/strong> La crittografia BitLocker e l'antivirus Microsoft Windows Defender proteggono i vostri dati.<\/li>\n<li><strong>Desktop remoto: <\/strong> Access il vostro PC da qualsiasi luogo con le funzioni di desktop remoto.<\/li>\n<li><strong>Inchiostro Microsoft Windows:<\/strong> Utilizzate una penna digitale per prendere appunti, disegnare e progettare direttamente sullo schermo.<\/li>\n<li><strong>Microsoft Edge:<\/strong> Il browser pi\u00f9 recente, progettato per garantire velocit\u00e0, compatibilit\u00e0 e sicurezza.<\/li>\n<\/ul>\n<p>L'aggiornamento a Microsoft Windows 10 Professional offre un'esperienza informatica affidabile ed efficiente che soddisfa le esigenze di un uso personale e professionale.<\/p>\n<p>&nbsp;<\/p>","protected":false},"excerpt":{"rendered":"<ul>\n<li>Microsoft Office 2024 Licenza standard per 3 dispositivi<\/li>\n<li>Licenza Microsoft Windows 10 Professional per 3 dispositivi<\/li>\n<li><strong>Con questa licenza il software pu\u00f2 essere attivato su 3 diversi dispositivi, ad esempio PC di casa, notebook e PC di lavoro.<\/strong><\/li>\n<li>Versione per sistemi a 32 e 64 bit, versioni complete e illimitate di software <strong>da Microsoft Gold Partner certificato<\/strong><\/li>\n<li><strong>Garanzia di rimborso a vita!<\/strong><\/li>\n<li>Consegna via e-mail: codice prodotto, istruzioni, link per il download, fattura.<\/li>\n<li>Download immediato!<\/li>\n<li>Nessun limite di tempo, nessun abbonamento<\/li>\n<li>Assistenza gratuita 24 ore su 24, 7 giorni su 7, per problemi di installazione e attivazione.<\/li>\n<li>Nessuna consegna di dati (USB, CD, ecc.)<\/li>\n<li>Attivazione online e per telefono<\/li>\n<li>Lingue: Inglese, spagnolo, italiano, tedesco, francese<\/li>\n<li><strong><span style=\"color: #008000;\"> Questo prodotto \u00e8 compatibile con Microsoft Windows.<\/span><\/strong><\/li>\n<li><strong><span style=\"color: #ff0000;\">NON \u00e8 compatibile con Apple macOS\u2122, dispositivi Android e Chromebook.<\/span><\/strong><\/li>\n<\/ul>","protected":false},"featured_media":117789,"comment_status":"closed","ping_status":"closed","template":"","meta":{"_acf_changed":false},"product_brand":[],"product_cat":[40,187,41],"product_tag":[213],"class_list":{"0":"post-117784","1":"product","2":"type-product","3":"status-publish","4":"has-post-thumbnail","6":"product_cat-msoffice","7":"product_cat-187","8":"product_cat-windows-desktop","9":"product_tag-213","11":"first","12":"instock","13":"sale","14":"virtual","15":"taxable","16":"purchasable","17":"product-type-simple"},"acf":[],"_links":{"self":[{"href":"https:\/\/keyshop.windowsandoffice.com\/it\/wp-json\/wp\/v2\/product\/117784","targetHints":{"allow":["GET"]}}],"collection":[{"href":"https:\/\/keyshop.windowsandoffice.com\/it\/wp-json\/wp\/v2\/product"}],"about":[{"href":"https:\/\/keyshop.windowsandoffice.com\/it\/wp-json\/wp\/v2\/types\/product"}],"replies":[{"embeddable":true,"href":"https:\/\/keyshop.windowsandoffice.com\/it\/wp-json\/wp\/v2\/comments?post=117784"}],"wp:featuredmedia":[{"embeddable":true,"href":"https:\/\/keyshop.windowsandoffice.com\/it\/wp-json\/wp\/v2\/media\/117789"}],"wp:attachment":[{"href":"https:\/\/keyshop.windowsandoffice.com\/it\/wp-json\/wp\/v2\/media?parent=117784"}],"wp:term":[{"taxonomy":"product_brand","embeddable":true,"href":"https:\/\/keyshop.windowsandoffice.com\/it\/wp-json\/wp\/v2\/product_brand?post=117784"},{"taxonomy":"product_cat","embeddable":true,"href":"https:\/\/keyshop.windowsandoffice.com\/it\/wp-json\/wp\/v2\/product_cat?post=117784"},{"taxonomy":"product_tag","embeddable":true,"href":"https:\/\/keyshop.windowsandoffice.com\/it\/wp-json\/wp\/v2\/product_tag?post=117784"}],"curies":[{"name":"wp","href":"https:\/\/api.w.org\/{rel}","templated":true}]}}