{"id":117783,"date":"2024-10-23T18:12:05","date_gmt":"2024-10-23T16:12:05","guid":{"rendered":"https:\/\/keyshop.windowsandoffice.com\/?post_type=product&#038;p=117783"},"modified":"2025-09-12T21:40:54","modified_gmt":"2025-09-12T19:40:54","slug":"microsoft-office-2024-standard-microsoft-windows-11-professional-license-for-3-devices","status":"publish","type":"product","link":"https:\/\/keyshop.windowsandoffice.com\/it\/prodotto\/microsoft-office-2024-standard-microsoft-windows-11-professional-license-for-3-devices\/","title":{"rendered":"Microsoft Office 2024 Standard + licenza Microsoft Windows 11 Professional per 3 PC"},"content":{"rendered":"<h3><strong>Microsoft Office 2024 Standard<br \/>\n<\/strong><\/h3>\n<div style=\"margin-bottom: 15px;\"><strong>Con questa licenza il software pu\u00f2 essere attivato su 3 diversi dispositivi, ad esempio PC di casa, notebook e PC di lavoro.<\/strong><\/div>\n<div style=\"margin-bottom: 15px;\">Gli utenti di Microsoft Office che utilizzano l'intera gamma di applicazioni a casa o in ufficio sono ben consigliati con il Microsoft Office 2024 Standard. Sono inclusi tutti i programmi pi\u00f9 importanti: Word, Excel, Outlook e PowerPoint. OneNote \u00e8 ora disponibile per il download dal Microsoft Windows Store, in modo da poter prendere rapidamente appunti e renderli disponibili su tutti i dispositivi tramite il cloud. Data l'ampia gamma di programmi diversi, la versione Standard si rivolge principalmente a chi lavora a casa, nell'home office o a chi cerca una soluzione potente e affidabile in un ufficio per organizzare documenti, tabelle, ecc.<\/div>\n<ul>\n<li><strong>Word<\/strong>: Creare documenti di testo di qualit\u00e0 professionale in pochissimo tempo.<\/li>\n<li><strong>Excel<\/strong>: Foglio elettronico intelligente per la gestione delle informazioni.<\/li>\n<li><strong>PowerPoint<\/strong>: Creare presentazioni dinamiche di grande effetto.<\/li>\n<li><strong>Prospettiva<\/strong>: Comunicazione semplificata.<\/li>\n<\/ul>\n<div>\n<p><strong>Requisiti del sistema operativo: Microsoft Windows 10 o 11<\/strong><\/p>\n<\/div>\n<p>&nbsp;<\/p>\n<hr \/>\n<h3><strong>Microsoft Windows 11 Licenza professionale per dispositivi<\/strong><\/h3>\n<p>Sperimentate l'apice dell'informatica moderna con Microsoft Windows 11 Professional. Questo sistema operativo combina un design elegante con prestazioni potenti, offrendo un ambiente di lavoro e di svago sicuro e senza interruzioni. Microsoft Windows 11 Professional \u00e8 progettato per aiutarvi a ottenere di pi\u00f9, con nuove funzionalit\u00e0 e miglioramenti che aumentano la produttivit\u00e0 e la connettivit\u00e0.<\/p>\n<p><strong>Caratteristiche principali di Microsoft Windows 11 Professional:<\/strong><\/p>\n<ul>\n<li><strong>Interfaccia intuitiva:<\/strong> Un design fresco e pulito che aumenta la produttivit\u00e0.<\/li>\n<li><strong>Prestazioni migliorate:<\/strong> Tempi di avvio pi\u00f9 rapidi, gestione efficiente delle risorse e sicurezza migliorata.<\/li>\n<li><strong>Desktop virtuali:<\/strong> Organizzate facilmente il vostro spazio di lavoro con pi\u00f9 desktop.<\/li>\n<li><strong>Disegni e gruppi a scatto:<\/strong> Organizza e gestisce facilmente le finestre aperte per il multitasking.<\/li>\n<li><strong>Integrazione di Microsoft Teams:<\/strong> Rimanete in contatto con gli strumenti integrati di chat e videoconferenza.<\/li>\n<li><strong>Sicurezza avanzata:<\/strong> Proteggete i vostri dati con funzioni di sicurezza all'avanguardia.<\/li>\n<\/ul>\n<p>L'aggiornamento a Microsoft Windows 11 Professional consente di sfruttare appieno il potenziale del PC, sia che si lavori a casa che in viaggio. Lavorate a casa, in ufficio o in viaggio.<\/p>\n<hr \/>\n<p>Con questa combinazione esclusiva avrete a disposizione la suite di produttivit\u00e0 pi\u00f9 avanzata e il sistema operativo pi\u00f9 avanzato. Godetevi le funzionalit\u00e0 e le innovazioni all'avanguardia di Microsoft Office 2024 Standard abbinate al design elegante e alle potenti prestazioni di Microsoft Windows 11 Professional. Non perdete l'occasione di aggiornare e massimizzare la vostra produttivit\u00e0!<\/p>","protected":false},"excerpt":{"rendered":"<ul>\n<li>Microsoft Office 2024 Licenza standard per 3 dispositivi<\/li>\n<li>Licenza Microsoft Windows 11 Professional per 3 dispositivi<\/li>\n<li><strong>Con questa licenza il software pu\u00f2 essere attivato su 3 diversi dispositivi, ad esempio PC di casa, notebook e PC di lavoro.<\/strong><\/li>\n<li>Versione per sistemi a 32 e 64 bit, versioni complete e illimitate di software <strong>da Microsoft Gold Partner certificato<\/strong><\/li>\n<li><strong>Garanzia di rimborso a vita!<\/strong><\/li>\n<li>Consegna via e-mail: codice prodotto, istruzioni, link per il download, fattura.<\/li>\n<li>Download immediato!<\/li>\n<li>Nessun limite di tempo, nessun abbonamento<\/li>\n<li>Assistenza gratuita 24 ore su 24, 7 giorni su 7, per problemi di installazione e attivazione.<\/li>\n<li>Nessuna consegna di dati (USB, CD, ecc.)<\/li>\n<li>Attivazione online e per telefono<\/li>\n<li>Lingue: Inglese, spagnolo, italiano, tedesco, francese<\/li>\n<li><strong><span style=\"color: #008000;\"> Questo prodotto \u00e8 compatibile con Microsoft Windows.<\/span><\/strong><\/li>\n<li><strong><span style=\"color: #ff0000;\">NON \u00e8 compatibile con Apple macOS\u2122, dispositivi Android e Chromebook.<\/span><\/strong><\/li>\n<\/ul>","protected":false},"featured_media":117788,"comment_status":"closed","ping_status":"closed","template":"","meta":{"_acf_changed":false},"product_brand":[],"product_cat":[40,187,41],"product_tag":[211,212],"class_list":{"0":"post-117783","1":"product","2":"type-product","3":"status-publish","4":"has-post-thumbnail","6":"product_cat-msoffice","7":"product_cat-187","8":"product_cat-windows-desktop","9":"product_tag-microsoft-office-2024-pro-plus-microsoft-windows-11-pro","10":"product_tag-microsoft-office-2024-pro-plus-microsoft-windows-11-pro-license-for-3-pc","12":"first","13":"instock","14":"sale","15":"featured","16":"virtual","17":"taxable","18":"purchasable","19":"product-type-simple"},"acf":[],"_links":{"self":[{"href":"https:\/\/keyshop.windowsandoffice.com\/it\/wp-json\/wp\/v2\/product\/117783","targetHints":{"allow":["GET"]}}],"collection":[{"href":"https:\/\/keyshop.windowsandoffice.com\/it\/wp-json\/wp\/v2\/product"}],"about":[{"href":"https:\/\/keyshop.windowsandoffice.com\/it\/wp-json\/wp\/v2\/types\/product"}],"replies":[{"embeddable":true,"href":"https:\/\/keyshop.windowsandoffice.com\/it\/wp-json\/wp\/v2\/comments?post=117783"}],"wp:featuredmedia":[{"embeddable":true,"href":"https:\/\/keyshop.windowsandoffice.com\/it\/wp-json\/wp\/v2\/media\/117788"}],"wp:attachment":[{"href":"https:\/\/keyshop.windowsandoffice.com\/it\/wp-json\/wp\/v2\/media?parent=117783"}],"wp:term":[{"taxonomy":"product_brand","embeddable":true,"href":"https:\/\/keyshop.windowsandoffice.com\/it\/wp-json\/wp\/v2\/product_brand?post=117783"},{"taxonomy":"product_cat","embeddable":true,"href":"https:\/\/keyshop.windowsandoffice.com\/it\/wp-json\/wp\/v2\/product_cat?post=117783"},{"taxonomy":"product_tag","embeddable":true,"href":"https:\/\/keyshop.windowsandoffice.com\/it\/wp-json\/wp\/v2\/product_tag?post=117783"}],"curies":[{"name":"wp","href":"https:\/\/api.w.org\/{rel}","templated":true}]}}