{"id":116388,"date":"2024-08-29T18:11:02","date_gmt":"2024-08-29T16:11:02","guid":{"rendered":"https:\/\/keyshop.windowsandoffice.com\/?post_type=product&#038;p=116388"},"modified":"2026-01-13T20:20:16","modified_gmt":"2026-01-13T19:20:16","slug":"microsoft-windows-server-2016-essentials","status":"publish","type":"product","link":"https:\/\/keyshop.windowsandoffice.com\/it\/prodotto\/microsoft-windows-server-2016-essentials\/","title":{"rendered":"Microsoft Windows Server 2016 Essentials"},"content":{"rendered":"<p><strong>Windows Server 2016<\/strong>\u00a0\u00c8 il successore del principale standard industriale dei sistemi operativi per server. Aiuta quindi le aziende a prosperare nella moderna era del cloud e della telefonia mobile.<\/p>\n<p>&nbsp;<\/p>\n<h4><b>Windows Server 2016<\/b><\/h4>\n<p>\u00c8 la settima versione del sistema operativo server Windows Server sviluppato da Microsoft come parte della famiglia di sistemi operativi Windows NT. Pertanto, \u00e8 stato sviluppato contemporaneamente al sistema Windows 10. Inoltre, \u00e8 il successore di <a href=\"https:\/\/keyshop.windowsandoffice.com\/it\/prodotto\/windows-server-2012-std-ess-dc-versions\/\">Windows Server 2012 R2<\/a>. La prima versione di anteprima iniziale \u00e8 stata resa disponibile il 1\u00b0 ottobre 2014 insieme alla prima anteprima tecnica di System Center. In conclusione, Windows Server 2016 \u00e8 stato rilasciato il 26 settembre 2016 alla conferenza Ignite di Microsoft, quindi \u00e8 stato messo in vendita al dettaglio il 12 ottobre 2016. In definitiva, ha due successori: <a href=\"https:\/\/keyshop.windowsandoffice.com\/it\/prodotto\/windows-server-2019-std-ess-dc-versions\/\">Windows Server 2019<\/a> e il canale Windows Server semestrale, che esclude l'interfaccia grafica e molti componenti pi\u00f9 vecchi.<\/p>\n<p>&nbsp;<\/p>\n<p>Sono disponibili tre diverse versioni:<\/p>\n<p>&nbsp;<\/p>\n<h4><strong>Windows Server 2016 Essentials<\/strong><\/h4>\n<p>\u00c8 una soluzione server flessibile. In secondo luogo, \u00e8 conveniente. \u00c8 anche facile da usare. In conclusione, \u00e8 ideale per le piccole imprese con un massimo di 25 utenti e 50 dispositivi.<\/p>\n<p>D'altra parte, pu\u00f2 anche essere utilizzato come server primario in un ambiente aziendale di piccole dimensioni con pi\u00f9 server.<\/p>\n<h4><span style=\"color: #808080;\"><strong>Windows Server 2016 Standard<\/strong><\/span><\/h4>\n<p><span style=\"color: #808080;\">L'edizione Standard di Windows Server 2016 offre un buon supporto per diversi uffici. Se avete bisogno di un modo flessibile per virtualizzare il vostro ambiente, questa \u00e8 la vostra opzione. La versione include:<\/span><\/p>\n<ul>\n<li><span style=\"color: #808080;\">2 Macchine virtuali<\/span><\/li>\n<li><span style=\"color: #808080;\">2 contenitori Hyper-V<\/span><\/li>\n<li><span style=\"color: #808080;\">Contenitori server Windows illimitati<\/span><\/li>\n<\/ul>\n<h4><span style=\"color: #808080;\"><strong>Windows Server 2016 Datacenter<\/strong><\/span><\/h4>\n<p><span style=\"color: #808080;\">Questa edizione \u00e8 ideale per le aziende di tutte le dimensioni che hanno carichi di lavoro IT impegnativi, che richiedono storage avanzato, virtualizzazione e distribuzione di applicazioni, tra cui:<\/span><\/p>\n<ul>\n<li><span style=\"color: #808080;\">Macchine virtuali: Illimitato.<\/span><\/li>\n<li><span style=\"color: #808080;\">Contenitori Hyper-V: Illimitato.<\/span><\/li>\n<li><span style=\"color: #808080;\">Windows Contenitori di server: Illimitati.<\/span><\/li>\n<li><span style=\"color: #808080;\">Funzionalit\u00e0 di archiviazione che includono Storage Replica e Storage Spaces Direct<\/span><\/li>\n<li><span style=\"color: #808080;\">Nuovo stack di rete ottimizzato<\/span><\/li>\n<li><span style=\"color: #808080;\">Macchine virtuali protette e servizio Host Guardian<\/span><\/li>\n<\/ul>\n<h4><strong>Requisiti di sistema:<\/strong><\/h4>\n<ul>\n<li>Processore: 1,4 GHz a 64 bit.<\/li>\n<li>RAM: 512 MB (2 GB per il server con l'opzione di installazione \"Desktop Experience\").<\/li>\n<li>Spazio disponibile sul disco rigido: 60 GB.<\/li>\n<li>Monitor Super VGA (800 x 600) o di risoluzione superiore.<\/li>\n<li>Tastiera e mouse Microsoft (o altro dispositivo di puntamento compatibile).<\/li>\n<\/ul>\n<h4><strong>Supporto:<\/strong><\/h4>\n<p>Per qualsiasi domanda non esitate a contattarci. <a href=\"mailto:keyshop@dl-winandoffice.com\">via e-mail<\/a>. Il nostro supporto clienti \u00e8 disponibile 7 giorni su 7, 24 ore su 24. Pertanto, avrete un supporto immediato.<\/p>\n<p>Inoltre, assicuriamo la disponibilit\u00e0 di tutti i nostri prodotti. Di conseguenza, riceverete il vostro ordine in tempi record.<\/p>\n<p>La nostra azienda vanta oltre 10 anni di esperienza nel settore. Questo significa che forniamo un servizio professionale in base alle vostre esigenze. Perci\u00f2 sentitevi sicuri di far parte della nostra rete di clienti soddisfatti in tutto il mondo.<\/p>\n<p>Se volete vedere le nostre notizie<strong>, <a href=\"https:\/\/news.dl-winandoffice.com\/en\/\" target=\"_blank\" rel=\"noopener noreferrer nofollow\">clicca qui<\/a><\/strong><\/p>\n<p>&nbsp;<\/p>","protected":false},"excerpt":{"rendered":"<p>Windows Server 2016 \u00e8 il successore del principale standard industriale dei sistemi operativi per server. Aiuta le aziende a prosperare nella moderna era del cloud e del mobile. Sono disponibili tre diverse versioni:<\/p>\n<ul>\n<li><strong>Windows Server 2016 Essentials<\/strong><\/li>\n<li>Windows Server 2016 Standard<\/li>\n<li>Windows Server 2016 Datacenter<\/li>\n<\/ul>","protected":false},"featured_media":116392,"comment_status":"open","ping_status":"closed","template":"","meta":{"_acf_changed":false},"product_brand":[],"product_cat":[42,200],"product_tag":[52],"class_list":{"0":"post-116388","1":"product","2":"type-product","3":"status-publish","4":"has-post-thumbnail","6":"product_cat-windows-server","7":"product_cat-windows-server-2016","8":"product_tag-windows","10":"first","11":"instock","12":"sale","13":"virtual","14":"taxable","15":"purchasable","16":"product-type-simple"},"acf":[],"_links":{"self":[{"href":"https:\/\/keyshop.windowsandoffice.com\/it\/wp-json\/wp\/v2\/product\/116388","targetHints":{"allow":["GET"]}}],"collection":[{"href":"https:\/\/keyshop.windowsandoffice.com\/it\/wp-json\/wp\/v2\/product"}],"about":[{"href":"https:\/\/keyshop.windowsandoffice.com\/it\/wp-json\/wp\/v2\/types\/product"}],"replies":[{"embeddable":true,"href":"https:\/\/keyshop.windowsandoffice.com\/it\/wp-json\/wp\/v2\/comments?post=116388"}],"wp:featuredmedia":[{"embeddable":true,"href":"https:\/\/keyshop.windowsandoffice.com\/it\/wp-json\/wp\/v2\/media\/116392"}],"wp:attachment":[{"href":"https:\/\/keyshop.windowsandoffice.com\/it\/wp-json\/wp\/v2\/media?parent=116388"}],"wp:term":[{"taxonomy":"product_brand","embeddable":true,"href":"https:\/\/keyshop.windowsandoffice.com\/it\/wp-json\/wp\/v2\/product_brand?post=116388"},{"taxonomy":"product_cat","embeddable":true,"href":"https:\/\/keyshop.windowsandoffice.com\/it\/wp-json\/wp\/v2\/product_cat?post=116388"},{"taxonomy":"product_tag","embeddable":true,"href":"https:\/\/keyshop.windowsandoffice.com\/it\/wp-json\/wp\/v2\/product_tag?post=116388"}],"curies":[{"name":"wp","href":"https:\/\/api.w.org\/{rel}","templated":true}]}}