{"id":116380,"date":"2024-08-29T17:54:51","date_gmt":"2024-08-29T15:54:51","guid":{"rendered":"https:\/\/keyshop.windowsandoffice.com\/?post_type=product&#038;p=116380"},"modified":"2026-01-13T20:20:16","modified_gmt":"2026-01-13T19:20:16","slug":"microsoft-windows-server-2012-standard","status":"publish","type":"product","link":"https:\/\/keyshop.windowsandoffice.com\/it\/prodotto\/microsoft-windows-server-2012-standard\/","title":{"rendered":"Microsoft Windows Server 2012 Standard"},"content":{"rendered":"<p>Windows Server 2012 R2 \u00e8 il successore del principale standard industriale dei sistemi operativi per server. Sono disponibili tre diverse versioni:<\/p>\n<p><span style=\"color: #808080;\"><strong>Windows Server 2012 R2 Essentials<\/strong><\/span><\/p>\n<p><span style=\"color: #808080;\">Progettato per ambienti a bassa densit\u00e0 o non virtualizzati, \u00e8 una soluzione server flessibile, conveniente e facile da usare, pensata e progettata per le piccole imprese con un massimo di 25 utenti e 50 dispositivi. Windows Server Essentials \u00e8 un primo server ideale e pu\u00f2 essere utilizzato anche come server primario in un ambiente multi-server per piccole imprese.<\/span><\/p>\n<p><strong>Windows Server 2012 R2 Standard<\/strong><\/p>\n<p>Progettato per ambienti a bassa densit\u00e0 o non virtualizzati, questo sistema offre funzionalit\u00e0 complete di server Windows con due istanze virtuali. Inoltre, fornisce un'infrastruttura dinamica e multi-tenant che va oltre le precedenti tecnologie di virtualizzazione, nonch\u00e9 una piattaforma completa per la creazione di un Microsoft Private Cloud. Ci\u00f2 consente di scalare e proteggere i carichi di lavoro, una soluzione cloud conveniente e una connettivit\u00e0 sicura ai servizi cloud.<\/p>\n<p><span style=\"color: #808080;\"><strong>Windows Server 2012 R2 Datacenter<\/strong><\/span><\/p>\n<p><span style=\"color: #808080;\">Progettato per la virtualizzazione ad alta densit\u00e0 con un numero illimitato di istanze virtuali. Inoltre, Windows Server 2012 R2 Datacenter fornisce un'infrastruttura dinamica e multi-tenant che va oltre le precedenti tecnologie di virtualizzazione, nonch\u00e9 una piattaforma completa per la creazione di un Microsoft Private Cloud. Ci\u00f2 consente di scalare e proteggere i carichi di lavoro, una soluzione cloud conveniente e una connettivit\u00e0 sicura ai servizi cloud.<\/span><\/p>\n<p><a href=\"https:\/\/keyshop.windowsandoffice.com\/it\/prodotto\/windows-server-2012-r2-rds\/\">Cercate Windows Server 2012 r2 RDS User-Device CAL?<\/a><\/p>\n<p><strong>Requisiti di sistema:<\/strong><\/p>\n<ul>\n<li>Processore: 1,4 GHz a 64 bit<\/li>\n<li>RAM: 512 MB<\/li>\n<li>Spazio disponibile sul disco rigido: 32 GB<\/li>\n<li>Monitor Super VGA (800 x 600) o a risoluzione superiore<\/li>\n<li>Tastiera e mouse Microsoft (o altro dispositivo di puntamento compatibile)<\/li>\n<\/ul>\n<h4><strong>Supporto:<\/strong><\/h4>\n<p>Per qualsiasi domanda non esitate a contattarci. <a href=\"mailto:keyshop@dl-winandoffice.com\">via e-mail<\/a>. Il nostro supporto clienti \u00e8 disponibile 7 giorni su 7, 24 ore su 24. Pertanto, avrete un supporto immediato.<\/p>\n<p>Inoltre, assicuriamo la disponibilit\u00e0 di tutti i nostri prodotti. Di conseguenza, riceverete il vostro ordine in tempi record.<\/p>\n<p>La nostra azienda vanta oltre 10 anni di esperienza nel settore. Questo significa che forniamo un servizio professionale in base alle vostre esigenze. Perci\u00f2 sentitevi sicuri di far parte della nostra rete di clienti soddisfatti in tutto il mondo.<\/p>\n<p>Se volete vedere le nostre notizie<strong>, <a href=\"https:\/\/news.dl-winandoffice.com\/en\/\" target=\"_blank\" rel=\"noopener noreferrer nofollow\">clicca qui<\/a><\/strong><\/p>\n<p>&nbsp;<\/p>","protected":false},"excerpt":{"rendered":"<p>Windows Server 2012 R2 \u00e8 il successore del principale standard industriale dei sistemi operativi per server. Sono disponibili tre diverse versioni:<\/p>\n<ul>\n<li>Windows Server 2012 R2 Essentials<\/li>\n<li><strong>Windows Server 2012 R2 Standard<\/strong><\/li>\n<li>Windows Server 2012 R2 Datacenter<\/li>\n<\/ul>","protected":false},"featured_media":116381,"comment_status":"open","ping_status":"closed","template":"","meta":{"_acf_changed":false},"product_brand":[],"product_cat":[42,199],"product_tag":[],"class_list":{"0":"post-116380","1":"product","2":"type-product","3":"status-publish","4":"has-post-thumbnail","6":"product_cat-windows-server","7":"product_cat-windows-server-2012-r2","9":"first","10":"instock","11":"sale","12":"virtual","13":"taxable","14":"purchasable","15":"product-type-simple"},"acf":[],"_links":{"self":[{"href":"https:\/\/keyshop.windowsandoffice.com\/it\/wp-json\/wp\/v2\/product\/116380","targetHints":{"allow":["GET"]}}],"collection":[{"href":"https:\/\/keyshop.windowsandoffice.com\/it\/wp-json\/wp\/v2\/product"}],"about":[{"href":"https:\/\/keyshop.windowsandoffice.com\/it\/wp-json\/wp\/v2\/types\/product"}],"replies":[{"embeddable":true,"href":"https:\/\/keyshop.windowsandoffice.com\/it\/wp-json\/wp\/v2\/comments?post=116380"}],"wp:featuredmedia":[{"embeddable":true,"href":"https:\/\/keyshop.windowsandoffice.com\/it\/wp-json\/wp\/v2\/media\/116381"}],"wp:attachment":[{"href":"https:\/\/keyshop.windowsandoffice.com\/it\/wp-json\/wp\/v2\/media?parent=116380"}],"wp:term":[{"taxonomy":"product_brand","embeddable":true,"href":"https:\/\/keyshop.windowsandoffice.com\/it\/wp-json\/wp\/v2\/product_brand?post=116380"},{"taxonomy":"product_cat","embeddable":true,"href":"https:\/\/keyshop.windowsandoffice.com\/it\/wp-json\/wp\/v2\/product_cat?post=116380"},{"taxonomy":"product_tag","embeddable":true,"href":"https:\/\/keyshop.windowsandoffice.com\/it\/wp-json\/wp\/v2\/product_tag?post=116380"}],"curies":[{"name":"wp","href":"https:\/\/api.w.org\/{rel}","templated":true}]}}