{"id":116189,"date":"2024-08-21T18:26:45","date_gmt":"2024-08-21T16:26:45","guid":{"rendered":"https:\/\/keyshop.windowsandoffice.com\/?post_type=product&#038;p=116189"},"modified":"2026-04-17T01:26:04","modified_gmt":"2026-04-16T23:26:04","slug":"microsoft-office-home-business-2024-microsoft-office-home-business-2016","status":"publish","type":"product","link":"https:\/\/keyshop.windowsandoffice.com\/it\/prodotto\/microsoft-office-home-business-2024-microsoft-office-home-business-2016\/","title":{"rendered":"Microsoft Office Home &amp; Business 2024 + Microsoft Office Home &amp; Business 2016"},"content":{"rendered":"<p><strong>Microsoft Office Home &amp; Business 2024<\/strong><\/p>\n<p>Office 2024 per Windows \u00e8 stato progettato per aiutarvi a lavorare in modo pi\u00f9 efficiente. Introduce nuove e straordinarie funzionalit\u00e0 che facilitano la comunicazione, la creazione, la collaborazione e la condivisione del lavoro. Office 2024 per Windows sfrutta appieno le ultime innovazioni, garantendo compatibilit\u00e0 e prestazioni sui PC moderni. Il lancio del prodotto \u00e8 previsto per la fine del 2024 con tutte queste nuove funzionalit\u00e0.<\/p>\n<hr>\n<h4>Microsoft Office Home &amp; Business 2016<\/h4>\n<p>Office 2016 MAC \u00e8 stato progettato per aiutarvi a lavorare pi\u00f9 velocemente. Offre nuove e straordinarie funzionalit\u00e0 che rendono pi\u00f9 facile la comunicazione, la creazione, la collaborazione e la condivisione del lavoro. Office 2016 \u00e8 stato progettato per sfruttare le ultime funzionalit\u00e0 di Windows.<\/p>\n<h4>CARATTERISTICHE<\/h4>\n<p>Microsoft Office 2016 per MAC \u00e8 il successore di Microsoft Office 2011. Microsoft Office 2016 per Mac \u00e8 compatibile con OS X 10.10 Yosemite o con qualsiasi versione successiva di Mac OS X. Office 2016 per MAC, come i suoi predecessori, \u00e8 disponibile in una variet\u00e0 di pacchetti, ognuno dei quali \u00e8 adatto a esigenze diverse. Se avete bisogno di Office per uso personale o professionale, Microsoft ha il pacchetto giusto per voi.<\/p>","protected":false},"excerpt":{"rendered":"<ul>\n<li>Riceverete MIcrosoft Office Home &amp; Business 2016 con licenza corrente, fattura, istruzioni per l'installazione e link per il download.<\/li>\n<\/ul>\n<ul>\n<li>Riceverete il programma di installazione Office 2024 (senza licenza, versione di anteprima), 100% funzionale, con tutte le sue applicazioni, pi\u00f9 una chiave di attivazione temporanea.<\/li>\n<li>Quando Microsoft rilascer\u00e0 la versione ufficiale di Office Home &amp; Business 2024 e Microsoft Office 2024 Pro Plus (prevista fino alla fine del 2024), riceverete la licenza ufficiale e la chiave di attivazione via e-mail.<\/li>\n<li>Download immediato!<\/li>\n<li>Nessun limite di tempo, nessun abbonamento<\/li>\n<li>Assistenza gratuita per l'installazione e l'attivazione<\/li>\n<li>Nessuna consegna su supporti dati (USB, CD, ecc.)<\/li>\n<li>Attivazione online e per telefono<\/li>\n<li><strong>Questo prodotto NON \u00e8 compatibile con i sistemi operativi Apple (MacOS, iPadOS, iOS), con i Chromebook.<\/strong><\/li>\n<\/ul>","protected":false},"featured_media":116190,"comment_status":"open","ping_status":"closed","template":"","meta":{"_acf_changed":false},"product_brand":[],"product_cat":[40],"product_tag":[188,51],"class_list":{"0":"post-116189","1":"product","2":"type-product","3":"status-publish","4":"has-post-thumbnail","6":"product_cat-msoffice","7":"product_tag-microsoft","8":"product_tag-ms-office","10":"first","11":"instock","12":"sale","13":"virtual","14":"taxable","15":"purchasable","16":"product-type-simple"},"acf":[],"_links":{"self":[{"href":"https:\/\/keyshop.windowsandoffice.com\/it\/wp-json\/wp\/v2\/product\/116189","targetHints":{"allow":["GET"]}}],"collection":[{"href":"https:\/\/keyshop.windowsandoffice.com\/it\/wp-json\/wp\/v2\/product"}],"about":[{"href":"https:\/\/keyshop.windowsandoffice.com\/it\/wp-json\/wp\/v2\/types\/product"}],"replies":[{"embeddable":true,"href":"https:\/\/keyshop.windowsandoffice.com\/it\/wp-json\/wp\/v2\/comments?post=116189"}],"wp:featuredmedia":[{"embeddable":true,"href":"https:\/\/keyshop.windowsandoffice.com\/it\/wp-json\/wp\/v2\/media\/116190"}],"wp:attachment":[{"href":"https:\/\/keyshop.windowsandoffice.com\/it\/wp-json\/wp\/v2\/media?parent=116189"}],"wp:term":[{"taxonomy":"product_brand","embeddable":true,"href":"https:\/\/keyshop.windowsandoffice.com\/it\/wp-json\/wp\/v2\/product_brand?post=116189"},{"taxonomy":"product_cat","embeddable":true,"href":"https:\/\/keyshop.windowsandoffice.com\/it\/wp-json\/wp\/v2\/product_cat?post=116189"},{"taxonomy":"product_tag","embeddable":true,"href":"https:\/\/keyshop.windowsandoffice.com\/it\/wp-json\/wp\/v2\/product_tag?post=116189"}],"curies":[{"name":"wp","href":"https:\/\/api.w.org\/{rel}","templated":true}]}}