{"id":115856,"date":"2024-07-18T00:00:53","date_gmt":"2024-07-17T22:00:53","guid":{"rendered":"https:\/\/keyshop.windowsandoffice.com\/?post_type=product&#038;p=115856"},"modified":"2026-02-12T17:14:33","modified_gmt":"2026-02-12T16:14:33","slug":"windows-11-professional-project-2021-professional-office-2021-professional-visio-2021-standard-license-for-3-devices","status":"publish","type":"product","link":"https:\/\/keyshop.windowsandoffice.com\/it\/prodotto\/windows-11-professional-project-2021-professional-office-2021-professional-visio-2021-standard-license-for-3-devices\/","title":{"rendered":"Microsoft Windows 11 Professional + Microsoft Project 2021 Professional + Microsoft Office 2021 Professional + Microsoft Visio 2021 Licenza standard per 3PC"},"content":{"rendered":"<div id=\"primaryR2\" data-grid=\"container\" data-region-key=\"primaryr2\" data-m=\"{&quot;cN&quot;:&quot;primaryR2 1&quot;,&quot;cT&quot;:&quot;Region_coreui-region&quot;,&quot;id&quot;:&quot;r2a2&quot;,&quot;sN&quot;:2,&quot;aN&quot;:&quot;a2&quot;}\">\n<div id=\"coreui-banner-l03vzh8\" data-m=\"{&quot;cN&quot;:&quot;R2Banner 1&quot;,&quot;cT&quot;:&quot;Module_coreui-banner&quot;,&quot;id&quot;:&quot;m1r2a2&quot;,&quot;sN&quot;:1,&quot;aN&quot;:&quot;r2a2&quot;}\" data-module-id=\"WDG-Windows|primaryR2|coreui-region|coreui-banner-l03vzh8|coreui-banner\">\n<div class=\"m-banner f-align-left\" data-grid=\"col-12\">\n<h4>Microsoft Windows 11 Professional<\/h4>\n<p><strong>Con questa licenza il software pu\u00f2 essere attivato su 3 diversi dispositivi, ad esempio PC di casa, notebook e PC di lavoro.<\/strong><\/p>\n<h4 class=\"c-heading-3\">Requisiti di sistema<\/h4>\n<\/div>\n<\/div>\n<div id=\"coreui-divider-f6wmnt9\" data-m=\"{&quot;cN&quot;:&quot;R2Divider 1&quot;,&quot;cT&quot;:&quot;Module_coreui-divider&quot;,&quot;id&quot;:&quot;m2r2a2&quot;,&quot;sN&quot;:2,&quot;aN&quot;:&quot;r2a2&quot;}\" data-module-id=\"WDG-Windows|primaryR2|coreui-region|coreui-divider-f6wmnt9|coreui-divider\">\n<hr class=\"c-divider f-pad-top-3x\" data-grid=\"col-12\" \/>\n<\/div>\n<div id=\"coreui-contentrichblock-o5iouct\" data-m=\"{&quot;cN&quot;:&quot;R2ContentRichBlock 1&quot;,&quot;cT&quot;:&quot;Module_coreui-contentrichblock&quot;,&quot;id&quot;:&quot;m3r2a2&quot;,&quot;sN&quot;:3,&quot;aN&quot;:&quot;r2a2&quot;}\" data-module-id=\"WDG-Windows|primaryR2|coreui-region|coreui-contentrichblock-o5iouct|coreui-contentrichblock\">\n<div class=\"m-rich-content-block context-ucx\" data-grid=\"col-12\">\n<p>Assicuratevi di essere pronti per il nuovo e pi\u00f9 grande sistema operativo di Microsoft!<\/p>\n<p>Questi sono i requisiti minimi per l'installazione di Windows 11 su un PC. Se il vostro dispositivo non soddisfa questi requisiti, potreste non essere in grado di installare Windows 11.<strong> Se non si \u00e8 sicuri che il proprio PC soddisfi questi requisiti, \u00e8 possibile utilizzare l'applicazione PC Health Check per valutare la compatibilit\u00e0 (richiede Windows 10), <a href=\"https:\/\/aka.ms\/GetPCHealthCheckApp\" rel=\"nofollow noopener\" target=\"_blank\">clicca qui per scaricare<\/a>).<\/strong><\/p>\n<\/div>\n<\/div>\n<div id=\"coreui-tablev2-62jrfm3\" data-m=\"{&quot;cN&quot;:&quot;R2TableV2 1&quot;,&quot;cT&quot;:&quot;Module_coreui-tablev2&quot;,&quot;id&quot;:&quot;m4r2a2&quot;,&quot;sN&quot;:4,&quot;aN&quot;:&quot;r2a2&quot;}\" data-module-id=\"WDG-Windows|primaryR2|coreui-region|coreui-tablev2-62jrfm3|coreui-tablev2\">\n<div class=\"m-table\">\n<div class=\"c-table\" data-f-loc-ascending=\"Sorted by {0} - ascending\" data-f-loc-descending=\"Sorted by {0} - descending\">\n<table>\n<thead>\n<tr>\n<th scope=\"col\"><\/th>\n<th scope=\"col\"><\/th>\n<\/tr>\n<\/thead>\n<tbody>\n<tr>\n<td class=\"f-divided\"><strong>Processore:<\/strong><\/td>\n<td class=\"f-divided\">1 gigahertz (GHz) o pi\u00f9 veloce, con 2 o pi\u00f9 core su un <a href=\"https:\/\/docs.microsoft.com\/en-us\/windows-hardware\/design\/minimum\/windows-processor-requirements\" rel=\"nofollow noopener\" target=\"_blank\">processore compatibile a 64 bit<\/a> o sistema su chip (SoC)<\/td>\n<\/tr>\n<tr>\n<td class=\"f-divided\"><strong>RAM:<\/strong><\/td>\n<td class=\"f-divided\">4 gigabyte (GB)<\/td>\n<\/tr>\n<tr>\n<td class=\"f-divided\"><strong>Stoccaggio:<\/strong><\/td>\n<td class=\"f-divided\">Dispositivo di archiviazione da 64 GB o pi\u00f9 grande<\/p>\n<p>Nota: per ulteriori dettagli, vedere sotto \"Ulteriori informazioni sullo spazio di archiviazione per mantenere aggiornato Windows 11\".<\/td>\n<\/tr>\n<tr>\n<td class=\"f-divided\"><strong>Firmware del sistema:<\/strong><\/td>\n<td class=\"f-divided\">UEFI, in grado di eseguire il Secure Boot<\/td>\n<\/tr>\n<tr>\n<td class=\"f-divided\"><strong>TPM:<\/strong><\/td>\n<td class=\"f-divided\">Modulo di piattaforma affidabile (TPM) versione 2.0<\/td>\n<\/tr>\n<tr>\n<td class=\"f-divided\"><strong>Scheda grafica:<\/strong><\/td>\n<td class=\"f-divided\">Compatibile con DirectX 12 o successive con driver WDDM 2.0<\/td>\n<\/tr>\n<tr>\n<td class=\"f-divided\"><strong>Display:<\/strong><\/td>\n<td class=\"f-divided\">Display ad alta definizione (720p) con diagonale superiore a 9\", 8 bit per canale di colore<\/td>\n<\/tr>\n<tr>\n<td class=\"f-divided\"><strong>Connessione a Internet e account Microsoft:\u00a0<\/strong><\/td>\n<td class=\"f-divided\">Windows 11 Professional edition richiede la connettivit\u00e0 a Internet e un account Microsoft per completare la configurazione del dispositivo al primo utilizzo.<\/p>\n<p>Anche la commutazione di un dispositivo dalla modalit\u00e0 Windows 11 Home alla modalit\u00e0 S richiede la connettivit\u00e0 a Internet.<\/p>\n<p>Per tutte le edizioni di Windows 11 \u00e8 necessario l'accesso a Internet per eseguire gli aggiornamenti, scaricare e sfruttare alcune funzioni. Per alcune funzioni \u00e8 necessario un account Microsoft.<\/td>\n<\/tr>\n<\/tbody>\n<\/table>\n<\/div>\n<\/div>\n<\/div>\n<div id=\"coreui-contentrichblock-wqm7a2a\" data-m=\"{&quot;cN&quot;:&quot;R2ContentRichBlock 2&quot;,&quot;cT&quot;:&quot;Module_coreui-contentrichblock&quot;,&quot;id&quot;:&quot;m5r2a2&quot;,&quot;sN&quot;:5,&quot;aN&quot;:&quot;r2a2&quot;}\" data-module-id=\"WDG-Windows|primaryR2|coreui-region|coreui-contentrichblock-wqm7a2a|coreui-contentrichblock\">\n<div class=\"m-rich-content-block context-ucx\" data-grid=\"col-12\">\n<p>Nel corso del tempo potrebbero essere richiesti ulteriori requisiti per gli aggiornamenti e per l'attivazione di specifiche funzioni del sistema operativo.<\/p>\n<\/div>\n<\/div>\n<\/div>\n<div id=\"primaryR3\" data-grid=\"container\" data-region-key=\"primaryr3\" data-m=\"{&quot;cN&quot;:&quot;primaryR3 1&quot;,&quot;cT&quot;:&quot;Region_coreui-region&quot;,&quot;id&quot;:&quot;r3a2&quot;,&quot;sN&quot;:3,&quot;aN&quot;:&quot;a2&quot;}\">\n<div id=\"coreui-divider-xjbne9z\" data-m=\"{&quot;cN&quot;:&quot;R2Divider 1&quot;,&quot;cT&quot;:&quot;Module_coreui-divider&quot;,&quot;id&quot;:&quot;m2r3a2&quot;,&quot;sN&quot;:2,&quot;aN&quot;:&quot;r3a2&quot;}\" data-module-id=\"WDG-Windows|primaryR3|coreui-region|coreui-divider-xjbne9z|coreui-divider\">\n<hr class=\"c-divider f-pad-top-3x\" data-grid=\"col-12\" \/>\n<\/div>\n<div id=\"coreui-contentrichblock-rhi1sei\" data-m=\"{&quot;cN&quot;:&quot;R2ContentRichBlock 1&quot;,&quot;cT&quot;:&quot;Module_coreui-contentrichblock&quot;,&quot;id&quot;:&quot;m3r3a2&quot;,&quot;sN&quot;:3,&quot;aN&quot;:&quot;r3a2&quot;}\" data-module-id=\"WDG-Windows|primaryR3|coreui-region|coreui-contentrichblock-rhi1sei|coreui-contentrichblock\">\n<div class=\"m-rich-content-block context-ucx\" data-grid=\"col-12\">\n<p>Alcune funzioni di Windows 11 Professional richiedono requisiti maggiori rispetto a quelli elencati nella sezione dei requisiti minimi. Di seguito sono riportati alcuni dettagli aggiuntivi sui requisiti delle funzioni principali:<\/p>\n<div>\n<ul class=\"c-list\">\n<li><strong>Supporto 5G<\/strong> richiede un modem compatibile con il 5G.<\/li>\n<li><strong>HDR automatico<\/strong> richiede un monitor HDR.<\/li>\n<li><strong>BitLocker to Go<\/strong> richiede una chiavetta USB (disponibile nelle edizioni Windows 7 Pro e superiori).<\/li>\n<li><strong>Client Hyper-V<\/strong> richiede un processore con funzionalit\u00e0 di traduzione degli indirizzi di secondo livello (SLAT) (disponibile nelle edizioni Windows Pro e superiori).<\/li>\n<li><strong>Cortana<\/strong> richiede un microfono e un altoparlante ed \u00e8 attualmente disponibile su Windows 11 per Australia, Brasile, Canada, Cina, Francia, Germania, India, Italia, Giappone, Messico, Spagna, Regno Unito e Stati Uniti.<\/li>\n<li><strong>Archivio diretto<\/strong> richiede un'unit\u00e0 SSD NVMe per memorizzare ed eseguire giochi che utilizzano il driver \"Standard NVM Express Controller\" e una GPU DirectX12 con supporto per Shader Model 6.0.<\/li>\n<li><strong>DirectX 12 Ultimate<\/strong> \u00e8 disponibile con i giochi e i chip grafici supportati.<\/li>\n<li><strong>Presenza<\/strong> richiede un sensore in grado di rilevare la distanza dell'uomo dal dispositivo o l'intenzione di interagire con esso.<\/li>\n<li><strong>Videoconferenze intelligenti<\/strong> richiede una videocamera, un microfono e un altoparlante (uscita audio).<\/li>\n<li><strong>Assistente vocale multiplo (MVA)<\/strong> richiede un microfono e un altoparlante.<\/li>\n<li><strong>Scatto<\/strong> I layout a tre colonne richiedono uno schermo di larghezza pari o superiore a 1920 pixel effettivi.<\/li>\n<li><strong>Mute\/Unmute dalla barra delle applicazioni<\/strong> richiede videocamera, microfono e altoparlante (uscita audio). L'app deve essere compatibile con la funzione per attivare il silenziamento\/disattivazione globale.<\/li>\n<li><strong>Suono spaziale<\/strong> richiede hardware e software di supporto.<\/li>\n<li><strong>Squadre<\/strong> richiede una videocamera, un microfono e un altoparlante (uscita audio).<\/li>\n<li><strong>Toccare<\/strong> richiede uno schermo o un monitor che supporti il multi-touch.<\/li>\n<li><strong>Autenticazione a due fattori<\/strong> richiede l'uso di un PIN, di un sistema biometrico (lettore di impronte digitali o telecamera a infrarossi illuminata) o di un telefono con funzionalit\u00e0 Wi-Fi o Bluetooth.<\/li>\n<li><strong>Digitazione vocale<\/strong> richiede un PC con microfono.<\/li>\n<li><strong>Svegliare la voce<\/strong> richiede il modello di alimentazione Modern Standby e il microfono.<\/li>\n<li><strong>Wi-Fi 6E<\/strong> richiede un nuovo hardware e driver WLAN IHV e un AP\/router compatibile con Wi-Fi 6E.<\/li>\n<li><strong>Windows Salve<\/strong> richiede una fotocamera configurata per l'imaging nel vicino infrarosso (IR) o un lettore di impronte digitali per l'autenticazione biometrica. I dispositivi senza sensori biometrici possono utilizzare Windows Hello con un PIN o una chiave di sicurezza portatile compatibile con Microsoft.<\/li>\n<li><strong>Proiezione Windows<\/strong> richiede un adattatore di display che supporti Windows Display Driver Model (WDDM) 2.0 e un adattatore Wi-Fi che supporti Wi-Fi Direct.<\/li>\n<li><strong>Xbox (app)<\/strong> richiede un account Xbox Live, che non \u00e8 disponibile in tutte le regioni. Per informazioni pi\u00f9 aggiornate sulla disponibilit\u00e0, consultare la sezione Paesi e regioni di Xbox Live. Alcune funzioni dell'app Xbox richiedono un abbonamento attivo a Xbox Game Pass. Per saperne di pi\u00f9 sul pass.<\/li>\n<\/ul>\n<h3>Progetto 2021 Professional<\/h3>\n<p><strong>Con questa licenza il software pu\u00f2 essere attivato su 3 diversi dispositivi, ad esempio PC di casa, notebook e PC di lavoro.<\/strong><\/p>\n<p>L'edizione 2021 di Microsoft Project Professional ad alte prestazioni presenta funzioni estese e nuove interfacce con MS SharePoint, Project Server e Skype. Il software sfrutta appieno i numerosi vantaggi del sistema operativo Windows 10 o 11, ma non \u00e8 supportato dalle versioni Windows precedenti. MS Project Professional 2021 si rivolge principalmente ai project manager delle aziende che pianificano, gestiscono, documentano e successivamente analizzano i loro singoli progetti.<\/p>\n<h3>Office 2021 Professionale<\/h3>\n<p><strong>Con questa licenza il software pu\u00f2 essere attivato su 3 diversi dispositivi, ad esempio PC di casa, notebook e PC di lavoro.<\/strong><\/p>\n<div class=\"dePhmb\">\n<div class=\"eyKpYb\" data-language=\"en\" data-original-language=\"de\" data-result-index=\"0\">\n<div class=\"J0lOec\">\n<p>Gli utenti di Microsoft Office che utilizzano l'intera gamma di applicazioni a casa o in ufficio sono ben consigliati con l'Office 2021 Professional Plus Edition. Sono inclusi tutti i programmi pi\u00f9 importanti: Word, Excel, Outlook, PowerPoint, Publisher e Access. OneNote \u00e8 ora disponibile per il download dall'Windows Store, in modo da poter prendere rapidamente appunti e renderli disponibili su tutti i dispositivi tramite il cloud. A causa dell'ampia gamma di programmi diversi, la versione Professional Plus si rivolge principalmente a chi lavora a casa, nell'home office o a chi cerca una soluzione potente e affidabile in ufficio per organizzare documenti, tabelle, ecc.<\/p>\n<\/div>\n<ul>\n<li class=\"J0lOec\"><span class=\"VIiyi\" lang=\"en\"><span class=\"JLqJ4b ChMk0b\" data-language-for-alternatives=\"en\" data-language-to-translate-into=\"de\" data-phrase-index=\"9\" data-number-of-phrases=\"18\"><strong>Word<\/strong>: Creare documenti di testo di qualit\u00e0 professionale in pochissimo tempo.<\/span><\/span><\/li>\n<li class=\"J0lOec\"><span class=\"VIiyi\" lang=\"en\"><span class=\"JLqJ4b ChMk0b\" data-language-for-alternatives=\"en\" data-language-to-translate-into=\"de\" data-phrase-index=\"11\" data-number-of-phrases=\"18\"><strong>Excel<\/strong>: Foglio elettronico intelligente per la gestione delle informazioni.<\/span><\/span><\/li>\n<li class=\"J0lOec\"><span class=\"VIiyi\" lang=\"en\"><span class=\"JLqJ4b ChMk0b\" data-language-for-alternatives=\"en\" data-language-to-translate-into=\"de\" data-phrase-index=\"13\" data-number-of-phrases=\"18\"><strong>PowerPoint<\/strong>: Creare presentazioni dinamiche di grande effetto.<\/span><\/span><\/li>\n<li class=\"J0lOec\"><span class=\"VIiyi\" lang=\"en\"><span class=\"JLqJ4b ChMk0b\" data-language-for-alternatives=\"en\" data-language-to-translate-into=\"de\" data-phrase-index=\"15\" data-number-of-phrases=\"18\"><strong>OneNote<\/strong>: Il vostro taccuino digitale.<\/span><\/span><\/li>\n<li class=\"J0lOec\"><span class=\"VIiyi\" lang=\"en\"><span class=\"JLqJ4b ChMk0b\" data-language-for-alternatives=\"en\" data-language-to-translate-into=\"de\" data-phrase-index=\"17\" data-number-of-phrases=\"18\"><strong>Prospettiva<\/strong>: Comunicazione semplificata.<\/span><\/span><\/li>\n<li><strong>Publisher<\/strong>: Creazione di layout per pubblicazioni professionali<\/li>\n<li><strong>Access<\/strong>: Programmazione di database per applicazioni basate su browser<\/li>\n<li><strong>Microsoft Teams<\/strong>: Maggiore produttivit\u00e0 grazie alla messaggistica istantanea e alle videoconferenze HD (da scaricare separatamente)<\/li>\n<\/ul>\n<p>HINWEIS: Aufgrund einer <a href=\"https:\/\/blogs.microsoft.com\/eupolicy\/2023\/08\/31\/european-competition-teams-office-microsoft-365\/\" target=\"_blank\" rel=\"noopener nofollow\">Untersuchung der Europ\u00e4ischen Kommission (Analisi della Commissione Europea)<\/a>, b\u00fcndelt Microsoft keine Teams-Lizenz mehr mit Office-Produkten. \u00c8 possibile <a href=\"https:\/\/www.microsoft.com\/en-us\/microsoft-teams\/download-app\" target=\"_blank\" rel=\"noopener nofollow\"> Squadre da acquistare<\/a>, um es mit einer kostenlosen oder kostenpflichtigen Lizenz zu verwenden (separat zu erwerben), je nach Bedarf.<\/p>\n<h3>Visio 2021 Standard<\/h3>\n<p><strong>Con questa licenza il software pu\u00f2 essere attivato su 3 diversi dispositivi, ad esempio PC di casa, notebook e PC di lavoro.<\/strong><\/p>\n<\/div>\n<p>Microsoft Visio Standard 2021 \u00e8 la nuova generazione del popolare software Microsoft per la creazione e la modifica di diagrammi e visualizzazioni. Visio Standard \u00e8 particolarmente adatto alle aziende, in quanto diversi utenti di un team o di un reparto possono lavorare contemporaneamente sui diagrammi. Sono disponibili numerose interfacce per condividere le visualizzazioni finite sia internamente che esternamente con persone selezionate. Microsoft ha lavorato intensamente sui modelli e sulle forme che vengono continuamente utilizzati in Visio. Anche gli stili dei diagrammi sono stati migliorati per renderli pi\u00f9 suggestivi dal punto di vista visivo e, allo stesso tempo, pi\u00f9 facili da leggere. Con Microsoft Visio Standard 2021 \u00e8 inoltre possibile inserire dati in una visualizzazione esistente in tempo reale.<\/p>\n<p><strong>Assistenza e supporto:<\/strong><\/p>\n<p>Per qualsiasi domanda, non esitate a contattarci <a href=\"mailto:usa@dl-winandoffice.com\" target=\"_blank\" rel=\"noopener\">via e-mail<\/a>. Il nostro servizio clienti e l'assistenza sono disponibili 7 giorni su 7, 24 ore al giorno.<\/p>\n<\/div>\n<\/div>\n<\/div>\n<\/div>\n<\/div>","protected":false},"excerpt":{"rendered":"<table id=\"short-description\">\n<tbody>\n<tr>\n<td>Licenza:<\/td>\n<td>Con questa licenza il software pu\u00f2 essere attivato su 3 diversi dispositivi, ad esempio PC di casa, notebook e PC di lavoro.<\/td>\n<\/tr>\n<tr>\n<td>Consegna:<\/td>\n<td>Il link per il download, il codice prodotto, le istruzioni e la fattura vengono consegnati immediatamente via e-mail.<\/td>\n<\/tr>\n<tr>\n<td>Versione:<\/td>\n<td>Versione completa e illimitata da Microsoft Gold Partner certificato - Garanzia di rimborso a vita!!!<\/td>\n<\/tr>\n<tr>\n<td>Lingue:<\/td>\n<td>Inglese, francese, spagnolo, italiano, tedesco<\/td>\n<\/tr>\n<tr>\n<td>Supporto:<\/td>\n<td>24\/7 in inglese<\/td>\n<\/tr>\n<\/tbody>\n<\/table>\n<p>Per Microsoft Windows<\/p>","protected":false},"featured_media":115857,"comment_status":"open","ping_status":"closed","template":"","meta":{"_acf_changed":false},"product_brand":[],"product_cat":[41],"product_tag":[49,51,50],"class_list":{"0":"post-115856","1":"product","2":"type-product","3":"status-publish","4":"has-post-thumbnail","6":"product_cat-windows-desktop","7":"product_tag-excellence","8":"product_tag-ms-office","9":"product_tag-security","11":"first","12":"instock","13":"sale","14":"virtual","15":"taxable","16":"purchasable","17":"product-type-simple"},"acf":[],"_links":{"self":[{"href":"https:\/\/keyshop.windowsandoffice.com\/it\/wp-json\/wp\/v2\/product\/115856","targetHints":{"allow":["GET"]}}],"collection":[{"href":"https:\/\/keyshop.windowsandoffice.com\/it\/wp-json\/wp\/v2\/product"}],"about":[{"href":"https:\/\/keyshop.windowsandoffice.com\/it\/wp-json\/wp\/v2\/types\/product"}],"replies":[{"embeddable":true,"href":"https:\/\/keyshop.windowsandoffice.com\/it\/wp-json\/wp\/v2\/comments?post=115856"}],"wp:featuredmedia":[{"embeddable":true,"href":"https:\/\/keyshop.windowsandoffice.com\/it\/wp-json\/wp\/v2\/media\/115857"}],"wp:attachment":[{"href":"https:\/\/keyshop.windowsandoffice.com\/it\/wp-json\/wp\/v2\/media?parent=115856"}],"wp:term":[{"taxonomy":"product_brand","embeddable":true,"href":"https:\/\/keyshop.windowsandoffice.com\/it\/wp-json\/wp\/v2\/product_brand?post=115856"},{"taxonomy":"product_cat","embeddable":true,"href":"https:\/\/keyshop.windowsandoffice.com\/it\/wp-json\/wp\/v2\/product_cat?post=115856"},{"taxonomy":"product_tag","embeddable":true,"href":"https:\/\/keyshop.windowsandoffice.com\/it\/wp-json\/wp\/v2\/product_tag?post=115856"}],"curies":[{"name":"wp","href":"https:\/\/api.w.org\/{rel}","templated":true}]}}