{"id":115299,"date":"2024-06-19T16:25:44","date_gmt":"2024-06-19T14:25:44","guid":{"rendered":"https:\/\/keyshop.windowsandoffice.com\/?post_type=product&#038;p=115299"},"modified":"2026-01-13T20:20:08","modified_gmt":"2026-01-13T19:20:08","slug":"microsoft-office-2024-pro-plus-windows-11-pro","status":"publish","type":"product","link":"https:\/\/keyshop.windowsandoffice.com\/it\/prodotto\/microsoft-office-2024-pro-plus-windows-11-pro\/","title":{"rendered":"Microsoft Office 2024 Professional Plus + licenza Microsoft Windows 11 Professional per 3 PC"},"content":{"rendered":"<h3><strong>Microsoft Office 2024 Professional Plus<\/strong><\/h3>\n<div style=\"margin-bottom: 15px;\"><strong>Con questa licenza il software pu\u00f2 essere attivato su 3 diversi dispositivi, ad esempio PC di casa, notebook e PC di lavoro.<\/strong><\/div>\n<div style=\"margin-bottom: 15px;\">Gli utenti di Microsoft Office che utilizzano l'intera gamma di applicazioni a casa o in ufficio sono ben consigliati con il Microsoft Office 2024 Professional Plus Edition. Sono inclusi tutti i programmi pi\u00f9 importanti: Word, Excel, Outlook, PowerPoint e Access (Publisher non \u00e8 pi\u00f9 incluso perch\u00e9 sar\u00e0 ritirato nel 2026). OneNote \u00e8 ora disponibile per il download dal Microsoft Windows Store, in modo da poter prendere rapidamente appunti e renderli disponibili su tutti i dispositivi tramite il cloud. A causa dell'ampia gamma di programmi diversi, la versione Professional Plus si rivolge principalmente alle persone che lavorano a casa, nell'home office o che cercano una soluzione potente e affidabile in un ufficio per organizzare documenti, tabelle, ecc.<\/div>\n<ul>\n<li><strong>Word<\/strong>: Creare documenti di testo di qualit\u00e0 professionale in pochissimo tempo.<\/li>\n<li><strong>Excel<\/strong>: Foglio elettronico intelligente per la gestione delle informazioni.<\/li>\n<li><strong>PowerPoint<\/strong>: Creare presentazioni dinamiche di grande effetto.<\/li>\n<li><strong>OneNote<\/strong>: Il vostro taccuino digitale.<\/li>\n<li><strong>Prospettiva<\/strong>: Comunicazione semplificata.<\/li>\n<li><strong>Access<\/strong>: Programmazione di database per applicazioni basate su browser<\/li>\n<\/ul>\n<p class=\"translation-block\"><strong>Nota importante:<\/strong> Questa versione di Office <strong>NON<\/strong> include <strong>Teams!<\/p>\n<div>\n<p><strong>Requisiti del sistema operativo: Microsoft Windows 10 o 11<\/strong><\/p>\n<\/div>\n<p>&nbsp;<\/p>\n<h3><strong>Microsoft Windows 11 Professional<\/strong><\/h3>\n<p>Provate l'apice dell'informatica moderna con Windows 11 Professional. Questo sistema operativo combina un design elegante con prestazioni potenti, offrendo un ambiente sicuro e senza interruzioni sia per il lavoro che per il tempo libero. Windows 11 Professional \u00e8 stato progettato per aiutarvi a ottenere di pi\u00f9 con nuove funzionalit\u00e0 e miglioramenti che migliorano la produttivit\u00e0 e la connettivit\u00e0.<\/p>\n<p><strong>Caratteristiche principali di Windows 11 Professional:<\/strong><\/p>\n<ul>\n<li><strong>Interfaccia intuitiva:<\/strong> Un design fresco e pulito che aumenta la produttivit\u00e0.<\/li>\n<li><strong>Prestazioni migliorate:<\/strong> Tempi di avvio pi\u00f9 rapidi, gestione efficiente delle risorse e sicurezza migliorata.<\/li>\n<li><strong>Desktop virtuali:<\/strong> Organizzate il vostro spazio di lavoro con facilit\u00e0 utilizzando pi\u00f9 desktop.<\/li>\n<li><strong>Layout e gruppi snap:<\/strong> Organizzate e gestite facilmente le finestre aperte per il multitasking.<\/li>\n<li><strong>Integrazione di Microsoft Teams:<\/strong> Rimanete in contatto con gli strumenti integrati di chat e videoconferenza.<\/li>\n<li><strong>Sicurezza avanzata:<\/strong> Proteggete i vostri dati con funzioni di sicurezza all'avanguardia.<\/li>\n<\/ul>\n<p>Passate a Windows 11 Professional per sbloccare tutto il potenziale del vostro PC, sia che lavoriate da casa, in ufficio o in viaggio.<\/p>\n<hr \/>\n<p>Con questa esclusiva combinazione, avrete a disposizione la suite di produttivit\u00e0 pi\u00f9 avanzata e il sistema operativo pi\u00f9 avanzato. Godetevi le funzioni e le innovazioni all'avanguardia di Office 2024 Professional Plus abbinate al design elegante e alle potenti prestazioni di Windows 11 Professional. Non perdete l'occasione di aggiornare e massimizzare la vostra produttivit\u00e0!<\/p>","protected":false},"excerpt":{"rendered":"<ul>\n<li>Microsoft Office 2024 Professional Plus licenza per 3 dispositivi<\/li>\n<li>Licenza Microsoft Windows 11 Professional per 3 dispositivi<\/li>\n<li><strong>Con questa licenza il software pu\u00f2 essere attivato su 3 diversi dispositivi, ad esempio PC di casa, notebook e PC di lavoro.<\/strong><\/li>\n<li>Versione per sistemi a 32 e 64 bit, versioni complete e illimitate di software <strong>da Microsoft Gold Partner certificato<\/strong><\/li>\n<li><strong>Garanzia di rimborso a vita!<\/strong><\/li>\n<li>Consegna via e-mail: codice prodotto, istruzioni, link per il download, fattura.<\/li>\n<li>Download immediato!<\/li>\n<li>Nessun limite di tempo, nessun abbonamento<\/li>\n<li>Assistenza gratuita 24 ore su 24, 7 giorni su 7, per problemi di installazione e attivazione.<\/li>\n<li>Nessuna consegna di dati (USB, CD, ecc.)<\/li>\n<li>Attivazione online e per telefono<\/li>\n<li>Lingue: Inglese, spagnolo, italiano, tedesco, francese<\/li>\n<li><strong><span style=\"color: #008000;\"> Questo prodotto \u00e8 compatibile con Microsoft Windows.<\/span><\/strong><\/li>\n<li><strong><span style=\"color: #ff0000;\">NON \u00e8 compatibile con Apple macOS\u2122, dispositivi Android e Chromebook.<\/span><\/strong><\/li>\n<\/ul>","protected":false},"featured_media":115844,"comment_status":"open","ping_status":"closed","template":"","meta":{"_acf_changed":false},"product_brand":[],"product_cat":[53,187,65],"product_tag":[49,51,50],"class_list":{"0":"post-115299","1":"product","2":"type-product","3":"status-publish","4":"has-post-thumbnail","6":"product_cat-combos","7":"product_cat-187","8":"product_cat-popular","9":"product_tag-excellence","10":"product_tag-ms-office","11":"product_tag-security","13":"first","14":"instock","15":"sale","16":"featured","17":"virtual","18":"taxable","19":"purchasable","20":"product-type-simple"},"acf":[],"_links":{"self":[{"href":"https:\/\/keyshop.windowsandoffice.com\/it\/wp-json\/wp\/v2\/product\/115299","targetHints":{"allow":["GET"]}}],"collection":[{"href":"https:\/\/keyshop.windowsandoffice.com\/it\/wp-json\/wp\/v2\/product"}],"about":[{"href":"https:\/\/keyshop.windowsandoffice.com\/it\/wp-json\/wp\/v2\/types\/product"}],"replies":[{"embeddable":true,"href":"https:\/\/keyshop.windowsandoffice.com\/it\/wp-json\/wp\/v2\/comments?post=115299"}],"wp:featuredmedia":[{"embeddable":true,"href":"https:\/\/keyshop.windowsandoffice.com\/it\/wp-json\/wp\/v2\/media\/115844"}],"wp:attachment":[{"href":"https:\/\/keyshop.windowsandoffice.com\/it\/wp-json\/wp\/v2\/media?parent=115299"}],"wp:term":[{"taxonomy":"product_brand","embeddable":true,"href":"https:\/\/keyshop.windowsandoffice.com\/it\/wp-json\/wp\/v2\/product_brand?post=115299"},{"taxonomy":"product_cat","embeddable":true,"href":"https:\/\/keyshop.windowsandoffice.com\/it\/wp-json\/wp\/v2\/product_cat?post=115299"},{"taxonomy":"product_tag","embeddable":true,"href":"https:\/\/keyshop.windowsandoffice.com\/it\/wp-json\/wp\/v2\/product_tag?post=115299"}],"curies":[{"name":"wp","href":"https:\/\/api.w.org\/{rel}","templated":true}]}}