{"id":114123,"date":"2024-04-30T00:23:00","date_gmt":"2024-04-29T22:23:00","guid":{"rendered":"https:\/\/keyshop.windowsandoffice.com\/?post_type=product&#038;p=114123"},"modified":"2026-01-13T20:20:08","modified_gmt":"2026-01-13T19:20:08","slug":"office-2010-professional-plus","status":"publish","type":"product","link":"https:\/\/keyshop.windowsandoffice.com\/it\/prodotto\/office-2010-professional-plus\/","title":{"rendered":"Microsoft Office 2010 Professional Plus licenza per 3 PC"},"content":{"rendered":"<p>Office 2010 Professional segna l'inizio di una nuova era per le applicazioni Office, standard mondiale di Microsoft. Ci sono le versioni classiche delle applicazioni pi\u00f9 conosciute, ma anche le nuove versioni web di Word, Excel e cos\u00ec via. Sicuramente, consentono di essere produttivi praticamente ovunque.<\/p>\n<p>Un'altra novit\u00e0 \u00e8 il pieno supporto del formato di file Open XML certificato ISO. \u00c8 dotato di un menu a nastro. Pertanto, la suite Windows 7 avr\u00e0 un aspetto pi\u00f9 moderno e anche il pulsante Office avr\u00e0 nuove funzioni.<\/p>\n<p>Microsoft Office 2010 Professional Plus contiene queste applicazioni:<\/p>\n<ul>\n<li><strong>Word 2010<\/strong> - per creare documenti affascinanti<\/li>\n<li><strong>Excel 2010<\/strong> - per le analisi importanti<\/li>\n<li><strong>PowerPoint 2010<\/strong> - per presentazioni accattivanti<\/li>\n<li><strong>Outlook 2010<\/strong> - gestire la posta elettronica, i contatti, gli orari e le attivit\u00e0<\/li>\n<li><strong>OneNote 2010<\/strong> - per gli appunti<\/li>\n<li><strong>Editore 2010<\/strong> - per creare pubblicit\u00e0 professionale<\/li>\n<li><strong>Accesso 2010<\/strong> - per le applicazioni basate su browser<\/li>\n<li><strong>Applicazioni web<\/strong> (Word, Excel, PowerPoint, OneNote)<\/li>\n<li><strong>InfoPath<\/strong> - per progettare, distribuire, compilare e inviare moduli elettronici contenenti dati strutturati.<\/li>\n<li><strong>Comunicatore<\/strong> - rimanere in contatto con clienti e colleghi<\/li>\n<li><strong>Spazio di lavoro SharePoint<\/strong> - per collaborare in tutto il mondo<\/li>\n<\/ul>\n<p><strong>Requisiti di sistema:<\/strong><\/p>\n<ul>\n<li>Processore: processore da 500 megahertz (MHz) o superiore; \u00e8 richiesto 1 gigahertz (GHz) per Outlook con Business Contact Manager.<\/li>\n<li>RAM: 512 megabyte (MB) di RAM o superiore (certamente \u00e8 un requisito molto basso)<\/li>\n<li>Spazio disponibile sul disco rigido: 3,5 gigabyte (GB)<\/li>\n<li>Per l'edizione a 32 bit di Office 2010: Windows XP con Service Pack (SP) 3, Windows Server 2003 SP2, MSXML 6.0<\/li>\n<li>Per entrambe le edizioni a 32 o 64 bit di Office 2010: Windows Vista con SP1, Windows Server 2008, Windows 7, Terminal Server, Windows su Windows (WOW)<\/li>\n<\/ul>\n<p>&nbsp;<\/p>\n<p>&nbsp;<\/p>","protected":false},"excerpt":{"rendered":"<p>Office 2010 segna l'inizio di una nuova era per le applicazioni Office di Microsoft, standard mondiale. Ci sono le versioni classiche dei programmi pi\u00f9 noti, ma anche le nuove versioni web di Word, Excel e cos\u00ec via. Questi programmi consentono di essere produttivi praticamente ovunque.<\/p>\n<p>Un'altra novit\u00e0 \u00e8 il pieno supporto del formato di file Open XML certificato ISO. Un nuovo menu a nastro conferisce l'aspetto di Windows 7 alla suite Office e anche il pulsante Office riceve nuove funzioni.<\/p>\n<p><strong>Nota:<\/strong><\/p>\n<ul>\n<li><strong>Questo prodotto \u00e8 compatibile solo con gli Windows 10 e 11.<\/strong><\/li>\n<li><strong>Questo prodotto NON \u00e8 compatibile con i sistemi operativi Apple (MacOS, iPadOS, iOS), con i Chromebook.<\/strong><\/li>\n<\/ul>","protected":false},"featured_media":115850,"comment_status":"open","ping_status":"closed","template":"","meta":{"_acf_changed":false},"product_brand":[],"product_cat":[40],"product_tag":[51,46],"class_list":{"0":"post-114123","1":"product","2":"type-product","3":"status-publish","4":"has-post-thumbnail","6":"product_cat-msoffice","7":"product_tag-ms-office","8":"product_tag-ms-office-2010","10":"first","11":"instock","12":"sale","13":"virtual","14":"taxable","15":"purchasable","16":"product-type-simple"},"acf":[],"_links":{"self":[{"href":"https:\/\/keyshop.windowsandoffice.com\/it\/wp-json\/wp\/v2\/product\/114123","targetHints":{"allow":["GET"]}}],"collection":[{"href":"https:\/\/keyshop.windowsandoffice.com\/it\/wp-json\/wp\/v2\/product"}],"about":[{"href":"https:\/\/keyshop.windowsandoffice.com\/it\/wp-json\/wp\/v2\/types\/product"}],"replies":[{"embeddable":true,"href":"https:\/\/keyshop.windowsandoffice.com\/it\/wp-json\/wp\/v2\/comments?post=114123"}],"wp:featuredmedia":[{"embeddable":true,"href":"https:\/\/keyshop.windowsandoffice.com\/it\/wp-json\/wp\/v2\/media\/115850"}],"wp:attachment":[{"href":"https:\/\/keyshop.windowsandoffice.com\/it\/wp-json\/wp\/v2\/media?parent=114123"}],"wp:term":[{"taxonomy":"product_brand","embeddable":true,"href":"https:\/\/keyshop.windowsandoffice.com\/it\/wp-json\/wp\/v2\/product_brand?post=114123"},{"taxonomy":"product_cat","embeddable":true,"href":"https:\/\/keyshop.windowsandoffice.com\/it\/wp-json\/wp\/v2\/product_cat?post=114123"},{"taxonomy":"product_tag","embeddable":true,"href":"https:\/\/keyshop.windowsandoffice.com\/it\/wp-json\/wp\/v2\/product_tag?post=114123"}],"curies":[{"name":"wp","href":"https:\/\/api.w.org\/{rel}","templated":true}]}}