{"id":10978,"date":"2022-04-01T16:14:02","date_gmt":"2022-04-01T14:14:02","guid":{"rendered":"https:\/\/keyshop.windowsandoffice.com\/?post_type=product&#038;p=10978"},"modified":"2026-02-12T17:14:33","modified_gmt":"2026-02-12T16:14:33","slug":"win10-oficce2021pp","status":"publish","type":"product","link":"https:\/\/keyshop.windowsandoffice.com\/it\/prodotto\/win10-oficce2021pp\/","title":{"rendered":"Microsoft Windows 10 Professional + Microsoft Office 2021 Professional Plus licenza per 3 PC"},"content":{"rendered":"<h1>Windows 10 Pro + Office 2021 Pro<\/h1>\n<h3><strong>Microsoft Windows 10 Professional<\/strong><\/h3>\n<p>Con Windows 10 Professional, avete un sistema operativo affidabile sul vostro dispositivo. L'avvio del sistema \u00e8 pi\u00f9 rapido. Inoltre, ha un menu di avvio familiare ma migliorato. In altre parole, troverete nuovi modi per completare rapidamente le attivit\u00e0. Inoltre, ha un nuovo browser. \u00c8 anche dotato dell'assistente digitale personale Cortana. Cortana \u00e8 l'assistente digitale personale che vi seguir\u00e0 su tutti i vostri dispositivi Windows 10. Questo assistente vi aiuter\u00e0 a svolgere le vostre attivit\u00e0. Questo assistente vi aiuter\u00e0 a fare le cose pi\u00f9 facilmente. Cortana impara a conoscervi meglio nel corso del tempo e pu\u00f2 aiutarvi a migliorare ogni giorno. Windows 10 Professional vi supporta in modo ottimale in tutto ci\u00f2 che fate.<\/p>\n<h4>Caratteristiche<\/h4>\n<p>Con <em><strong>Windows 10 Professionale<\/strong> <\/em>nel cuore del vostro computer, potete fare tutto. E non solo.<\/p>\n<ul>\n<li>Le funzioni di sicurezza integrate includono antivirus, firewall e protezioni Internet, per lavorare in modo sicuro e protetto.<\/li>\n<li>Scegliete di scansionare il vostro volto o le vostre impronte digitali con Windows Hello per sbloccare il vostro sistema in modo rapido, sicuro e senza password.<\/li>\n<li>Focus Assist consente di bloccare notifiche, suoni e avvisi. Cos\u00ec potrete lavorare senza distrazioni.<\/li>\n<li>La timeline offre un modo semplice e veloce per scorrere i documenti, le app e i siti web pi\u00f9 recenti.<\/li>\n<li><strong>Foto di Microsoft<\/strong> \u00e8 un modo semplice per organizzare i propri contenuti multimediali. \u00c8 possibile cercare, modificare e condividere foto e video.<\/li>\n<li>Streaming istantaneo di gameplay in diretta. Registrazioni dello schermo. Controllo delle impostazioni audio individuali con la barra di gioco.<\/li>\n<li>Remote Desktop consente di sbloccare e accedere virtualmente al proprio computer. Cio\u00e8, tutti i vostri file, cartelle e applicazioni. Accedete ad essi da qualsiasi dispositivo tramite Internet.<\/li>\n<li>Windows Information Protection (WIP) aiuta a proteggere da potenziali perdite di dati. Allo stesso modo, WIP non interferisce con l'esperienza dei dipendenti.<\/li>\n<li><strong>Crittografia unit\u00e0 BitLocker<\/strong> \u00e8 una funzione di protezione dei dati che si integra con il sistema operativo e affronta le minacce di furto dei dati, nonch\u00e9 l'esposizione di computer persi, rubati o dismessi in modo improprio.<\/li>\n<li>Strumenti progettati per l'uso aziendale.<\/li>\n<\/ul>\n<p><em><strong>Tuttavia, l'avvio del sistema \u00e8 pi\u00f9 rapido. Ha un menu di avvio familiare ma migliorato e nuovi modi per fare le cose velocemente. Avrete anche nuove funzionalit\u00e0, come un nuovo browser. Pertanto, si otterr\u00e0 un'esperienza web migliorata. Cortana vi segue su tutti i vostri dispositivi Windows 10. Inoltre, aiuta a semplificare le cose. Con il tempo impara a conoscervi sempre di pi\u00f9 e pu\u00f2 supportarvi meglio ogni giorno.<\/strong><\/em><\/p>\n<h4><strong>Caratteristiche avanzate<br \/>\n<\/strong><\/h4>\n<p>Inoltre, vi supporta in modo ottimale in tutto ci\u00f2 che fate. Tenete sotto controllo le cose semplicemente agganciando le app e ottimizzando la condivisione dello schermo per lavorare in modo pi\u00f9 produttivo. \u00c8 possibile agganciare fino a quattro app contemporaneamente e creare desktop virtuali se si ha bisogno di pi\u00f9 spazio o si desidera raggruppare i contenuti per un progetto, ad esempio le app per l'ufficio per il lavoro e i giochi per il tempo libero. I Live Tiles forniscono flussi aggiornati dei contenuti pi\u00f9 importanti in tempo reale.<\/p>\n<p><em>In conclusione <a href=\"https:\/\/keyshop.windowsandoffice.com\/it\/prodotto\/combo1\/\"><strong>Windows 10<\/strong> <\/a>\u00e8 compatibile con l'hardware, il software e le periferiche gi\u00e0 in uso. Mantenete il vostro sistema aggiornato con funzioni e sicurezza per tutta la durata del supporto del dispositivo.<\/em><\/p>\n<h1>Microsoft Office 2021 Professional Plus<\/h1>\n<div class=\"dePhmb\">\n<div class=\"eyKpYb\" data-language=\"en\" data-original-language=\"de\" data-result-index=\"0\">\n<div class=\"J0lOec\">\n<p>Gli utenti di Microsoft Office che utilizzano l'intera gamma di applicazioni a casa o in ufficio sono ben consigliati con l'Office 2021 Professional Plus Edition. Sono inclusi tutti i programmi pi\u00f9 importanti: Word, Excel, Outlook, PowerPoint, Publisher e Access.  OneNote \u00e8 ora disponibile per il download dall'Windows Store, in modo da poter prendere rapidamente appunti e renderli disponibili su tutti i dispositivi tramite il cloud. Data l'ampia gamma di programmi, la versione Professional Plus si rivolge principalmente a chi lavora a casa, nell'home office o a chi cerca una soluzione potente e affidabile in ufficio per organizzare documenti, tabelle, ecc.<\/p>\n<\/div>\n<ul>\n<li style=\"list-style-type: none;\">\n<ul>\n<li class=\"J0lOec\"><span class=\"VIiyi\" lang=\"en\"><span class=\"JLqJ4b ChMk0b\" data-language-for-alternatives=\"en\" data-language-to-translate-into=\"de\" data-phrase-index=\"9\" data-number-of-phrases=\"18\"><strong>Word<\/strong>: Creare documenti di testo di qualit\u00e0 professionale in pochissimo tempo.<\/span><\/span><\/li>\n<li class=\"J0lOec\"><span class=\"VIiyi\" lang=\"en\"><span class=\"JLqJ4b ChMk0b\" data-language-for-alternatives=\"en\" data-language-to-translate-into=\"de\" data-phrase-index=\"11\" data-number-of-phrases=\"18\"><strong>Excel<\/strong>: Foglio elettronico intelligente per la gestione delle informazioni.<\/span> <\/span><\/li>\n<li class=\"J0lOec\"><span class=\"VIiyi\" lang=\"en\"><span class=\"JLqJ4b ChMk0b\" data-language-for-alternatives=\"en\" data-language-to-translate-into=\"de\" data-phrase-index=\"13\" data-number-of-phrases=\"18\"><strong>PowerPoint<\/strong>: Creare presentazioni dinamiche di grande effetto.<\/span> <\/span><\/li>\n<li class=\"J0lOec\"><span class=\"VIiyi\" lang=\"en\"><span class=\"JLqJ4b ChMk0b\" data-language-for-alternatives=\"en\" data-language-to-translate-into=\"de\" data-phrase-index=\"15\" data-number-of-phrases=\"18\"><strong>OneNote<\/strong>: Il vostro taccuino digitale.<\/span> <\/span><\/li>\n<li class=\"J0lOec\"><span class=\"VIiyi\" lang=\"en\"><span class=\"JLqJ4b ChMk0b\" data-language-for-alternatives=\"en\" data-language-to-translate-into=\"de\" data-phrase-index=\"17\" data-number-of-phrases=\"18\"><strong>Prospettiva<\/strong>: Comunicazione semplificata.<\/span><\/span><\/li>\n<li><strong>Publisher<\/strong>creazione di layout per pubblicazioni professionali<\/li>\n<li><strong>Access<\/strong>: Programmazione di database per applicazioni basate su browser<\/li>\n<\/ul>\n<\/li>\n<\/ul>\n<p>HINWEIS: Aufgrund einer <a href=\"https:\/\/blogs.microsoft.com\/eupolicy\/2023\/08\/31\/european-competition-teams-office-microsoft-365\/\" target=\"_blank\" rel=\"noopener nofollow\">Untersuchung der Europ\u00e4ischen Kommission (Analisi della Commissione Europea)<\/a>, b\u00fcndelt Microsoft keine Teams-Lizenz mehr mit Office-Produkten. \u00c8 possibile <a href=\"https:\/\/www.microsoft.com\/en-us\/microsoft-teams\/download-app\" target=\"_blank\" rel=\"noopener nofollow\"> Squadre da acquistare<\/a>, um es mit einer kostenlosen oder kostenpflichtigen Lizenz zu verwenden (separat zu erwerben), je nach Bedarf.<\/p>\n<ul>\n<li><strong>Microsoft Teams<\/strong>: Maggiore produttivit\u00e0 grazie alla messaggistica istantanea e alle videoconferenze HD (da scaricare separatamente)<\/li>\n<\/ul>\n<\/div>\n<\/div>","protected":false},"excerpt":{"rendered":"<p>Risparmiate tempo e denaro con la nostra combo Microsoft composta dalle versioni pi\u00f9 recenti di Office e Windows. le soluzioni di produttivit\u00e0 leader a livello mondiale. Il pacchetto contiene i seguenti prodotti:<\/p>\n<ul>\n<li><strong>Microsoft Windows 10 Professional\u00a0<\/strong>- il sistema operativo pi\u00f9 sicuro e affidabile con il vostro assistente personale Cortana<\/li>\n<li><strong>Microsoft Office 2021 Professional Plus<\/strong> - il pacchetto software Office pi\u00f9 completo di sempre<\/li>\n<\/ul>\n<p><span style=\"font-size: 14pt;\"><strong>Nota:<\/strong><\/span><\/p>\n<ul>\n<li><span style=\"font-size: 12pt;\"><strong>L'Office 2021 \u00e8 compatibile solo con l'Windows 10 e 11.<\/strong><\/span><\/li>\n<li><span style=\"font-size: 12pt;\"><strong>Office 2021 non \u00e8 compatibile con i sistemi operativi Apple (MacOS, iPadOS, iOS) e con i Chromebook.<\/strong><\/span><\/li>\n<\/ul>","protected":false},"featured_media":115835,"comment_status":"open","ping_status":"closed","template":"","meta":{"_acf_changed":false},"product_brand":[],"product_cat":[53,65],"product_tag":[],"class_list":{"0":"post-10978","1":"product","2":"type-product","3":"status-publish","4":"has-post-thumbnail","6":"product_cat-combos","7":"product_cat-popular","9":"first","10":"instock","11":"sale","12":"featured","13":"virtual","14":"taxable","15":"purchasable","16":"product-type-simple"},"acf":[],"_links":{"self":[{"href":"https:\/\/keyshop.windowsandoffice.com\/it\/wp-json\/wp\/v2\/product\/10978","targetHints":{"allow":["GET"]}}],"collection":[{"href":"https:\/\/keyshop.windowsandoffice.com\/it\/wp-json\/wp\/v2\/product"}],"about":[{"href":"https:\/\/keyshop.windowsandoffice.com\/it\/wp-json\/wp\/v2\/types\/product"}],"replies":[{"embeddable":true,"href":"https:\/\/keyshop.windowsandoffice.com\/it\/wp-json\/wp\/v2\/comments?post=10978"}],"wp:featuredmedia":[{"embeddable":true,"href":"https:\/\/keyshop.windowsandoffice.com\/it\/wp-json\/wp\/v2\/media\/115835"}],"wp:attachment":[{"href":"https:\/\/keyshop.windowsandoffice.com\/it\/wp-json\/wp\/v2\/media?parent=10978"}],"wp:term":[{"taxonomy":"product_brand","embeddable":true,"href":"https:\/\/keyshop.windowsandoffice.com\/it\/wp-json\/wp\/v2\/product_brand?post=10978"},{"taxonomy":"product_cat","embeddable":true,"href":"https:\/\/keyshop.windowsandoffice.com\/it\/wp-json\/wp\/v2\/product_cat?post=10978"},{"taxonomy":"product_tag","embeddable":true,"href":"https:\/\/keyshop.windowsandoffice.com\/it\/wp-json\/wp\/v2\/product_tag?post=10978"}],"curies":[{"name":"wp","href":"https:\/\/api.w.org\/{rel}","templated":true}]}}